{"id":1439,"date":"2013-10-02T13:24:09","date_gmt":"2013-10-02T11:24:09","guid":{"rendered":"http:\/\/lutinelefilm.wordpress.com\/?page_id=1439"},"modified":"2017-12-01T15:15:38","modified_gmt":"2017-12-01T14:15:38","slug":"revue-de-presse","status":"publish","type":"page","link":"http:\/\/lutineetcie.com\/lutinelefilm\/comedie\/realisatrice\/tout-le-plaisir-est-pour-moi\/revue-de-presse\/","title":{"rendered":"Revue de presse"},"content":{"rendered":"<p><b>\u00c0 mi-chemin entre com\u00e9die et film d\u2019auteur<\/b>,\u00a0<i>Tout le plaisir est pour moi<\/i>\u00a0s\u00e9duira par son humour subtil et des personnages auxquels on s\u2019identifie forc\u00e9ment.<br \/>\nF. L.,\u00a0<i>La Marseillaise<\/i><\/p>\n<p><strong>Une com\u00e9die romantique inattendue et jubilatoire, entre l\u00e9g\u00e8ret\u00e9, cocasserie et commentaire social<\/strong>.<br \/>\nS\u00e9verine Pierron,\u00a0<i>\u00a0Glamour<\/i><\/p>\n<p>Premier film d\u2019Isabelle Brou\u00e9, (\u2026)\u00a0<strong>cette com\u00e9die tr\u00e8s crue<\/strong>, qui vise \u00e0 faire tomber les masques de la \u00ab\u00a0simulation\u00a0\u00bb,\u00a0<strong>ne manque pas de finesse dans sa mani\u00e8re d\u2019aborder un sujet sensible et tabou.<\/strong><br \/>\nDavid Fontaine,<i>\u00a0Le Canard encha\u00een\u00e9<\/i><\/p>\n<p><strong>Aborder le th\u00e8me de la sexualit\u00e9 de fa\u00e7on l\u00e9g\u00e8re et dr\u00f4le n\u2019est pas fr\u00e9quent.<\/strong>\u00a0Gr\u00e2ce \u00e0 la fra\u00eecheur \u00e9ternelle de Marie Gillain et l\u2019humour d\u2019Isabelle Brou\u00e9, cette com\u00e9die audacieuse b\u00e9n\u00e9ficie d\u2019une grande vitalit\u00e9. Id\u00e9ale pour une soir\u00e9e d\u2019\u00e9t\u00e9.<br \/>\n<i>Femina<\/i><\/p>\n<p>Le premier long-m\u00e9trage d\u2019Isabelle Brou\u00e9 est une r\u00e9ussite. Elle a b\u00e2ti une\u00a0<strong>com\u00e9die l\u00e9g\u00e8re, o\u00f9 la sexualit\u00e9 est d\u00e9dramatis\u00e9e,<\/strong>\u00a0le sexe abord\u00e9 sans tabou par son h\u00e9ro\u00efne et son compagnon, comme avec sa famille et ses amis. Un film ni graveleux, ni f\u00e9ministe, \u00e0 voir en couple.<b><br \/>\n<\/b>B\u00e9reng\u00e8re Adda,<i>\u00a0Le Parisien<\/i><\/p>\n<p>Avec\u00a0<i>\u00ab\u00a0Tout le plaisir est pour moi\u00a0\u00bb,\u00a0<\/i><strong>une com\u00e9die sur le plaisir sexuel au f\u00e9minin<\/strong>(\u2026),\u00a0la jeune r\u00e9alisatrice Isabelle Brou\u00e9 r\u00e9ussit \u00e0<strong>\u00a0briser un tabou sur un ton l\u00e9ger et plein d\u2019humour<\/strong>. R\u00e9sultat :\u00a0<b>un petit bijou qui pourrait devenir la bonne surprise de cet \u00e9t\u00e9.<br \/>\n<\/b>Gildas Leroux,\u00a0<i>AFP<\/i><\/p>\n<p>Isabelle Brou\u00e9 a choisi le biais de la com\u00e9die d\u00e9brid\u00e9e pour parler gaiement de choses graves. (\u2026)\u00a0<strong>M\u00ealer les angoisses physiologiques d\u2019une femme d\u2019aujourd\u2019hui \u00e0 la l\u00e9g\u00e8ret\u00e9 d\u2019un vaudeville pour rebondir tr\u00e8s moralement sur le sentiment en \u00e9voquant un sujet tabou est d\u2019une audace assez sympathique.<\/strong>\u00a0(\u2026) Et puis avec la frimousse insolente de Marie Gillain, la na\u00efvet\u00e9 effar\u00e9e de Julien Boisselier ou les allures accabl\u00e9es de Garance Clavel sur le chemin de la r\u00e9demption conjugale, <strong>la fable libertine sait \u00eatre parfois pertinente dans l\u2019impertinence en effleurant libert\u00e9 sexuelle et frustration avec le sourire.<\/strong><br \/>\nDominique Borde,\u00a0<i>Le Figaro<\/i><\/p>\n<p><strong>L\u2019orgasme f\u00e9minin film\u00e9 avec le sourire<\/strong>.<br \/>\nJean-Luc Martinez,\u00a0<i>La D\u00e9p\u00eache du Midi<\/i><\/p>\n<p>Ce premier long-m\u00e9trage d\u2019Isabelle Brou\u00e9 est une r\u00e9ussite. Ce film n\u2019est pas une caricature et ne donne pas de le\u00e7ons, il transmet tout simplement des <strong>\u00e9motions li\u00e9es au plaisir gourmand de la vie<\/strong>. <strong>D\u00e9sespoirs et situations comiques<\/strong> sont sans cesse mis dos-\u00e0-dos et font de cette com\u00e9die romantique\u00a0<b>un pur moment de bonheur<\/b>. La rencontre entre les acteurs et la r\u00e9alisatrice cr\u00e9\u00e9e une alchimie qui donne au film <strong>un rythme et une sensualit\u00e9 d\u00e9bordante<\/strong>. En fait, tout le plaisir est pour nous.<br \/>\nPatricia Barnet,\u00a0<i>Le Dauphin\u00e9 lib\u00e9r\u00e9<\/i><\/p>\n<p><strong>Le clitoris est le h\u00e9ros m\u00e9connu (\u2026) de cette com\u00e9die de m\u0153urs gonfl\u00e9e<\/strong>\u00a0sur le plaisir f\u00e9minin (\u2026). La r\u00e9alisatrice et son interpr\u00e8te (Marie Gillain, d\u2019un charme et d\u2019un culot ravageurs) foncent droit sur l\u2019obstacle et \u00ab\u00a0balancent\u00a0\u00bb des v\u00e9rit\u00e9s crues, dr\u00f4lement d\u00e9rangeantes.\u00a0<b>Ce sont \u00ab\u00a0des choses qui ne se disent pas\u00a0\u00bb, para\u00eet-il, mais \u00e7a fait vraiment plaisir de les entendre.<br \/>\n<\/b>Jean-Claude Loiseau,\u00a0<i>Marie-France<\/i><\/p>\n<p>Le naturel et l\u2019authenticit\u00e9 des dialogues et de l\u2019interpr\u00e9tation parviennent \u00e0 nous entra\u00eener dans une histoire originale, o\u00f9 chacun peut toutefois retrouver une partie de soi. Au bout du compte,\u00a0<b>c\u2019est l\u2019\u00e9motion d\u2019une belle histoire d\u2019amour qui nous rattrape.<\/b>\u00a0Un premier long-m\u00e9trage courageux pour Isabelle Brou\u00e9.<br \/>\nFloriane Lionnet,\u00a0<i>Le Dauphin\u00e9 Lib\u00e9r\u00e9<\/i><\/p>\n<p><i>TOUT LE PLAISIR EST POUR MOI<\/i>\u00a0a l<strong>e m\u00e9rite de vous \u00e9gayer en abordant un th\u00e8me difficile et audacieux. Sans la moindre vulgarit\u00e9<\/strong>, le premier long-m\u00e9trage d\u2019Isabelle Brou\u00e9 est une r\u00e9ussite, il vous emporte simplement\u00a0<strong>avec rire et tendresse<\/strong>.<br \/>\nNad\u00e8ge Fleury,\u00a0<i>commeaucinema.com<\/i><\/p>\n<p>Cette <strong>com\u00e9die plut\u00f4t p\u00e9tillante<\/strong> (<strong>on y peut songer, aux meilleurs\u00a0<\/strong><strong>instants, \u00e0 certains films de Cukor ou Lubitsch, ou \u00e0 un Woody Allen qui\u00a0<\/strong><strong>aurait oubli\u00e9 d&rsquo;\u00eatre amer<\/strong>) \u00e9chappe cependant, c&rsquo;est sa plus jolie qualit\u00e9,\u00a0au pur fatras sociologique : des \u00e9mois et d\u00e9sarrois de trentenaires\u00a0confortables, du f\u00e9minisme et de ce qu&rsquo;il en advient, de la psychanalyse et\u00a0de ses impasses, etc. Certes, le film a \u00e9t\u00e9 fait, de l&rsquo;aveu m\u00eame de sa jeune\u00a0r\u00e9alisatrice, \u00ab en r\u00e9action \u00e0 une ambiance de sexualit\u00e9 glauque, sinistre,\u00a0d\u00e9prav\u00e9e, ou en tous cas que je re\u00e7ois comme telle \u00bb.<br \/>\nImplicite pamphlet anti-porno trash chic, il \u00e9chappe cependant \u00e0\u00a0toute tentation de niaiserie, par son <strong>simple parti-pris de simplicit\u00e9\u00a0<\/strong><strong>frontale<\/strong>. Comment filmer une sc\u00e8ne d&rsquo;amour ? \u00ab <em>En filmant le plaisir<\/em> \u00bb,\u00a0r\u00e9pond seulement Isabelle Brou\u00e9.<br \/>\nJ\u00e9r\u00f4me Mallien,\u00a0<em>Les Derni\u00e8res Nouvelles d&rsquo;Alsace<\/em><\/p>\n<p>Avec elles (et eux), tout le plaisir est pour nous.\u00a0<strong>Une com\u00e9die sur le plaisir sexuel f\u00e9minin. Sans tabou et sans vulgarit\u00e9.<\/strong><br \/>\nLe titre du film n\u2019est pas seulement enjou\u00e9, \u00e0 l\u2019image de sa com\u00e9dienne principale, une Marie Gillain toute en coupe gar\u00e7onne et fra\u00eecheur motoris\u00e9e. Il est juste aussi\u00a0:\u00a0<i>Tout le plaisir est pour moi<\/i>\u00a0est une com\u00e9die \u2013 jamais \u00e9grillarde ni racoleuse \u2013 sur le plaisir (sexuel) f\u00e9minin.<br \/>\n(\u2026) Tout le plaisir est pour elles \u2013 Garance Clavel et Brigitte Ro\u00fcan sont \u00e9galement formidables \u2013 et donc, par ricochet, un peu pour nous.<br \/>\nAriane Allard,\u00a0<i>La Provence<\/i><\/p>\n<p>Ce film est\u00a0<strong>un petit chef-d\u2019\u0153uvre de dr\u00f4lerie<\/strong>, avec des dialogues et des situations qui font vraiment rire\u2026 un vrai film comique (c\u2019est assez rare pour le souligner)\u00a0!! C\u2019est aussi un tr\u00e8s beau film sur les relations amoureuses qui sait parfaitement nous montrer trois diff\u00e9rents types de couples\u00a0: les trentenaires c\u00e9libataires\u00a0; ceux qui sont d\u00e9j\u00e0 install\u00e9s dans la vie, avec des enfants\u00a0; et enfin, les parents qui ont un vrai regard sur la vie \u00e0 deux\u2026 Pour finir, <strong>c\u2019est aussi un film sur le sexe, sur le plaisir, auquel vous prendrez imm\u00e9diatement\u2026 votre pied\u00a0!<\/strong> Alors, courez-y\u00a0!!<br \/>\nHerv\u00e9 Millet\u00a0<i>@male.com<\/i><\/p>\n<p>Illumin\u00e9 par la pr\u00e9sence radieuse et naturelle de Marie Gillain, craquante et \u00e0 croquer, le premier film d\u2019Isabelle Brou\u00e9 r\u00e9ussit \u00e0 ne parler que de cul sans \u00eatre vulgaire et rassemble autour de son h\u00e9ro\u00efne\u00a0<b>un ar\u00e9opage d\u2019excellents seconds r\u00f4les\u00a0<\/b>: Julien Boisselier (\u2026) \u00e0 l\u2019intrigante douceur, Garance Clavel, (\u2026) \u00e9mouvante dans le r\u00f4le de la soeur qui s\u2019initie aux siestes crapuleuses, Tsilla Chelton (<i>\u00ab Tatie Danielle\u00a0<\/i>\u00bb) en vieille coquine, Fran\u00e7ois Marthouret en p\u00e8re largu\u00e9 et la trop rare et d\u00e9licieuse Brigitte Rouan (\u00ab\u00a0<i>Post coitum, animal triste<\/i>\u00a0\u00bb) en m\u00e8re hyst\u00e9rique et paum\u00e9e.<br \/>\nUn moment fugace mais agr\u00e9able, \u00e0 passer seule, en copines, en couple et m\u00eame, pour les plus lib\u00e9r\u00e9es, en famille (avec parents ou enfants ados et plus).<br \/>\nFran\u00e7oise Monnet,\u00a0<i>Le Progr\u00e8s<\/i><\/p>\n<p>Marie Gillain enthousiasme Annecy<b>.<br \/>\n<\/b>Une du\u00a0<em>Dauphin\u00e9 lib\u00e9r\u00e9<\/em><\/p>\n<p>Le sc\u00e9nario, un peu convenu, est n\u00e9anmoins relev\u00e9 par l\u2019interpr\u00e9tation des acteurs tout en fra\u00eecheur et en naturel, ce qui en fait\u00a0<strong>un joyeux divertissement<\/strong>.<br \/>\nH\u00e9l\u00e8ne Fily,\u00a0<i>Ouest France<\/i><\/p>\n<p><strong>Une com\u00e9die p\u00e9tillante et sans pr\u00e9tention<\/strong>\u00a0sur le th\u00e8me de la sexualit\u00e9 f\u00e9minine.<br \/>\nGa\u00eblle Guernalec-L\u00e9vy,\u00a0<i>\u00a0DS<\/i><\/p>\n<p>Faussement provoc et un rien d\u00e9jant\u00e9.<br \/>\nLili Yubari,\u00a0<i>Biba<\/i><\/p>\n<p><strong>Une com\u00e9die maligne qui aborde avec l\u00e9g\u00e8ret\u00e9 des th\u00e8mes s\u00e9rieux<\/strong>, tels l\u2019\u00e9panouissement sexuel et la routine.<br \/>\nAudrey Nait-Challal,\u00a0<i>\u00a0Bien dans ma vie<\/i><\/p>\n<p>Un ton d\u00e9concertant, direct, abrupt, contemporain.<br \/>\nHugo Deschamps,\u00a0<i>Avantages<\/i><\/p>\n<p>Choisir la com\u00e9die pour \u00e9voquer sans tabous la sexualit\u00e9 f\u00e9minine \u00e9tait un pari os\u00e9. Mais, comme l&rsquo;explique la r\u00e9alisatrice Isabelle Brou\u00e9 : \u00ab <em>Je voulais faire un film qui parlerait de sexualit\u00e9 avant tout sous l&rsquo;angle du plaisir. La com\u00e9die permet d&rsquo;aborder des sujets graves sans en avoir l&rsquo;air<\/em> \u00bb.\u00a0Elle s&rsquo;attaque donc \u00e0 ce sujet avec humour, sans pour autant d\u00e9laisser le s\u00e9rieux. <strong>Rapport des femmes avec leur corps, relations entre hommes et femmes sont ici d\u00e9cortiqu\u00e9s avec soin. Avec une r\u00e9flexion autour de l&rsquo;importance de la libert\u00e9 d&rsquo;expression pour bien vivre sa sexualit\u00e9.<\/strong><br \/>\nNicolas Jouenne, <a href=\"http:\/\/tvmag.lefigaro.fr\/programme-tv\/article\/fiction\/51853\/programme-tv-tout-le-plaisir-est-pour-moi.html\"><em>Le<\/em><\/a><i><a href=\"http:\/\/tvmag.lefigaro.fr\/programme-tv\/article\/fiction\/51853\/programme-tv-tout-le-plaisir-est-pour-moi.html\"> Figaro-TV mag<\/a>, <\/i>2010<\/p>\n","protected":false},"excerpt":{"rendered":"<p>\u00c0 mi-chemin entre com\u00e9die et film d\u2019auteur,\u00a0Tout le plaisir est pour moi\u00a0s\u00e9duira par son humour subtil et des personnages auxquels on s\u2019identifie forc\u00e9ment. F. L.,\u00a0La Marseillaise Une com\u00e9die romantique inattendue et jubilatoire, entre l\u00e9g\u00e8ret\u00e9, cocasserie et commentaire social. S\u00e9verine Pierron,\u00a0\u00a0Glamour &hellip; <a href=\"http:\/\/lutineetcie.com\/lutinelefilm\/comedie\/realisatrice\/tout-le-plaisir-est-pour-moi\/revue-de-presse\/\">Continuer la lecture <span class=\"meta-nav\">&rarr;<\/span><\/a><\/p>\n","protected":false},"author":1,"featured_media":0,"parent":847,"menu_order":0,"comment_status":"closed","ping_status":"closed","template":"sidebar-page.php","meta":[],"_links":{"self":[{"href":"http:\/\/lutineetcie.com\/lutinelefilm\/wp-json\/wp\/v2\/pages\/1439"}],"collection":[{"href":"http:\/\/lutineetcie.com\/lutinelefilm\/wp-json\/wp\/v2\/pages"}],"about":[{"href":"http:\/\/lutineetcie.com\/lutinelefilm\/wp-json\/wp\/v2\/types\/page"}],"author":[{"embeddable":true,"href":"http:\/\/lutineetcie.com\/lutinelefilm\/wp-json\/wp\/v2\/users\/1"}],"replies":[{"embeddable":true,"href":"http:\/\/lutineetcie.com\/lutinelefilm\/wp-json\/wp\/v2\/comments?post=1439"}],"version-history":[{"count":8,"href":"http:\/\/lutineetcie.com\/lutinelefilm\/wp-json\/wp\/v2\/pages\/1439\/revisions"}],"predecessor-version":[{"id":4564,"href":"http:\/\/lutineetcie.com\/lutinelefilm\/wp-json\/wp\/v2\/pages\/1439\/revisions\/4564"}],"up":[{"embeddable":true,"href":"http:\/\/lutineetcie.com\/lutinelefilm\/wp-json\/wp\/v2\/pages\/847"}],"wp:attachment":[{"href":"http:\/\/lutineetcie.com\/lutinelefilm\/wp-json\/wp\/v2\/media?parent=1439"}],"curies":[{"name":"wp","href":"https:\/\/api.w.org\/{rel}","templated":true}]}}