{"id":1464,"date":"2013-05-18T18:29:18","date_gmt":"2013-05-18T17:29:18","guid":{"rendered":"http:\/\/lutinelefilm.wordpress.com\/?page_id=1"},"modified":"2017-02-11T23:31:27","modified_gmt":"2017-02-11T22:31:27","slug":"comedie","status":"publish","type":"page","link":"http:\/\/lutineetcie.com\/lutinelefilm\/comedie\/","title":{"rendered":"Une com\u00e9die !"},"content":{"rendered":"<p style=\"text-align: center;\">Une \u00ab\u00a0com\u00e9die documentaire\u00a0\u00bb, ou plus exactement :<br \/>\nune <strong>com\u00e9die<\/strong> ET un <strong>documentaire<\/strong>,\u00a0<strong><br \/>\n<\/strong><br \/>\nLUTINE est un OFNI :<br \/>\nun <strong>Objet Filmique Non Identifi\u00e9<\/strong>.<\/p>\n<p>D\u00e9couvrez ici le\u00a0film et\u00a0son histoire, ainsi que celles et ceux\u00a0qui ont\u00a0particip\u00e9 \u00e0 sa cr\u00e9ation :<\/p>\n<ul>\n<li><a href=\"http:\/\/lutineetcie.com\/lutinelefilm\/comedie\/synopsis\/\">Synopsis<\/a><\/li>\n<li><a href=\"http:\/\/lutineetcie.com\/lutinelefilm\/comedie\/realisatrice\/\">La r\u00e9alisatrice<\/a>\u00a0(bio, filmo et films ou extraits)<\/li>\n<li><a href=\"http:\/\/lutineetcie.com\/lutinelefilm\/comedie\/casting\/\">Le\u00a0casting\u00a0<\/a>(photos et liens)<\/li>\n<li><a href=\"http:\/\/lutineetcie.com\/lutinelefilm\/comedie\/equipe\/\">L\u2019\u00e9quipe technique<\/a><\/li>\n<li><a href=\"http:\/\/lutineetcie.com\/lutinelefilm\/comedie\/videos\/\">Les vid\u00e9os de pr\u00e9sentation pour Touscoprod<\/a><\/li>\n<li><a href=\"http:\/\/lutineetcie.com\/lutinelefilm\/comedie\/mise-en-perspective\/\">Mise en perspective historique et technologique<\/a><\/li>\n<\/ul>\n","protected":false},"excerpt":{"rendered":"<p>Une \u00ab\u00a0com\u00e9die documentaire\u00a0\u00bb, ou plus exactement : une com\u00e9die ET un documentaire,\u00a0 LUTINE est un OFNI : un Objet Filmique Non Identifi\u00e9. D\u00e9couvrez ici le\u00a0film et\u00a0son histoire, ainsi que celles et ceux\u00a0qui ont\u00a0particip\u00e9 \u00e0 sa cr\u00e9ation : Synopsis La r\u00e9alisatrice\u00a0(bio, &hellip; <a href=\"http:\/\/lutineetcie.com\/lutinelefilm\/comedie\/\">Continuer la lecture <span class=\"meta-nav\">&rarr;<\/span><\/a><\/p>\n","protected":false},"author":1,"featured_media":0,"parent":0,"menu_order":2,"comment_status":"closed","ping_status":"closed","template":"sidebar-page.php","meta":[],"_links":{"self":[{"href":"http:\/\/lutineetcie.com\/lutinelefilm\/wp-json\/wp\/v2\/pages\/1464"}],"collection":[{"href":"http:\/\/lutineetcie.com\/lutinelefilm\/wp-json\/wp\/v2\/pages"}],"about":[{"href":"http:\/\/lutineetcie.com\/lutinelefilm\/wp-json\/wp\/v2\/types\/page"}],"author":[{"embeddable":true,"href":"http:\/\/lutineetcie.com\/lutinelefilm\/wp-json\/wp\/v2\/users\/1"}],"replies":[{"embeddable":true,"href":"http:\/\/lutineetcie.com\/lutinelefilm\/wp-json\/wp\/v2\/comments?post=1464"}],"version-history":[{"count":26,"href":"http:\/\/lutineetcie.com\/lutinelefilm\/wp-json\/wp\/v2\/pages\/1464\/revisions"}],"predecessor-version":[{"id":4019,"href":"http:\/\/lutineetcie.com\/lutinelefilm\/wp-json\/wp\/v2\/pages\/1464\/revisions\/4019"}],"wp:attachment":[{"href":"http:\/\/lutineetcie.com\/lutinelefilm\/wp-json\/wp\/v2\/media?parent=1464"}],"curies":[{"name":"wp","href":"https:\/\/api.w.org\/{rel}","templated":true}]}}