{"id":1581,"date":"2014-03-15T18:52:17","date_gmt":"2014-03-15T17:52:17","guid":{"rendered":"http:\/\/lutinelefilm.wordpress.com\/?page_id=1581"},"modified":"2017-06-28T14:35:57","modified_gmt":"2017-06-28T13:35:57","slug":"extraits-montes-de-lutine","status":"publish","type":"page","link":"http:\/\/lutineetcie.com\/lutinelefilm\/documentaire\/theorie\/extraits-montes-de-lutine\/","title":{"rendered":"Autres extraits vid\u00e9o"},"content":{"rendered":"<p><span style=\"font-style: inherit; line-height: 1.625;\"><em>TEASER <\/em>avec <a href=\"http:\/\/laurentlederer.wix.com\/laurent-lederer\">Laurent Lederer<\/a> (qui joue Laurent) :<br \/>\n\u00ab\u00a0Quand on d\u00e9bute, comment on fait ?\u00a0\u00bb<\/span><\/p>\n<div class=\"su-vimeo su-u-responsive-media-yes\"><iframe width=\"600\" height=\"400\" src=\"\/\/player.vimeo.com\/video\/71893036?title=0&amp;byline=0&amp;portrait=0&amp;color=ffffff&amp;autoplay=0&amp;dnt=0&amp;muted=0&amp;texttrack=\" frameborder=\"0\" allow=\"autoplay; fullscreen\" allowfullscreen title=\"\"><\/iframe><\/div>\n<p>Et pour les \u00ab\u00a0coprods\u00a0\u00bb qui connaissent le mot de passe <em>(cliquez ici pour <a href=\"https:\/\/www.paypal.com\/fr\/cgi-bin\/webscr?cmd=_flow&amp;SESSION=bmaSahAJQrnNjGeofqDZuvxrd6HzXUnmOUUxDGGvJFN2rxg_uN8RlPddTEC&amp;dispatch=5885d80a13c0db1f8e263663d3faee8d69a70501aadbc2ff6a1e7e8cc0df6b0b\">devenir \u00ab\u00a0coprod\u00a0\u00bb<\/a>),\u00a0<\/em>la s\u00e9quence compl\u00e8te : LA POLYAMORIE POUR LES D\u00c9BUTANTS<\/p>\n<div class=\"su-vimeo su-u-responsive-media-yes\"><iframe width=\"600\" height=\"400\" src=\"\/\/player.vimeo.com\/video\/71838595?title=0&amp;byline=0&amp;portrait=0&amp;color=ffffff&amp;autoplay=0&amp;dnt=0&amp;muted=0&amp;texttrack=\" frameborder=\"0\" allow=\"autoplay; fullscreen\" allowfullscreen title=\"\"><\/iframe><\/div>\n<p>Teaser : Caro (ma s\u0153ur !), \u00e0 Isa :\u00a0\u00a0\u00ab\u00a0<em>On peut dire polyamour, polyamorie ou lutinage, on ne sait plus bien \u00e0 quel mot se vouer : au fond, de quoi s&rsquo;agit-il ?<\/em>\u00a0\u00bb<\/p>\n<p><iframe loading=\"lazy\" src=\"https:\/\/player.vimeo.com\/video\/121689737\" width=\"584\" height=\"329\" frameborder=\"0\" title=\"LUTINE Teaser : polyamorie, polyamour, lutinage ?\" webkitallowfullscreen mozallowfullscreen allowfullscreen><\/iframe><\/p>\n<p>&nbsp;<\/p>\n<p>Une s\u00e9quence mi-fiction mi-documentaire\u00a0avec <a href=\"http:\/\/www.vma.fr\/fiche.cfm\/267451-agathe-dronne.html\">Agathe Dronne<\/a>, qui joue&#8230; Agathe, la com\u00e9dienne qui dans le film joue le r\u00f4le de&#8230; Sophie, l&rsquo;amoureuse de Laurent\u00a0<em>(l\u00e0 encore, il vous faut le mot de passe)\u00a0<\/em>:<\/p>\n<div class=\"su-vimeo su-u-responsive-media-yes\"><iframe width=\"600\" height=\"400\" src=\"\/\/player.vimeo.com\/video\/120063748?title=0&amp;byline=0&amp;portrait=0&amp;color=ffffff&amp;autoplay=0&amp;dnt=0&amp;muted=0&amp;texttrack=\" frameborder=\"0\" allow=\"autoplay; fullscreen\" allowfullscreen title=\"\"><\/iframe><\/div>\n<p>&nbsp;<\/p>\n","protected":false},"excerpt":{"rendered":"<p>TEASER avec Laurent Lederer (qui joue Laurent) : \u00ab\u00a0Quand on d\u00e9bute, comment on fait ?\u00a0\u00bb Et pour les \u00ab\u00a0coprods\u00a0\u00bb qui connaissent le mot de passe (cliquez ici pour devenir \u00ab\u00a0coprod\u00a0\u00bb),\u00a0la s\u00e9quence compl\u00e8te : LA POLYAMORIE POUR LES D\u00c9BUTANTS Teaser : &hellip; <a href=\"http:\/\/lutineetcie.com\/lutinelefilm\/documentaire\/theorie\/extraits-montes-de-lutine\/\">Continuer la lecture <span class=\"meta-nav\">&rarr;<\/span><\/a><\/p>\n","protected":false},"author":1,"featured_media":0,"parent":24,"menu_order":3,"comment_status":"closed","ping_status":"closed","template":"","meta":[],"_links":{"self":[{"href":"http:\/\/lutineetcie.com\/lutinelefilm\/wp-json\/wp\/v2\/pages\/1581"}],"collection":[{"href":"http:\/\/lutineetcie.com\/lutinelefilm\/wp-json\/wp\/v2\/pages"}],"about":[{"href":"http:\/\/lutineetcie.com\/lutinelefilm\/wp-json\/wp\/v2\/types\/page"}],"author":[{"embeddable":true,"href":"http:\/\/lutineetcie.com\/lutinelefilm\/wp-json\/wp\/v2\/users\/1"}],"replies":[{"embeddable":true,"href":"http:\/\/lutineetcie.com\/lutinelefilm\/wp-json\/wp\/v2\/comments?post=1581"}],"version-history":[{"count":18,"href":"http:\/\/lutineetcie.com\/lutinelefilm\/wp-json\/wp\/v2\/pages\/1581\/revisions"}],"predecessor-version":[{"id":4450,"href":"http:\/\/lutineetcie.com\/lutinelefilm\/wp-json\/wp\/v2\/pages\/1581\/revisions\/4450"}],"up":[{"embeddable":true,"href":"http:\/\/lutineetcie.com\/lutinelefilm\/wp-json\/wp\/v2\/pages\/24"}],"wp:attachment":[{"href":"http:\/\/lutineetcie.com\/lutinelefilm\/wp-json\/wp\/v2\/media?parent=1581"}],"curies":[{"name":"wp","href":"https:\/\/api.w.org\/{rel}","templated":true}]}}