{"id":207,"date":"2013-06-04T17:37:51","date_gmt":"2013-06-04T16:37:51","guid":{"rendered":"http:\/\/lutinelefilm.wordpress.com\/?page_id=207"},"modified":"2016-05-31T17:00:56","modified_gmt":"2016-05-31T16:00:56","slug":"livres","status":"publish","type":"page","link":"http:\/\/lutineetcie.com\/lutinelefilm\/documentaire\/livres\/","title":{"rendered":"Des livres \/ Books"},"content":{"rendered":"<p style=\"text-align: left;\"><strong>Les incontournables en fran\u00e7ais\u00a0<\/strong>(for\u00a0books in English, see below) :<\/p>\n<p><em><a href=\"http:\/\/www.autresmondesdiffusion.fr\/boutique\/index.php?id_product=9&amp;controller=product\">Aimer plusieurs hommes<\/a><\/em>,\u00a0de Fran\u00e7oise Simp\u00e8re, Ed. Autres mondes<\/p>\n<p><a href=\"http:\/\/lutineetcie.com\/lutinelefilm\/wp-content\/uploads\/2013\/06\/premiere-couv.jpg\" rel=\"attachment wp-att-3273\"><img decoding=\"async\" loading=\"lazy\" class=\"size-full wp-image-3273 aligncenter\" src=\"http:\/\/lutineetcie.com\/lutinelefilm\/wp-content\/uploads\/2013\/06\/premiere-couv.jpg\" alt=\"premiere-couv\" width=\"202\" height=\"299\" \/><\/a><a href=\"http:\/\/lutineetcie.com\/lutinelefilm\/wp-content\/uploads\/2014\/04\/img_9402-copie.jpg\"><img decoding=\"async\" loading=\"lazy\" class=\"aligncenter size-large wp-image-1613\" src=\"http:\/\/lutineetcie.com\/lutinelefilm\/wp-content\/uploads\/2014\/04\/img_9402-copie.jpg?w=584\" alt=\"IMG_9402 - copie\" width=\"584\" height=\"389\" srcset=\"http:\/\/lutineetcie.com\/lutinelefilm\/wp-content\/uploads\/2014\/04\/img_9402-copie.jpg 4272w, http:\/\/lutineetcie.com\/lutinelefilm\/wp-content\/uploads\/2014\/04\/img_9402-copie-300x200.jpg 300w, http:\/\/lutineetcie.com\/lutinelefilm\/wp-content\/uploads\/2014\/04\/img_9402-copie-1024x682.jpg 1024w\" sizes=\"(max-width: 584px) 100vw, 584px\" \/><\/a><\/p>\n<p>&nbsp;<\/p>\n<p><em style=\"text-align: left;\"><a href=\"http:\/\/www.amazon.fr\/Guide-amours-plurielles-\u00e9cologie-amoureuse\/dp\/2266186213\">Le Guide des Amours plurielles<\/a><\/em><span style=\"text-align: left;\">, de Fran\u00e7oise Simp\u00e8re<\/span><\/p>\n<p><a style=\"text-align: center;\" href=\"http:\/\/lutinelefilm.files.wordpress.com\/2013\/06\/41jycyzhfsl-_sy445_.jpg\"><img decoding=\"async\" loading=\"lazy\" class=\"aligncenter wp-image-225 size-medium\" src=\"http:\/\/lutineetcie.com\/lutinelefilm\/wp-content\/uploads\/2013\/06\/41jycyzhfsl-_sy445_1.jpg\" alt=\"41jycyZHFSL._SY445_\" width=\"181\" height=\"300\" \/><\/a><a href=\"http:\/\/lutineetcie.com\/lutinelefilm\/wp-content\/uploads\/2014\/04\/img_0126-copie.jpg\"><img decoding=\"async\" loading=\"lazy\" class=\"aligncenter size-large wp-image-1615\" src=\"http:\/\/lutineetcie.com\/lutinelefilm\/wp-content\/uploads\/2014\/04\/img_0126-copie.jpg?w=584\" alt=\"IMG_0126 copie\" width=\"584\" height=\"389\" srcset=\"http:\/\/lutineetcie.com\/lutinelefilm\/wp-content\/uploads\/2014\/04\/img_0126-copie.jpg 5616w, http:\/\/lutineetcie.com\/lutinelefilm\/wp-content\/uploads\/2014\/04\/img_0126-copie-300x200.jpg 300w, http:\/\/lutineetcie.com\/lutinelefilm\/wp-content\/uploads\/2014\/04\/img_0126-copie-1024x682.jpg 1024w\" sizes=\"(max-width: 584px) 100vw, 584px\" \/><\/a><\/p>\n<p>&nbsp;<\/p>\n<p style=\"text-align: left;\">La \u00ab\u00a0Bible\u00a0\u00bb des polyamoureux :\u00a0<em><a href=\"http:\/\/www.amazon.fr\/ETHICAL-Author-Hardy-Janet-Apr-15-09\/dp\/B009XQC1M2\/ref=sr_1_1?s=books&amp;ie=UTF8&amp;qid=1370362054&amp;sr=1-1&amp;keywords=the+ethical+slut\">The Ethical Slut<\/a>,\u00a0<\/em>de Dossie Easton et Janet W. Hardy<em><br \/>\n<\/em><\/p>\n<p><a href=\"http:\/\/lutinelefilm.files.wordpress.com\/2013\/06\/51xvzj4ar4l-_sy445_.jpg\"><img decoding=\"async\" loading=\"lazy\" class=\"wp-image-232 size-medium alignleft\" src=\"http:\/\/lutineetcie.com\/lutinelefilm\/wp-content\/uploads\/2013\/06\/51xvzj4ar4l-_sy445_1.jpg\" alt=\"51XVZJ4ar4L._SY445_\" width=\"200\" height=\"300\" \/><\/a><a href=\"http:\/\/lutineetcie.com\/lutinelefilm\/wp-content\/uploads\/2013\/06\/51KrjSw8GSL._SX329_BO1204203200_.jpg\" rel=\"attachment wp-att-3274\"><img decoding=\"async\" loading=\"lazy\" class=\"alignnone size-medium wp-image-3274\" src=\"http:\/\/lutineetcie.com\/lutinelefilm\/wp-content\/uploads\/2013\/06\/51KrjSw8GSL._SX329_BO1204203200_-199x300.jpg\" alt=\"51KrjSw8GSL._SX329_BO1,204,203,200_\" width=\"199\" height=\"300\" srcset=\"http:\/\/lutineetcie.com\/lutinelefilm\/wp-content\/uploads\/2013\/06\/51KrjSw8GSL._SX329_BO1204203200_-199x300.jpg 199w, http:\/\/lutineetcie.com\/lutinelefilm\/wp-content\/uploads\/2013\/06\/51KrjSw8GSL._SX329_BO1204203200_.jpg 331w\" sizes=\"(max-width: 199px) 100vw, 199px\" \/><\/a><\/p>\n<p style=\"text-align: left;\">d\u00e9sormais disponible dans sa traduction fran\u00e7aise aux \u00e9ditions Tabou : <a href=\"http:\/\/www.amazon.fr\/salope-\u00e9thique-pratique-relations-sereines\/dp\/2915635765\/ref=sr_1_1?s=books&amp;ie=UTF8&amp;qid=1370362085&amp;sr=1-1&amp;keywords=la+salope+\u00e9thique\">La Salope \u00e9thique<\/a><\/p>\n<p style=\"text-align: left;\"><a href=\"http:\/\/lutinelefilm.files.wordpress.com\/2013\/10\/img_5108.jpg\"><img decoding=\"async\" loading=\"lazy\" class=\"aligncenter size-large wp-image-1508\" src=\"http:\/\/lutineetcie.com\/lutinelefilm\/wp-content\/uploads\/2013\/06\/img_5108.jpg\" alt=\"IMG_5108\" width=\"584\" height=\"389\" \/><\/a><\/p>\n<p style=\"text-align: left;\">Et puis :<\/p>\n<p style=\"text-align: left;\"><a href=\"http:\/\/www.amazon.fr\/lib\u00e9ration-amoureuse-Propositions-romantiques-politiques\/dp\/2355800324\">Vers une lib\u00e9ration amoureuse<\/a>, de Yann Kerninon<\/p>\n<p style=\"text-align: left;\"><a href=\"http:\/\/lutinelefilm.files.wordpress.com\/2013\/06\/51anhihgenl-_sy445_.jpg\"><img decoding=\"async\" loading=\"lazy\" class=\"aligncenter wp-image-244 size-medium\" src=\"http:\/\/lutineetcie.com\/lutinelefilm\/wp-content\/uploads\/2013\/06\/51anhihgenl-_sy445_1.jpg\" alt=\"51ANHiHgENL._SY445_\" width=\"204\" height=\"300\" \/><\/a><a href=\"http:\/\/lutinelefilm.files.wordpress.com\/2013\/07\/mg_3066.jpeg\"><img decoding=\"async\" loading=\"lazy\" class=\"aligncenter size-large wp-image-1171\" src=\"http:\/\/lutineetcie.com\/lutinelefilm\/wp-content\/uploads\/2013\/06\/mg_3066.jpeg\" alt=\"_MG_3066\" width=\"584\" height=\"389\" \/><\/a><\/p>\n<p>Et encore : simples et totalement accessibles, parlant avec un certain \u00ab\u00a0bon sens\u00a0\u00bb qui &#8211; \u00e0 mon sens &#8211; font souvent mouche :\u00a0<a href=\"http:\/\/www.amazon.fr\/Vertus-polyamour-magie-amours-multiples\/dp\/2883535191\/ref=sr_1_1?s=books&amp;ie=UTF8&amp;qid=1370362296&amp;sr=1-1&amp;keywords=vertus+du+polyamour\">Vertus du polyamour<\/a>\u00a0et <a href=\"http:\/\/www.amazon.fr\/Lamour-vie-couple-Yves-Alexandre-Thalmann\/dp\/2703306237\/ref=sr_1_4?s=books&amp;ie=UTF8&amp;qid=1370362690&amp;sr=1-4&amp;keywords=les+10+plus+gros+mensonges+sur+l%27amour\">Les 10 plus gros mensonges sur L&rsquo;amour et la vie de couple<\/a>, de Yves-Alexandre Thalmann<\/p>\n<p><a href=\"http:\/\/lutineetcie.com\/lutinelefilm\/wp-content\/uploads\/2013\/06\/41m3Ot2fnTL.jpg\"><img decoding=\"async\" loading=\"lazy\" class=\"alignnone size-medium wp-image-2462\" src=\"http:\/\/lutineetcie.com\/lutinelefilm\/wp-content\/uploads\/2013\/06\/41m3Ot2fnTL-211x300.jpg\" alt=\"41m3Ot2fnTL\" width=\"211\" height=\"300\" srcset=\"http:\/\/lutineetcie.com\/lutinelefilm\/wp-content\/uploads\/2013\/06\/41m3Ot2fnTL-211x300.jpg 211w, http:\/\/lutineetcie.com\/lutinelefilm\/wp-content\/uploads\/2013\/06\/41m3Ot2fnTL.jpg 352w\" sizes=\"(max-width: 211px) 100vw, 211px\" \/><\/a><a href=\"http:\/\/lutineetcie.com\/lutinelefilm\/wp-content\/uploads\/2013\/06\/41WNHFCCDHL._SX327_BO1204203200_.jpg\"><img decoding=\"async\" loading=\"lazy\" class=\"alignnone size-medium wp-image-2465\" src=\"http:\/\/lutineetcie.com\/lutinelefilm\/wp-content\/uploads\/2013\/06\/41WNHFCCDHL._SX327_BO1204203200_-208x300.jpg\" alt=\"41WNHFCCDHL._SX327_BO1,204,203,200_\" width=\"208\" height=\"300\" srcset=\"http:\/\/lutineetcie.com\/lutinelefilm\/wp-content\/uploads\/2013\/06\/41WNHFCCDHL._SX327_BO1204203200_-208x300.jpg 208w, http:\/\/lutineetcie.com\/lutinelefilm\/wp-content\/uploads\/2013\/06\/41WNHFCCDHL._SX327_BO1204203200_.jpg 329w\" sizes=\"(max-width: 208px) 100vw, 208px\" \/><br \/>\n<\/a><\/p>\n<p>Plus ardu, plus \u00ab\u00a0acad\u00e9mique\u00a0\u00bb, qui a longtemps fait r\u00e9f\u00e9rence en la mati\u00e8re (mais je dois avouer que je n&rsquo;ai jamais r\u00e9ussi \u00e0 aller jusqu&rsquo;au bout&#8230;) :\u00a0<a href=\"http:\/\/www.amazon.fr\/s\/ref=nb_sb_noss?__mk_fr_FR=\u00c5M\u00c5Z\u00d5\u00d1&amp;url=search-alias%3Dstripbooks&amp;field-keywords=l%27amour+fissionnel\">L&rsquo;Amour fissionnel<\/a>, de Serge Chaumier<\/p>\n<p><a href=\"http:\/\/lutineetcie.com\/lutinelefilm\/wp-content\/uploads\/2013\/06\/41jl9axk9ML._SX312_BO1204203200_.jpg\"><img decoding=\"async\" loading=\"lazy\" class=\"aligncenter wp-image-2460 size-medium\" src=\"http:\/\/lutineetcie.com\/lutinelefilm\/wp-content\/uploads\/2013\/06\/41jl9axk9ML._SX312_BO1204203200_-189x300.jpg\" alt=\"41jl9axk9ML._SX312_BO1,204,203,200_\" width=\"189\" height=\"300\" srcset=\"http:\/\/lutineetcie.com\/lutinelefilm\/wp-content\/uploads\/2013\/06\/41jl9axk9ML._SX312_BO1204203200_-189x300.jpg 189w, http:\/\/lutineetcie.com\/lutinelefilm\/wp-content\/uploads\/2013\/06\/41jl9axk9ML._SX312_BO1204203200_.jpg 314w\" sizes=\"(max-width: 189px) 100vw, 189px\" \/><\/a><\/p>\n<p>&nbsp;<\/p>\n<p><strong>**************************<\/strong><strong>\u00a0IN ENGLISH********************************<\/strong><\/p>\n<p style=\"text-align: left;\">The new poly Bible since\u00a0<em>The Ethical Slut\u00a0<\/em>has been written by <a href=\"https:\/\/www.morethantwo.com\">Franklin Veaux<\/a> and Eve Richert:\u00a0<em><a href=\"http:\/\/www.amazon.fr\/More-Than-Two-practical-polyamory\/dp\/0991399706\/ref=sr_1_1?ie=UTF8&amp;qid=1453985039&amp;sr=8-1&amp;keywords=more+than+two\">More than Two<\/a>\u00a0<\/em>is a \u00ab\u00a0must-read\u00a0\u00bb, as well as\u00a0<em><a href=\"http:\/\/www.amazon.fr\/Game-Changer-Memoir-Disruptive-English-ebook\/dp\/B010CD4N0M\/ref=sr_1_1?ie=UTF8&amp;qid=1457535306&amp;sr=8-1&amp;keywords=The+Game+Changer+franklin+veaux\">The Game Changer: A Memoir of Disruptive Love<\/a>.<\/em><br \/>\n<a href=\"http:\/\/lutineetcie.com\/lutinelefilm\/wp-content\/uploads\/2013\/06\/Unknown-1.jpeg\"><img decoding=\"async\" loading=\"lazy\" class=\" size-full wp-image-2855 aligncenter\" src=\"http:\/\/lutineetcie.com\/lutinelefilm\/wp-content\/uploads\/2013\/06\/Unknown-1.jpeg\" alt=\"Unknown-1\" width=\"196\" height=\"293\" \/><\/a><\/p>\n<p style=\"text-align: left;\"><em>The<\/em> book that is currently changing my vision of\u00a0love, sex and human beings and reconciliating me with our \u00ab\u00a0natural\u00a0\u00bb nature as \u00ab\u00a0naturally\u00a0\u00bb promiscuous and sharing and loving: <em><a href=\"http:\/\/www.amazon.fr\/Sex-Dawn-Stray-Modern-Relationships\/dp\/0061707813\/ref=sr_1_1?ie=UTF8&amp;qid=1457535882&amp;sr=8-1&amp;keywords=sex+at+dawn\">Sex at Dawn: How We Mate, Why We Stray, and What It Means for Modern Relationships<\/a>, <\/em>by\u00a0Ch<span class=\"author notFaded\" data-width=\"\"><span class=\"a-declarative\" data-action=\"a-popover\" data-a-popover=\"{&quot;closeButtonLabel&quot;:&quot;Fermer la bo\u00eete de dialogue contextuelle des auteurs&quot;,&quot;name&quot;:&quot;contributor-info-B002V6SRTM&quot;,&quot;position&quot;:&quot;triggerBottom&quot;,&quot;popoverLabel&quot;:&quot;Bo\u00eete de dialogue contextuelle des auteurs&quot;,&quot;allowLinkDefault&quot;:&quot;true&quot;}\">ristopher Ryan and<\/span><span class=\"contribution\"><span class=\"a-color-secondary\">\u00a0<\/span><\/span><\/span><span class=\"author notFaded\" data-width=\"\">Cacilda Jetha:<\/span><\/p>\n<p style=\"text-align: center;\"><a href=\"http:\/\/lutineetcie.com\/lutinelefilm\/wp-content\/uploads\/2013\/06\/51mkfPFqCQL._SX330_BO1204203200_.jpg\" rel=\"attachment wp-att-2914\"><img decoding=\"async\" loading=\"lazy\" class=\"alignnone size-medium wp-image-2914\" src=\"http:\/\/lutineetcie.com\/lutinelefilm\/wp-content\/uploads\/2013\/06\/51mkfPFqCQL._SX330_BO1204203200_-200x300.jpg\" alt=\"51mkfPFqCQL._SX330_BO1,204,203,200_\" width=\"200\" height=\"300\" srcset=\"http:\/\/lutineetcie.com\/lutinelefilm\/wp-content\/uploads\/2013\/06\/51mkfPFqCQL._SX330_BO1204203200_-200x300.jpg 200w, http:\/\/lutineetcie.com\/lutinelefilm\/wp-content\/uploads\/2013\/06\/51mkfPFqCQL._SX330_BO1204203200_.jpg 332w\" sizes=\"(max-width: 200px) 100vw, 200px\" \/><\/a><\/p>\n<p style=\"text-align: left;\">A discovery and a really inspiring reading for me recently: <a href=\"http:\/\/www.amazon.fr\/Opening-Love-Intentional-Relationships-Consciousness\/dp\/1782799508\/ref=sr_1_1?ie=UTF8&amp;qid=1458741845&amp;sr=8-1&amp;keywords=opening+love\">Opening Love: Intentional Relationships &amp; the Evolution of Consciousness<\/a><\/p>\n<p><a href=\"http:\/\/lutineetcie.com\/lutinelefilm\/wp-content\/uploads\/2013\/06\/51MNh8TS7L._SX322_BO1204203200_.jpg\" rel=\"attachment wp-att-2970\"><img decoding=\"async\" loading=\"lazy\" class=\"size-medium wp-image-2970 aligncenter\" src=\"http:\/\/lutineetcie.com\/lutinelefilm\/wp-content\/uploads\/2013\/06\/51MNh8TS7L._SX322_BO1204203200_-195x300.jpg\" alt=\"51M+Nh8TS7L._SX322_BO1,204,203,200_\" width=\"195\" height=\"300\" srcset=\"http:\/\/lutineetcie.com\/lutinelefilm\/wp-content\/uploads\/2013\/06\/51MNh8TS7L._SX322_BO1204203200_-195x300.jpg 195w, http:\/\/lutineetcie.com\/lutinelefilm\/wp-content\/uploads\/2013\/06\/51MNh8TS7L._SX322_BO1204203200_.jpg 324w\" sizes=\"(max-width: 195px) 100vw, 195px\" \/><\/a><\/p>\n<p style=\"text-align: left;\"><a href=\"http:\/\/www.amazon.fr\/Open-Love-Sex-Life-Marriage\/dp\/1580052754\/ref=sr_1_cc_2?s=aps&amp;ie=UTF8&amp;qid=1370362883&amp;sr=1-2-catcorr&amp;keywords=open+jenny+block\">Open : Love, Sex and Life in an Open Marriage<\/a>, de Jenny Block. The author tells us about her \u00ab\u00a0real\u00a0\u00bb life with her husband and how it has not always been easy to open up their couple&#8230;<\/p>\n<p style=\"text-align: left;\"><a href=\"http:\/\/lutinelefilm.files.wordpress.com\/2013\/06\/310im6s69l-_bo2204203200_pisitb-sticker-arrow-clicktopright35-76_sx342_sy445_cr00342445_sh20_ou08_.jpg\"><img decoding=\"async\" loading=\"lazy\" class=\"wp-image-252 size-medium aligncenter\" src=\"http:\/\/lutineetcie.com\/lutinelefilm\/wp-content\/uploads\/2013\/06\/310im6s69l-_bo2204203200_pisitb-sticker-arrow-clicktopright35-76_sx342_sy445_cr00342445_sh20_ou08_1.jpg\" alt=\"310i+M6s69L._BO2,204,203,200_PIsitb-sticker-arrow-click,TopRight,35,-76_SX342_SY445_CR,0,0,342,445_SH20_OU08_\" width=\"230\" height=\"300\" \/><\/a><\/p>\n<p style=\"text-align: left;\"><a href=\"http:\/\/www.amazon.com\/Eight-Things-Known-About-Polyamory\/dp\/1500838160\/ref=sr_1_1?s=books&amp;ie=UTF8&amp;qid=1445865966&amp;sr=1-1&amp;refinements=p_27%3ACunning+Minx\">Eight Things I Wished I&rsquo;d Known About Polyamory, de Cunning Minx<\/a><\/p>\n<p style=\"text-align: left;\"><a href=\"http:\/\/lutineetcie.com\/lutinelefilm\/wp-content\/uploads\/2013\/06\/51CDXLZw4UL._SX331_BO1204203200_.jpg\"><img decoding=\"async\" loading=\"lazy\" class=\"aligncenter wp-image-2458\" src=\"http:\/\/lutineetcie.com\/lutinelefilm\/wp-content\/uploads\/2013\/06\/51CDXLZw4UL._SX331_BO1204203200_.jpg\" alt=\"51CDXLZw4UL._SX331_BO1,204,203,200_\" width=\"250\" height=\"375\" srcset=\"http:\/\/lutineetcie.com\/lutinelefilm\/wp-content\/uploads\/2013\/06\/51CDXLZw4UL._SX331_BO1204203200_.jpg 333w, http:\/\/lutineetcie.com\/lutinelefilm\/wp-content\/uploads\/2013\/06\/51CDXLZw4UL._SX331_BO1204203200_-200x300.jpg 200w\" sizes=\"(max-width: 250px) 100vw, 250px\" \/><\/a><\/p>\n<p>Other \u00ab\u00a0classics\u00a0\u00bb include: <a href=\"http:\/\/www.amazon.fr\/Opening-Up-Creating-Sustaining-Relationships\/dp\/157344295X\/ref=sr_1_1?ie=UTF8&amp;qid=1457535395&amp;sr=8-1&amp;keywords=opening+up\">Opening Up: A Guide to Creating and Sustaining Open Relationships<\/a>\u00a0 by Tristan Taormina and\u00a0<a href=\"http:\/\/www.amazon.fr\/Polyamory-21st-Century-Intimacy-Paperback\/dp\/B00IBSNJ9W\/ref=sr_1_4?ie=UTF8&amp;qid=1457535591&amp;sr=8-4&amp;keywords=deborah+anapol\">Polyamory in the 21st Century<\/a> by Deborah Anapol<\/p>\n<p><a href=\"http:\/\/lutineetcie.com\/lutinelefilm\/wp-content\/uploads\/2013\/06\/41V-zAQaZbL._SX322_BO1204203200_.jpg\" rel=\"attachment wp-att-2912\"><img decoding=\"async\" loading=\"lazy\" class=\"alignnone size-medium wp-image-2912\" src=\"http:\/\/lutineetcie.com\/lutinelefilm\/wp-content\/uploads\/2013\/06\/41V-zAQaZbL._SX322_BO1204203200_-195x300.jpg\" alt=\"41V-zAQaZbL._SX322_BO1,204,203,200_\" width=\"195\" height=\"300\" srcset=\"http:\/\/lutineetcie.com\/lutinelefilm\/wp-content\/uploads\/2013\/06\/41V-zAQaZbL._SX322_BO1204203200_-195x300.jpg 195w, http:\/\/lutineetcie.com\/lutinelefilm\/wp-content\/uploads\/2013\/06\/41V-zAQaZbL._SX322_BO1204203200_.jpg 324w\" sizes=\"(max-width: 195px) 100vw, 195px\" \/><\/a><a href=\"http:\/\/lutineetcie.com\/lutinelefilm\/wp-content\/uploads\/2013\/06\/41R88rtRXFL._SX331_BO1204203200_.jpg\" rel=\"attachment wp-att-2913\"><img decoding=\"async\" loading=\"lazy\" class=\"alignnone size-medium wp-image-2913\" src=\"http:\/\/lutineetcie.com\/lutinelefilm\/wp-content\/uploads\/2013\/06\/41R88rtRXFL._SX331_BO1204203200_-200x300.jpg\" alt=\"41R88rtRXFL._SX331_BO1,204,203,200_\" width=\"200\" height=\"300\" srcset=\"http:\/\/lutineetcie.com\/lutinelefilm\/wp-content\/uploads\/2013\/06\/41R88rtRXFL._SX331_BO1204203200_-200x300.jpg 200w, http:\/\/lutineetcie.com\/lutinelefilm\/wp-content\/uploads\/2013\/06\/41R88rtRXFL._SX331_BO1204203200_.jpg 333w\" sizes=\"(max-width: 200px) 100vw, 200px\" \/><\/a><\/p>\n","protected":false},"excerpt":{"rendered":"<p>Les incontournables en fran\u00e7ais\u00a0(for\u00a0books in English, see below) : Aimer plusieurs hommes,\u00a0de Fran\u00e7oise Simp\u00e8re, Ed. Autres mondes &nbsp; Le Guide des Amours plurielles, de Fran\u00e7oise Simp\u00e8re &nbsp; La \u00ab\u00a0Bible\u00a0\u00bb des polyamoureux :\u00a0The Ethical Slut,\u00a0de Dossie Easton et Janet W. Hardy &hellip; <a href=\"http:\/\/lutineetcie.com\/lutinelefilm\/documentaire\/livres\/\">Continuer la lecture <span class=\"meta-nav\">&rarr;<\/span><\/a><\/p>\n","protected":false},"author":1,"featured_media":0,"parent":26,"menu_order":4,"comment_status":"closed","ping_status":"closed","template":"sidebar-page.php","meta":[],"_links":{"self":[{"href":"http:\/\/lutineetcie.com\/lutinelefilm\/wp-json\/wp\/v2\/pages\/207"}],"collection":[{"href":"http:\/\/lutineetcie.com\/lutinelefilm\/wp-json\/wp\/v2\/pages"}],"about":[{"href":"http:\/\/lutineetcie.com\/lutinelefilm\/wp-json\/wp\/v2\/types\/page"}],"author":[{"embeddable":true,"href":"http:\/\/lutineetcie.com\/lutinelefilm\/wp-json\/wp\/v2\/users\/1"}],"replies":[{"embeddable":true,"href":"http:\/\/lutineetcie.com\/lutinelefilm\/wp-json\/wp\/v2\/comments?post=207"}],"version-history":[{"count":17,"href":"http:\/\/lutineetcie.com\/lutinelefilm\/wp-json\/wp\/v2\/pages\/207\/revisions"}],"predecessor-version":[{"id":3275,"href":"http:\/\/lutineetcie.com\/lutinelefilm\/wp-json\/wp\/v2\/pages\/207\/revisions\/3275"}],"up":[{"embeddable":true,"href":"http:\/\/lutineetcie.com\/lutinelefilm\/wp-json\/wp\/v2\/pages\/26"}],"wp:attachment":[{"href":"http:\/\/lutineetcie.com\/lutinelefilm\/wp-json\/wp\/v2\/media?parent=207"}],"curies":[{"name":"wp","href":"https:\/\/api.w.org\/{rel}","templated":true}]}}