{"id":209,"date":"2013-06-04T17:40:15","date_gmt":"2013-06-04T16:40:15","guid":{"rendered":"http:\/\/lutinelefilm.wordpress.com\/?page_id=209"},"modified":"2017-06-28T14:38:30","modified_gmt":"2017-06-28T13:38:30","slug":"des-liens","status":"publish","type":"page","link":"http:\/\/lutineetcie.com\/lutinelefilm\/documentaire\/des-liens\/","title":{"rendered":"Des liens \/ Links"},"content":{"rendered":"<p>Sites g\u00e9n\u00e9ralistes et d&rsquo;informations en fran\u00e7ais :<\/p>\n<ul>\n<li><a href=\"http:\/\/polyamour.info\">polyamour.info<\/a>, incontournable en France<\/li>\n<li><a href=\"http:\/\/amours.pl\">amours.pl<\/a>, son petit fr\u00e8re sur le net avec de nombreuses ressources audio-visuelles<\/li>\n<li><a href=\"http:\/\/polyamour.be\/\">polyamour.be<\/a>, le site\u00a0de nos amis belges<\/li>\n<li><a href=\"http:\/\/polyamour-quebec.ca\/\">polyamour-quebec.ca<\/a>, au Qu\u00e9bec<\/li>\n<\/ul>\n<p>Sur Facebook<\/p>\n<ul>\n<li>groupe <a href=\"https:\/\/www.facebook.com\/groups\/polyamour\">Polyamour<\/a>\u00a0pour la France<\/li>\n<li>groupe <a href=\"https:\/\/www.facebook.com\/groups\/305970326156295\/\">Polyamour Paris<\/a><\/li>\n<li>groupe <a href=\"https:\/\/www.facebook.com\/polyamorybelgium\">Polyamory Belgium<\/a>\u00a0pour la Belgique<\/li>\n<li>groupe <a href=\"https:\/\/www.facebook.com\/groups\/124033632632\/\">Polyamory Europe<\/a><\/li>\n<li>groupe <a href=\"https:\/\/www.facebook.com\/groups\/poliamore\/\">Poliamore e altre non-monogamie etiche<br \/>\n<\/a><\/li>\n<li>groupe <a href=\"https:\/\/www.facebook.com\/groups\/polyamoriemehralseineliebe\">Poyamory &#8211; Mehr als eine Liebe<\/a><\/li>\n<\/ul>\n<p>Blogs en fran\u00e7ais<\/p>\n<ul>\n<li><a href=\"http:\/\/fsimpere.over-blog.com\">Jouer au monde<\/a>, le blog de Fran\u00e7oise Simp\u00e8re<\/li>\n<li><a href=\"http:\/\/www.inthemoodforlove.org\">In the Mood for Love<\/a><\/li>\n<li><a href=\"https:\/\/histoiresdamoursplurielles.wordpress.com\">Histoires d&rsquo;amours plurielles<\/a><\/li>\n<li><a href=\"https:\/\/lesfessesdelacremiere.wordpress.com\">Les \u00a0Fesses de la cr\u00e9mi\u00e8re<\/a><\/li>\n<\/ul>\n<p>Sites \/ Blogs en anglais<\/p>\n<ul>\n<li><a href=\"https:\/\/www.morethantwo.com\">More Than Two<\/a>, by Franklin Veaux who&rsquo;s just written the \u00ab\u00a0new Bible\u00a0\u00bb about\u00a0polyamory, along with Eve Richert<\/li>\n<li><a href=\"http:\/\/www.loveoutsidethebox.com\">Love Outside the Box<\/a>, by Dawn Davidson, who offers quite\u00a0a bunch of useful tools<\/li>\n<li><a href=\"http:\/\/openingup.net\/about\/\">Opening Up<\/a>, by Tristan Taormino, who wrote the eponymous book<\/li>\n<li><a href=\"http:\/\/polyinthemedia.blogspot.com\/\">Polyamory in the Media<\/a>, by Alan McDonald + \u00a0poly events around the world<\/li>\n<\/ul>\n<p>Sites \/ Blogs in other languages:<\/p>\n<ul>\n<li><a href=\"http:\/\/www.poliamore.org\/\">poliamore.org<\/a> in italiano<\/li>\n<li><a href=\"http:\/\/amorsplurals.cat\/qui-som\/\">Amors Plurals<\/a> en catal\u00e0<\/li>\n<li><a href=\"http:\/\/www.polyamory.at\/\">polyamory.at<\/a>,\u00a0Mehr als Eine Liebe, auf Deutsch in\u00a0\u00d6sterreich<\/li>\n<li><a href=\"http:\/\/meerminners.nl\/\">meerminners.nl<\/a>\u00a0in Netherlands<\/li>\n<\/ul>\n<p>Et encore : si\u00a0vous cherchez un <strong>espace de parole<\/strong>, des ateliers ou encore des consultations priv\u00e9es \u00e0 propos des\u00a0<strong>relations non-exclusives<\/strong> :<\/p>\n<ul>\n<li><a href=\"http:\/\/www.lutineetcie.com\">Lutine &amp; Cie<\/a>\u00a0:\u00a0mon propre site et blog !<\/li>\n<li><a href=\"http:\/\/www.conseil-sexualites-elisende.com\">Conseil sexualit\u00e9s<\/a> d&rsquo;Elisende Coladan<\/li>\n<\/ul>\n<p>&nbsp;<\/p>\n<p>&nbsp;<\/p>\n","protected":false},"excerpt":{"rendered":"<p>Sites g\u00e9n\u00e9ralistes et d&rsquo;informations en fran\u00e7ais : polyamour.info, incontournable en France amours.pl, son petit fr\u00e8re sur le net avec de nombreuses ressources audio-visuelles polyamour.be, le site\u00a0de nos amis belges polyamour-quebec.ca, au Qu\u00e9bec Sur Facebook groupe Polyamour\u00a0pour la France groupe Polyamour &hellip; <a href=\"http:\/\/lutineetcie.com\/lutinelefilm\/documentaire\/des-liens\/\">Continuer la lecture <span class=\"meta-nav\">&rarr;<\/span><\/a><\/p>\n","protected":false},"author":1,"featured_media":0,"parent":26,"menu_order":3,"comment_status":"closed","ping_status":"closed","template":"sidebar-page.php","meta":[],"_links":{"self":[{"href":"http:\/\/lutineetcie.com\/lutinelefilm\/wp-json\/wp\/v2\/pages\/209"}],"collection":[{"href":"http:\/\/lutineetcie.com\/lutinelefilm\/wp-json\/wp\/v2\/pages"}],"about":[{"href":"http:\/\/lutineetcie.com\/lutinelefilm\/wp-json\/wp\/v2\/types\/page"}],"author":[{"embeddable":true,"href":"http:\/\/lutineetcie.com\/lutinelefilm\/wp-json\/wp\/v2\/users\/1"}],"replies":[{"embeddable":true,"href":"http:\/\/lutineetcie.com\/lutinelefilm\/wp-json\/wp\/v2\/comments?post=209"}],"version-history":[{"count":20,"href":"http:\/\/lutineetcie.com\/lutinelefilm\/wp-json\/wp\/v2\/pages\/209\/revisions"}],"predecessor-version":[{"id":4451,"href":"http:\/\/lutineetcie.com\/lutinelefilm\/wp-json\/wp\/v2\/pages\/209\/revisions\/4451"}],"up":[{"embeddable":true,"href":"http:\/\/lutineetcie.com\/lutinelefilm\/wp-json\/wp\/v2\/pages\/26"}],"wp:attachment":[{"href":"http:\/\/lutineetcie.com\/lutinelefilm\/wp-json\/wp\/v2\/media?parent=209"}],"curies":[{"name":"wp","href":"https:\/\/api.w.org\/{rel}","templated":true}]}}