{"id":22,"date":"2013-05-29T22:40:56","date_gmt":"2013-05-29T20:40:56","guid":{"rendered":"http:\/\/lutinelefilm.wordpress.com\/?page_id=22"},"modified":"2022-11-06T19:44:57","modified_gmt":"2022-11-06T18:44:57","slug":"le-documentaire","status":"publish","type":"page","link":"http:\/\/lutineetcie.com\/lutinelefilm\/","title":{"rendered":"Accueil"},"content":{"rendered":"<p style=\"text-align: center;\">Bonjour,\u00a0et bienvenue sur le site du film LUTINE, qui parle d&rsquo;<strong>amours<\/strong>\u00a0au pluriel :\u00a0<strong>amour du cin\u00e9ma\u00a0<\/strong>et <strong>amour au f\u00e9minin pluriel<\/strong> (amours plurielles,\u00a0polyamorie, polyamour, lutinage).<\/p>\n<p>Vous allez pouvoir ici :<\/p>\n<ul>\n<li>trouver ou trouver comment organiser une <a href=\"http:\/\/lutinelefilm.com\/projections\">projection<\/a> pr\u00e8s de chez vous<\/li>\n<li>trouver des r\u00e9ponses\u00a0aux questions que vous vous posez sur <a href=\"http:\/\/lutineetcie.com\/lutinelefilm\/comedie\/\">le film<\/a>\u00a0et la <a href=\"http:\/\/lutineetcie.com\/lutinelefilm\/documentaire\/theorie\/\">polyamorie<\/a><\/li>\n<li>d\u00e9poser votre <a href=\"http:\/\/lutineetcie.com\/lutinelefilm\/livre-d-or\/livre-d-or\/\">commentaire<\/a> ou votre critique sur le film, si vous l&rsquo;avez d\u00e9j\u00e0 vu.<\/li>\n<\/ul>\n<p>Hello and welcome on LUTINE website, a film <strong>about <\/strong><strong>polyamory<\/strong> and cinema. Here you will:<\/p>\n<ul>\n<li>find or find out how to <a href=\"http:\/\/lutineetcie.com\/lutinelefilm\/projections\/organiser\/\">organize a screening\u00a0<\/a><\/li>\n<li>find answers to your\u00a0questions\u00a0about the film and\/or polyamory<\/li>\n<li>write your <a href=\"http:\/\/lutineetcie.com\/lutinelefilm\/livre-d-or\/reviews\/\">comments or reviews<\/a> about the film, in case you have already seen it.<\/li>\n<\/ul>\n<div class=\"su-youtube su-u-responsive-media-no\"><iframe width=\"600\" height=\"400\" src=\"https:\/\/www.youtube.com\/embed\/A-f0BAlpYjs?\" frameborder=\"0\" allowfullscreen allow=\"autoplay; encrypted-media; picture-in-picture\" title=\"\"><\/iframe><\/div><a href=\"http:\/\/lutineetcie.com\/lutinelefilm\/wp-content\/uploads\/2013\/05\/Accattone-12-21-Fran\u00e7oise-150dpi-1-1.png\"><br \/>\n<\/a><em>(O<\/em><em>ther subtitles available in <a href=\"http:\/\/lutineetcie.com\/lutinelefilm\/other-languages\/\">Other languages)<\/a><\/em><\/p>\n<p>***<\/p>\n<p>\u00c0 plus d&rsquo;un titre,\u00a0LUTINE est\u00a0un <strong>OFNI<\/strong>\u00a0&#8211; un Objet Filmique Non Identifi\u00e9 &#8211; dans le paysage du cin\u00e9ma fran\u00e7ais d&rsquo;aujourd&rsquo;hui :<\/p>\n<ul>\n<li>parce que c&rsquo;est une \u00ab\u00a0<strong>com\u00e9die document\u00e9e<\/strong>\u00ab\u00a0<strong>\u00a0:\u00a0<\/strong>une <a href=\"http:\/\/lutineetcie.com\/lutinelefilm\/comedie\/\">com\u00e9die<\/a> ET\u00a0un <a href=\"http:\/\/lutineetcie.com\/lutinelefilm\/documentaire\/\">documentaire<\/a> ;<\/li>\n<li>parce qu&rsquo;il a \u00e9t\u00e9 enti\u00e8rement financ\u00e9 en <strong>financement participatif<\/strong>, avec le soutien et la collaboration de plus de 400 personnes qui y ont cru avec moi depuis le d\u00e9but ;<\/li>\n<li>parce qu&rsquo;il parle d&rsquo;une <strong>autre mani\u00e8re de vivre<\/strong> nos relations amoureuses<\/li>\n<li>mais aussi d&rsquo;une autre mani\u00e8re de faire du<strong> cin\u00e9ma<\/strong> ;<\/li>\n<li>parce qu&rsquo;il <strong>parle d&rsquo;amour<\/strong>, de joie, de plaisir, de partage, de communication compassionnelle, mais aussi de libert\u00e9, <strong>d&rsquo;autonomie<\/strong>, de d\u00e9veloppement personnel&#8230; dans une soci\u00e9t\u00e9\u00a0qui met\u00a0plus souvent en avant\u00a0la rentabilit\u00e9, l&rsquo;efficacit\u00e9,\u00a0les\u00a0\u00ab\u00a0<em>il faut<\/em>\u00ab\u00a0, \u00ab\u00a0<em>tu devrais<\/em>\u00a0\u00bb et autres\u00a0\u00ab\u00a0<em>parce que c&rsquo;est comme \u00e7a<\/em>\u00a0\u00bb ;<\/li>\n<li>parce que, pour \u00eatre en coh\u00e9rence avec son esprit de <strong>libert\u00e9<\/strong>, de respect et d&rsquo;ouverture au monde, j&rsquo;envisage aujourd&rsquo;hui, apr\u00e8s l&rsquo;avoir produit \u00ab\u00a0autrement\u00a0\u00bb, d&rsquo;aussi le <strong>distribuer \u00ab\u00a0autrement\u00a0\u00bb<\/strong>.<\/li>\n<\/ul>\n<p>Alors si\u00a0cette <strong>mani\u00e8re \u00ab\u00a0diff\u00e9rente\u00a0\u00bb de jouer au monde <\/strong>(*)\u00a0vous parle, vous touche, vous excite&#8230; n&rsquo;h\u00e9sitez pas \u00e0 <strong>en parler autour de vous<\/strong>, \u00e0 relayer sur vos r\u00e9seaux sociaux mais aussi dans la vraie vie,<strong>\u00a0<\/strong>et m\u00eame&#8230;\u00a0\u00e0 contacter les <strong>cin\u00e9mas pr\u00e8s\u00a0de chez vous<\/strong> pour\u00a0organiser une projection !<\/p>\n<p>Vous pouvez bien s\u00fbr encore aussi\u00a0<a href=\"https:\/\/www.helloasso.com\/associations\/lutine-cie\/formulaires\/1\"><strong>nous soutenir financi\u00e8rement\u00a0<\/strong>via HelloAsso<\/a>\u00a0(**), car pour\u00a0qu&rsquo;un film existe, il\u00a0a besoin de spectateurs et spectatrices : il ne suffit pas de le mettre au monde,\u00a0il faut aussi\u00a0l&rsquo;accompagner dans ses premiers pas, ses premiers festivals, ses premi\u00e8res projections ! \u00a0Et tout \u00e7a co\u00fbte paradoxalement\u00a0plus cher que de fabriquer le film lui-m\u00eame : une moyenne de\u00a0100\u20ac par inscription en festival, fabriquer et envoyer des DVD, imprimer des affiches&#8230;<\/p>\n<p>Ce film \u00e9tant\u00a0depuis le d\u00e9but une aventure collective, je souhaite que sa distribution le soit tout autant.<\/p>\n<p>Avec amour et bienveillance,<br \/>\nIsabelle<\/p>\n<p>ACTU COVID-19 : POUR LES S\u00c9ANCES EN E-CIN\u00c9MA<br \/>\n<strong>+ RENCONTRES EN LIGNE AVEC LA R\u00c9ALISATRICE<br \/>\n<strong><em>FOR E-SCREENINGS + MEETINGS WITH THE DIRECTRESS,<\/em><br \/>\nCLIQUEZ SUR\u00a0 \/\u00a0<\/strong><em><strong>PLEASE GO TO:\u00a0<\/strong><\/em><\/strong><strong><br \/>\n<a href=\"http:\/\/lutineetcie.com\/lutinelefilm\/projections\/a-venir\/\">Projections \u00e0 venir\/ Screenings to come<\/a><\/strong><\/p>\n<h1><\/h1>\n<p style=\"text-align: center;\"><em><a href=\"http:\/\/lutineetcie.com\/lutinelefilm\/comedie\/\">En savoir plus sur le\u00a0film<\/a><a title=\"Le projet\" href=\"http:\/\/lutineetcie.com\/lutinelefilm\/projet\/\"><br \/>\n<\/a>ou<br \/>\n<\/em><i><a href=\"https:\/\/www.helloasso.com\/associations\/lutine-cie\/formulaires\/1\">Acc\u00e9der directement \u00e0 HelloAsso pour soutenir la distribution du film<\/a><\/i><\/p>\n<p style=\"text-align: center;\">(**)<strong> \u00c0 partir de 1\u20ac<\/strong> de participation au financement du film,<br \/>\nvous recevrez un mot de passe pour visionner<br \/>\n<strong>en exclusivit\u00e9 des <a title=\"Extraits mont\u00e9s de \u00ab\u00a0Lutine\u00a0\u00bb\" href=\"http:\/\/lutineetcie.com\/lutinelefilm\/documentaire\/extraits-montes-de-lutine\/\">s\u00e9quences mont\u00e9es du film<\/a><\/strong><br \/>\net vous recevrez notre <strong>newsletter<\/strong> directement dans votre bo\u00eete e-mail !<\/p>\n<p style=\"text-align: left;\">\u00a0(*) Expression emprunt\u00e9e (avec son accord explicite) \u00e0 Fran\u00e7oise Simp\u00e8re, du titre d&rsquo;un de ses <a href=\"http:\/\/www.fr.fnac.be\/a3730934\/Francoise-Simpere-Jouer-au-monde\">romans<\/a> et de son <a href=\"http:\/\/fsimpere.over-blog.com\">blog<\/a>.<\/p>\n","protected":false},"excerpt":{"rendered":"<p>Bonjour,\u00a0et bienvenue sur le site du film LUTINE, qui parle d&rsquo;amours\u00a0au pluriel :\u00a0amour du cin\u00e9ma\u00a0et amour au f\u00e9minin pluriel (amours plurielles,\u00a0polyamorie, polyamour, lutinage). Vous allez pouvoir ici : trouver ou trouver comment organiser une projection pr\u00e8s de chez vous trouver &hellip; <a href=\"http:\/\/lutineetcie.com\/lutinelefilm\/\">Continuer la lecture <span class=\"meta-nav\">&rarr;<\/span><\/a><\/p>\n","protected":false},"author":1,"featured_media":0,"parent":0,"menu_order":1,"comment_status":"closed","ping_status":"closed","template":"sidebar-page.php","meta":[],"_links":{"self":[{"href":"http:\/\/lutineetcie.com\/lutinelefilm\/wp-json\/wp\/v2\/pages\/22"}],"collection":[{"href":"http:\/\/lutineetcie.com\/lutinelefilm\/wp-json\/wp\/v2\/pages"}],"about":[{"href":"http:\/\/lutineetcie.com\/lutinelefilm\/wp-json\/wp\/v2\/types\/page"}],"author":[{"embeddable":true,"href":"http:\/\/lutineetcie.com\/lutinelefilm\/wp-json\/wp\/v2\/users\/1"}],"replies":[{"embeddable":true,"href":"http:\/\/lutineetcie.com\/lutinelefilm\/wp-json\/wp\/v2\/comments?post=22"}],"version-history":[{"count":124,"href":"http:\/\/lutineetcie.com\/lutinelefilm\/wp-json\/wp\/v2\/pages\/22\/revisions"}],"predecessor-version":[{"id":6205,"href":"http:\/\/lutineetcie.com\/lutinelefilm\/wp-json\/wp\/v2\/pages\/22\/revisions\/6205"}],"wp:attachment":[{"href":"http:\/\/lutineetcie.com\/lutinelefilm\/wp-json\/wp\/v2\/media?parent=22"}],"curies":[{"name":"wp","href":"https:\/\/api.w.org\/{rel}","templated":true}]}}