{"id":24,"date":"2013-05-29T22:42:26","date_gmt":"2013-05-29T21:42:26","guid":{"rendered":"http:\/\/lutinelefilm.wordpress.com\/?page_id=24"},"modified":"2017-02-02T18:22:31","modified_gmt":"2017-02-02T17:22:31","slug":"theorie","status":"publish","type":"page","link":"http:\/\/lutineetcie.com\/lutinelefilm\/documentaire\/theorie\/","title":{"rendered":"La th\u00e9orie&#8230; et la pratique !"},"content":{"rendered":"<div>\n<p><em>LUTINE<\/em> est une \u00ab\u00a0com\u00e9die documentaire\u00a0\u00bb, ou plus exactement <strong>une com\u00e9die ET un documentaire.<\/strong><\/p>\n<p>En effet, <em>LUTINE<\/em> racontant l&rsquo;histoire d&rsquo;une r\u00e9alisatrice qui d\u00e9cide de tourner un documentaire sur le lutinage, <em>LUTINE<\/em> comporte, <em>\u00e0 l&rsquo;int\u00e9rieur m\u00eame de la fiction<\/em>, une partie\u00a0r\u00e9ellement documentaire<b>\u00a0<\/b>sur la polyamorie, ou\u00a0l\u2019art des<strong> amours plurielles<\/strong> : le fait que l&rsquo;on s&rsquo;accorde la\u00a0possibilit\u00e9 de\u00a0vivre <strong>plusieurs\u00a0relations\u00a0intimes en parall\u00e8le<\/strong> (amoureuses et\/ou sexuelles) et que toutes les personnes concern\u00e9es\u00a0soient au courant et d\u2019accord. Dit autrement : des relations non-exclusives <strong>consensuelles et \u00e9thiques<\/strong>.<\/p>\n<p><strong><br \/>\nLA TH\u00c9ORIE&#8230;<br \/>\n<\/strong><\/p>\n<p>Aujourd\u2019hui, quand\u00a0tant de gens\u00a0se s\u00e9parent de plus en plus t\u00f4t, vivant des monogamies successives et\u00a0entra\u00eenant leurs\u00a0enfants de familles recompos\u00e9es en familles recompos\u00e9es, que parmi les couples\u00a0qui restent ensemble, tant se trompent, \u00a0<b>la polyamorie\u00a0peut-elle \u00eatre\u00a0une alternative possible\u00a0<\/b>\u00e0\u00a0l&rsquo;id\u00e9al romantique de la monogamie, dont il faut bien reconna\u00eetre qu&rsquo;il ne correspond pas \u00e0 la r\u00e9alit\u00e9 de ce que vivent la plupart des gens ?<\/p>\n<p>Ce qui fait le plus mal dans l&rsquo;adult\u00e8re,\u00a0n\u2019est-ce pas avant tout le <strong>sentiment de tromperie\u00a0et de\u00a0trahison <\/strong>par rapport au contrat initial\u00a0: cet engagement d&rsquo;exclusivit\u00e9 que l&rsquo;on se promet l&rsquo;un \u00e0 l&rsquo;autre dans les premiers temps d&rsquo;une rencontre amoureuse&#8230; et que l&rsquo;on n&rsquo;ose plus ensuite remettre en cause, quand le temps et le quotidien ont \u00e9mouss\u00e9 la passion ?<\/p>\n<p>Vous \u00eates-vous d\u00e9j\u00e0 demand\u00e9 ce qu&rsquo;il se passerait <strong>si on changeait les termes du contrat\u00a0?<\/strong><\/p>\n<p>Cela ne viendrait \u00e0 l\u2019id\u00e9e de personne d\u2019exiger l\u2019exclusivit\u00e9 en amiti\u00e9. Et celles et ceux qui ont plusieurs enfants savent bien qu\u2019on les aime, tous, et chacun diff\u00e9remment.<br \/>\nPourquoi cela serait-il diff\u00e9rent en amour\u00a0?<\/p>\n<\/div>\n<p><strong><br \/>\n&#8230; ET LA PRATIQUE !\u00a0<\/strong><\/p>\n<div>\n<p>Cependant, si\u00a0l\u2019amour s\u2019ajoute ou se multiplie\u2026 le temps se soustrait ou se divise.<\/p>\n<p>Comment vivent <strong>concr\u00e8tement<\/strong> celles et ceux qui vivent la polyamorie\u00a0au quotidien\u00a0?<br \/>\n<b>Ne sont-ils pas jaloux<\/b> quand ils savent que la personne qu\u2019ils aiment passe la soir\u00e9e dans les bras d\u2019un.e\u00a0autre ?<br \/>\nLe lutinage est-il compatible avec une <b>vie de famille<\/b> ? Peut-on en parler aux enfants sans les traumatiser ?<\/p>\n<p><b>Qui sont ces gens<\/b>\u00a0qui ont d\u00e9cid\u00e9 de vivre ouvertement (ou moins) leurs amours plurielles ?\u00a0Ce qu\u2019ils ont \u00e0 nous dire ne nous concerne-t-il pas toutes et tous ?<\/p>\n<p>Ils nous parlent de non-exclusivit\u00e9, certes, mais surtout et avant tout <strong>d\u2019amour et de fid\u00e9lit\u00e9<\/strong>, \u00e0 soi-m\u00eame et aux autres. Ils nous parlent de\u00a0<b>tol\u00e9rance<\/b>, de <strong>bienveillance<\/strong>, de <strong>respect<\/strong>, de <strong>communication non violente<\/strong>, d\u2019<strong>attention aux \u00e9motions<\/strong> et aux sentiments de l\u2019autre.<\/p>\n<p>Car il s&rsquo;agit bien ici de <strong>non-monogamie consensuelle<\/strong> (tout le monde est au courant et d&rsquo;accord, le consentement n&rsquo;est ni impos\u00e9, ni extorqu\u00e9, ni contraint, d&rsquo;une quelconque mani\u00e8re) <strong>et \u00e9thique<\/strong> (on fait attention \u00e0 l&rsquo;autre, \u00e0 ses \u00e9motions, \u00e0 ses sentiments, on s&rsquo;engage \u00e0 en tenir compte\u00a0:\u00a0si chacun.e est responsable de ses propres \u00e9motions et r\u00e9actions, ielle est aussi responsable de l&rsquo;impact de ses comportements sur celleux avec qui il est en relations&#8230; et\u00a0tient compte).<\/p>\n<\/div>\n<div>\n<p><b><br \/>\nUN VRAI\u00a0DOCUMENTAIRE<\/b><\/p>\n<p>La partie documentaire de\u00a0<em>LUTINE\u00a0<\/em>met en sc\u00e8ne des <b>\u00ab\u00a0vraies\u00a0\u00bb personnes <\/b>de la<b> \u00ab\u00a0vraie vie\u00a0\u00bb<\/b>\u00a0dans deux dispositifs diff\u00e9rents et compl\u00e9mentaires :<\/p>\n<ul>\n<li>d\u2019un c\u00f4t\u00e9, des interviews structur\u00e9es et formelles :\n<ul>\n<li>d&rsquo;<a href=\"http:\/\/lutineetcie.com\/lutinelefilm\/documentaire\/documentaire\/auteurs\/\">auteurs<\/a> ayant r\u00e9fl\u00e9chi et \u00e9crit sur la polyamorie<\/li>\n<li>de <a href=\"http:\/\/lutineetcie.com\/lutinelefilm\/documentaire\/theorie\/lutins\/\">lutin.e.s<\/a> vivant le lutinage au quotidien<\/li>\n<\/ul>\n<\/li>\n<li>de l\u2019autre, des s\u00e9quences plus informelles\u00a0film\u00e9es\u00a0lors de \u00ab\u00a0<a href=\"http:\/\/polyamour.info\/evenements\/\">caf\u00e9s poly<\/a>\u00a0\u00bb \u00e0 Paris.<\/li>\n<\/ul>\n<\/div>\n","protected":false},"excerpt":{"rendered":"<p>LUTINE est une \u00ab\u00a0com\u00e9die documentaire\u00a0\u00bb, ou plus exactement une com\u00e9die ET un documentaire. En effet, LUTINE racontant l&rsquo;histoire d&rsquo;une r\u00e9alisatrice qui d\u00e9cide de tourner un documentaire sur le lutinage, LUTINE comporte, \u00e0 l&rsquo;int\u00e9rieur m\u00eame de la fiction, une partie\u00a0r\u00e9ellement documentaire\u00a0sur &hellip; <a href=\"http:\/\/lutineetcie.com\/lutinelefilm\/documentaire\/theorie\/\">Continuer la lecture <span class=\"meta-nav\">&rarr;<\/span><\/a><\/p>\n","protected":false},"author":1,"featured_media":0,"parent":26,"menu_order":2,"comment_status":"closed","ping_status":"closed","template":"sidebar-page.php","meta":[],"_links":{"self":[{"href":"http:\/\/lutineetcie.com\/lutinelefilm\/wp-json\/wp\/v2\/pages\/24"}],"collection":[{"href":"http:\/\/lutineetcie.com\/lutinelefilm\/wp-json\/wp\/v2\/pages"}],"about":[{"href":"http:\/\/lutineetcie.com\/lutinelefilm\/wp-json\/wp\/v2\/types\/page"}],"author":[{"embeddable":true,"href":"http:\/\/lutineetcie.com\/lutinelefilm\/wp-json\/wp\/v2\/users\/1"}],"replies":[{"embeddable":true,"href":"http:\/\/lutineetcie.com\/lutinelefilm\/wp-json\/wp\/v2\/comments?post=24"}],"version-history":[{"count":19,"href":"http:\/\/lutineetcie.com\/lutinelefilm\/wp-json\/wp\/v2\/pages\/24\/revisions"}],"predecessor-version":[{"id":3951,"href":"http:\/\/lutineetcie.com\/lutinelefilm\/wp-json\/wp\/v2\/pages\/24\/revisions\/3951"}],"up":[{"embeddable":true,"href":"http:\/\/lutineetcie.com\/lutinelefilm\/wp-json\/wp\/v2\/pages\/26"}],"wp:attachment":[{"href":"http:\/\/lutineetcie.com\/lutinelefilm\/wp-json\/wp\/v2\/media?parent=24"}],"curies":[{"name":"wp","href":"https:\/\/api.w.org\/{rel}","templated":true}]}}