{"id":2542,"date":"2015-12-14T15:20:25","date_gmt":"2015-12-14T14:20:25","guid":{"rendered":"http:\/\/lutineetcie.com\/lutinelefilm\/?page_id=2542"},"modified":"2017-12-29T00:44:04","modified_gmt":"2017-12-28T23:44:04","slug":"livre-d-or","status":"publish","type":"page","link":"http:\/\/lutineetcie.com\/lutinelefilm\/livre-d-or\/","title":{"rendered":"Livre d&rsquo;or \/ Reviews"},"content":{"rendered":"<p>Tr\u00e8s touch\u00e9e par les t\u00e9moignages que m&rsquo;ont laiss\u00e9s dans le livre d&rsquo;or du film quelques-uns des spectateurs de la toute premi\u00e8re projection publique \u00e0 Paris le samedi 12 d\u00e9cembre 2015, j&rsquo;ai d\u00e9cid\u00e9 de cr\u00e9er\u00a0un livre d&rsquo;or, ou plut\u00f4t, plusieurs livres d&rsquo;or. Soyez plus que bienvenu(e) si vous aussi vous avez vu le film et souhaitez <strong>laisser un commentaire<\/strong>.<\/p>\n<p>***<br \/>\nI&rsquo;ve been more than touched by the comments the very first spectators of LUTINE have written to me and I&rsquo;ve decided to create a \u00ab\u00a0spectators&rsquo;\u00a0book\u00a0\u00bb &#8211; or rather, several spectators&rsquo;\u00a0books in several languages. Please feel more than welcome to <strong>write your own comments<\/strong> in the dedicated space below each of them.<\/p>\n<ul>\n<li><a href=\"http:\/\/lutineetcie.com\/lutinelefilm\/livre-d-or\/articles\/\">Articles de presse et blogs<\/a><\/li>\n<li><a href=\"http:\/\/lutineetcie.com\/lutinelefilm\/livre-d-or\/livre-d-or\/\">Livre d&rsquo;or<\/a> en fran\u00e7ais<\/li>\n<li><a href=\"http:\/\/lutineetcie.com\/lutinelefilm\/livre-d-or\/reviews\">Spectators&rsquo; Book<\/a>\u00a0in English<\/li>\n<li><a href=\"http:\/\/lutineetcie.com\/lutinelefilm\/livre-d-or\/italiano\/\">Libro d&rsquo;oro<\/a> in italiano<\/li>\n<li><a href=\"http:\/\/lutineetcie.com\/lutinelefilm\/livre-d-or\/espanol\/\">Libro de oro<\/a> en\u00a0espa\u00f1ol<\/li>\n<li><a href=\"http:\/\/lutineetcie.com\/lutinelefilm\/livre-d-or\/llibre-de-public\/\">Llibre de p\u00fablic<\/a>\u00a0en catal\u00e0<\/li>\n<li><a href=\"http:\/\/lutineetcie.com\/lutinelefilm\/livre-d-or\/deutsch\/\">Goldene Buch<\/a> auf Deutsch<\/li>\n<\/ul>\n<p>Avec amour et bienveillance.<br \/>\nWith love and lovingkindness from Paris.<\/p>\n<p><a href=\"http:\/\/lutineetcie.com\/lutinelefilm\/wp-content\/uploads\/2015\/12\/2015-2016-CM2-5.jpeg\"><img decoding=\"async\" loading=\"lazy\" class=\" size-medium wp-image-2549 aligncenter\" src=\"http:\/\/lutineetcie.com\/lutinelefilm\/wp-content\/uploads\/2015\/12\/2015-2016-CM2-5-284x300.jpeg\" alt=\"2015-2016-CM2-5\" width=\"284\" height=\"300\" srcset=\"http:\/\/lutineetcie.com\/lutinelefilm\/wp-content\/uploads\/2015\/12\/2015-2016-CM2-5-284x300.jpeg 284w, http:\/\/lutineetcie.com\/lutinelefilm\/wp-content\/uploads\/2015\/12\/2015-2016-CM2-5-969x1024.jpeg 969w\" sizes=\"(max-width: 284px) 100vw, 284px\" \/><\/a><\/p>\n<p>&nbsp;<\/p>\n<p>Ci-dessous un floril\u00e8ge, dont vous pourrez retrouver l&rsquo;int\u00e9gralit\u00e9 dans la page en fran\u00e7ais de ce <a href=\"http:\/\/lutineetcie.com\/lutinelefilm\/livre-d-or\/livre-d-or\/\">livre d&rsquo;or<\/a>.<br \/>\nYou can also read and write comments in <a href=\"http:\/\/lutineetcie.com\/lutinelefilm\/livre-d-or\/golden-book\/\">English<\/a>, <a href=\"http:\/\/lutineetcie.com\/lutinelefilm\/livre-d-or\/italiano\/\">Italian,<\/a>\u00a0<a href=\"http:\/\/lutineetcie.com\/lutinelefilm\/livre-d-or\/espanol\/\">Spanish,<\/a>\u00a0<a href=\"http:\/\/lutineetcie.com\/lutinelefilm\/livre-d-or\/llibre-de-public\/\">Catalan<\/a>\u00a0and <a href=\"http:\/\/lutineetcie.com\/lutinelefilm\/livre-d-or\/deutsch\/\">German<\/a>.<\/p>\n<p><strong>Floril\u00e8ge :<\/strong><\/p>\n<p>Un film\u00a0libre, joyeux, dr\u00f4le, intelligent, \u00e9tonnant, surprenant, d\u00e9coiffant, \u00e9bouriffant.<br \/>\nDu cin\u00e9ma en libert\u00e9.\u00a0<strong><br \/>\n<\/strong>Intelligent, sensible, dr\u00f4le, impertinent.<br \/>\nUn petit bijou de fantaisie et de cin\u00e9ma.<br \/>\nUn film militant de la tol\u00e9rance et de respect de l\u2019autre.<br \/>\nBeaucoup d\u2019humour, beaucoup de libert\u00e9, et une grande ma\u00eetrise dans cette impression d\u2019improvisation dirig\u00e9e.<br \/>\nConstruction magique\u00a0qui nous perd pour mieux nous faire sentir le myst\u00e8re de la vie et de la relation.<br \/>\nCe film est\u00a0libre et fait r\u00e9fl\u00e9chir. <em>Y., 13 ans.<br \/>\n<\/em>Merci pour ce film\u00a0plein d\u2019amour\u00a0! J\u2019en ressors heureux et amoureux\u00a0! <em>Elie, 19 ans.<br \/>\n<\/em>Un film\u00a0d\u00e9cal\u00e9, dr\u00f4le, tr\u00e8s dr\u00f4le, intelligent.<br \/>\n(Ce film)\u00a0nous fait rire, douter, nous interroger et r\u00e9fl\u00e9chir.<br \/>\nIsabelle est une fine \u00ab\u00a0z\u00e9brette\u00a0\u00bb, capitaine d\u2019un\u00a0bateau qui semble ivre, mais qui sait parfaitement o\u00f9 il va.<br \/>\nUne \u0153uvre\u00a0intelligente, d\u00e9cal\u00e9e, dr\u00f4le, intense et poly.<br \/>\nUne\u00a0ode \u00e0 la libert\u00e9.<br \/>\nFinesse, intelligence et humour.<br \/>\nUn\u00a0film universel sur la vie et l\u2019Amour.<br \/>\nOn se laisse \u00ab\u00a0balader\u00a0\u00bb avec un\u00a0plaisir jubilatoire.<br \/>\nUn grand bravo pour ce film dr\u00f4le, intelligent et\u00a0plein de bon sens.<br \/>\nUn\u00a0film qui ouvre sur les champs des possibles du lutinage avec\u00a0lucidit\u00e9 et ouverture du c\u0153ur.<br \/>\nMerci pour ces\u00a0instants o\u00f9 on a le temps de penser \u00e0 l\u2019amour.<br \/>\nMerci beaucoup pour ce film\u00a0dr\u00f4le, touchant, d\u00e9concertant\u00a0! Perdu dans l\u2019histoire et dans la construction de ce film, mes questions, doutes, souvenirs, s\u2019entrechoquaient, mes \u00e9motions aussi.\u00a0Beaucoup de questions pos\u00e9es, et aucune r\u00e9ponse. Et c\u2019est parfait\u00a0!<br \/>\nInventif, d\u00e9routant, \u00e9mouvant et bourr\u00e9 de trouvailles.<br \/>\nLa\u00a0finesse d&rsquo;\u00e9criture, sensible et dr\u00f4le, l&rsquo;arborescence des id\u00e9es et\u00a0des messages me donnent tant envie de le voir encore, pour \u00eatre s\u00fbr d&rsquo;avoir bien tout saisi !<br \/>\nDu vrai cin\u00e9ma.\u00a0Un film d\u2019amour, de joie et de respect.<\/p>\n","protected":false},"excerpt":{"rendered":"<p>Tr\u00e8s touch\u00e9e par les t\u00e9moignages que m&rsquo;ont laiss\u00e9s dans le livre d&rsquo;or du film quelques-uns des spectateurs de la toute premi\u00e8re projection publique \u00e0 Paris le samedi 12 d\u00e9cembre 2015, j&rsquo;ai d\u00e9cid\u00e9 de cr\u00e9er\u00a0un livre d&rsquo;or, ou plut\u00f4t, plusieurs livres &hellip; <a href=\"http:\/\/lutineetcie.com\/lutinelefilm\/livre-d-or\/\">Continuer la lecture <span class=\"meta-nav\">&rarr;<\/span><\/a><\/p>\n","protected":false},"author":1,"featured_media":0,"parent":0,"menu_order":4,"comment_status":"open","ping_status":"closed","template":"sidebar-page.php","meta":[],"_links":{"self":[{"href":"http:\/\/lutineetcie.com\/lutinelefilm\/wp-json\/wp\/v2\/pages\/2542"}],"collection":[{"href":"http:\/\/lutineetcie.com\/lutinelefilm\/wp-json\/wp\/v2\/pages"}],"about":[{"href":"http:\/\/lutineetcie.com\/lutinelefilm\/wp-json\/wp\/v2\/types\/page"}],"author":[{"embeddable":true,"href":"http:\/\/lutineetcie.com\/lutinelefilm\/wp-json\/wp\/v2\/users\/1"}],"replies":[{"embeddable":true,"href":"http:\/\/lutineetcie.com\/lutinelefilm\/wp-json\/wp\/v2\/comments?post=2542"}],"version-history":[{"count":56,"href":"http:\/\/lutineetcie.com\/lutinelefilm\/wp-json\/wp\/v2\/pages\/2542\/revisions"}],"predecessor-version":[{"id":3620,"href":"http:\/\/lutineetcie.com\/lutinelefilm\/wp-json\/wp\/v2\/pages\/2542\/revisions\/3620"}],"wp:attachment":[{"href":"http:\/\/lutineetcie.com\/lutinelefilm\/wp-json\/wp\/v2\/media?parent=2542"}],"curies":[{"name":"wp","href":"https:\/\/api.w.org\/{rel}","templated":true}]}}