{"id":2579,"date":"2015-12-21T01:29:57","date_gmt":"2015-12-21T00:29:57","guid":{"rendered":"http:\/\/lutineetcie.com\/lutinelefilm\/?page_id=2579"},"modified":"2019-03-14T15:07:27","modified_gmt":"2019-03-14T14:07:27","slug":"kit-pro","status":"publish","type":"page","link":"http:\/\/lutineetcie.com\/lutinelefilm\/kit-pro\/","title":{"rendered":"KIT PRO"},"content":{"rendered":"<p>&#8211; <a href=\"https:\/\/vimeo.com\/149025578\">Bande-annonce<\/a><a href=\"https:\/\/vimeo.com\/138412933\"><br \/>\n<\/a>&#8211; <a href=\"http:\/\/www.lutinelefilm.com\/press-kit\/communique\/\">Communiqu\u00e9 de presse\u00a0<\/a>\u00e0 t\u00e9l\u00e9charger<br \/>\n&#8211;\u00a0<a href=\"http:\/\/lutineetcie.com\/lutinelefilm\/kit-pro\/synopsis\/\">Synopsis<\/a><br \/>\n&#8211; <a href=\"http:\/\/lutineetcie.com\/lutinelefilm\/press-kit\/bio\/\">Bio \/ Filmo de la r\u00e9alisatrice <\/a><a href=\"http:\/\/lutineetcie.com\/lutinelefilm\/kit-pro\/bio\/\">\u00a0\/ Directress&rsquo; Bio and Filmo<br \/>\n&#8211; <\/a><a href=\"http:\/\/lutineetcie.com\/lutinelefilm\/press-kit\/intentions\/\">Note d&rsquo;intentions<br \/>\n<\/a><a href=\"http:\/\/lutineetcie.com\/lutinelefilm\/press-kit\/dossier-de-presse\/\">&#8211; <\/a><a href=\"http:\/\/lutineetcie.com\/lutinelefilm\/press-kit\/entretien\/\">Entretien<\/a><a href=\"http:\/\/lutineetcie.com\/lutinelefilm\/press-kit\/dossier-de-presse\/\"> avec\u00a0Isabelle Brou\u00e9<\/a><a href=\"http:\/\/lutineetcie.com\/lutinelefilm\/press-kit\/synopsis\/\"><br \/>\n&#8211; <\/a><a href=\"http:\/\/lutineetcie.com\/lutinelefilm\/kit-pro\/dossier-presse\/\">Dossier de presse<\/a>\u00a0\u00e0 t\u00e9l\u00e9charger<br \/>\n<a href=\"http:\/\/lutineetcie.com\/lutinelefilm\/press-kit\/bio-filmo-de-la-realisatrice\/\">&#8211; <\/a><a href=\"http:\/\/lutineetcie.com\/lutinelefilm\/press-kit\/photos\/\">Photos<\/a> \u00e0 t\u00e9l\u00e9charge<a href=\"http:\/\/lutineetcie.com\/lutinelefilm\/press-kit\/photos\/\">r <\/a><a href=\"http:\/\/lutineetcie.com\/lutinelefilm\/press-kit\/bio-filmo-de-la-realisatrice\/\">\/ Pictures<\/a> to download<a href=\"http:\/\/lutineetcie.com\/lutinelefilm\/press-kit\/bio-filmo-de-la-realisatrice\/\"><br \/>\n<\/a>&#8211; <a href=\"http:\/\/lutineetcie.com\/lutinelefilm\/other-languages\/catalan\/visuel\/\">Visuel<\/a>\u00a0\/ <a href=\"http:\/\/lutineetcie.com\/lutinelefilm\/press-kit\/visuel\/\">Visual<\/a>\u00a0to download<a href=\"http:\/\/lutineetcie.com\/lutinelefilm\/press-kit\/dossier-de-presse\/\"><br \/>\n<\/a><a href=\"http:\/\/lutineetcie.com\/lutinelefilm\/press-kit\/bio-filmo-de-la-realisatrice\/\">&#8211; <\/a><a href=\"http:\/\/lutineetcie.com\/lutinelefilm\/press-kit\/liste-artistique-comediens\/\">Liste artistique<\/a> (com\u00e9dien\u00b7nes)<a href=\"http:\/\/lutineetcie.com\/lutinelefilm\/press-kit\/dossier-de-presse-a-telecharger\/\">\u00a0\/ Actresses and Actors<\/a><br \/>\n&#8211; <a href=\"http:\/\/lutineetcie.com\/lutinelefilm\/press-kit\/liste-technique\/\">Liste technique<\/a>\u00a0\/\u00a0<a href=\"http:\/\/lutineetcie.com\/lutinelefilm\/press-kit\/liste-technique\/\">Technicians<\/a><\/p>\n<p>&nbsp;<\/p>\n<p>&nbsp;<\/p>\n","protected":false},"excerpt":{"rendered":"<p>&#8211; Bande-annonce &#8211; Communiqu\u00e9 de presse\u00a0\u00e0 t\u00e9l\u00e9charger &#8211;\u00a0Synopsis &#8211; Bio \/ Filmo de la r\u00e9alisatrice \u00a0\/ Directress&rsquo; Bio and Filmo &#8211; Note d&rsquo;intentions &#8211; Entretien avec\u00a0Isabelle Brou\u00e9 &#8211; Dossier de presse\u00a0\u00e0 t\u00e9l\u00e9charger &#8211; Photos \u00e0 t\u00e9l\u00e9charger \/ Pictures to download &hellip; <a href=\"http:\/\/lutineetcie.com\/lutinelefilm\/kit-pro\/\">Continuer la lecture <span class=\"meta-nav\">&rarr;<\/span><\/a><\/p>\n","protected":false},"author":1,"featured_media":0,"parent":0,"menu_order":7,"comment_status":"closed","ping_status":"closed","template":"","meta":[],"_links":{"self":[{"href":"http:\/\/lutineetcie.com\/lutinelefilm\/wp-json\/wp\/v2\/pages\/2579"}],"collection":[{"href":"http:\/\/lutineetcie.com\/lutinelefilm\/wp-json\/wp\/v2\/pages"}],"about":[{"href":"http:\/\/lutineetcie.com\/lutinelefilm\/wp-json\/wp\/v2\/types\/page"}],"author":[{"embeddable":true,"href":"http:\/\/lutineetcie.com\/lutinelefilm\/wp-json\/wp\/v2\/users\/1"}],"replies":[{"embeddable":true,"href":"http:\/\/lutineetcie.com\/lutinelefilm\/wp-json\/wp\/v2\/comments?post=2579"}],"version-history":[{"count":36,"href":"http:\/\/lutineetcie.com\/lutinelefilm\/wp-json\/wp\/v2\/pages\/2579\/revisions"}],"predecessor-version":[{"id":5896,"href":"http:\/\/lutineetcie.com\/lutinelefilm\/wp-json\/wp\/v2\/pages\/2579\/revisions\/5896"}],"wp:attachment":[{"href":"http:\/\/lutineetcie.com\/lutinelefilm\/wp-json\/wp\/v2\/media?parent=2579"}],"curies":[{"name":"wp","href":"https:\/\/api.w.org\/{rel}","templated":true}]}}