{"id":26,"date":"2013-05-29T22:42:47","date_gmt":"2013-05-29T21:42:47","guid":{"rendered":"http:\/\/lutinelefilm.wordpress.com\/?page_id=26"},"modified":"2020-06-11T18:57:02","modified_gmt":"2020-06-11T17:57:02","slug":"documentaire","status":"publish","type":"page","link":"http:\/\/lutineetcie.com\/lutinelefilm\/documentaire\/","title":{"rendered":"Un documentaire ?"},"content":{"rendered":"<p>Le lutinage &#8211; ou polyamour, polyamorie, ou encore amours plurielles &#8211; c\u2019est la libert\u00e9 de pouvoir vivre\u00a0<strong>plusieurs relations intimes <\/strong>(amoureuses ou non, sexuelles ou non)<\/p>\n<ul>\n<li><strong>en parall\u00e8le<\/strong><\/li>\n<li>avec le\u00a0<strong>consentement<\/strong>\u00a0de chacun(e) des personnes concern\u00e9es<\/li>\n<li>de fa\u00e7on <strong>\u00e9thique<\/strong>, dans le respect et la confiance de toutes et tous.<\/li>\n<\/ul>\n<p>Cheminer vers cette libert\u00e9 am\u00e8ne de nombreuses discussions.\u00a0<strong>Il n\u2019y a pas un mod\u00e8le \u00e0 suivre<\/strong>, mais des situations \u00e0 r\u00e9inventer en permanence en fonction des attentes, des envies, des besoins, et des limites de chacun.<\/p>\n<p>Si le sujet vous int\u00e9resse, j&rsquo;ai r\u00e9uni ici quelques pistes :<\/p>\n<ul>\n<li><a href=\"http:\/\/lutineetcie.com\/lutinelefilm\/documentaire\/lutinage\/\">Le lutinage ? D\u00e9finition<\/a><\/li>\n<li><a href=\"http:\/\/lutineetcie.com\/lutinelefilm\/documentaire\/theorie\/\">La th\u00e9orie&#8230; et la pratique !<\/a><\/li>\n<li><a href=\"http:\/\/lutineetcie.com\/lutinelefilm\/documentaire\/des-liens\/\">Des liens, blogs, groupes Facebook<\/a><\/li>\n<li><a title=\"Des\u00a0livres\" href=\"http:\/\/lutineetcie.com\/lutinelefilm\/lutinage\/documentaire\/livres\">Des livres<\/a><\/li>\n<li><a href=\"http:\/\/lutineetcie.com\/lutinelefilm\/documentaire\/tele\/\">Des\u00a0docus et reportages\u00a0TV<\/a><\/li>\n<li><a title=\"Des \u00e9missions de\u00a0radio\" href=\"http:\/\/lutineetcie.com\/lutinelefilm\/documentaire\/radio\/\">Des \u00e9missions de radio<\/a><\/li>\n<li><a href=\"http:\/\/lutineetcie.com\/lutinelefilm\/documentaire\/des-films-de-fiction\/\">Des films de fiction<br \/>\n<\/a><\/li>\n<li><a href=\"http:\/\/lutineetcie.com\/lutinelefilm\/documentaire\/articles\/\">Des articles\u00a0<\/a><\/li>\n<\/ul>\n<p>&nbsp;<\/p>\n<p>&nbsp;<\/p>\n","protected":false},"excerpt":{"rendered":"<p>Le lutinage &#8211; ou polyamour, polyamorie, ou encore amours plurielles &#8211; c\u2019est la libert\u00e9 de pouvoir vivre\u00a0plusieurs relations intimes (amoureuses ou non, sexuelles ou non) en parall\u00e8le avec le\u00a0consentement\u00a0de chacun(e) des personnes concern\u00e9es de fa\u00e7on \u00e9thique, dans le respect et &hellip; <a href=\"http:\/\/lutineetcie.com\/lutinelefilm\/documentaire\/\">Continuer la lecture <span class=\"meta-nav\">&rarr;<\/span><\/a><\/p>\n","protected":false},"author":1,"featured_media":0,"parent":0,"menu_order":3,"comment_status":"closed","ping_status":"closed","template":"sidebar-page.php","meta":[],"_links":{"self":[{"href":"http:\/\/lutineetcie.com\/lutinelefilm\/wp-json\/wp\/v2\/pages\/26"}],"collection":[{"href":"http:\/\/lutineetcie.com\/lutinelefilm\/wp-json\/wp\/v2\/pages"}],"about":[{"href":"http:\/\/lutineetcie.com\/lutinelefilm\/wp-json\/wp\/v2\/types\/page"}],"author":[{"embeddable":true,"href":"http:\/\/lutineetcie.com\/lutinelefilm\/wp-json\/wp\/v2\/users\/1"}],"replies":[{"embeddable":true,"href":"http:\/\/lutineetcie.com\/lutinelefilm\/wp-json\/wp\/v2\/comments?post=26"}],"version-history":[{"count":35,"href":"http:\/\/lutineetcie.com\/lutinelefilm\/wp-json\/wp\/v2\/pages\/26\/revisions"}],"predecessor-version":[{"id":6163,"href":"http:\/\/lutineetcie.com\/lutinelefilm\/wp-json\/wp\/v2\/pages\/26\/revisions\/6163"}],"wp:attachment":[{"href":"http:\/\/lutineetcie.com\/lutinelefilm\/wp-json\/wp\/v2\/media?parent=26"}],"curies":[{"name":"wp","href":"https:\/\/api.w.org\/{rel}","templated":true}]}}