{"id":2601,"date":"2015-12-21T01:43:08","date_gmt":"2015-12-21T00:43:08","guid":{"rendered":"http:\/\/lutineetcie.com\/lutinelefilm\/?page_id=2601"},"modified":"2019-03-14T15:01:22","modified_gmt":"2019-03-14T14:01:22","slug":"bio","status":"publish","type":"page","link":"http:\/\/lutineetcie.com\/lutinelefilm\/kit-pro\/bio\/","title":{"rendered":"Bio \/ Filmo"},"content":{"rendered":"<p>Dipl\u00f4m\u00e9e de la FEMIS en 1994, Isabelle Brou\u00e9 a notamment r\u00e9alis\u00e9 quatre courts et moyens-m\u00e9trages dont <em><a href=\"http:\/\/lutineetcie.com\/lutinelefilm\/comedie\/realisatrice\/a-corps-perdu-2000\/\">A CORPS PERDU<\/a><\/em>, pr\u00e9sent\u00e9 \u00e0 la Quinzaine des R\u00e9alisateurices \u00e0 Cannes en 2000, un documentaire de 52 mn, <em><a href=\"http:\/\/videotheque.cnrs.fr\/index.php?urlaction=doc&amp;id_doc=199\">HENRI CARTAN, UNE VIE DE MATH\u00c9MATICIEN<\/a><\/em> (1995),\u00a0un t\u00e9l\u00e9film pour Arte dans la collection \u00ab\u00a0Petites cam\u00e9ras\u00a0\u00bb, <a href=\"http:\/\/lutineetcie.com\/lutinelefilm\/comedie\/realisatrice\/paris-deauville\/\"><em>PARIS-DEAUVILLE<\/em> <\/a>(2000) et un long-m\u00e9trage sorti en salles en 2004 :\u00a0<em><a href=\"http:\/\/lutineetcie.com\/lutinelefilm\/comedie\/realisatrice\/tout-le-plaisir-est-pour-moi\/\">TOUT LE PLAISIR EST POUR MOI<\/a><\/em>, avec Marie Gillain, qui avait rassembl\u00e9 un peu plus de 200 000 spectateurs et parlait de clitoris et plaisir f\u00e9minin.\u00a0<em>LUTINE <\/em>est son second long-m\u00e9trage.<\/p>\n<p>Isabelle Brou\u00e9 is a director with a degree from FEMIS, the French national cinema school. She has directed numerous short and medium-length films, including: <a href=\"http:\/\/lutineetcie.com\/lutinelefilm\/comedie\/realisatrice\/a-corps-perdu-2000\/\"><em>BOUNDLESS<\/em><\/a> (<em>A CORPS PERDU)<\/em>, selected by La Quinzaine des R\u00e9alisateurs at the Cannes Film Festival; <em><a href=\"http:\/\/videotheque.cnrs.fr\/index.php?urlaction=doc&amp;id_doc=199\">HENRI CARTAN, MATHEMATICIAN<\/a><\/em>, a 52-minute documentary; <em><a href=\"http:\/\/lutineetcie.com\/lutinelefilm\/comedie\/realisatrice\/paris-deauville\/\">PARIS-DEAUVILLE<\/a><\/em>, a TV film for Arte; and a feature film called <em><a href=\"http:\/\/lutineetcie.com\/lutinelefilm\/comedie\/realisatrice\/tout-le-plaisir-est-pour-moi\/\">THE PLEASURE IS ALL MINE <\/a>(TOUT LE PLAISIR EST POUR MOI)<\/em>, French DVD edition with English subtitles), with Marie Gillain, released in theaters in 2004, which drew more than 200,000 spectators. <em>LUTINE<\/em> is her second feature film.<\/p>\n<p><a href=\"http:\/\/lutineetcie.com\/lutinelefilm\/wp-content\/uploads\/2013\/05\/MG_3051.jpeg\"><img decoding=\"async\" loading=\"lazy\" class=\"aligncenter wp-image-2577 size-full\" src=\"http:\/\/lutineetcie.com\/lutinelefilm\/wp-content\/uploads\/2013\/05\/MG_3051.jpeg\" alt=\"_MG_3051\" width=\"655\" height=\"437\" srcset=\"http:\/\/lutineetcie.com\/lutinelefilm\/wp-content\/uploads\/2013\/05\/MG_3051.jpeg 655w, http:\/\/lutineetcie.com\/lutinelefilm\/wp-content\/uploads\/2013\/05\/MG_3051-300x200.jpeg 300w, http:\/\/lutineetcie.com\/lutinelefilm\/wp-content\/uploads\/2013\/05\/MG_3051-450x300.jpeg 450w\" sizes=\"(max-width: 655px) 100vw, 655px\" \/><\/a><\/p>\n<p>&nbsp;<\/p>\n<p>Bio en moins de 300 signes :<\/p>\n<p>Dipl\u00f4m\u00e9e de la FEMIS en 1994, Isabelle Brou\u00e9 a r\u00e9alis\u00e9 des courts et moyens-m\u00e9trages dont <a href=\"http:\/\/lutinelefilm.wordpress.com\/projet\/la-realisatrice\/a-corps-perdu-2000\/\"><em>A CORPS PERDU<\/em><\/a>, pr\u00e9sent\u00e9 \u00e0 la Quinzaine des R\u00e9alisateurices, un documentaire de 52 mn, un t\u00e9l\u00e9film pour Arte et un premier long :\u00a0<em><a href=\"http:\/\/lutinelefilm.wordpress.com\/projet\/la-realisatrice\/tout-le-plaisir-est-pour-moi\/\">TOUT LE PLAISIR EST POUR MOI<\/a>.<\/em>\u00a0<em>LUTINE <\/em>est son second long-m\u00e9trage.<\/p>\n<p>Isabelle Brou\u00e9 is a director with a degree from FEMIS, the French national cinema school. She has directed numerous short and medium-length films, including: BOUNDLESS, selected by The Directors&rsquo; Fortnight; a 52-minute documentary; a TV film for Arte; and a feature film called THE PLEASURE IS ALL MINE, with Marie Gillain, released in theaters in 2004, which drew more than 200,000 spectators.<\/p>\n","protected":false},"excerpt":{"rendered":"<p>Dipl\u00f4m\u00e9e de la FEMIS en 1994, Isabelle Brou\u00e9 a notamment r\u00e9alis\u00e9 quatre courts et moyens-m\u00e9trages dont A CORPS PERDU, pr\u00e9sent\u00e9 \u00e0 la Quinzaine des R\u00e9alisateurices \u00e0 Cannes en 2000, un documentaire de 52 mn, HENRI CARTAN, UNE VIE DE MATH\u00c9MATICIEN &hellip; <a href=\"http:\/\/lutineetcie.com\/lutinelefilm\/kit-pro\/bio\/\">Continuer la lecture <span class=\"meta-nav\">&rarr;<\/span><\/a><\/p>\n","protected":false},"author":1,"featured_media":0,"parent":2579,"menu_order":5,"comment_status":"closed","ping_status":"closed","template":"sidebar-page.php","meta":[],"_links":{"self":[{"href":"http:\/\/lutineetcie.com\/lutinelefilm\/wp-json\/wp\/v2\/pages\/2601"}],"collection":[{"href":"http:\/\/lutineetcie.com\/lutinelefilm\/wp-json\/wp\/v2\/pages"}],"about":[{"href":"http:\/\/lutineetcie.com\/lutinelefilm\/wp-json\/wp\/v2\/types\/page"}],"author":[{"embeddable":true,"href":"http:\/\/lutineetcie.com\/lutinelefilm\/wp-json\/wp\/v2\/users\/1"}],"replies":[{"embeddable":true,"href":"http:\/\/lutineetcie.com\/lutinelefilm\/wp-json\/wp\/v2\/comments?post=2601"}],"version-history":[{"count":11,"href":"http:\/\/lutineetcie.com\/lutinelefilm\/wp-json\/wp\/v2\/pages\/2601\/revisions"}],"predecessor-version":[{"id":5894,"href":"http:\/\/lutineetcie.com\/lutinelefilm\/wp-json\/wp\/v2\/pages\/2601\/revisions\/5894"}],"up":[{"embeddable":true,"href":"http:\/\/lutineetcie.com\/lutinelefilm\/wp-json\/wp\/v2\/pages\/2579"}],"wp:attachment":[{"href":"http:\/\/lutineetcie.com\/lutinelefilm\/wp-json\/wp\/v2\/media?parent=2601"}],"curies":[{"name":"wp","href":"https:\/\/api.w.org\/{rel}","templated":true}]}}