{"id":2614,"date":"2015-12-21T02:12:49","date_gmt":"2015-12-21T01:12:49","guid":{"rendered":"http:\/\/lutineetcie.com\/lutinelefilm\/?page_id=2614"},"modified":"2017-07-04T17:39:09","modified_gmt":"2017-07-04T16:39:09","slug":"catalan","status":"publish","type":"page","link":"http:\/\/lutineetcie.com\/lutinelefilm\/other-languages\/catalan\/","title":{"rendered":"Catalan"},"content":{"rendered":"<p>Una directora decideix rodar, aqu\u00ed i ara, de seguida, un documental sobre el \u201clutinage\u201d \u2013 poliamor o l\u2019art dels amors plurals. Sobreviur\u00e0 la seva relaci\u00f3 de parella? Acabar\u00e0 la seva pel\u00b7l\u00edcula? Ho sabreu&#8230; si l\u2019ajudeu a distribuir-la!<\/p>\n<p><iframe loading=\"lazy\" src=\"https:\/\/player.vimeo.com\/video\/148245476\" width=\"584\" height=\"329\" frameborder=\"0\" title=\"LUTINE_Trailer_Cat ST\" webkitallowfullscreen mozallowfullscreen allowfullscreen><\/iframe><\/p>\n<p>&nbsp;<\/p>\n<p><strong>Comentari:<\/strong><\/p>\n<p>\u00ab\u00a0LUTINE\u00a0\u00bb \u00e9s una com\u00e8dia intel\u00b7ligent, m&rsquo;ha encantat com juga a mesclar realitat i ficci\u00f3 mentre aborda temes clau de les relacions poliamoroses: la gelosia, els acords, la fam\u00edlia i els fills&#8230; Vam riure molt! Tinc molt\u00edssimes ganes de veure-la en una sala de cinema.<br \/>\n<em>Pau Masats<\/em><\/p>\n","protected":false},"excerpt":{"rendered":"<p>Una directora decideix rodar, aqu\u00ed i ara, de seguida, un documental sobre el \u201clutinage\u201d \u2013 poliamor o l\u2019art dels amors plurals. Sobreviur\u00e0 la seva relaci\u00f3 de parella? Acabar\u00e0 la seva pel\u00b7l\u00edcula? Ho sabreu&#8230; si l\u2019ajudeu a distribuir-la! &nbsp; Comentari: \u00ab\u00a0LUTINE\u00a0\u00bb &hellip; <a href=\"http:\/\/lutineetcie.com\/lutinelefilm\/other-languages\/catalan\/\">Continuer la lecture <span class=\"meta-nav\">&rarr;<\/span><\/a><\/p>\n","protected":false},"author":1,"featured_media":0,"parent":1249,"menu_order":5,"comment_status":"closed","ping_status":"closed","template":"sidebar-page.php","meta":[],"_links":{"self":[{"href":"http:\/\/lutineetcie.com\/lutinelefilm\/wp-json\/wp\/v2\/pages\/2614"}],"collection":[{"href":"http:\/\/lutineetcie.com\/lutinelefilm\/wp-json\/wp\/v2\/pages"}],"about":[{"href":"http:\/\/lutineetcie.com\/lutinelefilm\/wp-json\/wp\/v2\/types\/page"}],"author":[{"embeddable":true,"href":"http:\/\/lutineetcie.com\/lutinelefilm\/wp-json\/wp\/v2\/users\/1"}],"replies":[{"embeddable":true,"href":"http:\/\/lutineetcie.com\/lutinelefilm\/wp-json\/wp\/v2\/comments?post=2614"}],"version-history":[{"count":5,"href":"http:\/\/lutineetcie.com\/lutinelefilm\/wp-json\/wp\/v2\/pages\/2614\/revisions"}],"predecessor-version":[{"id":4496,"href":"http:\/\/lutineetcie.com\/lutinelefilm\/wp-json\/wp\/v2\/pages\/2614\/revisions\/4496"}],"up":[{"embeddable":true,"href":"http:\/\/lutineetcie.com\/lutinelefilm\/wp-json\/wp\/v2\/pages\/1249"}],"wp:attachment":[{"href":"http:\/\/lutineetcie.com\/lutinelefilm\/wp-json\/wp\/v2\/media?parent=2614"}],"curies":[{"name":"wp","href":"https:\/\/api.w.org\/{rel}","templated":true}]}}