{"id":2632,"date":"2015-12-21T15:02:40","date_gmt":"2015-12-21T14:02:40","guid":{"rendered":"http:\/\/lutineetcie.com\/lutinelefilm\/?page_id=2632"},"modified":"2018-04-25T13:28:42","modified_gmt":"2018-04-25T12:28:42","slug":"synopsis","status":"publish","type":"page","link":"http:\/\/lutineetcie.com\/lutinelefilm\/kit-pro\/synopsis\/","title":{"rendered":"Synopsis"},"content":{"rendered":"<p><strong>Synopsis (tr\u00e8s) court :\u00a0<\/strong><\/p>\n<p>Une r\u00e9alisatrice d\u00e9cide de tourner, l\u00e0 maintenant tout de suite, un documentaire sur le lutinage &#8211; appel\u00e9 aussi polyamorie, polyamour ou l&rsquo;art des amours plurielles.<br \/>\nSon couple y r\u00e9sistera-t-il ? Finira-t-elle son film\u00a0?<\/p>\n<p><strong>Synopsis court :\u00a0<\/strong><\/p>\n<p>Une r\u00e9alisatrice d\u00e9cide de tourner, l\u00e0 maintenant tout de suite, un\u00a0documentaire sur le lutinage \u2013 aussi appel\u00e9 polyamorie, polyamour, ou l\u2019art des amours plurielles.<\/p>\n<p>Jouant avec les \u00e9motions et les sentiments \u2013 surtout\u00a0ceux des autres \u2013 brouillant les pistes entre r\u00e9alit\u00e9 et fiction, elle prend des risques dont elle ne mesure pas toujours les cons\u00e9quences\u2026<\/p>\n<p>Son couple y r\u00e9sistera-t-il ? Finira-t-elle son film\u00a0?<\/p>\n<p><strong><br \/>\nSynopsis long<\/strong><\/p>\n<p>Une r\u00e9alisatrice d\u00e9cide de tourner, l\u00e0 maintenant tout de suite, un\u00a0documentaire sur le lutinage \u2013 aussi appel\u00e9 polyamorie, polyamour, ou l\u2019art des amours plurielles.<\/p>\n<p>Com\u00e9die document\u00e9e, ou plus exactement : une com\u00e9die <em>et<\/em> un documentaire, <em>LUTINE\u00a0<\/em>est un\u00a0OFNI &#8211;\u00a0un Objet Filmique Non Identifi\u00e9.<\/p>\n<p>D\u2019un c\u00f4t\u00e9, <em>making of\u00a0<\/em>de son propre tournage, de l&rsquo;autre v\u00e9ritable documentaire sur la polyamorie, <em>LUTINE <\/em>devient une fiction \u00e0 part enti\u00e8re le jour o\u00f9 la r\u00e9alisatrice embauche un com\u00e9dien pour jouer \u00e0 l\u2019\u00e9cran\u2026 le r\u00f4le de son amoureux dans la vraie vie !<\/p>\n<p>Jouant avec les \u00e9motions et les sentiments \u2013 surtout\u00a0ceux des autres \u2013 brouillant les pistes entre r\u00e9alit\u00e9 et fiction, elle prend des risques dont elle ne mesure pas toujours les cons\u00e9quences\u2026<\/p>\n<p>Son couple y r\u00e9sistera-t-il ? Finira-t-elle son film\u00a0?<\/p>\n<p>&nbsp;<\/p>\n<p><strong>IN ENGLISH:<\/strong><\/p>\n<p><strong>Pitch:\u00a0<\/strong><\/p>\n<p><span class=\" UFICommentActorAndBody\"><span data-ft=\"{&quot;tn&quot;:&quot;K&quot;}\"><span class=\"UFICommentBody\">When a Parisian filmmaker begins a new movie about polyamory, she gets lost between fiction and reality, risking both her art and her relationship. Will her partner\u00a0rise to the challenge of polyamory? Will she finish making her film?<\/span><\/span><\/span><\/p>\n<p><strong>Synopsis:\u00a0<\/strong><\/p>\n<p>When a Parisian filmmaker begins work on a new movie about polyamory, she gets lost between fiction and reality, risking both her art and her relationships.<\/p>\n<p>As a combination of fiction and\u00a0documentary, the film could be classified as a &lsquo;UMO&rsquo;:\u00a0Unidentified Movie Object!<\/p>\n<p>On the one hand: a\u00a0comedy\u00a0about a female director who\u00a0plays with fire by testing out polyamory on her own relationship. On the other hand: a serious, poised, and thought-through\u00a0documentary\u00a0with speakers who have reflected on the topic or who live it everyday. \u00a0Between the two, a grey area in which fiction gets entangled with reality.<\/p>\n<p>Will her sweetheart rise up to the challenge of polyamory? Will she finish her film?<\/p>\n","protected":false},"excerpt":{"rendered":"<p>Synopsis (tr\u00e8s) court :\u00a0 Une r\u00e9alisatrice d\u00e9cide de tourner, l\u00e0 maintenant tout de suite, un documentaire sur le lutinage &#8211; appel\u00e9 aussi polyamorie, polyamour ou l&rsquo;art des amours plurielles. Son couple y r\u00e9sistera-t-il ? Finira-t-elle son film\u00a0? Synopsis court :\u00a0 &hellip; <a href=\"http:\/\/lutineetcie.com\/lutinelefilm\/kit-pro\/synopsis\/\">Continuer la lecture <span class=\"meta-nav\">&rarr;<\/span><\/a><\/p>\n","protected":false},"author":1,"featured_media":0,"parent":2579,"menu_order":2,"comment_status":"closed","ping_status":"closed","template":"sidebar-page.php","meta":[],"_links":{"self":[{"href":"http:\/\/lutineetcie.com\/lutinelefilm\/wp-json\/wp\/v2\/pages\/2632"}],"collection":[{"href":"http:\/\/lutineetcie.com\/lutinelefilm\/wp-json\/wp\/v2\/pages"}],"about":[{"href":"http:\/\/lutineetcie.com\/lutinelefilm\/wp-json\/wp\/v2\/types\/page"}],"author":[{"embeddable":true,"href":"http:\/\/lutineetcie.com\/lutinelefilm\/wp-json\/wp\/v2\/users\/1"}],"replies":[{"embeddable":true,"href":"http:\/\/lutineetcie.com\/lutinelefilm\/wp-json\/wp\/v2\/comments?post=2632"}],"version-history":[{"count":15,"href":"http:\/\/lutineetcie.com\/lutinelefilm\/wp-json\/wp\/v2\/pages\/2632\/revisions"}],"predecessor-version":[{"id":5129,"href":"http:\/\/lutineetcie.com\/lutinelefilm\/wp-json\/wp\/v2\/pages\/2632\/revisions\/5129"}],"up":[{"embeddable":true,"href":"http:\/\/lutineetcie.com\/lutinelefilm\/wp-json\/wp\/v2\/pages\/2579"}],"wp:attachment":[{"href":"http:\/\/lutineetcie.com\/lutinelefilm\/wp-json\/wp\/v2\/media?parent=2632"}],"curies":[{"name":"wp","href":"https:\/\/api.w.org\/{rel}","templated":true}]}}