{"id":265,"date":"2013-06-04T18:39:46","date_gmt":"2013-06-04T16:39:46","guid":{"rendered":"http:\/\/lutinelefilm.wordpress.com\/?page_id=265"},"modified":"2016-04-05T20:07:13","modified_gmt":"2016-04-05T19:07:13","slug":"lutins","status":"publish","type":"page","link":"http:\/\/lutineetcie.com\/lutinelefilm\/documentaire\/theorie\/lutins\/","title":{"rendered":"Des lutines et des lutins"},"content":{"rendered":"<p>Nous avons film\u00e9\u00a0selon deux dispositifs diff\u00e9rents et compl\u00e9mentaires :<\/p>\n<ul>\n<li>des interviews pos\u00e9es et structur\u00e9es ;<\/li>\n<li>des s\u00e9quences o\u00f9 se m\u00ealent fiction et r\u00e9alit\u00e9\u00a0lors de \u00ab\u00a0<a href=\"http:\/\/polyamour.info\/evenement\/-fz-\/Mardi-c-est-Poly-avril\/\">caf\u00e9s poly<\/a>\u00a0\u00bb \u00e0 Paris<\/li>\n<\/ul>\n<p>Celles et ceux qui\u00a0t\u00e9moignent dans le film :<\/p>\n<p>Thomas, Meta\u00a0et\u00a0<a href=\"http:\/\/www.jingoo.com\/aurelien-selle\/presentation.php\">Aur\u00e9lien<\/a><\/p>\n<p><a href=\"http:\/\/lutinelefilm.files.wordpress.com\/2013\/07\/img_4244.jpg\"><img decoding=\"async\" loading=\"lazy\" class=\"aligncenter size-large wp-image-1189\" src=\"http:\/\/lutineetcie.com\/lutinelefilm\/wp-content\/uploads\/2013\/06\/img_4244.jpg\" alt=\"IMG_4244\" width=\"584\" height=\"389\" \/><\/a><\/p>\n<p>Extrait de <em>LUTINE<\/em> avec Meta : \u00ab\u00a0Le polyamour, un concept f\u00e9ministe\u00a0\u00bb.<br \/>\n<div class=\"su-vimeo su-u-responsive-media-yes\"><iframe width=\"600\" height=\"400\" src=\"\/\/player.vimeo.com\/video\/118915075?title=0&amp;byline=0&amp;portrait=0&amp;color=ffffff&amp;autoplay=0&amp;dnt=0&amp;muted=0&amp;texttrack=\" frameborder=\"0\" allow=\"autoplay; fullscreen\" allowfullscreen title=\"\"><\/iframe><\/div>\n<p>Ici,\u00a0la <a href=\"http:\/\/lutineetcie.com\/lutinelefilm\/documentaire\/theorie\/lutins\/meta-extrait-interview\/\">retranscription<\/a> de l&rsquo;interview.<\/p>\n<p><em>(Pour\u00a0celles et ceux d&rsquo;entre vous qui n&rsquo;auriez pas le mot de passe, vous pouvez l&rsquo;obtenir en participant \u00e0 la <a href=\"http:\/\/lutineetcie.com\/lutinelefilm\/soutenir\/comment-nous-soutenir\/\">production de\u00a0LUTINE<\/a>\u00a0\u00e0 partir d&rsquo;1\u20ac symbolique.)<\/em><\/p>\n<p>&nbsp;<\/p>\n<p><a href=\"http:\/\/www.liberation.fr\/societe\/01012360803-amant-sans-mentir\">Guilain Omont<\/a>, co-fondateur des sites <a href=\"http:\/\/amours.pl\">amours.pl<\/a> et\u00a0<a href=\"http:\/\/polyamour.info\/\">polyamour.info<\/a><\/p>\n<p><a href=\"http:\/\/lutinelefilm.files.wordpress.com\/2013\/05\/photo.jpeg\"><img decoding=\"async\" class=\"aligncenter\" src=\"http:\/\/lutineetcie.com\/lutinelefilm\/wp-content\/uploads\/2013\/06\/photo2.jpeg\" alt=\"photo\" \/><\/a><\/p>\n<div id=\"jp-post-flair\">\n<div>\u00ab\u00a0<em>Teaser<\/em>\u00a0\u00bb sur la jalousie avec Guilain \u00a0:<\/div>\n<div><\/div>\n<div style=\"text-align: center;\"><div class=\"su-vimeo su-u-responsive-media-yes\"><iframe width=\"600\" height=\"400\" src=\"\/\/player.vimeo.com\/video\/75947012?title=0&amp;byline=0&amp;portrait=0&amp;color=ffffff&amp;autoplay=0&amp;dnt=0&amp;muted=0&amp;texttrack=\" frameborder=\"0\" allow=\"autoplay; fullscreen\" allowfullscreen title=\"\"><\/iframe><\/div><\/div>\n<div><\/div>\n<div>Et pour les \u00ab\u00a0coprods\u00a0\u00bb qui ont le mot de passe,\u00a0une interview de Guilain sur la cr\u00e9ation des premiers \u00ab\u00a0caf\u00e9s poly\u00a0\u00bb et&#8230; la jalousie :<\/div>\n<div><\/div>\n<div style=\"text-align: center;\"><div class=\"su-vimeo su-u-responsive-media-yes\"><iframe width=\"600\" height=\"400\" src=\"\/\/player.vimeo.com\/video\/74676388?title=0&amp;byline=0&amp;portrait=0&amp;color=ffffff&amp;autoplay=0&amp;dnt=0&amp;muted=0&amp;texttrack=\" frameborder=\"0\" allow=\"autoplay; fullscreen\" allowfullscreen title=\"\"><\/iframe><\/div><\/div>\n<div><em>(Cliquez ici pour <a href=\"https:\/\/www.paypal.com\/fr\/cgi-bin\/webscr?cmd=_flow&amp;SESSION=dZRl-T1NEFJ73znk9RotDNfu3rM1ESsGBr80WummnKWp6ErEaliiMGW4R9q&amp;dispatch=5885d80a13c0db1f8e263663d3faee8d8cdcf517b037b45005cf5d4eda3b985b\">devenir \u00ab\u00a0coprod\u00a0\u00bb<\/a>)<\/em><\/div>\n<div><\/div>\n<div><\/div>\n<\/div>\n","protected":false},"excerpt":{"rendered":"<p>Nous avons film\u00e9\u00a0selon deux dispositifs diff\u00e9rents et compl\u00e9mentaires : des interviews pos\u00e9es et structur\u00e9es ; des s\u00e9quences o\u00f9 se m\u00ealent fiction et r\u00e9alit\u00e9\u00a0lors de \u00ab\u00a0caf\u00e9s poly\u00a0\u00bb \u00e0 Paris Celles et ceux qui\u00a0t\u00e9moignent dans le film : Thomas, Meta\u00a0et\u00a0Aur\u00e9lien Extrait de &hellip; <a href=\"http:\/\/lutineetcie.com\/lutinelefilm\/documentaire\/theorie\/lutins\/\">Continuer la lecture <span class=\"meta-nav\">&rarr;<\/span><\/a><\/p>\n","protected":false},"author":1,"featured_media":0,"parent":24,"menu_order":1,"comment_status":"closed","ping_status":"closed","template":"sidebar-page.php","meta":[],"_links":{"self":[{"href":"http:\/\/lutineetcie.com\/lutinelefilm\/wp-json\/wp\/v2\/pages\/265"}],"collection":[{"href":"http:\/\/lutineetcie.com\/lutinelefilm\/wp-json\/wp\/v2\/pages"}],"about":[{"href":"http:\/\/lutineetcie.com\/lutinelefilm\/wp-json\/wp\/v2\/types\/page"}],"author":[{"embeddable":true,"href":"http:\/\/lutineetcie.com\/lutinelefilm\/wp-json\/wp\/v2\/users\/1"}],"replies":[{"embeddable":true,"href":"http:\/\/lutineetcie.com\/lutinelefilm\/wp-json\/wp\/v2\/comments?post=265"}],"version-history":[{"count":21,"href":"http:\/\/lutineetcie.com\/lutinelefilm\/wp-json\/wp\/v2\/pages\/265\/revisions"}],"predecessor-version":[{"id":3166,"href":"http:\/\/lutineetcie.com\/lutinelefilm\/wp-json\/wp\/v2\/pages\/265\/revisions\/3166"}],"up":[{"embeddable":true,"href":"http:\/\/lutineetcie.com\/lutinelefilm\/wp-json\/wp\/v2\/pages\/24"}],"wp:attachment":[{"href":"http:\/\/lutineetcie.com\/lutinelefilm\/wp-json\/wp\/v2\/media?parent=265"}],"curies":[{"name":"wp","href":"https:\/\/api.w.org\/{rel}","templated":true}]}}