{"id":2673,"date":"2015-12-22T13:54:04","date_gmt":"2015-12-22T12:54:04","guid":{"rendered":"http:\/\/lutineetcie.com\/lutinelefilm\/?page_id=2673"},"modified":"2016-04-06T00:16:46","modified_gmt":"2016-04-05T23:16:46","slug":"bande-annonce","status":"publish","type":"page","link":"http:\/\/lutineetcie.com\/lutinelefilm\/kit-pro\/bande-annonce\/","title":{"rendered":"Bande-annonce \/ Trailer"},"content":{"rendered":"<p><iframe loading=\"lazy\" src=\"https:\/\/player.vimeo.com\/video\/138412933\" width=\"584\" height=\"329\" frameborder=\"0\" title=\"LUTINE : Bande-annonce !\" webkitallowfullscreen mozallowfullscreen allowfullscreen><\/iframe><\/p>\n<p>A director is filming a documentary on polyamory: somewhere between documentary and fiction, she takes risks and she cannot always measure the consequences\u2026<br \/>\nWill her sweetheart be able to stand up to the challenge of polyamory? Will she finish her film?<\/p>\n<p><iframe loading=\"lazy\" src=\"https:\/\/player.vimeo.com\/video\/142623841\" width=\"584\" height=\"329\" frameborder=\"0\" title=\"LUTINE-Trailer Eng ST\" webkitallowfullscreen mozallowfullscreen allowfullscreen><\/iframe><\/p>\n<p>Una regista decide di girare, proprio ora, subito, un documentario sul \u00ab\u00a0lutinage\u00a0\u00bb &#8212; un&rsquo;altra parola per dire poliamore in francese &#8212; ovvero l&rsquo;arte degli amori plurali. La sua coppia sar\u00e0 in grado di resistere? Riuscir\u00e0 lei a portare a compimento il suo film?<\/p>\n<p><iframe loading=\"lazy\" src=\"https:\/\/player.vimeo.com\/video\/147314877\" width=\"584\" height=\"329\" frameborder=\"0\" title=\"LUTINE-Trailer Ita ST\" webkitallowfullscreen mozallowfullscreen allowfullscreen><\/iframe><\/p>\n<p>Una realizadora decide hacer, ahora mismo, enseguida, un documental sobre el \u00ab\u00a0lutinage\u00a0\u00bb o el arte de los amores plurales. \u00bfResistir\u00e1 su pareja? \u00bfAcabar\u00e1 su pel\u00edcula? Lo sabr\u00e1s&#8230; \u00a1ayudando al financiamiento!<\/p>\n<p><iframe loading=\"lazy\" src=\"https:\/\/player.vimeo.com\/video\/147528390\" width=\"584\" height=\"329\" frameborder=\"0\" title=\"LUTINE-Trailer Esp ST\" webkitallowfullscreen mozallowfullscreen allowfullscreen><\/iframe><\/p>\n<p>Una directora decideix rodar, aqu\u00ed i ara, de seguida, un documental sobre el \u201clutinage\u201d \u2013 poliamor o l\u2019art dels amors plurals. Sobreviur\u00e0 la seva relaci\u00f3 de parella?<\/p>\n<p><iframe loading=\"lazy\" src=\"https:\/\/player.vimeo.com\/video\/148245476\" width=\"584\" height=\"329\" frameborder=\"0\" title=\"LUTINE-Trailer Cat ST\" webkitallowfullscreen mozallowfullscreen allowfullscreen><\/iframe><\/p>\n<p>Eine Regisseurin filmt eine Dokumentation \u00fcber Polyamorie: Sie riskiert,\u00a0irgendwo zwischen Dokumentation und Fiktion, und kann die Konsequenzen\u00a0nicht immer einsch\u00e4tzen. Wird ihr Geliebter den Herausforderungen von Polyamorie standhalten\u00a0k\u00f6nnen? Wird sie den Film fertigstellen k\u00f6nnen?<\/p>\n<p><iframe loading=\"lazy\" src=\"https:\/\/player.vimeo.com\/video\/150116671\" width=\"584\" height=\"329\" frameborder=\"0\" title=\"LUTINE-Trailer De ST\" webkitallowfullscreen mozallowfullscreen allowfullscreen><\/iframe><\/p>\n<p>Re\u017cyserka kr\u0119ci film dokumentalny o poliamorii: gdzie\u015b pomi\u0119dzy rzeczywisto\u015bci\u0105 a fikcj\u0105, podejmuje ryzyko i nie zawsze mo\u017ce przewidzie\u0107 konsekwencje&#8230; Czy jej ukochany b\u0119dzie w stanie sprosta\u0107 wyzwaniom poliamorii? Czy uda jej si\u0119 doko\u0144czy\u0107 sw\u00f3j film?<\/p>\n<p><iframe loading=\"lazy\" src=\"https:\/\/player.vimeo.com\/video\/147320366\" width=\"584\" height=\"329\" frameborder=\"0\" title=\"LUTINE-Trailer PL ST\" webkitallowfullscreen mozallowfullscreen allowfullscreen><\/iframe><\/p>\n<p>&nbsp;<\/p>\n","protected":false},"excerpt":{"rendered":"<p>A director is filming a documentary on polyamory: somewhere between documentary and fiction, she takes risks and she cannot always measure the consequences\u2026 Will her sweetheart be able to stand up to the challenge of polyamory? Will she finish her &hellip; <a href=\"http:\/\/lutineetcie.com\/lutinelefilm\/kit-pro\/bande-annonce\/\">Continuer la lecture <span class=\"meta-nav\">&rarr;<\/span><\/a><\/p>\n","protected":false},"author":1,"featured_media":0,"parent":2579,"menu_order":1,"comment_status":"closed","ping_status":"closed","template":"sidebar-page.php","meta":[],"_links":{"self":[{"href":"http:\/\/lutineetcie.com\/lutinelefilm\/wp-json\/wp\/v2\/pages\/2673"}],"collection":[{"href":"http:\/\/lutineetcie.com\/lutinelefilm\/wp-json\/wp\/v2\/pages"}],"about":[{"href":"http:\/\/lutineetcie.com\/lutinelefilm\/wp-json\/wp\/v2\/types\/page"}],"author":[{"embeddable":true,"href":"http:\/\/lutineetcie.com\/lutinelefilm\/wp-json\/wp\/v2\/users\/1"}],"replies":[{"embeddable":true,"href":"http:\/\/lutineetcie.com\/lutinelefilm\/wp-json\/wp\/v2\/comments?post=2673"}],"version-history":[{"count":7,"href":"http:\/\/lutineetcie.com\/lutinelefilm\/wp-json\/wp\/v2\/pages\/2673\/revisions"}],"predecessor-version":[{"id":2711,"href":"http:\/\/lutineetcie.com\/lutinelefilm\/wp-json\/wp\/v2\/pages\/2673\/revisions\/2711"}],"up":[{"embeddable":true,"href":"http:\/\/lutineetcie.com\/lutinelefilm\/wp-json\/wp\/v2\/pages\/2579"}],"wp:attachment":[{"href":"http:\/\/lutineetcie.com\/lutinelefilm\/wp-json\/wp\/v2\/media?parent=2673"}],"curies":[{"name":"wp","href":"https:\/\/api.w.org\/{rel}","templated":true}]}}