{"id":2696,"date":"2016-01-05T00:26:16","date_gmt":"2016-01-04T23:26:16","guid":{"rendered":"http:\/\/lutineetcie.com\/lutinelefilm\/?page_id=2696"},"modified":"2016-04-05T20:30:16","modified_gmt":"2016-04-05T19:30:16","slug":"deutsch","status":"publish","type":"page","link":"http:\/\/lutineetcie.com\/lutinelefilm\/other-languages\/deutsch\/","title":{"rendered":"Deutsch"},"content":{"rendered":"<p>Eine Regisseurin filmt eine Dokumentation \u00fcber Polyamorie: Sie riskiert,<br \/>\nirgendwo zwischen Dokumentation und Fiktion, und kann die Konsequenzen<br \/>\nnicht immer einsch\u00e4tzen.<br \/>\nWird ihr Geliebter den Herausforderungen von Polyamorie standhalten<br \/>\nk\u00f6nnen? Wird sie den Film fertigstellen k\u00f6nnen?<\/p>\n<p><iframe loading=\"lazy\" src=\"https:\/\/player.vimeo.com\/video\/150116671\" width=\"584\" height=\"329\" frameborder=\"0\" title=\"LUTINE-Trailer De ST\" webkitallowfullscreen mozallowfullscreen allowfullscreen><\/iframe><\/p>\n","protected":false},"excerpt":{"rendered":"<p>Eine Regisseurin filmt eine Dokumentation \u00fcber Polyamorie: Sie riskiert, irgendwo zwischen Dokumentation und Fiktion, und kann die Konsequenzen nicht immer einsch\u00e4tzen. Wird ihr Geliebter den Herausforderungen von Polyamorie standhalten k\u00f6nnen? Wird sie den Film fertigstellen k\u00f6nnen?<\/p>\n","protected":false},"author":1,"featured_media":0,"parent":1249,"menu_order":6,"comment_status":"closed","ping_status":"closed","template":"sidebar-page.php","meta":[],"_links":{"self":[{"href":"http:\/\/lutineetcie.com\/lutinelefilm\/wp-json\/wp\/v2\/pages\/2696"}],"collection":[{"href":"http:\/\/lutineetcie.com\/lutinelefilm\/wp-json\/wp\/v2\/pages"}],"about":[{"href":"http:\/\/lutineetcie.com\/lutinelefilm\/wp-json\/wp\/v2\/types\/page"}],"author":[{"embeddable":true,"href":"http:\/\/lutineetcie.com\/lutinelefilm\/wp-json\/wp\/v2\/users\/1"}],"replies":[{"embeddable":true,"href":"http:\/\/lutineetcie.com\/lutinelefilm\/wp-json\/wp\/v2\/comments?post=2696"}],"version-history":[{"count":1,"href":"http:\/\/lutineetcie.com\/lutinelefilm\/wp-json\/wp\/v2\/pages\/2696\/revisions"}],"predecessor-version":[{"id":2697,"href":"http:\/\/lutineetcie.com\/lutinelefilm\/wp-json\/wp\/v2\/pages\/2696\/revisions\/2697"}],"up":[{"embeddable":true,"href":"http:\/\/lutineetcie.com\/lutinelefilm\/wp-json\/wp\/v2\/pages\/1249"}],"wp:attachment":[{"href":"http:\/\/lutineetcie.com\/lutinelefilm\/wp-json\/wp\/v2\/media?parent=2696"}],"curies":[{"name":"wp","href":"https:\/\/api.w.org\/{rel}","templated":true}]}}