{"id":2713,"date":"2016-01-06T18:54:38","date_gmt":"2016-01-06T17:54:38","guid":{"rendered":"http:\/\/lutineetcie.com\/lutinelefilm\/?page_id=2713"},"modified":"2020-03-01T00:42:05","modified_gmt":"2020-02-29T23:42:05","slug":"lutinage","status":"publish","type":"page","link":"http:\/\/lutineetcie.com\/lutinelefilm\/documentaire\/lutinage\/","title":{"rendered":"Le \u00ab\u00a0lutinage\u00a0\u00bb ? D\u00e9finition"},"content":{"rendered":"<p>Le lutinage (*) \u2013 ou polyamorie, polyamour ou encore amours plurielles \u2013 c\u2019est la possibilit\u00e9\u00a0de vivre\u00a0<strong>plusieurs relations intimes\u00a0<\/strong>(amoureuses ou non, sexuelles ou non)<\/p>\n<ul>\n<li><strong>en parall\u00e8le<\/strong><\/li>\n<li>avec le\u00a0<strong>consentement<\/strong>\u00a0explicite de chacune\u00a0des personnes concern\u00e9es<\/li>\n<li>de fa\u00e7on\u00a0<strong>\u00e9thique\u00a0<\/strong>:\u00a0dans le respect et la confiance de tou\u00b7tes.<\/li>\n<\/ul>\n<p>Cheminer vers cette libert\u00e9 am\u00e8ne de nombreuses discussions.\u00a0<strong>Il n\u2019y a pas un mod\u00e8le \u00e0 suivre<\/strong>, mais des situations \u00e0 r\u00e9inventer en permanence en fonction des attentes, des envies, des besoins, et des limites de chacun.<\/p>\n<p>(*) \u00ab\u00a0<strong>Lutinage<\/strong>\u00a0\u00bb est un mot cr\u00e9\u00e9 par <a href=\"http:\/\/lutineetcie.com\/lutinelefilm\/lutinage\/documentaire\/les-auteurs\/\">Fran\u00e7oise Simp\u00e8re<\/a>, l&rsquo;autrice\u00a0de\u00a0<em>Aimer plusieurs hommes<\/em> et\u00a0du<em>\u00a0Guide des Amours plurielles.<br \/>\n<\/em>\u00c0\u00a0la question : \u00ab\u00a0<strong>D&rsquo;o\u00f9 vous est venu ce mot\u00a0\u00ab\u00a0lutinage\u00a0\u00bb ?<\/strong>\u00ab\u00a0, elle a r\u00e9pondu :<\/p>\n<p>\u00ab\u00a0J&rsquo;ai choisi les mots \u00ab\u00a0lutin\u00a0\u00bb et \u00ab\u00a0lutine\u00a0\u00bb pour d\u00e9signer les polyamoureux\/ses en r\u00e9f\u00e9rence au mot \u00ab\u00a0<strong>lutiner<\/strong>\u00a0\u00bb qui en vieux fran\u00e7ais\u00a0signifie \u00ab\u00a0<strong>charmer, faire la cour<\/strong>\u00ab\u00a0, donc en r\u00e9f\u00e9rence \u00e0 la s\u00e9duction qui intervient forc\u00e9ment dans une relation amoureuse.<\/p>\n<p>Par ailleurs, les lutins sont souvent appel\u00e9s \u00ab\u00a0le petit peuple\u00a0\u00bb dans les contes, en r\u00e9f\u00e9rence \u00e0 leur petite taille et au fait qu&rsquo;ils sont une <strong>communaut\u00e9 un peu en dehors du reste du monde<\/strong>, ce qui est le cas des poly, m\u00eame s&rsquo;ils deviennent de plus en plus visibles.<\/p>\n<p>Les lutins sont \u00e9galement connus pour \u00eatre invisibles quand ils le souhaitent et pour leur <strong>caract\u00e8re fac\u00e9tieux<\/strong>, interpr\u00e9t\u00e9 tant\u00f4t comme enfantin et charmant, tant\u00f4t comme dangereux. Pas mal de non-poly portent ce genre de jugement sur les poly, et pas mal de poly se demandent s&rsquo;ils doivent rester invisibles ou faire leur <em>coming out<\/em>.<\/p>\n<p>Bref, se nommer \u00ab\u00a0lutine\u00a0\u00bb me semble plus joyeux que \u00ab\u00a0poly\u00a0\u00bb ou \u00ab\u00a0pluri-amoureuse\u00a0\u00bb, \u00e7a a un c\u00f4t\u00e9 magique.<\/p>\n<p>Mais je le r\u00e9p\u00e8te, je suis partie avant tout du verbe \u00ab\u00a0lutiner\u00a0\u00bb.<\/p>\n<p>***<\/p>\n<p><em>People often ask about that word \u00ab\u00a0LUTINE\u00a0\u00bb: where does it come from and what does it mean? <\/em><br \/>\n<em>It is an equivalent of \u00ab\u00a0polyamory\u00a0\u00bb in French, coined by the author Fran\u00e7oise Simp\u00e8re, and comes from the old French verb \u00ab\u00a0lutiner\u00a0\u00bb, meaning \u00ab\u00a0to charm\u00a0\u00bb or \u00ab\u00a0to seduce\u00a0\u00bb. Also, she created the nouns \u00ab\u00a0lutin\u00a0\u00bb and \u00ab\u00a0lutine\u00a0\u00bb, meaning \u00ab\u00a0elf\u00a0\u00bb or \u00ab\u00a0imp\u00a0\u00bb, as the inhabitants of a somewhat parallel world, sometimes facetious or mischevious.<\/em><\/p>\n<p>***<\/p>\n<p>&nbsp;<\/p>\n<p>&nbsp;<\/p>\n<p>&nbsp;<\/p>\n<p>&nbsp;<\/p>\n","protected":false},"excerpt":{"rendered":"<p>Le lutinage (*) \u2013 ou polyamorie, polyamour ou encore amours plurielles \u2013 c\u2019est la possibilit\u00e9\u00a0de vivre\u00a0plusieurs relations intimes\u00a0(amoureuses ou non, sexuelles ou non) en parall\u00e8le avec le\u00a0consentement\u00a0explicite de chacune\u00a0des personnes concern\u00e9es de fa\u00e7on\u00a0\u00e9thique\u00a0:\u00a0dans le respect et la confiance de tou\u00b7tes. &hellip; <a href=\"http:\/\/lutineetcie.com\/lutinelefilm\/documentaire\/lutinage\/\">Continuer la lecture <span class=\"meta-nav\">&rarr;<\/span><\/a><\/p>\n","protected":false},"author":1,"featured_media":0,"parent":26,"menu_order":1,"comment_status":"closed","ping_status":"closed","template":"sidebar-page.php","meta":[],"_links":{"self":[{"href":"http:\/\/lutineetcie.com\/lutinelefilm\/wp-json\/wp\/v2\/pages\/2713"}],"collection":[{"href":"http:\/\/lutineetcie.com\/lutinelefilm\/wp-json\/wp\/v2\/pages"}],"about":[{"href":"http:\/\/lutineetcie.com\/lutinelefilm\/wp-json\/wp\/v2\/types\/page"}],"author":[{"embeddable":true,"href":"http:\/\/lutineetcie.com\/lutinelefilm\/wp-json\/wp\/v2\/users\/1"}],"replies":[{"embeddable":true,"href":"http:\/\/lutineetcie.com\/lutinelefilm\/wp-json\/wp\/v2\/comments?post=2713"}],"version-history":[{"count":22,"href":"http:\/\/lutineetcie.com\/lutinelefilm\/wp-json\/wp\/v2\/pages\/2713\/revisions"}],"predecessor-version":[{"id":6080,"href":"http:\/\/lutineetcie.com\/lutinelefilm\/wp-json\/wp\/v2\/pages\/2713\/revisions\/6080"}],"up":[{"embeddable":true,"href":"http:\/\/lutineetcie.com\/lutinelefilm\/wp-json\/wp\/v2\/pages\/26"}],"wp:attachment":[{"href":"http:\/\/lutineetcie.com\/lutinelefilm\/wp-json\/wp\/v2\/media?parent=2713"}],"curies":[{"name":"wp","href":"https:\/\/api.w.org\/{rel}","templated":true}]}}