{"id":2803,"date":"2016-01-14T19:48:13","date_gmt":"2016-01-14T18:48:13","guid":{"rendered":"http:\/\/lutineetcie.com\/lutinelefilm\/?page_id=2803"},"modified":"2017-12-29T01:55:50","modified_gmt":"2017-12-29T00:55:50","slug":"espanol","status":"publish","type":"page","link":"http:\/\/lutineetcie.com\/lutinelefilm\/livre-d-or\/espanol\/","title":{"rendered":"Espa\u00f1ol: Libro de oro"},"content":{"rendered":"<p><a href=\"http:\/\/amorsplurals.cat\/2015\/12\/03\/1es-jornades-amors-plurals\/\">1as Jornadas Amors Plurals<\/a>: BARCELONE, 12\/12\/2015<strong><br \/>\n<\/strong><a href=\"http:\/\/www.jessicafillol.es\/2015\/12\/1as-jornadas-amors-plurals-el-poliamor-esta-de-moda\/\"><br \/>\nArt\u00edculo<\/a>\u00a0escrito por Jessica Fillol<strong><br \/>\n<\/strong>Las jornadas empezaron el s\u00e1bado con\u00a0<strong>la proyecci\u00f3n de la pel\u00edcula Lutine en el casal Lambda<\/strong>. Lutine es un\u00a0mockumentary\u00a0de factura francesa, a medio camino entre el documental y la ficci\u00f3n. Es la historia de una directora y guionista que quiere rodar una pel\u00edcula de ficci\u00f3n sobre el poliamor, y para ello utiliza su propia experiencia personal adentr\u00e1ndose en este tipo de relaciones, no \u00fanicamente mediante las entrevistas a personas que han abrazado la monogamia, sino tambi\u00e9n experimentando por s\u00ed misma en la piel de la actriz que encarna en su propia pel\u00edcula-ficci\u00f3n y poniendo as\u00ed a prueba su propia relaci\u00f3n. El producto final es una pel\u00edcula a caballo entre el documental y la ficci\u00f3n con tres lecturas superpuestas. Confieso que al principio cuesta introducirse en la pel\u00edcula, pero cuando pillas el juego y te introduces en el ritmo, plantea una din\u00e1mica muy interesante.<br \/>\nUna vez que te adentras en la historia, Lutine es una muy buena pel\u00edcula para introducir a aquellas personas interesadas en el tema del poliamor en distintas vertientes: de pareja, tratando temas como la honestidad o los celos; familiares, por lo que respecta b\u00e1sicamente a los hijos y a los padres, c\u00f3mo les afecta a todos, y c\u00f3mo afecta a los propios implicados en la relaci\u00f3n la manera en que les afecta a sus seres queridos la forma en que gestionan su relaci\u00f3n, en un intercambio de impresiones bidireccional muy interesante.<br \/>\nLa asistencia pulveriz\u00f3 las previsiones de la organizaci\u00f3n. 5 minutos antes del inicio previsto de la proyecci\u00f3n, en la sala del Casal Lambda no cab\u00eda un alfiler, y las que llegamos tarde como yo nos vimos que no pudimos entrar. Las otras localco\u00f1os que llegaron antes que yo s\u00ed encontraron sitio y supongo que en breve habr\u00e1 rese\u00f1a de\u00a0<a href=\"http:\/\/xn--locasdelcoo-beb.com\/user\/lidia\">Lidia<\/a>\u00a0y Sara. M\u00e1s de 20 personas se quedaron sin verla, y es por eso que est\u00e1 previsto un nuevo pase con la participaci\u00f3n de la directora, aunque todav\u00eda no hay fecha ni est\u00e9 nada cerrado.<br \/>\nTotal, que con un USB y un port\u00e1til acabamos mont\u00e1ndonos el cine-forum por nuestra cuenta en casa de una de las organizadoras con unas 15 personas de diferentes edades, ideolog\u00edas, g\u00e9neros, orientaciones sexuales y quien sabe qu\u00e9 m\u00e1s.<\/p>\n","protected":false},"excerpt":{"rendered":"<p>1as Jornadas Amors Plurals: BARCELONE, 12\/12\/2015 Art\u00edculo\u00a0escrito por Jessica Fillol Las jornadas empezaron el s\u00e1bado con\u00a0la proyecci\u00f3n de la pel\u00edcula Lutine en el casal Lambda. Lutine es un\u00a0mockumentary\u00a0de factura francesa, a medio camino entre el documental y la ficci\u00f3n. Es &hellip; <a href=\"http:\/\/lutineetcie.com\/lutinelefilm\/livre-d-or\/espanol\/\">Continuer la lecture <span class=\"meta-nav\">&rarr;<\/span><\/a><\/p>\n","protected":false},"author":1,"featured_media":0,"parent":2542,"menu_order":5,"comment_status":"open","ping_status":"closed","template":"sidebar-page.php","meta":[],"_links":{"self":[{"href":"http:\/\/lutineetcie.com\/lutinelefilm\/wp-json\/wp\/v2\/pages\/2803"}],"collection":[{"href":"http:\/\/lutineetcie.com\/lutinelefilm\/wp-json\/wp\/v2\/pages"}],"about":[{"href":"http:\/\/lutineetcie.com\/lutinelefilm\/wp-json\/wp\/v2\/types\/page"}],"author":[{"embeddable":true,"href":"http:\/\/lutineetcie.com\/lutinelefilm\/wp-json\/wp\/v2\/users\/1"}],"replies":[{"embeddable":true,"href":"http:\/\/lutineetcie.com\/lutinelefilm\/wp-json\/wp\/v2\/comments?post=2803"}],"version-history":[{"count":3,"href":"http:\/\/lutineetcie.com\/lutinelefilm\/wp-json\/wp\/v2\/pages\/2803\/revisions"}],"predecessor-version":[{"id":2811,"href":"http:\/\/lutineetcie.com\/lutinelefilm\/wp-json\/wp\/v2\/pages\/2803\/revisions\/2811"}],"up":[{"embeddable":true,"href":"http:\/\/lutineetcie.com\/lutinelefilm\/wp-json\/wp\/v2\/pages\/2542"}],"wp:attachment":[{"href":"http:\/\/lutineetcie.com\/lutinelefilm\/wp-json\/wp\/v2\/media?parent=2803"}],"curies":[{"name":"wp","href":"https:\/\/api.w.org\/{rel}","templated":true}]}}