{"id":2878,"date":"2016-02-24T19:33:46","date_gmt":"2016-02-24T18:33:46","guid":{"rendered":"http:\/\/lutineetcie.com\/lutinelefilm\/?page_id=2878"},"modified":"2019-01-18T10:50:38","modified_gmt":"2019-01-18T09:50:38","slug":"projections","status":"publish","type":"page","link":"http:\/\/lutineetcie.com\/lutinelefilm\/projections\/","title":{"rendered":"PROJECTIONS \/ SCREENINGS"},"content":{"rendered":"<ul>\n<li>LUTINE <a href=\"http:\/\/lutineetcie.com\/lutinelefilm\/projections\/paris\/\">\u00e0 Paris<\/a> : apr\u00e8s 9 mois d&rsquo;exploitation en 2018, une fois par mois au Studio Luxembourg\u00a0Accattone en 2019<\/li>\n<li><a href=\"http:\/\/lutineetcie.com\/lutinelefilm\/projections\/rencontres\/\">Cin\u00e9-rencontres<\/a>\u00a0et cin\u00e9-d\u00e9bats traduits en<a href=\"http:\/\/lutineetcie.com\/lutinelefilm\/projections\/rencontres\/debats\/\"> LSF<\/a><\/li>\n<li>Projections en r\u00e9gions\u00a0<a href=\"http:\/\/lutineetcie.com\/lutinelefilm\/projections\/a-venir\">\u00e0 venir<\/a> \/ Screenings to come<\/li>\n<li>Pour <a href=\"http:\/\/lutineetcie.com\/lutinelefilm\/projections\/organiser\/\">ORGANISER UNE PROJECTION<\/a>\u00a0vous-m\u00eame\u00a0\/ to organize a screening yourself<\/li>\n<li>Projections\u00a0<a href=\"http:\/\/lutineetcie.com\/lutinelefilm\/projections\/past\/\">pass\u00e9es<\/a> \/ Past screenings<\/li>\n<li><a href=\"http:\/\/lutineetcie.com\/lutinelefilm\/projections\/festivals\/\">Festivals<\/a><\/li>\n<li><a href=\"http:\/\/lutineetcie.com\/lutinelefilm\/projections\/visa-dexploitation\/\">Visa d&rsquo;exploitation<\/a><\/li>\n<li><a href=\"http:\/\/lutineetcie.com\/lutinelefilm\/projections\/technique\/\">D\u00e9tails techniques<\/a><\/li>\n<\/ul>\n<div style=\"width: 350px; text-align: left;\"><\/div>\n","protected":false},"excerpt":{"rendered":"<p>LUTINE \u00e0 Paris : apr\u00e8s 9 mois d&rsquo;exploitation en 2018, une fois par mois au Studio Luxembourg\u00a0Accattone en 2019 Cin\u00e9-rencontres\u00a0et cin\u00e9-d\u00e9bats traduits en LSF Projections en r\u00e9gions\u00a0\u00e0 venir \/ Screenings to come Pour ORGANISER UNE PROJECTION\u00a0vous-m\u00eame\u00a0\/ to organize a screening &hellip; <a href=\"http:\/\/lutineetcie.com\/lutinelefilm\/projections\/\">Continuer la lecture <span class=\"meta-nav\">&rarr;<\/span><\/a><\/p>\n","protected":false},"author":1,"featured_media":0,"parent":0,"menu_order":5,"comment_status":"closed","ping_status":"closed","template":"sidebar-page.php","meta":[],"_links":{"self":[{"href":"http:\/\/lutineetcie.com\/lutinelefilm\/wp-json\/wp\/v2\/pages\/2878"}],"collection":[{"href":"http:\/\/lutineetcie.com\/lutinelefilm\/wp-json\/wp\/v2\/pages"}],"about":[{"href":"http:\/\/lutineetcie.com\/lutinelefilm\/wp-json\/wp\/v2\/types\/page"}],"author":[{"embeddable":true,"href":"http:\/\/lutineetcie.com\/lutinelefilm\/wp-json\/wp\/v2\/users\/1"}],"replies":[{"embeddable":true,"href":"http:\/\/lutineetcie.com\/lutinelefilm\/wp-json\/wp\/v2\/comments?post=2878"}],"version-history":[{"count":47,"href":"http:\/\/lutineetcie.com\/lutinelefilm\/wp-json\/wp\/v2\/pages\/2878\/revisions"}],"predecessor-version":[{"id":5844,"href":"http:\/\/lutineetcie.com\/lutinelefilm\/wp-json\/wp\/v2\/pages\/2878\/revisions\/5844"}],"wp:attachment":[{"href":"http:\/\/lutineetcie.com\/lutinelefilm\/wp-json\/wp\/v2\/media?parent=2878"}],"curies":[{"name":"wp","href":"https:\/\/api.w.org\/{rel}","templated":true}]}}