{"id":3053,"date":"2016-04-02T19:56:52","date_gmt":"2016-04-02T18:56:52","guid":{"rendered":"http:\/\/lutineetcie.com\/lutinelefilm\/?page_id=3053"},"modified":"2017-12-27T17:06:42","modified_gmt":"2017-12-27T16:06:42","slug":"des-films-de-fiction","status":"publish","type":"page","link":"http:\/\/lutineetcie.com\/lutinelefilm\/documentaire\/des-films-de-fiction\/","title":{"rendered":"Des films de fiction \/ Feature Films"},"content":{"rendered":"<ul>\n<li>site en anglais pour des films \u00ab\u00a0estampill\u00e9s poly\u00a0\u00bb et comment\u00e9s\u00a0:\u00a0<a href=\"https:\/\/www.facebook.com\/polyishmoviereviews\/\">polyishmoviereviews<\/a> et<a href=\"https:\/\/www.facebook.com\/polyishmoviereviews\/\"> sur FB<br \/>\n<\/a><\/li>\n<li>la liste d&rsquo;<a href=\"http:\/\/openloveny.com\/movie-suggestions\/\">OpenLove NY<\/a><\/li>\n<li>une liste toute faite sur <a href=\"http:\/\/www.imdb.com\/list\/ls009664067\/\">imdb<\/a> : je n&rsquo;en connais pas la moiti\u00e9, curieuse d&rsquo;avoir vos retours !<\/li>\n<li>une autre\u00a0en italien sur <a href=\"http:\/\/www.poliamore.org\/cinema-e-tv\/\">poliamore.org<br \/>\n<\/a><\/li>\n<li>one article with links to movies: <a href=\"https:\/\/www.theguardian.com\/film\/2017\/nov\/16\/sex-wonder-women-threesomes-polyamory-film-professor-marston\">How Movies Brought Polyamory into the Mainstream<\/a><\/li>\n<\/ul>\n<p>\u00c9videmment, le th\u00e8me des amours plurielles a depuis toujours tent\u00e9 les sc\u00e9naristes et auteurs de fiction, dans la lign\u00e9e des vaudevilles et autres histoires classiques d&rsquo;adult\u00e8re. Peu mettent en sc\u00e8ne en revanche des histoires de <strong>non-monogamie \u00e9thique<\/strong>, o\u00f9 tout le monde\u00a0serait\u00a0au courant de l&rsquo;existence des autres et surtout&#8230; d&rsquo;accord !<br \/>\nSouvent trait\u00e9 dramatiquement (et qui se termine mal), rarement\u00a0sur le ton de la com\u00e9die (Lubitsch), l&rsquo;enjeu du \u00ab\u00a0contrat\u00a0\u00bb pass\u00e9 entre les diff\u00e9rents partenaires\u00a0n&rsquo;est\u00a0que rarement\u00a0le sujet m\u00eame d&rsquo;un film : les relations non-exclusives sont plus souvent vues comme \u00ab\u00a0un probl\u00e8me \u00e0 traiter\u00a0\u00bb que comme un objectif id\u00e9al \u00e0 atteindre.<br \/>\nQui plus est, en faisant le tour de tous ces films, je me rends compte d&rsquo;une sorte de \u00ab\u00a0constante\u00a0\u00bb : il y est bien plus souvent question d&rsquo;un \u00ab\u00a0trio\u00a0\u00bb (souvent une femme et deux hommes, parfois deux femmes et un homme) que de relations non-exclusives consensuelles de mani\u00e8re plus g\u00e9n\u00e9rale et r\u00e9ellement de polyamorie.<\/p>\n<p>\u00ab\u00a0Le\u00a0\u00bb grand classique selon moi, ind\u00e9modable : <em><a href=\"https:\/\/en.wikipedia.org\/wiki\/Design_for_Living_%28film%29\">DESIGN FOR LIVING<\/a> (S\u00e9r\u00e9nade \u00e0 trois)<\/em>(1933), du grand, de l&rsquo;immense Ernst Lubitsch. Je ne m&rsquo;en lasse pas !<\/p>\n<p><span class=\"character\"><img decoding=\"async\" loading=\"lazy\" class=\"size-medium wp-image-3055 aligncenter\" src=\"http:\/\/lutineetcie.com\/lutinelefilm\/wp-content\/uploads\/2016\/04\/lubitsch-directing-design-for-living-300x235.jpg\" alt=\"lubitsch-directing-design-for-living\" width=\"300\" height=\"235\" srcset=\"http:\/\/lutineetcie.com\/lutinelefilm\/wp-content\/uploads\/2016\/04\/lubitsch-directing-design-for-living-300x235.jpg 300w, http:\/\/lutineetcie.com\/lutinelefilm\/wp-content\/uploads\/2016\/04\/lubitsch-directing-design-for-living-383x300.jpg 383w, http:\/\/lutineetcie.com\/lutinelefilm\/wp-content\/uploads\/2016\/04\/lubitsch-directing-design-for-living.jpg 400w\" sizes=\"(max-width: 300px) 100vw, 300px\" \/>EXTRAIT :<br \/>\n<\/span><span class=\"character\">TOM\u00a0<\/span>:<em> That&rsquo;s one way of meeting the situation. Shipping clerk comes home, finds missus with boarder. He breaks dishes. It&rsquo;s pure burlesque. Then there&rsquo;s another way. Intelligent artist returns unexpectedly, finds treacherous friends, <strong>both discuss the pros and cons of the situation in grownup dialogue. High-class comedy, enjoyed by everybody<\/strong>.<\/em><br \/>\nGEORGE:\u00a0<em>There&rsquo;s a third way. I&rsquo;ll kick your teeth out and tear your head off and beat some decency into you!<\/em><br \/>\nTOM:\u00a0<em>Cheap melodrama. Very dull.<\/em><\/p>\n<p style=\"text-align: center;\"><a href=\"http:\/\/lutineetcie.com\/lutinelefilm\/wp-content\/uploads\/2016\/04\/220px-Designforliving1933.jpg\" rel=\"attachment wp-att-3054\"><img decoding=\"async\" loading=\"lazy\" class=\"size-full wp-image-3054 aligncenter\" src=\"http:\/\/lutineetcie.com\/lutinelefilm\/wp-content\/uploads\/2016\/04\/220px-Designforliving1933.jpg\" alt=\"220px-Designforliving1933\" width=\"220\" height=\"286\" \/><br \/>\n<\/a><\/p>\n<p style=\"text-align: left;\">L&rsquo;autre grand classique, \u00e9videmment, c&rsquo;est <a href=\"https:\/\/fr.wikipedia.org\/wiki\/Jules_et_Jim_(film)\">JULES ET JIM<\/a> (1961) de Fran\u00e7ois Truffaut.<\/p>\n<p style=\"text-align: left;\"><a href=\"http:\/\/lutineetcie.com\/lutinelefilm\/wp-content\/uploads\/2016\/04\/Jules_et_Jim.jpg\" rel=\"attachment wp-att-3059\"><img decoding=\"async\" loading=\"lazy\" class=\"size-medium wp-image-3059 aligncenter\" src=\"http:\/\/lutineetcie.com\/lutinelefilm\/wp-content\/uploads\/2016\/04\/Jules_et_Jim-220x300.jpg\" alt=\"Jules_et_Jim\" width=\"220\" height=\"300\" srcset=\"http:\/\/lutineetcie.com\/lutinelefilm\/wp-content\/uploads\/2016\/04\/Jules_et_Jim-220x300.jpg 220w, http:\/\/lutineetcie.com\/lutinelefilm\/wp-content\/uploads\/2016\/04\/Jules_et_Jim-768x1047.jpg 768w, http:\/\/lutineetcie.com\/lutinelefilm\/wp-content\/uploads\/2016\/04\/Jules_et_Jim-751x1024.jpg 751w, http:\/\/lutineetcie.com\/lutinelefilm\/wp-content\/uploads\/2016\/04\/Jules_et_Jim.jpg 1000w\" sizes=\"(max-width: 220px) 100vw, 220px\" \/><\/a><\/p>\n<p style=\"text-align: left;\">&#8230; sauf que\u00a0<em>(attention, SPOILER)\u00a0<\/em>: \u00e7a se termine mal, comme la plupart des films qui mettent en sc\u00e8ne des histoires d&rsquo;amour plurielles.<\/p>\n<p style=\"text-align: left;\">Plus r\u00e9ellement ouvert et surtout optimiste que son\u00a0film le plus souvent cit\u00e9, <em><a href=\"https:\/\/fr.wikipedia.org\/wiki\/Vicky_Cristina_Barcelona\">VICKY CRISTINA BARCELONA<\/a> (2008)<\/em>,\u00a0<em><a href=\"https:\/\/youtu.be\/RB49WkGjXUM\">WHATEVER WORKS<\/a><\/em> (2009), de Woody Allen :<br \/>\n<a href=\"http:\/\/lutineetcie.com\/lutinelefilm\/wp-content\/uploads\/2016\/04\/819uql7poIL._SL1500_.jpg\" rel=\"attachment wp-att-3061\"><img decoding=\"async\" loading=\"lazy\" class=\"size-medium wp-image-3061 aligncenter\" src=\"http:\/\/lutineetcie.com\/lutinelefilm\/wp-content\/uploads\/2016\/04\/819uql7poIL._SL1500_-211x300.jpg\" alt=\"819uql7poIL._SL1500_\" width=\"211\" height=\"300\" srcset=\"http:\/\/lutineetcie.com\/lutinelefilm\/wp-content\/uploads\/2016\/04\/819uql7poIL._SL1500_-211x300.jpg 211w, http:\/\/lutineetcie.com\/lutinelefilm\/wp-content\/uploads\/2016\/04\/819uql7poIL._SL1500_-768x1090.jpg 768w, http:\/\/lutineetcie.com\/lutinelefilm\/wp-content\/uploads\/2016\/04\/819uql7poIL._SL1500_-722x1024.jpg 722w, http:\/\/lutineetcie.com\/lutinelefilm\/wp-content\/uploads\/2016\/04\/819uql7poIL._SL1500_.jpg 1057w\" sizes=\"(max-width: 211px) 100vw, 211px\" \/> <\/a><\/p>\n<p style=\"text-align: left;\">En films fran\u00e7ais,\u00a0<em><a href=\"https:\/\/fr.wikipedia.org\/wiki\/Pourquoi_pas_!\">POURQUOI PAS ?<\/a>\u00a0<\/em>(1977) de Coline Serreau,<br \/>\n<em><a href=\"https:\/\/fr.wikipedia.org\/wiki\/Le_Bonheur_(film,_1965)\">LE BONHEUR<\/a>\u00a0<\/em>(1965)<em>\u00a0<\/em>d&rsquo;Agn\u00e8s Varda :<\/p>\n<p><a href=\"http:\/\/lutineetcie.com\/lutinelefilm\/wp-content\/uploads\/2016\/04\/495853.jpg\" rel=\"attachment wp-att-3068\"><img decoding=\"async\" loading=\"lazy\" class=\"alignnone size-medium wp-image-3068\" src=\"http:\/\/lutineetcie.com\/lutinelefilm\/wp-content\/uploads\/2016\/04\/495853-221x300.jpg\" alt=\"495853\" width=\"221\" height=\"300\" srcset=\"http:\/\/lutineetcie.com\/lutinelefilm\/wp-content\/uploads\/2016\/04\/495853-221x300.jpg 221w, http:\/\/lutineetcie.com\/lutinelefilm\/wp-content\/uploads\/2016\/04\/495853-768x1042.jpg 768w, http:\/\/lutineetcie.com\/lutinelefilm\/wp-content\/uploads\/2016\/04\/495853-755x1024.jpg 755w, http:\/\/lutineetcie.com\/lutinelefilm\/wp-content\/uploads\/2016\/04\/495853.jpg 1500w\" sizes=\"(max-width: 221px) 100vw, 221px\" \/><\/a><a href=\"http:\/\/lutineetcie.com\/lutinelefilm\/wp-content\/uploads\/2016\/04\/6a00d83452081969e20134867bc826970c-800wi.jpg\" rel=\"attachment wp-att-3069\"><img decoding=\"async\" loading=\"lazy\" class=\"alignnone size-medium wp-image-3069\" src=\"http:\/\/lutineetcie.com\/lutinelefilm\/wp-content\/uploads\/2016\/04\/6a00d83452081969e20134867bc826970c-800wi-216x300.jpg\" alt=\"6a00d83452081969e20134867bc826970c-800wi\" width=\"216\" height=\"300\" srcset=\"http:\/\/lutineetcie.com\/lutinelefilm\/wp-content\/uploads\/2016\/04\/6a00d83452081969e20134867bc826970c-800wi-216x300.jpg 216w, http:\/\/lutineetcie.com\/lutinelefilm\/wp-content\/uploads\/2016\/04\/6a00d83452081969e20134867bc826970c-800wi.jpg 238w\" sizes=\"(max-width: 216px) 100vw, 216px\" \/><\/a><\/p>\n<p>&#8230; mais surtout le g\u00e9nialement dr\u00f4le et hilarant\u00a0<em><a href=\"https:\/\/fr.wikipedia.org\/wiki\/Gazon_maudit\">GAZON MAUDIT<\/a><\/em>\u00a0(1995) de Josiane Balasko. (Tiens, que des femmes ? Un hasard ?!)<\/p>\n<p style=\"text-align: center;\"><a href=\"http:\/\/lutineetcie.com\/lutinelefilm\/wp-content\/uploads\/2016\/04\/534104.jpg\" rel=\"attachment wp-att-3063\"><img decoding=\"async\" loading=\"lazy\" class=\"alignnone size-medium wp-image-3063\" src=\"http:\/\/lutineetcie.com\/lutinelefilm\/wp-content\/uploads\/2016\/04\/534104-216x300.jpg\" alt=\"534104\" width=\"216\" height=\"300\" srcset=\"http:\/\/lutineetcie.com\/lutinelefilm\/wp-content\/uploads\/2016\/04\/534104-216x300.jpg 216w, http:\/\/lutineetcie.com\/lutinelefilm\/wp-content\/uploads\/2016\/04\/534104-768x1069.jpg 768w, http:\/\/lutineetcie.com\/lutinelefilm\/wp-content\/uploads\/2016\/04\/534104-736x1024.jpg 736w, http:\/\/lutineetcie.com\/lutinelefilm\/wp-content\/uploads\/2016\/04\/534104.jpg 1150w\" sizes=\"(max-width: 216px) 100vw, 216px\" \/><\/a><\/p>\n<p style=\"text-align: left;\">Plus r\u00e9cemment, il y a bien\u00a0<a href=\"https:\/\/www.youtube.com\/watch?v=qRaUjpPf5WI\"><em>\u00c0 TROIS ON Y VA <\/em><\/a>(2014)<em>,\u00a0<\/em>de J\u00e9r\u00f4me Bonnell, qui a fait couler beaucoup d&rsquo;encre sur le th\u00e8me des amours plurielles, et un tr\u00e8s joli film&#8230; si on fait abstraction des derni\u00e8res minutes, o\u00f9 malheureusement on a l&rsquo;impression que le r\u00e9alisateur a voulu \u00ab\u00a0sauvegarder\u00a0\u00bb la morale consensuelle de la monogamie.\u00a0Snif.<\/p>\n<p><a href=\"http:\/\/lutineetcie.com\/lutinelefilm\/wp-content\/uploads\/2016\/04\/a-trois-on-y-va-1.jpg\" rel=\"attachment wp-att-3065\"><img decoding=\"async\" loading=\"lazy\" class=\"aligncenter wp-image-3065\" src=\"http:\/\/lutineetcie.com\/lutinelefilm\/wp-content\/uploads\/2016\/04\/a-trois-on-y-va-1-300x201.jpg\" alt=\"a trois on y va-1\" width=\"400\" height=\"268\" srcset=\"http:\/\/lutineetcie.com\/lutinelefilm\/wp-content\/uploads\/2016\/04\/a-trois-on-y-va-1-300x201.jpg 300w, http:\/\/lutineetcie.com\/lutinelefilm\/wp-content\/uploads\/2016\/04\/a-trois-on-y-va-1-768x515.jpg 768w, http:\/\/lutineetcie.com\/lutinelefilm\/wp-content\/uploads\/2016\/04\/a-trois-on-y-va-1-1024x687.jpg 1024w, http:\/\/lutineetcie.com\/lutinelefilm\/wp-content\/uploads\/2016\/04\/a-trois-on-y-va-1-447x300.jpg 447w\" sizes=\"(max-width: 400px) 100vw, 400px\" \/><\/a><\/p>\n<p style=\"text-align: left;\">Plus r\u00e9ussi, selon moi, en termes de cin\u00e9ma, bien que, comme d&rsquo;habitude, la fin nous ram\u00e8ne \u00e0 une morale tristement\u00a0consensuelle,\u00a0<a href=\"https:\/\/fr.wikipedia.org\/wiki\/Happy_Few\"><em>HAPPY FEW <\/em><\/a>(2010), d&rsquo;Anthony Cordier :<\/p>\n<p><a href=\"http:\/\/lutineetcie.com\/lutinelefilm\/wp-content\/uploads\/2016\/04\/19491752.jpg\" rel=\"attachment wp-att-3066\"><img decoding=\"async\" loading=\"lazy\" class=\"size-medium wp-image-3066 aligncenter\" src=\"http:\/\/lutineetcie.com\/lutinelefilm\/wp-content\/uploads\/2016\/04\/19491752-225x300.jpg\" alt=\"19491752\" width=\"225\" height=\"300\" srcset=\"http:\/\/lutineetcie.com\/lutinelefilm\/wp-content\/uploads\/2016\/04\/19491752-225x300.jpg 225w, http:\/\/lutineetcie.com\/lutinelefilm\/wp-content\/uploads\/2016\/04\/19491752.jpg 600w\" sizes=\"(max-width: 225px) 100vw, 225px\" \/><br \/>\n<\/a><\/p>\n<p>J&rsquo;ai beaucoup aim\u00e9 et trouv\u00e9 incroyablement moderne\u00a0ce film de Paul Mazursky de 1969 : <a href=\"http:\/\/www.imdb.com\/title\/tt0064100\/\">Bob and Carole and Ted and Alice.<\/p>\n<p><\/a><a href=\"http:\/\/lutineetcie.com\/lutinelefilm\/wp-content\/uploads\/2016\/04\/Bob-et-Carole-et-Ted-et-Alice.jpg\"><img decoding=\"async\" loading=\"lazy\" class=\"size-medium wp-image-4601 aligncenter\" src=\"http:\/\/lutineetcie.com\/lutinelefilm\/wp-content\/uploads\/2016\/04\/Bob-et-Carole-et-Ted-et-Alice-213x300.jpg\" alt=\"Bob et Carole et Ted et Alice\" width=\"213\" height=\"300\" srcset=\"http:\/\/lutineetcie.com\/lutinelefilm\/wp-content\/uploads\/2016\/04\/Bob-et-Carole-et-Ted-et-Alice-213x300.jpg 213w, http:\/\/lutineetcie.com\/lutinelefilm\/wp-content\/uploads\/2016\/04\/Bob-et-Carole-et-Ted-et-Alice.jpg 316w\" sizes=\"(max-width: 213px) 100vw, 213px\" \/><\/a><\/p>\n<p>La communaut\u00e9 poly internationale\u00a0dit beaucoup de bien de <em><a href=\"http:\/\/www.allocine.fr\/film\/fichefilm_gen_cfilm=181820.html\">EL SEXO DE LOS ANGELES<\/a>\u00a0 <\/em>(2012)\u00a0et de <em><a href=\"http:\/\/www.imdb.com\/title\/tt1517177\/\">DREI<\/a>\u00a0<\/em>(2010), que je n&rsquo;ai pas encore vus : dans les deux cas, une histoire de trio o\u00f9 les deux membres d&rsquo;un couple h\u00e9t\u00e9ro tombent amoureux d&rsquo;un m\u00eame homme. Et vous remarquerez \u00e0 quel point les com\u00e9diens sont&#8230; jeunes !<\/p>\n<p><a href=\"http:\/\/lutineetcie.com\/lutinelefilm\/wp-content\/uploads\/2016\/04\/MV5BMTgwNjI4NjU4MF5BMl5BanBnXkFtZTcwNjA1OTY4OA@@._V1_UX182_CR00182268_AL_.jpg\" rel=\"attachment wp-att-3084\"><img decoding=\"async\" loading=\"lazy\" class=\"alignnone size-full wp-image-3084\" src=\"http:\/\/lutineetcie.com\/lutinelefilm\/wp-content\/uploads\/2016\/04\/MV5BMTgwNjI4NjU4MF5BMl5BanBnXkFtZTcwNjA1OTY4OA@@._V1_UX182_CR00182268_AL_.jpg\" alt=\"MV5BMTgwNjI4NjU4MF5BMl5BanBnXkFtZTcwNjA1OTY4OA@@._V1_UX182_CR0,0,182,268_AL_\" width=\"182\" height=\"268\" \/><\/a><a href=\"http:\/\/lutineetcie.com\/lutinelefilm\/wp-content\/uploads\/2016\/04\/drei.jpg\" rel=\"attachment wp-att-3085\"><img decoding=\"async\" loading=\"lazy\" class=\"alignnone size-medium wp-image-3085\" src=\"http:\/\/lutineetcie.com\/lutinelefilm\/wp-content\/uploads\/2016\/04\/drei-200x300.jpg\" alt=\"drei\" width=\"200\" height=\"300\" srcset=\"http:\/\/lutineetcie.com\/lutinelefilm\/wp-content\/uploads\/2016\/04\/drei-200x300.jpg 200w, http:\/\/lutineetcie.com\/lutinelefilm\/wp-content\/uploads\/2016\/04\/drei.jpg 453w\" sizes=\"(max-width: 200px) 100vw, 200px\" \/><\/a><\/p>\n<p>On parle \u00e9galement beaucoup de deux s\u00e9ries actuelles, que je n&rsquo;ai pas (encore) vues :<br \/>\n&#8211; <a href=\"http:\/\/www.lemonde.fr\/televisions-radio\/article\/2017\/07\/21\/tv-you-me-her-anatomie-d-un-trouple_5163605_1655027.html\"><em>You, Me, Her<\/em><\/a><br \/>\n&#8211; <em><a href=\"https:\/\/youtu.be\/whvPjWm7ZE0\">She&rsquo;s Gotta Have It<\/a><\/em>, adapt\u00e9 du long-m\u00e9trage de Spike Lee : <em><a href=\"http:\/\/amzn.to\/2CdJbul\">Nola Darling n&rsquo;en fait qu&rsquo;\u00e0 sa t\u00eate<\/a><\/em>.<\/p>\n<p style=\"text-align: left;\">\n","protected":false},"excerpt":{"rendered":"<p>site en anglais pour des films \u00ab\u00a0estampill\u00e9s poly\u00a0\u00bb et comment\u00e9s\u00a0:\u00a0polyishmoviereviews et sur FB la liste d&rsquo;OpenLove NY une liste toute faite sur imdb : je n&rsquo;en connais pas la moiti\u00e9, curieuse d&rsquo;avoir vos retours ! une autre\u00a0en italien sur poliamore.org &hellip; <a href=\"http:\/\/lutineetcie.com\/lutinelefilm\/documentaire\/des-films-de-fiction\/\">Continuer la lecture <span class=\"meta-nav\">&rarr;<\/span><\/a><\/p>\n","protected":false},"author":1,"featured_media":0,"parent":26,"menu_order":8,"comment_status":"closed","ping_status":"closed","template":"sidebar-page.php","meta":[],"_links":{"self":[{"href":"http:\/\/lutineetcie.com\/lutinelefilm\/wp-json\/wp\/v2\/pages\/3053"}],"collection":[{"href":"http:\/\/lutineetcie.com\/lutinelefilm\/wp-json\/wp\/v2\/pages"}],"about":[{"href":"http:\/\/lutineetcie.com\/lutinelefilm\/wp-json\/wp\/v2\/types\/page"}],"author":[{"embeddable":true,"href":"http:\/\/lutineetcie.com\/lutinelefilm\/wp-json\/wp\/v2\/users\/1"}],"replies":[{"embeddable":true,"href":"http:\/\/lutineetcie.com\/lutinelefilm\/wp-json\/wp\/v2\/comments?post=3053"}],"version-history":[{"count":27,"href":"http:\/\/lutineetcie.com\/lutinelefilm\/wp-json\/wp\/v2\/pages\/3053\/revisions"}],"predecessor-version":[{"id":4602,"href":"http:\/\/lutineetcie.com\/lutinelefilm\/wp-json\/wp\/v2\/pages\/3053\/revisions\/4602"}],"up":[{"embeddable":true,"href":"http:\/\/lutineetcie.com\/lutinelefilm\/wp-json\/wp\/v2\/pages\/26"}],"wp:attachment":[{"href":"http:\/\/lutineetcie.com\/lutinelefilm\/wp-json\/wp\/v2\/media?parent=3053"}],"curies":[{"name":"wp","href":"https:\/\/api.w.org\/{rel}","templated":true}]}}