{"id":3132,"date":"2016-04-05T18:40:42","date_gmt":"2016-04-05T17:40:42","guid":{"rendered":"http:\/\/lutineetcie.com\/lutinelefilm\/?page_id=3132"},"modified":"2016-04-05T18:41:07","modified_gmt":"2016-04-05T17:41:07","slug":"realisatriceparis-deauville-synopsis","status":"publish","type":"page","link":"http:\/\/lutineetcie.com\/lutinelefilm\/comedie\/realisatrice\/paris-deauville\/realisatriceparis-deauville-synopsis\/","title":{"rendered":"Synopsis"},"content":{"rendered":"<p><strong>Synopsis court\u00a0<\/strong><\/p>\n<p>Un dimanche comme les autres pour Claire\u00a0: d\u00e9jeuner familial et dispute avec son mari. Dans la voiture, il s\u2019emporte, elle se tait. Il descend, juste un instant. Claire reste seule. La voiture red\u00e9marre. Au volant, un inconnu arm\u00e9 d\u2019un couteau\u2026<\/p>\n<p><strong>Synopsis long <\/strong><\/p>\n<p>Encore un d\u00e9jeuner familial qui s\u2019\u00e9ternise\u2026 Comme chaque dimanche. Christophe n\u2019en peut plus. Comment Claire, sa femme, peut-elle vouloir un enfant alors qu\u2019elle est incapable de s\u2019opposer \u00e0 sa m\u00e8re\u00a0? Dans la voiture, le couple se dispute. Comme chaque dimanche\u2026 Christophe parle, Claire se tait.<\/p>\n<p>Porti\u00e8re qui claque, Christophe est parti chercher le bip pour ouvrir le parking. Claire reste seule. Juste un instant&#8230; La voiture red\u00e9marre. Au volant, un inconnu arm\u00e9 d\u2019un couteau\u2026.<\/p>\n<p>Quand Christophe redescend dans la rue, elle est d\u00e9serte. Plus de Claire, plus de voiture.<\/p>\n<p>Dans la voiture, l\u2019inconnu parle, il n\u2019arr\u00eate pas de parler et Claire ne dit rien. La mer, elle n\u2019a pas envie de voir la mer\u00a0? Direction Deauville.<\/p>\n<p>\u00c0 Paris, Christophe se retrouve malgr\u00e9 lui aux prises avec sa belle-famille : belle-m\u00e8re, belle-s\u0153ur et son petit ami tomb\u00e9 du ciel, beau-p\u00e8re, \u00e9ternel absent\u2026 Ils sont venus, ils sont tous l\u00e0. Ils s\u2019agitent en tous sens, Christophe \u00e9touffe. Et chacun d\u2019inventer Claire, les raisons de son d\u00e9part&#8230;<\/p>\n<p>Dr\u00f4le de dimanche\u2026 Paris, Deauville, le temps de changer, un peu, et de regarder les autres, diff\u00e9rents.<\/p>\n","protected":false},"excerpt":{"rendered":"<p>Synopsis court\u00a0 Un dimanche comme les autres pour Claire\u00a0: d\u00e9jeuner familial et dispute avec son mari. Dans la voiture, il s\u2019emporte, elle se tait. Il descend, juste un instant. Claire reste seule. La voiture red\u00e9marre. Au volant, un inconnu arm\u00e9 &hellip; <a href=\"http:\/\/lutineetcie.com\/lutinelefilm\/comedie\/realisatrice\/paris-deauville\/realisatriceparis-deauville-synopsis\/\">Continuer la lecture <span class=\"meta-nav\">&rarr;<\/span><\/a><\/p>\n","protected":false},"author":1,"featured_media":0,"parent":853,"menu_order":1,"comment_status":"closed","ping_status":"closed","template":"sidebar-page.php","meta":[],"_links":{"self":[{"href":"http:\/\/lutineetcie.com\/lutinelefilm\/wp-json\/wp\/v2\/pages\/3132"}],"collection":[{"href":"http:\/\/lutineetcie.com\/lutinelefilm\/wp-json\/wp\/v2\/pages"}],"about":[{"href":"http:\/\/lutineetcie.com\/lutinelefilm\/wp-json\/wp\/v2\/types\/page"}],"author":[{"embeddable":true,"href":"http:\/\/lutineetcie.com\/lutinelefilm\/wp-json\/wp\/v2\/users\/1"}],"replies":[{"embeddable":true,"href":"http:\/\/lutineetcie.com\/lutinelefilm\/wp-json\/wp\/v2\/comments?post=3132"}],"version-history":[{"count":1,"href":"http:\/\/lutineetcie.com\/lutinelefilm\/wp-json\/wp\/v2\/pages\/3132\/revisions"}],"predecessor-version":[{"id":3133,"href":"http:\/\/lutineetcie.com\/lutinelefilm\/wp-json\/wp\/v2\/pages\/3132\/revisions\/3133"}],"up":[{"embeddable":true,"href":"http:\/\/lutineetcie.com\/lutinelefilm\/wp-json\/wp\/v2\/pages\/853"}],"wp:attachment":[{"href":"http:\/\/lutineetcie.com\/lutinelefilm\/wp-json\/wp\/v2\/media?parent=3132"}],"curies":[{"name":"wp","href":"https:\/\/api.w.org\/{rel}","templated":true}]}}