{"id":3134,"date":"2016-04-05T18:43:08","date_gmt":"2016-04-05T17:43:08","guid":{"rendered":"http:\/\/lutineetcie.com\/lutinelefilm\/?page_id=3134"},"modified":"2016-04-05T18:43:08","modified_gmt":"2016-04-05T17:43:08","slug":"interview","status":"publish","type":"page","link":"http:\/\/lutineetcie.com\/lutinelefilm\/comedie\/realisatrice\/paris-deauville\/interview\/","title":{"rendered":"Interview"},"content":{"rendered":"<p><strong><em>Paris-Deauville<\/em><\/strong><strong> est votre premi\u00e8re fiction longue et c\u2019est aussi votre premi\u00e8re r\u00e9alisation en cam\u00e9ra num\u00e9rique. Deux nouvelles exp\u00e9riences\u2026<\/strong><\/p>\n<p>Oui, c\u2019est mon premier \u00ab\u00a0long-m\u00e9trage\u00a0\u00bb, et je suis tr\u00e8s reconnaissante \u00e0 Pierre Chevalier de m\u2019avoir donn\u00e9 cette chance. C\u2019est en effet une \u00e9tape importante pour moi. Quant au travail avec la \u00ab\u00a0petite cam\u00e9ra\u00a0\u00bb, ce fut une exp\u00e9rience tr\u00e8s int\u00e9ressante. Avant d\u2019avoir commenc\u00e9 \u00e0 tourner moi-m\u00eame, je ne comprenais pas vraiment pourquoi tous les r\u00e9alisateurs parlaient d\u2019un mode de tournage diff\u00e9rent. Mais c\u2019est pourtant vrai. L\u2019\u00e9quipe r\u00e9duite au minimum, peu de travail sur la lumi\u00e8re, ce sont des choix que j\u2019avais d\u00e9j\u00e0 faits sur mon pr\u00e9c\u00e9dent film <em>\u00c0 corps perdu. <\/em>La principale diff\u00e9rence pour moi avec la DV tient \u00e0 ce que l\u2019on peut consid\u00e9rer comme un inconv\u00e9nient artistique &#8211; c\u2019est \u00ab\u00a0toujours net\u00a0\u00bb &#8211; mais qui est un avantage consid\u00e9rable au tournage &#8211; ce n\u2019est \u00ab\u00a0jamais flou\u00a0\u00bb. Cela permet alors une grande libert\u00e9 de mouvements, et un d\u00e9coupage en plan-s\u00e9quences qui procure un vrai bonheur dans le travail avec les com\u00e9diens.<\/p>\n<h2>Justement, les com\u00e9diens\u2026<\/h2>\n<p>Je fais ce m\u00e9tier pour les com\u00e9diens, ce sont eux qui m\u2019ont donn\u00e9 envie de faire du cin\u00e9ma. J\u2019ai eu la chance d\u2019avoir sur ce film \u00e0 la fois de grands com\u00e9diens de th\u00e9\u00e2tre, et des com\u00e9diens plus jeunes, fougueux, et tous, je crois, ont pris comme moi un grand plaisir \u00e0 ce travail en libert\u00e9\u00a0: les mouvements \u00e9taient parfois tr\u00e8s pr\u00e9cis, comme dans une chor\u00e9graphie, mais il n\u2019y avait jamais de \u00ab\u00a0marques au sol\u00a0\u00bb, et surtout jamais de r\u00e9p\u00e9titions dites \u00ab\u00a0techniques\u00a0\u00bb. On se mettait en place, et puis on tournait. Il y a alors une v\u00e9ritable excitation du tournage lui-m\u00eame, au moment du moteur, qui n\u2019a pas \u00e9t\u00e9 \u00e9puis\u00e9e par de trop nombreuses r\u00e9p\u00e9titions. Personne ne sait exactement ce qui va se passer, et c\u2019est magique, parce que la technique suit les com\u00e9diens, et non l\u2019inverse. Ensuite, on peut ajuster, pr\u00e9ciser, proposer autre chose, faire de nombreuses autres prises si on le d\u00e9sire, et \u00e7a aussi, c\u2019est un vrai luxe.<\/p>\n<h1>Qu\u2019est-ce qui vous a s\u00e9duite dans le sc\u00e9nario de Virginie Boda\u00a0?<\/h1>\n<p>Virginie a \u00e9t\u00e9 laur\u00e9ate de la Bourse Jeune Sc\u00e9nariste TV de la Fondation Hachette en 1997, et c\u2019est dans ce cadre-l\u00e0 qu\u2019elle a \u00e9t\u00e9 amen\u00e9e \u00e0 rencontrer Pierre Chevalier. Je ne suis en effet arriv\u00e9e que bien plus tard sur le projet. C\u2019est la premi\u00e8re fois que je r\u00e9alise un film dont je ne suis pas \u00e0 l\u2019origine, et c\u2019\u00e9tait une exp\u00e9rience tr\u00e8s enrichissante. Le sc\u00e9nario de Virginie m\u2019a tout de suite touch\u00e9e, peut-\u00eatre parce qu\u2019il entrait en r\u00e9sonance avec de nombreux th\u00e8mes que j\u2019avais moi-m\u00eame abord\u00e9s dans mes films. La structure en parall\u00e8le, avec ce road-movie d\u2019un c\u00f4t\u00e9, et ce huis clos familial de l\u2019autre, \u00e9tait \u00e0 la fois ce qui paraissait le plus difficile \u00e0 r\u00e9ussir, mais du coup, aussi, le plus excitant. J\u2019ai beaucoup travaill\u00e9 en particulier sur les rythmes de ces deux histoires parall\u00e8les, qui au d\u00e9but fonctionnent en contraste crois\u00e9, pour finir par se rejoindre en un mouvement plus dramatique vers la fin.<\/p>\n<p><strong>Le film raconte le parcours d\u2019un jeune femme qui \u00ab\u00a0gr\u00e2ce\u00a0\u00bb \u00e0 une agression apprend \u00e0 s\u2019affirmer, \u00e0 devenir elle-m\u00eame.<\/strong><\/p>\n<p>En effet, si Claire n\u2019est pas le personnage \u00ab\u00a0principal\u00a0\u00bb du film, elle en est le personnage \u00ab\u00a0central\u00a0\u00bb : soit on est avec elle, soit on est avec sa famille, qui parle d\u2019elle et permet de la comprendre d\u2019une autre mani\u00e8re, \u00ab\u00a0en creux\u00a0\u00bb. Car Claire est une jeune femme qui ne parle pas, ne se livre pas, et il est difficile de savoir ce qu\u2019elle pense ou ce qui lui ferait plaisir. Sa rencontre forc\u00e9e avec Philippe lui donne finalement l\u2019occasion de parler, et d\u2019apprendre \u00e0 dire \u00ab\u00a0non\u00a0\u00bb. Quand Philippe la laisse sur le bord de la route, elle est \u00e0 la \u00ab\u00a0crois\u00e9e des chemins\u00a0\u00bb, tout est possible, \u00e0 elle de choisir sa route, de prendre sa vie en mains et au spectateur d\u2019imaginer la suite\u2026 Pour moi, la fin du film est optimiste.<\/p>\n<p><strong>C\u2019est aussi un film qui crie \u00ab\u00a0Famille, je vous hais\u00a0!\u00a0\u00bb\u2026<\/strong><\/p>\n<p>C\u2019est un drame familial, mais aussi, par certains c\u00f4t\u00e9s, une com\u00e9die familiale. La famille est source de conflits mais dans les moments difficiles, ils r\u00e9pondent tous pr\u00e9sents. Au final, il y a de l\u2019amour, de l\u2019amour qui fait mal, mais de l\u2019amour toujours. Au cours de cette soir\u00e9e un peu particuli\u00e8re, les personnages se d\u00e9couvrent petit \u00e0 petit les uns les autres, apprennent \u00e0 mieux se conna\u00eetre, et se r\u00e9v\u00e8lent finalement tous plus complexes et plus fragiles qu\u2019au premier abord. Je tenais beaucoup \u00e0 leur donner leur chance \u00e0 tous.<\/p>\n<h1><\/h1>\n<p>&nbsp;<\/p>\n<p>&nbsp;<\/p>\n","protected":false},"excerpt":{"rendered":"<p>Paris-Deauville est votre premi\u00e8re fiction longue et c\u2019est aussi votre premi\u00e8re r\u00e9alisation en cam\u00e9ra num\u00e9rique. Deux nouvelles exp\u00e9riences\u2026 Oui, c\u2019est mon premier \u00ab\u00a0long-m\u00e9trage\u00a0\u00bb, et je suis tr\u00e8s reconnaissante \u00e0 Pierre Chevalier de m\u2019avoir donn\u00e9 cette chance. C\u2019est en effet une &hellip; <a href=\"http:\/\/lutineetcie.com\/lutinelefilm\/comedie\/realisatrice\/paris-deauville\/interview\/\">Continuer la lecture <span class=\"meta-nav\">&rarr;<\/span><\/a><\/p>\n","protected":false},"author":1,"featured_media":0,"parent":853,"menu_order":2,"comment_status":"closed","ping_status":"closed","template":"sidebar-page.php","meta":[],"_links":{"self":[{"href":"http:\/\/lutineetcie.com\/lutinelefilm\/wp-json\/wp\/v2\/pages\/3134"}],"collection":[{"href":"http:\/\/lutineetcie.com\/lutinelefilm\/wp-json\/wp\/v2\/pages"}],"about":[{"href":"http:\/\/lutineetcie.com\/lutinelefilm\/wp-json\/wp\/v2\/types\/page"}],"author":[{"embeddable":true,"href":"http:\/\/lutineetcie.com\/lutinelefilm\/wp-json\/wp\/v2\/users\/1"}],"replies":[{"embeddable":true,"href":"http:\/\/lutineetcie.com\/lutinelefilm\/wp-json\/wp\/v2\/comments?post=3134"}],"version-history":[{"count":1,"href":"http:\/\/lutineetcie.com\/lutinelefilm\/wp-json\/wp\/v2\/pages\/3134\/revisions"}],"predecessor-version":[{"id":3135,"href":"http:\/\/lutineetcie.com\/lutinelefilm\/wp-json\/wp\/v2\/pages\/3134\/revisions\/3135"}],"up":[{"embeddable":true,"href":"http:\/\/lutineetcie.com\/lutinelefilm\/wp-json\/wp\/v2\/pages\/853"}],"wp:attachment":[{"href":"http:\/\/lutineetcie.com\/lutinelefilm\/wp-json\/wp\/v2\/media?parent=3134"}],"curies":[{"name":"wp","href":"https:\/\/api.w.org\/{rel}","templated":true}]}}