{"id":3163,"date":"2016-04-05T20:04:09","date_gmt":"2016-04-05T19:04:09","guid":{"rendered":"http:\/\/lutineetcie.com\/lutinelefilm\/?page_id=3163"},"modified":"2016-05-09T16:35:47","modified_gmt":"2016-05-09T15:35:47","slug":"meta-extrait-interview","status":"publish","type":"page","link":"http:\/\/lutineetcie.com\/lutinelefilm\/documentaire\/theorie\/lutins\/meta-extrait-interview\/","title":{"rendered":"Meta &#8211; Extrait interview"},"content":{"rendered":"<p>\u00ab\u00a0<strong>Une femme qui a plusieurs amoureux\u00a0<\/strong>\u2013 ou amoureuses \u2013\u00a0notamment en tant que m\u00e8re, va beaucoup s\u2019exposer au\u00a0<strong>regard m\u00e9fiant de la soci\u00e9t\u00e9<\/strong>. Donc l\u2019id\u00e9e, plut\u00f4t que d\u2019appliquer un \u00ab\u00a0<em>Pour vivre heureux, vivons cach\u00e9s<\/em>\u00a0\u00bb\u00a0\u2013\u00a0ce qui aurait signifi\u00e9 aussi : vivre cach\u00e9s de nos enfants \u2013\u00a0c\u2019\u00e9tait,\u00a0avant que ma fille ne soit en \u00e2ge d\u2019\u00eatre confront\u00e9e au pr\u00e9jug\u00e9 social, de\u00a0<strong>faire en sorte de changer ce pr\u00e9jug\u00e9<\/strong>.<\/p>\n<div class=\"page\" title=\"Page 4\">\n<div class=\"layoutArea\">\n<div class=\"column\">\n<p>Nous, on a choisi de vivre de fa\u00e7on \u00e0 inclure les gens qui rentrent dans la vie des uns et des autres. \u00c7a nous para\u00eet un meilleur moyen d\u2019\u00eatre heureux, d\u2019\u00eatre \u00e9quilibr\u00e9s, que de se mentir, de se cacher, de se faire du mal pour rien, de se quitter. Nous, c\u2019est comme \u00e7a qu\u2019on pense &#8211; chacun t\u00e2tonne&#8230; &#8211; qu\u2019on peut contribuer \u00e0 faire un enfant heureux.\u00bb<\/p>\n<\/div>\n<\/div>\n<\/div>\n<p><a href=\"http:\/\/lutineetcie.com\/lutinelefilm\/wp-content\/uploads\/2015\/02\/Meta.jpg\"><img decoding=\"async\" loading=\"lazy\" class=\" wp-image-2025 size-full aligncenter\" src=\"http:\/\/lutineetcie.com\/lutinelefilm\/wp-content\/uploads\/2015\/02\/Meta.jpg\" sizes=\"(max-width: 953px) 100vw, 953px\" srcset=\"http:\/\/lutineetcie.com\/lutinelefilm\/wp-content\/uploads\/2015\/02\/Meta-300x166.jpg 300x, http:\/\/lutineetcie.com\/lutinelefilm\/wp-content\/uploads\/2015\/02\/Meta-500x276.jpg 500x, http:\/\/lutineetcie.com\/lutinelefilm\/wp-content\/uploads\/2015\/02\/Meta.jpg 953x\" alt=\"Meta\" width=\"953\" height=\"527\" \/><\/a><\/p>\n<p>ISA<br \/>\nJe voulais aussi qu\u2019on parle du\u00a0<strong>polyamour comme un concept f\u00e9ministe<\/strong>. Est-ce c\u2019est quelque chose que tu pr\u00e9senterais comme \u00e7a ?<\/p>\n<p>META<br \/>\nC\u2019est quelque chose que je pr\u00e9senterais compl\u00e8tement comme f\u00e9ministe, au sens o\u00f9 l\u2019un des principes de base du polyamour, c\u2019est que<strong>\u00a0chaque partenaire a les m\u00eames droits<\/strong>. Et qu\u2019<strong>on ne prend pas des libert\u00e9s qu\u2019on n\u2019autoriserait pas \u00e0 l\u2019autre.<\/strong><br \/>\nParce que pour un homme, devenir polyamoureux, c\u2019est justement renoncer \u00e0 son privil\u00e8ge d\u2019homme. Et donc moi, \u00e0 titre intime et personnel, je trouve \u00e7a tr\u00e8s \u00e9mouvant un homme qui dit\u00a0:\u00a0\u00ab\u00a0<em>Ben voil\u00e0, je t\u2019aime,\u00a0<strong>tu es une femme, je t\u2019aime, et tu es aussi libre que moi<\/strong><strong>.<\/strong><\/em>\u00a0\u00bb<\/p>\n<p>&nbsp;<\/p>\n<p>Et\u00a0aussi :<br \/>\n\u00ab\u00a0Je pense que l\u2019image du polyamour se d\u00e9marque \u00e9norm\u00e9ment notamment des concepts traditionnels de polygamie, gr\u00e2ce aux femmes. Parce qu\u2019\u00e9videmment c\u2019est tr\u00e8s difficile de distinguer un polygame macho phallocrate qui a deux trois femmes \u00e0 sa botte, etc, d\u2019un polyamoureux qui a deux trois <span class=\"text_exposed_show\">amoureuses qui sont parfaitement libres, consentantes et poly aussi. Au premier regard, c\u2019est pas \u00e9vident. Tandis que le fait de voir des femmes qui assument publiquement d\u2019avoir des relations avec plusieurs hommes et y compris des relations de long terme et de projet de vie, \u00e7a tranche compl\u00e8tement.<br \/>\nL\u00e0, on est totalement \u00e0 l\u2019<strong>antith\u00e8se de la polygamie traditionnelle<\/strong>. L\u2019image interroge plus, mais aussi elle est beaucoup plus positive, justement parce qu&rsquo;elle porte cette <strong>id\u00e9e d\u2019\u00e9mancipation<\/strong>, contrairement \u00e0 la polygamie traditionnelle qui porte une id\u00e9e de domination et de soumission tr\u00e8s forte.<\/span><\/p>\n<p>Les femmes polyamoureuses portent vraiment tr\u00e8s fort une id\u00e9e d\u2019\u00e9mancipation qu\u2019il est beaucoup plus difficile pour les hommes de porter parce qu&rsquo;ils doivent se d\u00e9fendre de cette esp\u00e8ce de culture machiste.<br \/>\nPour un homme, devenir polyamoureux, c\u2019est justement <strong>renoncer \u00e0 son \u00ab\u00a0privil\u00e8ge d\u2019homme\u00a0\u00bb<\/strong> &#8211; et donc moi \u00e0 titre intime et personnel, je trouve \u00e7a tr\u00e8s \u00e9mouvant un homme qui dit : \u00ab Je t\u2019aime, tu es une femme, je t\u2019aime et tu es aussi libre que moi. \u00bb<br \/>\nIl y a un vrai \u00e9quilibre : la femme peut le porter de fa\u00e7on politique et l\u2019homme de fa\u00e7on \u00e9motionnelle, de fa\u00e7on tr\u00e8s forte et certainement pas moins significative.<\/p>\n<p>Maintenant que les femmes ont pu d\u00e9construire et ont pu se lib\u00e9rer de leurs cha\u00eenes physiologiques, les hommes et les femmes sont confront\u00e9s \u00e0 un <strong>travail d\u2019affranchissement de leurs cha\u00eenes psychologiques<\/strong>.<br \/>\nEt c\u2019est fabuleux \u00e0 faire ensemble, parce que l\u00e0 justement, <strong>on est tous dans la m\u00eame gal\u00e8re<\/strong> : on a tous besoin d\u2019affronter les m\u00eames difficult\u00e9s de jalousie, de possession&#8230;<br \/>\nOn doit <strong>apprendre \u00e0 s\u2019\u00e9couter, se regarder, \u00e9couter l\u2019autre<\/strong>, essayer de prendre du recul sur soi, de fa\u00e7on \u00e0 ne plus laisser la culture, qu\u2019on nous a inculqu\u00e9e tr\u00e8s profond\u00e9ment, g\u00e9rer syst\u00e9matiquement notre comportement.<br \/>\nEt finalement, c\u2019est faire preuve d\u2019une <strong>ind\u00e9pendance, d\u2019une libert\u00e9 et d\u2019une franchise intellectuelle<\/strong>, qui me para\u00eet \u00eatre totalement coh\u00e9rente avec le mouvement f\u00e9ministe.\u00a0\u00bb<\/p>\n<p>&nbsp;<\/p>\n","protected":false},"excerpt":{"rendered":"<p>\u00ab\u00a0Une femme qui a plusieurs amoureux\u00a0\u2013 ou amoureuses \u2013\u00a0notamment en tant que m\u00e8re, va beaucoup s\u2019exposer au\u00a0regard m\u00e9fiant de la soci\u00e9t\u00e9. Donc l\u2019id\u00e9e, plut\u00f4t que d\u2019appliquer un \u00ab\u00a0Pour vivre heureux, vivons cach\u00e9s\u00a0\u00bb\u00a0\u2013\u00a0ce qui aurait signifi\u00e9 aussi : vivre cach\u00e9s de &hellip; <a href=\"http:\/\/lutineetcie.com\/lutinelefilm\/documentaire\/theorie\/lutins\/meta-extrait-interview\/\">Continuer la lecture <span class=\"meta-nav\">&rarr;<\/span><\/a><\/p>\n","protected":false},"author":1,"featured_media":0,"parent":265,"menu_order":2,"comment_status":"closed","ping_status":"closed","template":"sidebar-page.php","meta":[],"_links":{"self":[{"href":"http:\/\/lutineetcie.com\/lutinelefilm\/wp-json\/wp\/v2\/pages\/3163"}],"collection":[{"href":"http:\/\/lutineetcie.com\/lutinelefilm\/wp-json\/wp\/v2\/pages"}],"about":[{"href":"http:\/\/lutineetcie.com\/lutinelefilm\/wp-json\/wp\/v2\/types\/page"}],"author":[{"embeddable":true,"href":"http:\/\/lutineetcie.com\/lutinelefilm\/wp-json\/wp\/v2\/users\/1"}],"replies":[{"embeddable":true,"href":"http:\/\/lutineetcie.com\/lutinelefilm\/wp-json\/wp\/v2\/comments?post=3163"}],"version-history":[{"count":5,"href":"http:\/\/lutineetcie.com\/lutinelefilm\/wp-json\/wp\/v2\/pages\/3163\/revisions"}],"predecessor-version":[{"id":3268,"href":"http:\/\/lutineetcie.com\/lutinelefilm\/wp-json\/wp\/v2\/pages\/3163\/revisions\/3268"}],"up":[{"embeddable":true,"href":"http:\/\/lutineetcie.com\/lutinelefilm\/wp-json\/wp\/v2\/pages\/265"}],"wp:attachment":[{"href":"http:\/\/lutineetcie.com\/lutinelefilm\/wp-json\/wp\/v2\/media?parent=3163"}],"curies":[{"name":"wp","href":"https:\/\/api.w.org\/{rel}","templated":true}]}}