{"id":3168,"date":"2016-04-05T20:12:08","date_gmt":"2016-04-05T19:12:08","guid":{"rendered":"http:\/\/lutineetcie.com\/lutinelefilm\/?page_id=3168"},"modified":"2016-04-05T20:16:58","modified_gmt":"2016-04-05T19:16:58","slug":"michele-extrait-interview","status":"publish","type":"page","link":"http:\/\/lutineetcie.com\/lutinelefilm\/documentaire\/theorie\/lutins\/michele-extrait-interview\/","title":{"rendered":"Mich\u00e8le &#8211; Extrait interview"},"content":{"rendered":"<div class=\"page\" title=\"Page 2\">\n<div class=\"layoutArea\">\n<div class=\"column\">\n<p>\u00ab\u00a0J\u2019ai tromp\u00e9 mon mari : je suis tomb\u00e9e \u00e9perdument amoureuse de quelqu\u2019un d\u2019autre un jour, et je l\u2019ai tromp\u00e9 &#8211; l\u2019adult\u00e8re classique. Je l\u2019ai bien v\u00e9cu pendant un certain temps, et puis apr\u00e8s, j\u2019ai culpabilis\u00e9 \u00e9norm\u00e9ment, et j\u2019ai arr\u00eat\u00e9 la relation de ce fait.<\/p>\n<p>\u00c0 l\u2019\u00e9poque, je me disais que j\u2019\u00e9tais compl\u00e8tement dingue. Surtout, je pensais que quand on trompait son conjoint, c\u2019est qu\u2019on ne l\u2019aimait plus. Et l\u00e0, je me regardais et je me disais : \u00ab Je l\u2019aime toujours, je n\u2019ai pas du tout envie de le quitter, je veux continuer \u00e0 vivre avec lui&#8230; \u00bb<\/p>\n<p>Et le jour o\u00f9 j\u2019ai entendu parler du polyamour, avec un livre de Fran\u00e7oise Simp\u00e8re, \u00e7a a vraiment \u00e9t\u00e9 : \u00ab Ouah ! Mais en fait, il y a d\u2019autres gens qui vivent comme \u00e7a, je ne suis pas folle \u00bb, et \u00e7a a vraiment \u00e9t\u00e9 apaisant.<\/p>\n<p>Quand des gens ne connaissent pas le concept et qu\u2019on leur dit qu\u2019on vit comme \u00e7a, parfois on nous r\u00e9pond : \u00ab C\u2019est pas vraiment de l\u2019amour : on n\u2019est pas jaloux, qu\u2019en fait, on ne s\u2019aime pas vraiment. \u00bb<\/p>\n<p>Et en fait, c\u2019est tout le contraire: c\u2019est une magnifique preuve d\u2019amour justement, d\u2019accepter de laisser tomber tout ce dans quoi on a toujours v\u00e9cu, toutes ces id\u00e9es de possession, de possessivit\u00e9, d\u2019appartenance. C\u2019est justement parce qu\u2019il y a \u00e9norm\u00e9ment d\u2019amour, de bienveillance, de respect, d\u2019\u00e9changes&#8230; que \u00e7a marche.\u00a0\u00bb<\/p>\n<\/div>\n<\/div>\n<\/div>\n","protected":false},"excerpt":{"rendered":"<p>\u00ab\u00a0J\u2019ai tromp\u00e9 mon mari : je suis tomb\u00e9e \u00e9perdument amoureuse de quelqu\u2019un d\u2019autre un jour, et je l\u2019ai tromp\u00e9 &#8211; l\u2019adult\u00e8re classique. Je l\u2019ai bien v\u00e9cu pendant un certain temps, et puis apr\u00e8s, j\u2019ai culpabilis\u00e9 \u00e9norm\u00e9ment, et j\u2019ai arr\u00eat\u00e9 la &hellip; <a href=\"http:\/\/lutineetcie.com\/lutinelefilm\/documentaire\/theorie\/lutins\/michele-extrait-interview\/\">Continuer la lecture <span class=\"meta-nav\">&rarr;<\/span><\/a><\/p>\n","protected":false},"author":1,"featured_media":0,"parent":265,"menu_order":3,"comment_status":"closed","ping_status":"closed","template":"sidebar-page.php","meta":[],"_links":{"self":[{"href":"http:\/\/lutineetcie.com\/lutinelefilm\/wp-json\/wp\/v2\/pages\/3168"}],"collection":[{"href":"http:\/\/lutineetcie.com\/lutinelefilm\/wp-json\/wp\/v2\/pages"}],"about":[{"href":"http:\/\/lutineetcie.com\/lutinelefilm\/wp-json\/wp\/v2\/types\/page"}],"author":[{"embeddable":true,"href":"http:\/\/lutineetcie.com\/lutinelefilm\/wp-json\/wp\/v2\/users\/1"}],"replies":[{"embeddable":true,"href":"http:\/\/lutineetcie.com\/lutinelefilm\/wp-json\/wp\/v2\/comments?post=3168"}],"version-history":[{"count":1,"href":"http:\/\/lutineetcie.com\/lutinelefilm\/wp-json\/wp\/v2\/pages\/3168\/revisions"}],"predecessor-version":[{"id":3169,"href":"http:\/\/lutineetcie.com\/lutinelefilm\/wp-json\/wp\/v2\/pages\/3168\/revisions\/3169"}],"up":[{"embeddable":true,"href":"http:\/\/lutineetcie.com\/lutinelefilm\/wp-json\/wp\/v2\/pages\/265"}],"wp:attachment":[{"href":"http:\/\/lutineetcie.com\/lutinelefilm\/wp-json\/wp\/v2\/media?parent=3168"}],"curies":[{"name":"wp","href":"https:\/\/api.w.org\/{rel}","templated":true}]}}