{"id":3170,"date":"2016-04-05T20:14:46","date_gmt":"2016-04-05T19:14:46","guid":{"rendered":"http:\/\/lutineetcie.com\/lutinelefilm\/?page_id=3170"},"modified":"2016-04-05T20:16:48","modified_gmt":"2016-04-05T19:16:48","slug":"anne-extrait-interview","status":"publish","type":"page","link":"http:\/\/lutineetcie.com\/lutinelefilm\/documentaire\/theorie\/lutins\/anne-extrait-interview\/","title":{"rendered":"Anne &#8211; Extrait interview"},"content":{"rendered":"<p><strong>ANNE<\/strong><\/p>\n<p>Par essence, c\u2019est antinomique \u2013 je vais m\u2019expliquer \u2013 et en m\u00eame temps, <strong>l\u2019un n\u2019exclut pas l\u2019autre.<\/strong><\/p>\n<p>Dans l\u2019\u00e9changisme, ou le libertinage dans ce sens-l\u00e0, il y a en g\u00e9n\u00e9ral une limite qui est qu\u2019on a le droit d\u2019\u00e9changer son corps, mais pas le reste. Donc le contrat typique de base, c\u2019est du sexe sans sentiments.<\/p>\n<p>C\u2019est antinomique, pourquoi\u00a0? Parce que dans la polyamorie, par d\u00e9finition, on est sur la <strong>libert\u00e9<\/strong> de vivre ce qu\u2019on a \u00e0 vivre\u00a0: on est sur l\u2019id\u00e9e que personne n\u2019appartient \u00e0 personne, et qu\u2019on est libre d\u2019\u00e9prouver des sentiments, d\u2019\u00e9changer des choses, son corps, ses sentiments, ses \u00e9motions\u2026 avec un autre.<\/p>\n<p>Et donc, des libertins pas polyamoureux, il y en a beaucoup\u00a0; des polyamoureux qui peuvent \u00eatre libertins\u2026 c\u2019est possible. L\u2019un n\u2019exclut pas l\u2019autre.<\/p>\n<p>Si on prend le livre <em>La Salope \u00e9thique<\/em>, c\u2019est vraiment \u00e7a\u00a0: il y a cette question de \u00ab\u00a0l\u2019\u00e9thique\u00a0\u00bb\u00a0: c\u2019est-\u00e0-dire, je fais ce que je veux dans la mesure o\u00f9 je ne trahis pas, je ne trompe pas, <strong>je ne blesse pas volontairement mes partenaires<\/strong>.<\/p>\n<p>Mais apr\u00e8s, une fois qu\u2019on a pos\u00e9 \u00e7a, oui, on peut coucher \u00e0 plusieurs\u2026 &#8211; ou pas.<br \/>\nSi tu as envie de coucher \u00e0 plusieurs, fais-le\u00a0! Si tu n\u2019as pas envie, ne le fais pas.<\/p>\n","protected":false},"excerpt":{"rendered":"<p>ANNE Par essence, c\u2019est antinomique \u2013 je vais m\u2019expliquer \u2013 et en m\u00eame temps, l\u2019un n\u2019exclut pas l\u2019autre. Dans l\u2019\u00e9changisme, ou le libertinage dans ce sens-l\u00e0, il y a en g\u00e9n\u00e9ral une limite qui est qu\u2019on a le droit d\u2019\u00e9changer &hellip; <a href=\"http:\/\/lutineetcie.com\/lutinelefilm\/documentaire\/theorie\/lutins\/anne-extrait-interview\/\">Continuer la lecture <span class=\"meta-nav\">&rarr;<\/span><\/a><\/p>\n","protected":false},"author":1,"featured_media":0,"parent":265,"menu_order":4,"comment_status":"closed","ping_status":"closed","template":"sidebar-page.php","meta":[],"_links":{"self":[{"href":"http:\/\/lutineetcie.com\/lutinelefilm\/wp-json\/wp\/v2\/pages\/3170"}],"collection":[{"href":"http:\/\/lutineetcie.com\/lutinelefilm\/wp-json\/wp\/v2\/pages"}],"about":[{"href":"http:\/\/lutineetcie.com\/lutinelefilm\/wp-json\/wp\/v2\/types\/page"}],"author":[{"embeddable":true,"href":"http:\/\/lutineetcie.com\/lutinelefilm\/wp-json\/wp\/v2\/users\/1"}],"replies":[{"embeddable":true,"href":"http:\/\/lutineetcie.com\/lutinelefilm\/wp-json\/wp\/v2\/comments?post=3170"}],"version-history":[{"count":1,"href":"http:\/\/lutineetcie.com\/lutinelefilm\/wp-json\/wp\/v2\/pages\/3170\/revisions"}],"predecessor-version":[{"id":3171,"href":"http:\/\/lutineetcie.com\/lutinelefilm\/wp-json\/wp\/v2\/pages\/3170\/revisions\/3171"}],"up":[{"embeddable":true,"href":"http:\/\/lutineetcie.com\/lutinelefilm\/wp-json\/wp\/v2\/pages\/265"}],"wp:attachment":[{"href":"http:\/\/lutineetcie.com\/lutinelefilm\/wp-json\/wp\/v2\/media?parent=3170"}],"curies":[{"name":"wp","href":"https:\/\/api.w.org\/{rel}","templated":true}]}}