{"id":3172,"date":"2016-04-05T20:16:16","date_gmt":"2016-04-05T19:16:16","guid":{"rendered":"http:\/\/lutineetcie.com\/lutinelefilm\/?page_id=3172"},"modified":"2016-04-05T20:17:07","modified_gmt":"2016-04-05T19:17:07","slug":"laurent-extrait-interview","status":"publish","type":"page","link":"http:\/\/lutineetcie.com\/lutinelefilm\/documentaire\/theorie\/lutins\/laurent-extrait-interview\/","title":{"rendered":"Laurent &#8211; Extrait interview"},"content":{"rendered":"<p><strong>LAURENT (disant le texte de PIERRE) <\/strong><\/p>\n<p>Pour moi, ce qui fait la sp\u00e9cificit\u00e9 du polyamour, c\u2019est la notion de <strong>consensus<\/strong> entre les partenaires\u00a0: le fait qu\u2019on soit <strong>d\u2019accord sur le principe<\/strong> de la non-exclusivit\u00e9.<br \/>\nEt que ce ne soit ni un truc impos\u00e9 l\u2019un \u00e0 l\u2019autre, ni un truc cach\u00e9 l\u2019un \u00e0 l\u2019autre, ni une mise devant le fait accompli. C\u2019est le fait d\u2019\u00eatre d\u2019accord, philosophiquement, et d\u2019assumer les \u00e9ventuels risques sur le fait que l\u2019autre est libre d\u2019aller voir ailleurs.<\/p>\n<p>On en parle <em>avant<\/em>, <strong>on se met d\u2019accord <em>avant<\/em><\/strong>, sur le fait que oui, on peut \u00eatre int\u00e9ress\u00e9 par d\u2019autres personnes, et qu\u2019on s\u2019autorise mutuellement \u00e0 avoir d\u2019autres partenaires &#8211; sexuels, sentimentaux\u2026 \u00e7a, \u00e7a peut \u00eatre affin\u00e9 dans l\u2019accord entre les partenaires &#8211; mais on est d\u2019accord sur le principe d\u2019une non-exclusivit\u00e9, en se disant que ce n\u2019est pas une n\u00e9gation de la relation, que \u00e7a ne la d\u00e9truira pas, que \u00e7a ne se fait pas <em>contre<\/em> la relation.<\/p>\n<p>\u00c0 l\u2019inverse, arriver un jour devant son partenaire, en disant\u00a0: \u00ab\u00a0<em>Ch\u00e9rie, je te trompe depuis trois mois, mais en fait, je viens de comprendre que c\u2019est parce que je suis polyamoureux\u00a0<\/em>\u00bb, ce n\u2019est pas du polyamour. On ne peut pas dire qu\u2019on est polyamoureux si on fait \u00e7a. Je dis pas que c\u2019est mal ou quoi, mais c\u2019est de l\u2019adult\u00e8re, c\u2019est ce qu\u2019on veut, mais ce n\u2019est pas du polyamour.<\/p>\n<p>Ce qui fait vraiment l\u2019essence du polyamour, pour moi, c\u2019est le dialogue, mais surtout le <strong>consentement<\/strong>, l\u2019accord entre les partenaires.<\/p>\n<p>&nbsp;<\/p>\n<p><strong>\u00c0 PROPOS DE LA JALOUSIE<\/strong><\/p>\n<p>La jalousie, c\u2019est int\u00e9ressant, parce qu\u2019on peut r\u00e9ussir \u00e0 surmonter sa propre jalousie\u00a0: <strong>la jalousie, \u00e7a se travaille<\/strong>.<\/p>\n<p>La jalousie est en fait l\u2019expression d\u2019une peur qui nous est propre\u00a0: ce que fait l\u2019autre nous plonge dans une situation qui <em>ressemble<\/em> \u00e0 une situation dont on a peur.<\/p>\n<p>Et en g\u00e9n\u00e9ral, ce sont des <strong>peurs d\u2019enfance\u00a0<\/strong>: la peur d\u2019\u00eatre abandonn\u00e9, de pas \u00eatre aim\u00e9, de pas \u00eatre le meilleur. Ce sont des peurs de cet ordre-l\u00e0, mais qu\u2019en g\u00e9n\u00e9ral, on ne reconna\u00eet pas\u00a0: quand elles surgissent, on ne les reconna\u00eet pas. Elles surgissent sous la forme d\u2019un n\u0153ud \u00e0 l\u2019estomac, sous la forme d\u2019un truc o\u00f9 on se dit\u00a0: \u00ab\u00a0<em>Ah, je suis jaloux, c\u2019est parce que l\u2019autre est en train de faire un truc.<\/em> \u00bb<em><\/p>\n<p><\/em>On ne se rend pas compte qu\u2019au fond, ce qu\u2019on ressent, c\u2019est la peur d\u2019un trucd\u2019enfance, pas r\u00e9solu.<\/p>\n<p>Et quand on en prend conscience, d\u2019abord on le relativise &#8211; on se rend compte que l\u2019autre ne nous met pas en danger dans ce qu\u2019il fait &#8211; moins que ce qu\u2019on imagine &#8211; et d\u2019autre part, on peut se dire\u00a0: \u00ab\u00a0<em>En fait, cette peur est irrationnelle.<\/em> \u00bb<\/p>\n","protected":false},"excerpt":{"rendered":"<p>LAURENT (disant le texte de PIERRE) Pour moi, ce qui fait la sp\u00e9cificit\u00e9 du polyamour, c\u2019est la notion de consensus entre les partenaires\u00a0: le fait qu\u2019on soit d\u2019accord sur le principe de la non-exclusivit\u00e9. Et que ce ne soit ni &hellip; <a href=\"http:\/\/lutineetcie.com\/lutinelefilm\/documentaire\/theorie\/lutins\/laurent-extrait-interview\/\">Continuer la lecture <span class=\"meta-nav\">&rarr;<\/span><\/a><\/p>\n","protected":false},"author":1,"featured_media":0,"parent":265,"menu_order":1,"comment_status":"closed","ping_status":"closed","template":"sidebar-page.php","meta":[],"_links":{"self":[{"href":"http:\/\/lutineetcie.com\/lutinelefilm\/wp-json\/wp\/v2\/pages\/3172"}],"collection":[{"href":"http:\/\/lutineetcie.com\/lutinelefilm\/wp-json\/wp\/v2\/pages"}],"about":[{"href":"http:\/\/lutineetcie.com\/lutinelefilm\/wp-json\/wp\/v2\/types\/page"}],"author":[{"embeddable":true,"href":"http:\/\/lutineetcie.com\/lutinelefilm\/wp-json\/wp\/v2\/users\/1"}],"replies":[{"embeddable":true,"href":"http:\/\/lutineetcie.com\/lutinelefilm\/wp-json\/wp\/v2\/comments?post=3172"}],"version-history":[{"count":1,"href":"http:\/\/lutineetcie.com\/lutinelefilm\/wp-json\/wp\/v2\/pages\/3172\/revisions"}],"predecessor-version":[{"id":3173,"href":"http:\/\/lutineetcie.com\/lutinelefilm\/wp-json\/wp\/v2\/pages\/3172\/revisions\/3173"}],"up":[{"embeddable":true,"href":"http:\/\/lutineetcie.com\/lutinelefilm\/wp-json\/wp\/v2\/pages\/265"}],"wp:attachment":[{"href":"http:\/\/lutineetcie.com\/lutinelefilm\/wp-json\/wp\/v2\/media?parent=3172"}],"curies":[{"name":"wp","href":"https:\/\/api.w.org\/{rel}","templated":true}]}}