{"id":3195,"date":"2016-04-17T19:12:04","date_gmt":"2016-04-17T18:12:04","guid":{"rendered":"http:\/\/lutineetcie.com\/lutinelefilm\/?page_id=3195"},"modified":"2019-03-14T15:02:33","modified_gmt":"2019-03-14T14:02:33","slug":"visuel","status":"publish","type":"page","link":"http:\/\/lutineetcie.com\/lutinelefilm\/kit-pro\/visuel\/","title":{"rendered":"Visuel \/ Visual"},"content":{"rendered":"<p>Vous pouvez t\u00e9l\u00e9charger ici le \u00ab\u00a0visuel\u00a0\u00bb du film\u00a0selon la taille dont vous avez besoin pour vos \u00e9v\u00e9nements et projections (pour les \u00e9v\u00e9nements Facebook, c&rsquo;est en g\u00e9n\u00e9ral le 2nd qui convient le mieux). Merci de faire en sorte de respecter ces coupes et surtout de bien garder la signature de Chlouk\u00a0(vous pouvez d\u00e9couvrir son travail sur <a href=\"http:\/\/chlouk.blogspot.fr\">le Blog de Chlouk<\/a>).<br \/>\n***<br \/>\nYou can download here any visual that you might need to use, according to the size that suits you best (usually what works best for Facebook is the second one).<br \/>\nPlease try to respect these suggestions and especially <a href=\"http:\/\/chlouk.blogspot.fr\">Chlouk<\/a>&lsquo;s signature.<\/p>\n<p><a href=\"http:\/\/lutineetcie.com\/lutinelefilm\/wp-content\/uploads\/2016\/04\/1-PAGE-OFFICIELLE.jpg\" rel=\"attachment wp-att-3196\"><img decoding=\"async\" loading=\"lazy\" class=\"alignnone wp-image-3196 size-full\" src=\"http:\/\/lutineetcie.com\/lutinelefilm\/wp-content\/uploads\/2016\/04\/1-PAGE-OFFICIELLE.jpg\" alt=\"1-PAGE OFFICIELLE\" width=\"2953\" height=\"1093\" srcset=\"http:\/\/lutineetcie.com\/lutinelefilm\/wp-content\/uploads\/2016\/04\/1-PAGE-OFFICIELLE.jpg 2953w, http:\/\/lutineetcie.com\/lutinelefilm\/wp-content\/uploads\/2016\/04\/1-PAGE-OFFICIELLE-300x111.jpg 300w, http:\/\/lutineetcie.com\/lutinelefilm\/wp-content\/uploads\/2016\/04\/1-PAGE-OFFICIELLE-768x284.jpg 768w, http:\/\/lutineetcie.com\/lutinelefilm\/wp-content\/uploads\/2016\/04\/1-PAGE-OFFICIELLE-1024x379.jpg 1024w, http:\/\/lutineetcie.com\/lutinelefilm\/wp-content\/uploads\/2016\/04\/1-PAGE-OFFICIELLE-500x185.jpg 500w\" sizes=\"(max-width: 2953px) 100vw, 2953px\" \/><\/a><\/p>\n<p>&nbsp;<\/p>\n<p><a href=\"http:\/\/lutineetcie.com\/lutinelefilm\/wp-content\/uploads\/2016\/04\/3-BAN.TOUSCO-copie.jpg\" rel=\"attachment wp-att-3197\"><img decoding=\"async\" loading=\"lazy\" class=\"aligncenter wp-image-3197 size-full\" src=\"http:\/\/lutineetcie.com\/lutinelefilm\/wp-content\/uploads\/2016\/04\/3-BAN.TOUSCO-copie.jpg\" alt=\"3-BAN.TOUSCO - copie\" width=\"643\" height=\"300\" srcset=\"http:\/\/lutineetcie.com\/lutinelefilm\/wp-content\/uploads\/2016\/04\/3-BAN.TOUSCO-copie.jpg 643w, http:\/\/lutineetcie.com\/lutinelefilm\/wp-content\/uploads\/2016\/04\/3-BAN.TOUSCO-copie-300x140.jpg 300w, http:\/\/lutineetcie.com\/lutinelefilm\/wp-content\/uploads\/2016\/04\/3-BAN.TOUSCO-copie-500x233.jpg 500w\" sizes=\"(max-width: 643px) 100vw, 643px\" \/><\/a><\/p>\n<p>&nbsp;<\/p>\n<p><a href=\"http:\/\/lutineetcie.com\/lutinelefilm\/wp-content\/uploads\/2016\/04\/4-VIGN-TOUSCO.jpg\" rel=\"attachment wp-att-3198\"><img decoding=\"async\" loading=\"lazy\" class=\"aligncenter wp-image-3198 size-full\" src=\"http:\/\/lutineetcie.com\/lutinelefilm\/wp-content\/uploads\/2016\/04\/4-VIGN-TOUSCO.jpg\" alt=\"4-VIGN-TOUSCO\" width=\"640\" height=\"360\" srcset=\"http:\/\/lutineetcie.com\/lutinelefilm\/wp-content\/uploads\/2016\/04\/4-VIGN-TOUSCO.jpg 640w, http:\/\/lutineetcie.com\/lutinelefilm\/wp-content\/uploads\/2016\/04\/4-VIGN-TOUSCO-300x169.jpg 300w, http:\/\/lutineetcie.com\/lutinelefilm\/wp-content\/uploads\/2016\/04\/4-VIGN-TOUSCO-500x281.jpg 500w\" sizes=\"(max-width: 640px) 100vw, 640px\" \/><\/a><\/p>\n","protected":false},"excerpt":{"rendered":"<p>Vous pouvez t\u00e9l\u00e9charger ici le \u00ab\u00a0visuel\u00a0\u00bb du film\u00a0selon la taille dont vous avez besoin pour vos \u00e9v\u00e9nements et projections (pour les \u00e9v\u00e9nements Facebook, c&rsquo;est en g\u00e9n\u00e9ral le 2nd qui convient le mieux). Merci de faire en sorte de respecter ces &hellip; <a href=\"http:\/\/lutineetcie.com\/lutinelefilm\/kit-pro\/visuel\/\">Continuer la lecture <span class=\"meta-nav\">&rarr;<\/span><\/a><\/p>\n","protected":false},"author":1,"featured_media":0,"parent":2579,"menu_order":9,"comment_status":"closed","ping_status":"closed","template":"sidebar-page.php","meta":[],"_links":{"self":[{"href":"http:\/\/lutineetcie.com\/lutinelefilm\/wp-json\/wp\/v2\/pages\/3195"}],"collection":[{"href":"http:\/\/lutineetcie.com\/lutinelefilm\/wp-json\/wp\/v2\/pages"}],"about":[{"href":"http:\/\/lutineetcie.com\/lutinelefilm\/wp-json\/wp\/v2\/types\/page"}],"author":[{"embeddable":true,"href":"http:\/\/lutineetcie.com\/lutinelefilm\/wp-json\/wp\/v2\/users\/1"}],"replies":[{"embeddable":true,"href":"http:\/\/lutineetcie.com\/lutinelefilm\/wp-json\/wp\/v2\/comments?post=3195"}],"version-history":[{"count":5,"href":"http:\/\/lutineetcie.com\/lutinelefilm\/wp-json\/wp\/v2\/pages\/3195\/revisions"}],"predecessor-version":[{"id":5895,"href":"http:\/\/lutineetcie.com\/lutinelefilm\/wp-json\/wp\/v2\/pages\/3195\/revisions\/5895"}],"up":[{"embeddable":true,"href":"http:\/\/lutineetcie.com\/lutinelefilm\/wp-json\/wp\/v2\/pages\/2579"}],"wp:attachment":[{"href":"http:\/\/lutineetcie.com\/lutinelefilm\/wp-json\/wp\/v2\/media?parent=3195"}],"curies":[{"name":"wp","href":"https:\/\/api.w.org\/{rel}","templated":true}]}}