{"id":3224,"date":"2016-04-19T12:48:56","date_gmt":"2016-04-19T11:48:56","guid":{"rendered":"http:\/\/lutineetcie.com\/lutinelefilm\/?page_id=3224"},"modified":"2019-05-10T18:19:53","modified_gmt":"2019-05-10T17:19:53","slug":"organiser","status":"publish","type":"page","link":"http:\/\/lutineetcie.com\/lutinelefilm\/projections\/organiser\/","title":{"rendered":"Organiser une projection \/ Organize a Screening"},"content":{"rendered":"<p>Pour\u00a0<strong>organiser vous-m\u00eame une projection<\/strong>\u00a0en\u00a0<strong>avant-premi\u00e8re<\/strong>\u00a0exceptionnelle de\u00a0<em>LUTINE<\/em>\u00a0pr\u00e8s de chez vous :<br \/>\n1.\u00a0<a href=\"mailto:lutinelefilm@gmail.com\">M\u2019\u00e9crire<\/a> pour minformer de votre d\u00e9sir et\u00a0<strong>trouver un cin\u00e9ma<\/strong>\u00a0\u2013 ou une salle avec un r\u00e9tro-projecteur, un \u00e9cran et une sono \u2013 pr\u00e8s de chez vous ;<br \/>\n2.\u00a0<strong>Trouver\u00a0des soutiens<\/strong>\u00a0autour de vous pour rassurer l\u2019exploitant\u00b7e que vous ne serez pas seul\u00b7e dans sa salle le jour de la projection ;<br \/>\n3.\u00a0T\u00e9l\u00e9charger les\u00a0<a href=\"http:\/\/lutineetcie.com\/lutinelefilm\/press-kit\/\"><strong>outils de communication<\/strong><\/a>\u00a0pour mieux le\/la convaincre ;<br \/>\n4.\u00a0<strong>D\u00e9marcher le\u00a0cin\u00e9ma<\/strong>,\u00a0avec mon aide et mon soutien :\u00a0LUTINE a un visa et un DCP ;<br \/>\n5.\u00a0<strong>Valider une date<\/strong>\u00a0pour une projection ;<br \/>\n6.\u00a0<strong>Communiquer<\/strong>, faire marcher les r\u00e9seaux !<\/p>\n<p>Et hop, c\u2019est parti !<\/p>\n<p><strong>TO ORGANIZE A SCREENING YOURSELF<\/strong><\/p>\n<ol>\n<li><a href=\"mailto:lutinelefilm@gmail.com\">Tell me about it<\/a> and find a place \/ a theater next to where you live ;<\/li>\n<li>Find support in your community to be sure not to be alone and reassure the theater if it&rsquo;s a theater ;<\/li>\n<li>Download the <a href=\"http:\/\/lutineetcie.com\/lutinelefilm\/press-kit\/\">communication tools<\/a>: visuals, pictures, press kit ;<\/li>\n<li>Contact\u00a0the theater, with my help and support;<\/li>\n<li>Agree on a schedule;<\/li>\n<li>Communicate through your website, blog, social networks, community&#8230;<\/li>\n<\/ol>\n<p>And there you go!<\/p>\n<p style=\"text-align: center;\">***<\/p>\n<p style=\"text-align: center;\">LUTINE sortira officiellement en <strong>sortie nationale le mercredi 11 avril 2018<\/strong><br \/>\n\u00e0 Paris aux 3 Luxembourg et partout en France o\u00f9 les salles le demanderont.<\/p>\n<p style=\"text-align: center;\">D&rsquo;ici l\u00e0, il est possible d&rsquo;organiser\u00a0des <strong>avant-premi\u00e8res exceptionnelles<\/strong> partout o\u00f9 vous le souhaitez, <a href=\"http:\/\/lutineetcie.com\/lutinelefilm\/projections\/past\/\">o\u00f9 que vous soyez dans le monde<\/a>.<\/p>\n<p style=\"text-align: center;\">*** You can organize a screening <a href=\"http:\/\/lutineetcie.com\/lutinelefilm\/projections\/past\/\">wherever you are in the world<\/a>:<br \/>\njust contact me at <a href=\"mailto:lutinelefilm@gmail.com\">lutinelefilm@gmail.com<\/a>***<\/p>\n<p>Toutes les projections de LUTINE qui pour l\u2019instant ont eu lieu en France et \u00e0 l\u2019\u00e9tranger n\u2019ont pas toujours eu lieu dans des salles de cin\u00e9ma :\u00a0<strong>la salle de cin\u00e9ma, c\u2019est mieux<\/strong>, parce que les conditions sont optimales d\u2019un point de vue technique, bien s\u00fbr ; mais ce n\u2019est pas imp\u00e9ratif : mieux vaut passer le film dans un premier temps dans une salle des f\u00eates avec un r\u00e9tro-projecteur, que ne pas le passer du tout !<\/p>\n<p>C\u2019est petit \u00e0 petit, et parce qu\u2019ils en auront entendu parler par les\u00a0spectateurs\u00b7trices qui l\u2019auront vu\u00a0<em>autrement<\/em>, que les exploitant\u00b7es commenceront \u00e0 s\u2019int\u00e9resser au film.<\/p>\n<p>Pour les\u00a0cin\u00e9mas : LUTINE a d\u00e9sormais\u00a0d\u00e9sormais son\u00a0<a href=\"http:\/\/lutineetcie.com\/lutinelefilm\/projections\/visa-dexploitation\/\">visa d&rsquo;exploitation<\/a>\u00a0officiel du CNC pour \u00ab\u00a0tous publics\u00a0\u00bb en bonne et due forme : le n\u00b0 147725.<\/p>\n<p>Les\u00a0projections hors cin\u00e9ma, elles, se font \u00ab\u00a0<strong>au chapeau<\/strong>\u00a0\u00bb : les spectateurs\u00b7trices\u00a0participent \u00e0 la hauteur de ce qu&rsquo;ielles souhaitent \/ peuvent, pour permettre \u00e0 d&rsquo;autres de voir le film \u00e0 leur tour.<\/p>\n<p>\u00c0 vous, donc !\u00a0<strong>Je compte sur vous !!!<\/strong><\/p>\n<p>&nbsp;<\/p>\n","protected":false},"excerpt":{"rendered":"<p>Pour\u00a0organiser vous-m\u00eame une projection\u00a0en\u00a0avant-premi\u00e8re\u00a0exceptionnelle de\u00a0LUTINE\u00a0pr\u00e8s de chez vous : 1.\u00a0M\u2019\u00e9crire pour minformer de votre d\u00e9sir et\u00a0trouver un cin\u00e9ma\u00a0\u2013 ou une salle avec un r\u00e9tro-projecteur, un \u00e9cran et une sono \u2013 pr\u00e8s de chez vous ; 2.\u00a0Trouver\u00a0des soutiens\u00a0autour de vous pour &hellip; <a href=\"http:\/\/lutineetcie.com\/lutinelefilm\/projections\/organiser\/\">Continuer la lecture <span class=\"meta-nav\">&rarr;<\/span><\/a><\/p>\n","protected":false},"author":1,"featured_media":0,"parent":2878,"menu_order":2,"comment_status":"closed","ping_status":"closed","template":"sidebar-page.php","meta":[],"_links":{"self":[{"href":"http:\/\/lutineetcie.com\/lutinelefilm\/wp-json\/wp\/v2\/pages\/3224"}],"collection":[{"href":"http:\/\/lutineetcie.com\/lutinelefilm\/wp-json\/wp\/v2\/pages"}],"about":[{"href":"http:\/\/lutineetcie.com\/lutinelefilm\/wp-json\/wp\/v2\/types\/page"}],"author":[{"embeddable":true,"href":"http:\/\/lutineetcie.com\/lutinelefilm\/wp-json\/wp\/v2\/users\/1"}],"replies":[{"embeddable":true,"href":"http:\/\/lutineetcie.com\/lutinelefilm\/wp-json\/wp\/v2\/comments?post=3224"}],"version-history":[{"count":13,"href":"http:\/\/lutineetcie.com\/lutinelefilm\/wp-json\/wp\/v2\/pages\/3224\/revisions"}],"predecessor-version":[{"id":4574,"href":"http:\/\/lutineetcie.com\/lutinelefilm\/wp-json\/wp\/v2\/pages\/3224\/revisions\/4574"}],"up":[{"embeddable":true,"href":"http:\/\/lutineetcie.com\/lutinelefilm\/wp-json\/wp\/v2\/pages\/2878"}],"wp:attachment":[{"href":"http:\/\/lutineetcie.com\/lutinelefilm\/wp-json\/wp\/v2\/media?parent=3224"}],"curies":[{"name":"wp","href":"https:\/\/api.w.org\/{rel}","templated":true}]}}