{"id":3226,"date":"2016-04-19T12:49:44","date_gmt":"2016-04-19T11:49:44","guid":{"rendered":"http:\/\/lutineetcie.com\/lutinelefilm\/?page_id=3226"},"modified":"2023-01-19T20:52:51","modified_gmt":"2023-01-19T19:52:51","slug":"a-venir","status":"publish","type":"page","link":"http:\/\/lutineetcie.com\/lutinelefilm\/projections\/a-venir\/","title":{"rendered":"Projections \u00e0 venir \/ Screenings to come"},"content":{"rendered":"<p style=\"text-align: center;\">Cin\u00e9-rencontres : projections de LUTINE en pr\u00e9sence de la r\u00e9alisatrice<strong>\u00a0en Ard\u00e8che<\/strong><\/p>\n<ul>\n<li style=\"text-align: left;\">le dimanche 22 janvier 2023 \u00e0 18h au cin\u00e9ma Vivans <strong>aux Vans<\/strong> + caf\u00e9 poly \u00e0 20h30<\/li>\n<li style=\"text-align: left;\">le lundi 23 janvier \u00e0 20h30 au cin\u00e9ma Le Vivarais <strong>\u00e0 Privas<\/strong> + caf\u00e9 poly \u00e0 18h<\/li>\n<li style=\"text-align: left;\">le mardi 24 janvier \u00e0 20h au cin\u00e9 Lumi\u00e8re <strong>\u00e0 Romans-sur-Is\u00e8re<\/strong><\/li>\n<\/ul>\n<p style=\"text-align: center;\"><a href=\"https:\/\/ecrevis.eco\/site\/agenda\/\"><br \/>\n<\/a><a href=\"http:\/\/lutineetcie.com\/lutinelefilm\/wp-content\/uploads\/2016\/04\/Capture-d\u2019e\u0301cran-2023-01-19-a\u0300-19.51.15.png\"><img decoding=\"async\" loading=\"lazy\" class=\"alignnone size-medium wp-image-6210\" src=\"http:\/\/lutineetcie.com\/lutinelefilm\/wp-content\/uploads\/2016\/04\/Capture-d\u2019e\u0301cran-2023-01-19-a\u0300-19.51.15-296x300.png\" alt=\"Capture d\u2019e\u0301cran 2023-01-19 a\u0300 19.51.15\" width=\"296\" height=\"300\" srcset=\"http:\/\/lutineetcie.com\/lutinelefilm\/wp-content\/uploads\/2016\/04\/Capture-d\u2019e\u0301cran-2023-01-19-a\u0300-19.51.15-296x300.png 296w, http:\/\/lutineetcie.com\/lutinelefilm\/wp-content\/uploads\/2016\/04\/Capture-d\u2019e\u0301cran-2023-01-19-a\u0300-19.51.15.png 345w\" sizes=\"(max-width: 296px) 100vw, 296px\" \/><\/a><\/p>\n<p style=\"text-align: center;\">Plus d&rsquo;infos sur <a href=\"https:\/\/polyamour.info\/evenement\/-Os-\/LUTINE-cine-rencontres-avec-la-realisatrice-en-Ardeche-les-22\/\">polyamour.info<\/a> ou sur l&rsquo;<a href=\"https:\/\/www.facebook.com\/events\/1809272956124538\">\u00e9v\u00e9nement Facebook<\/a><\/p>\n<p style=\"text-align: center;\">***************<\/p>\n<p style=\"text-align: center;\">***************<\/p>\n<p style=\"text-align: center;\">S\u00e9ance en e-cin\u00e9ma suivie d&rsquo;une rencontre avec la r\u00e9alisatrice<br \/>\n<em>E-screening + e-meeting with the directress in ENGLISH<\/em><\/p>\n<h1 style=\"text-align: center;\"><strong>Chacun\u00b7e chez soi et, en m\u00eame temps, tou\u00b7tes ensemble !<br \/>\n<\/strong><em>Everyone at home and all together!<\/em><\/h1>\n<p>&nbsp;<\/p>\n<h1 style=\"text-align: center;\"><\/h1>\n<p style=\"text-align: center;\"><em>For ENGLISH: see below<\/em><\/p>\n<p style=\"text-align: center;\">LUTINE est en fran\u00e7ais, et vous pouvez choisir d&rsquo;y ajouter des sous-titres \/<br \/>\n<em>The film is in French and you can add a choice of subtitles:<\/em><br \/>\n<strong><em>Catalan, Deutsch, English, Fran\u00e7ais, Espa\u00f1ol, Esperanto, Italian<\/em><\/strong><\/p>\n<p style=\"text-align: center;\">Le 18 avril, la rencontre par visioconf\u00e9rence ensuite aura lieu en anglais.<br \/>\nPour une rencontre en fran\u00e7ais, rendez-vous le 25 avril.<br \/>\n<em>On April 18th, the Q&amp;A session with the directress will be in English.\u00a0<\/em><\/p>\n<p style=\"text-align: left;\"><strong><br \/>\n*** QUESTIONS PRATIQUES ***<\/strong><\/p>\n<p style=\"text-align: left;\">Avant le jour de la projection \u00e0 20h, faire une donation libre et en conscience :<\/p>\n<form action=\"https:\/\/www.paypal.com\/cgi-bin\/webscr\" method=\"post\" target=\"_top\">\n<ul>\n<li>Montant sugg\u00e9r\u00e9 : 5\u20ac par personne<\/li>\n<li>Montant solidaire : \u00e0 partir de 2\u20ac<\/li>\n<li>Montant de soutien : \u00e0 partir de 8\u20ac<\/li>\n<\/ul>\n<\/form>\n<p>Vous recevrez alors juste apr\u00e8s 20h le jour de la projection :<br \/>\n&#8211; une invitation Zoom\u00a0pour vous inscrire pour la soir\u00e9e. Vous pourrez le faire \u00e0 l&rsquo;heure de votre convenance<br \/>\n&#8211; et vous recevrez alors automatiquement un lien PRIV\u00c9 et un mot de passe pour nous rejoindre \u00e0 21h sur Zoom.<\/p>\n<p>*** COPRODS ***\u00a0 : si vous faites partie de l&rsquo;\u00e9quipe des \u00ab\u00a0coprods\u00a0\u00bb (les personnes qui ont contribu\u00e9 au financement participatif du film), vous \u00eates bien s\u00fbr invit\u00e9\u00b7e \u00e0 la s\u00e9ance :\u00a0envoyez-moi un mail \u00e0 <a href=\"mailto:contact@lutineetcie.com\">contact@lutineetcie.com<\/a><\/p>\n<p>Pour rejoindre ZOOM, l&rsquo;id\u00e9al est de t\u00e9l\u00e9charger\u00a0l&rsquo;application \u00e0 l&rsquo;avance (www.zoom.us),\u00a0et d&rsquo;utiliser de pr\u00e9f\u00e9rence le browser CHROME (plut\u00f4t que Safari ou Firefox).<br \/>\nVotre micro sera d\u00e9sactiv\u00e9 par d\u00e9faut.<br \/>\nMerci, dans la mesure du possible, d&rsquo;activer votre web-cam\u00e9ra, afin que chacun\u00b7e se sente plus en s\u00e9curit\u00e9.<\/p>\n<p><strong>*** HORAIRES ***<\/strong><\/p>\n<p>&#8211; 21h-21h15 :accueil sur ZOOM et migration vers VIMEO<br \/>\n<span style=\"font-weight: 300;\">&#8211; 21h15-22h50 : projection du film via VIMEO (1h37&prime;)<br \/>\n<\/span><span style=\"font-weight: 300;\">&#8211; 23h : retour \u00e0 la visioconf\u00e9rence sur ZOOM pour une discussion en ligne post-film\u00a0<\/span><\/p>\n<p style=\"text-align: center;\"><a href=\"http:\/\/lutineetcie.com\/lutinelefilm\/wp-content\/uploads\/2016\/04\/6.Banner.png\"><img decoding=\"async\" loading=\"lazy\" class=\"alignnone wp-image-6093\" src=\"http:\/\/lutineetcie.com\/lutinelefilm\/wp-content\/uploads\/2016\/04\/6.Banner-300x55.png\" alt=\"6.Banner\" width=\"400\" height=\"74\" srcset=\"http:\/\/lutineetcie.com\/lutinelefilm\/wp-content\/uploads\/2016\/04\/6.Banner-300x55.png 300w, http:\/\/lutineetcie.com\/lutinelefilm\/wp-content\/uploads\/2016\/04\/6.Banner-768x142.png 768w, http:\/\/lutineetcie.com\/lutinelefilm\/wp-content\/uploads\/2016\/04\/6.Banner-500x92.png 500w, http:\/\/lutineetcie.com\/lutinelefilm\/wp-content\/uploads\/2016\/04\/6.Banner.png 975w\" sizes=\"(max-width: 400px) 100vw, 400px\" \/><\/a><\/p>\n<p>&nbsp;<\/p>\n<p style=\"text-align: left;\"><strong>*** ENGLISH ***<\/strong><\/p>\n<p><em>See the event on the <a href=\"https:\/\/www.meetup.com\/fr-FR\/Meetup-Poly-Paris\/events\/270335804\/\">Paris Poly Meetup Group<\/a>.\u00a0<\/em><strong><br \/>\n<\/strong><br \/>\nTwo years after its release in French movie theaters, and since the containment here in Paris, I&rsquo;ve been organizing e-screenings of my film LUTINE: you can watch it at home, and yet all together at the same time!<strong><br \/>\n<\/strong><\/p>\n<div class=\"_2cuy _3dgx _2vxa\">\n<p>LUTINE is in French but subtitles are available in many languages:<br \/>\nCatatan, Deutsch, English, Espa\u00f1ol, Itallian<br \/>\nand soon to come: Esperanto and Portuguese.<\/p>\n<p>And the discussion after the film is in English!<\/p>\n<p>So please feel welcome!<\/p>\n<p>More info on the film on:<br \/>\n<a href=\"http:\/\/lutineetcie.com\/lutinelefilm\/other-languages\/?fbclid=IwAR2s71tto2UKTSLYzt5BBqySChIS249TxC7wecvnU4vr-8LaeKO-56fbkHc\" target=\"_blank\" rel=\"noopener nofollow\" data-lynx-mode=\"asynclazy\" data-lynx-uri=\"https:\/\/l.facebook.com\/l.php?u=http%3A%2F%2Flutineetcie.com%2Flutinelefilm%2Fother-languages%2F%3Ffbclid%3DIwAR2s71tto2UKTSLYzt5BBqySChIS249TxC7wecvnU4vr-8LaeKO-56fbkHc&amp;h=AT2tcMN7sK0D3FJft4GiU5taUewH1HpxSTSEZWqXEYLQrZ9FJI7vhVbf7F-6HrDrOjfCG2JHDK1NmBH69j0it8vnKuVgVFi9af22O_zrISxfG_FZRnLNSLKaIRRVHSQuewH4m_1m_ZiTlmypykoK9HcA7Kcb-0K5EQKM_b9XSdA\">http:\/\/lutineetcie.com\/lutinelefilm\/other-languages\/<\/a><\/p>\n<p><strong>*** THE STORY ***<\/strong><br \/>\nA director is filming a documentary on polyamory:<br \/>\nsomewhere between documentary and fiction,<br \/>\nshe takes risks and she cannot always measure the consequences\u2026 Will her sweetheart be able to stand up to the challenge of polyamory? Will she finish her film?<\/p>\n<p><strong>*** HISTORY***<\/strong><br \/>\nLUTINE has won the Best Feature Award and the Best Screenplay Award at the Vancouver International Women in Film Festival in 2017.<br \/>\nIt was first screened at the Non Monogamies and Contemporary Intimacies International Conference in Lisbon and then in numerous poly events around the world, from Berkeley to Roma, Bangalore in India, Ta\u00efwan, Montreal, Barcelona, Berlin&#8230;<\/p>\n<p>See the past screenings on:<br \/>\n<a href=\"http:\/\/lutineetcie.com\/lutinelefilm\/projections\/past\/?fbclid=IwAR1VAXtG8PV4geOO8OeS4TotC4zW-3hJWLL2nilyzcWN4RNcuNoVPg5gRII\" target=\"_blank\" rel=\"noopener nofollow\" data-lynx-mode=\"asynclazy\" data-lynx-uri=\"https:\/\/l.facebook.com\/l.php?u=http%3A%2F%2Flutineetcie.com%2Flutinelefilm%2Fprojections%2Fpast%2F%3Ffbclid%3DIwAR1VAXtG8PV4geOO8OeS4TotC4zW-3hJWLL2nilyzcWN4RNcuNoVPg5gRII&amp;h=AT0-aeorkz21mTwnNxJV-u-BcdcYf6rwhmcdMNWmkRJB91Vr56smRZKO1wi4s8ZazaAEzSuhyva4YSPEAk4N-zzfr3EJCzLz2XS3AsGP1eXQD43xifVnigyg07xiaSKzQjCViKnKZ04VYhVz9er5ZlHejFFMtANxg6hMTutnxkc\">http:\/\/lutineetcie.com\/lutinelefilm\/projections\/past\/<\/a><\/p>\n<p><strong>*** CONTRIBUTION ***<\/strong><\/p>\n<p>Please send a\u00a0Free and conscious contribution before 8 PM CEST (Paris time) or 2 PM CST<\/p>\n<ul>\n<li>Suggested Donation: 5\u20ac by viewer<\/li>\n<li>Solidarity Donation: 2-4\u20ac<\/li>\n<li>Support Donation:\u00a0above\u00a08\u20ac<\/li>\n<\/ul>\n<p>-via TIPEEE: this is my artist&rsquo;s account \u2013 like Patreon, except you can give only once)\u00a0\u00a0<a href=\"https:\/\/fr.tipeee.com\/isa-lutine\">https:\/\/fr.tipeee.com\/isa-lutine<\/a><br \/>\n&#8211; or via PAYPAL :\u00a0<a href=\"http:\/\/www.paypal.me\/isalutine\/?fbclid=IwAR02i1wzKjKihhCIZClIFOcZESr-ME3Fo0bEVeRV6q4tbrqoIA2L9HS3bm4\" target=\"_blank\" rel=\"noopener nofollow\" data-lynx-mode=\"asynclazy\" data-lynx-uri=\"https:\/\/l.facebook.com\/l.php?u=http%3A%2F%2Fwww.paypal.me%2Fisalutine%2F%3Ffbclid%3DIwAR02i1wzKjKihhCIZClIFOcZESr-ME3Fo0bEVeRV6q4tbrqoIA2L9HS3bm4&amp;h=AT0XlhFjHMKBriop-CJBk5AsjOQ6OuynFvdRn9NcQjBrUhx00KXCsq_TTPGbm3Za23UMA4DKAAklLo89mr09d5iBHP4zBzw0X04lyDzk6CYtis4t6-Xefx_Btl3qgblw36x3gmfwdl8gLZFvTFQg0OVJ_URv2GSiLJr7eCxNqkw\">www.paypal.me\/isalutine\/<\/a><\/p>\n<p>and I will then send you an email with a link to register to our Zoom meeting!<\/p>\n<p>&nbsp;<\/p>\n<\/div>\n<div class=\"_2cuy _3dgx _2vxa\" style=\"text-align: center;\">\n<form action=\"https:\/\/www.paypal.com\/cgi-bin\/webscr\" method=\"post\" target=\"_top\"><input title=\"PayPal - The safer, easier way to pay online!\" alt=\"Donate with PayPal button\" name=\"submit\" src=\"https:\/\/www.paypalobjects.com\/en_US\/FR\/i\/btn\/btn_donateCC_LG.gif\" type=\"image\" \/><\/p>\n<p><a href=\"http:\/\/lutineetcie.com\/lutinelefilm\/wp-content\/uploads\/2016\/04\/Paypal.png\"><img decoding=\"async\" loading=\"lazy\" class=\"alignnone size-full wp-image-6131\" src=\"http:\/\/lutineetcie.com\/lutinelefilm\/wp-content\/uploads\/2016\/04\/Paypal.png\" alt=\"Paypal\" width=\"297\" height=\"170\" \/><\/a><\/p>\n<p>&nbsp;<\/p>\n<\/form>\n<\/div>\n<div class=\"text_exposed_show\">\n<div class=\"_2cuy _3dgx _2vxa\" style=\"text-align: center;\">\n<p>&nbsp;<\/p>\n<p><strong>********************************************************<\/strong><a href=\"https:\/\/www.facebook.com\/events\/235298087671677\/?acontext=%7B%22source%22%3A22%2C%22action_history%22%3A%22%5B%7B%5C%22surface%5C%22%3A%5C%22timeline%5C%22%2C%5C%22mechanism%5C%22%3A%5C%22surface%5C%22%2C%5C%22extra_data%5C%22%3A%5B%5D%7D%5D%22%2C%22has_source%22%3Atrue%7D&amp;source=22&amp;action_history=%5B%7B%22surface%22%3A%22timeline%22%2C%22mechanism%22%3A%22surface%22%2C%22extra_data%22%3A%5B%5D%7D%5D&amp;has_source=1&amp;__tn__=%2CdK-R-R&amp;eid=ARCWjEZQwHegwzZNrwjVi0qoDN3vQ-IzQBl5__83eEnW5LQSf9facB0T1cLy2BC3-5_hh-Ap3S_yTHm4&amp;fref=mentions\"><br \/>\n<\/a><\/p>\n<\/div>\n<\/div>\n<p style=\"text-align: left;\"><strong>*** D\u00c9TAILS DES CIN\u00c9-RENCONTRES + CERCLES POLY \u00c0 VENIR ***<\/strong><\/p>\n<p style=\"text-align: left;\"><strong>Projections initialement programm\u00e9es en avril 2020 <\/strong><strong>et report\u00e9es<\/strong> pour cause de covid-19<\/p>\n<ul>\n<li><strong>Chamb\u00e9ry<\/strong>, cin\u00e9ma Le Forum<\/li>\n<li><strong>Aix-les-Bains<\/strong>, cin\u00e9ma le Victoria<\/li>\n<li><strong>Gen\u00e8ve<\/strong>, cin\u00e9ma le CDD<\/li>\n<\/ul>\n<p><strong>Accords de principe et dates\u00a0\u00e0 confirmer :<\/strong><br \/>\n&#8211; Montpellier, cin\u00e9ma Utopia Sainte-Bernadette<br \/>\n&#8211; Marseille : le 3 ou 4 juin<br \/>\n&#8211; Lyon ou alentour : le 7 ou 8 juin<br \/>\n&#8211; Strasbourg : le 9 ou 10 juin<br \/>\n&#8211; Valence, cin\u00e9ma Le Navire<br \/>\n&#8211; Toulon, cin\u00e9ma Le Royal<br \/>\n&#8211; Perpignan, Cin\u00e9math\u00e8que<br \/>\n&#8230;<\/p>\n<p>*** CIN\u00c9-RENCONTRES ***<\/p>\n<p>Toutes les projections list\u00e9es ci-dessous sont :<br \/>\n&#8212; suivies d&rsquo;une <strong>rencontre\u00a0avec la r\u00e9alisatrice<br \/>\n<\/strong>&#8212; si\u00a0possible <strong>pr\u00e9c\u00e9d\u00e9es d&rsquo;un\u00a0\u00ab\u00a0caf\u00e9 poly\u00a0\u00bb <\/strong>: comme un \u00ab\u00a0caf\u00e9 philo\u00a0\u00bb, dans lequel on parle de relations plurielles \u00e9thiques en\u00a0cercle de parole non-directif.<\/p>\n<p><strong><br \/>\n*** ACCESSIBILIT\u00c9 ***<\/strong><\/p>\n<p>Toutes les s\u00e9ances de LUTINE sont aussi<br \/>\n&#8211;<strong> en VFST-Fr\u00a0+<\/strong>\u00a0traduction des d\u00e9bats en LSF d\u00e8s que possible<br \/>\n&#8211;<strong> et\u00a0audiodescription disponible<\/strong> via\u00a0l&rsquo;appli Greta sur smartphone<\/p>\n<p><em>Toutes infos sur l&rsquo;onglet <a href=\"http:\/\/www.lutinelefilm.com\/accessibilite\/\">Accessibilit\u00e9<\/a>.<\/em><\/p>\n<p><strong>\u00a0<\/strong><\/p>\n<p>&nbsp;<\/p>\n<p>&nbsp;<\/p>\n<p>&nbsp;<\/p>\n<p><a href=\"http:\/\/lutineetcie.com\/lutinelefilm\/wp-content\/uploads\/2016\/04\/200314_Avignon_Gazette.png\"><br \/>\n<\/a><\/p>\n<p>&nbsp;<\/p>\n<p>&nbsp;<\/p>\n<div class=\"\" data-block=\"true\" data-editor=\"4ejjp\" data-offset-key=\"4fagh-0-0\"><\/div>\n<p>&nbsp;<\/p>\n","protected":false},"excerpt":{"rendered":"<p>Cin\u00e9-rencontres : projections de LUTINE en pr\u00e9sence de la r\u00e9alisatrice\u00a0en Ard\u00e8che le dimanche 22 janvier 2023 \u00e0 18h au cin\u00e9ma Vivans aux Vans + caf\u00e9 poly \u00e0 20h30 le lundi 23 janvier \u00e0 20h30 au cin\u00e9ma Le Vivarais \u00e0 Privas &hellip; <a href=\"http:\/\/lutineetcie.com\/lutinelefilm\/projections\/a-venir\/\">Continuer la lecture <span class=\"meta-nav\">&rarr;<\/span><\/a><\/p>\n","protected":false},"author":1,"featured_media":0,"parent":2878,"menu_order":1,"comment_status":"closed","ping_status":"closed","template":"sidebar-page.php","meta":[],"_links":{"self":[{"href":"http:\/\/lutineetcie.com\/lutinelefilm\/wp-json\/wp\/v2\/pages\/3226"}],"collection":[{"href":"http:\/\/lutineetcie.com\/lutinelefilm\/wp-json\/wp\/v2\/pages"}],"about":[{"href":"http:\/\/lutineetcie.com\/lutinelefilm\/wp-json\/wp\/v2\/types\/page"}],"author":[{"embeddable":true,"href":"http:\/\/lutineetcie.com\/lutinelefilm\/wp-json\/wp\/v2\/users\/1"}],"replies":[{"embeddable":true,"href":"http:\/\/lutineetcie.com\/lutinelefilm\/wp-json\/wp\/v2\/comments?post=3226"}],"version-history":[{"count":301,"href":"http:\/\/lutineetcie.com\/lutinelefilm\/wp-json\/wp\/v2\/pages\/3226\/revisions"}],"predecessor-version":[{"id":6212,"href":"http:\/\/lutineetcie.com\/lutinelefilm\/wp-json\/wp\/v2\/pages\/3226\/revisions\/6212"}],"up":[{"embeddable":true,"href":"http:\/\/lutineetcie.com\/lutinelefilm\/wp-json\/wp\/v2\/pages\/2878"}],"wp:attachment":[{"href":"http:\/\/lutineetcie.com\/lutinelefilm\/wp-json\/wp\/v2\/media?parent=3226"}],"curies":[{"name":"wp","href":"https:\/\/api.w.org\/{rel}","templated":true}]}}