{"id":3260,"date":"2016-05-06T15:25:30","date_gmt":"2016-05-06T14:25:30","guid":{"rendered":"http:\/\/lutineetcie.com\/lutinelefilm\/?page_id=3260"},"modified":"2018-02-15T11:32:57","modified_gmt":"2018-02-15T10:32:57","slug":"lutine-par-ana-stendhal","status":"publish","type":"page","link":"http:\/\/lutineetcie.com\/lutinelefilm\/presse\/blogs\/lutine-par-ana-stendhal\/","title":{"rendered":"Article d&rsquo;Ana Stendhal"},"content":{"rendered":"<div>\n<p><b>&#8230; sur son blog <a href=\"http:\/\/anastendhal.blogspot.fr\/2016\/03\/lutine-un-film-disabelle-broue.html?zx=e2cb621d1b6895fc\">Le Rouge et le Noir<\/a><\/b>, le 16 mars 2016<\/p>\n<p>Note : C&rsquo;est par l&rsquo;interm\u00e9diaire d&rsquo;un ami que j&rsquo;ai entendu parler du projet et surtout que j&rsquo;ai eu l&rsquo;occasion de le voir gr\u00e2ce \u00e0 une invitation \u00e0 une s\u00e9ance priv\u00e9e. Le sujet nous est assez cher, car lui comme moi sommes polyamoureux (mais pas ensemble), et nous \u00e9changeons au sujet de nos exp\u00e9riences respectives depuis de nombreux mois. <i>Lutine<\/i> nous intriguait l&rsquo;un et l&rsquo;autre, forc\u00e9ment.<\/p>\n<\/div>\n<div><\/div>\n<div><b>Synopsis<\/b> :\u00a0Une r\u00e9alisatrice d\u00e9cide de tourner,\u00a0l\u00e0 maintenant, tout de suite, un documentaire sur le lutinage\u00a0\u2013 aussi appel\u00e9 polyamour, ou l\u2019art des amours plurielles.<br \/>\nCom\u00e9die documentaire, ou plus exactement : une com\u00e9die ET un documentaire,\u00a0<i>Lutine<\/i> est un OFNI :\u00a0un Objet Filmique Non Identifi\u00e9.<br \/>\nLe film \u00e0 l\u2019arriv\u00e9e est un montage improbable entre\u00a0d\u2019un c\u00f4t\u00e9, un vrai documentaire s\u00e9rieux sur le lutinage,\u00a0et de l\u2019autre, le pseudo making of de son tournage,\u00a0doubl\u00e9 d\u2019une v\u00e9ritable fiction\u00a0le jour o\u00f9 la r\u00e9alisatrice embauche un com\u00e9dien pour jouer\u2026\u00a0le r\u00f4le de son amoureux dans la vie !<br \/>\nJouant avec les \u00e9motions et les sentiments\u00a0\u2013 surtout ceux des autres \u2013\u00a0brouillant les pistes entre r\u00e9alit\u00e9 et fiction,\u00a0elle prend des risques\u00a0dont elle ne mesure pas toujours les cons\u00e9quences\u2026<br \/>\nSon couple y r\u00e9sistera-t-il ? Finira-t-elle son film ?<b>Et ce que j&rsquo;en dis<\/b> : Ah, ces synopsis qui en disent trop et me coupent l&rsquo;herbe sous le pied, j&rsquo;adore&#8230; Car oui, le film est exactement \u00e7a : un OFNI. Mais un OFNI dont la forme d\u00e9routante le rend au final tr\u00e8s fut\u00e9 et ludique.Les premi\u00e8res minutes sont un peu perturbantes, le temps de comprendre que la r\u00e9alisatrice se met elle-m\u00eame en sc\u00e8ne dans une mise en abyme de la r\u00e9alisation de son propre film sur un sujet qu&rsquo;elle va \u00e0 la fois documenter et explorer par elle-m\u00eame. Mais est-ce Isa, la r\u00e9alisatrice dans le film, ou Isabelle, la r\u00e9alisatrice du film, qui parle vraiment ? Et qui parle quand Isa se met \u00e0 son tour \u00e0 jouer dans son film ?<\/p>\n<div>La forme joue en permanence sur trois niveaux : le film en lui-m\u00eame qui est une com\u00e9die qui relate le tournage du film documentaire sur le polyamour et les tournages avec des acteurs (qui gardent souvent leurs vrais pr\u00e9noms) qui interpr\u00e8tent des polyamoureux, mais qui ne le sont pas vraiment, mais vont parfois le devenir dans le film. Le tout entrecoup\u00e9 de t\u00e9moignages de vrais polyamoureux qui vont aussi jouer un r\u00f4le dans le film. Et tous les niveaux s&rsquo;intersectent sans pr\u00e9venir. Vous suivez ?\u00a0Tout le trouble g\u00e9n\u00e9r\u00e9 par\u00a0<i>Lutine<\/i>\u00a0est l\u00e0 et est m\u00eame soulign\u00e9,\u00a0\u00e0 un moment du film, \u00a0par les acteurs qui ont l&rsquo;air de s&rsquo;y perdre entre les personnages qu&rsquo;ils interpr\u00e8tent dans le film du film et dans le film. Pourtant, quelque part, c&rsquo;est amusant de s&rsquo;\u00e9garer, de se raccrocher aux branches et de penser avoir finalement\u00a0compris. Ou pas. Le r\u00e9sultat est l\u00e0 en tout cas : le spectateur est attentif.<\/div>\n<div>En utilisant ce proc\u00e9d\u00e9 qui donne un peu mal \u00e0 la t\u00eate sur le papier, \u00e7a force le spectateur \u00e0 prendre constamment du recul sur ce qu&rsquo;il voit, \u00e0 comparer les situations et \u00e0 analyser. On croit regarder un documentaire, mais on comprend vite, \u00e0 force de digressions, qu&rsquo;il s&rsquo;agit d&rsquo;une com\u00e9die qui traite s\u00e9rieusement du polyamour. Et que le polyamour, comme beaucoup d&rsquo;autres situations dans nos vies (la vie de couple \u00e0 deux notamment), n&rsquo;est pas un fonctionnement si simple que \u00e7a. Il y a un apprentissage \u00e0 faire et c&rsquo;est en le vivant qu&rsquo;on en comprend vraiment les m\u00e9canismes.<\/div>\n<p>Qu&rsquo;en est-il du contenu du coup ? Il s&rsquo;y dit des choses tellement vraies, tellement limpides, qui me parlent \u00e9norm\u00e9ment. \u00c7a me rappelle mon propre parcours en fait. Et j&rsquo;aime tellement entendre dire que le polyamour est f\u00e9ministe. Puis, on y cite <i>La Salope \u00e9thique<\/i>, mon livre de r\u00e9f\u00e9rence, celui que je conseille \u00e0 mes amis libertins (car <i>La Salope<\/i> n&rsquo;est pas que sur le polyamour, c&rsquo;est avant tout sur les relations non exclusives, quelle que soit leur teneur). Par la mise en parall\u00e8le de sc\u00e8nes de vie qui n&rsquo;ont rien de polyamoureuses avec ce qu&rsquo;est le polyamour dans les faits, il y a un paquet de bonnes questions soulev\u00e9es. Comment g\u00e9rer la jalousie ? Comment travailler sur soi ? Comment identifier et g\u00e9rer ses peurs ? Comment apprendre \u00e0 bien communiquer ? C&rsquo;est vraiment bien vu et applicable dans bien des domaines de la vie amoureuse, en plus d&rsquo;\u00eatre des questions essentielles \u00e0 se poser quand on se lance dans les amours plurielles.<\/p>\n<p>Cerise sur le g\u00e2teau, comme de plus en plus souvent quand il est question de polyamour, le sujet est trait\u00e9 avec une absence de jugement et beaucoup de douceur qui donne \u00e0 la chose une aura de bien-\u00eatre et d&rsquo;\u00e9panouissement. Ce qu&rsquo;elle est si on a la chance de pouvoir s&rsquo;y abandonner.<\/p>\n<\/div>\n","protected":false},"excerpt":{"rendered":"<p>&#8230; sur son blog Le Rouge et le Noir, le 16 mars 2016 Note : C&rsquo;est par l&rsquo;interm\u00e9diaire d&rsquo;un ami que j&rsquo;ai entendu parler du projet et surtout que j&rsquo;ai eu l&rsquo;occasion de le voir gr\u00e2ce \u00e0 une invitation \u00e0 &hellip; <a href=\"http:\/\/lutineetcie.com\/lutinelefilm\/presse\/blogs\/lutine-par-ana-stendhal\/\">Continuer la lecture <span class=\"meta-nav\">&rarr;<\/span><\/a><\/p>\n","protected":false},"author":1,"featured_media":0,"parent":4641,"menu_order":4,"comment_status":"closed","ping_status":"closed","template":"sidebar-page.php","meta":[],"_links":{"self":[{"href":"http:\/\/lutineetcie.com\/lutinelefilm\/wp-json\/wp\/v2\/pages\/3260"}],"collection":[{"href":"http:\/\/lutineetcie.com\/lutinelefilm\/wp-json\/wp\/v2\/pages"}],"about":[{"href":"http:\/\/lutineetcie.com\/lutinelefilm\/wp-json\/wp\/v2\/types\/page"}],"author":[{"embeddable":true,"href":"http:\/\/lutineetcie.com\/lutinelefilm\/wp-json\/wp\/v2\/users\/1"}],"replies":[{"embeddable":true,"href":"http:\/\/lutineetcie.com\/lutinelefilm\/wp-json\/wp\/v2\/comments?post=3260"}],"version-history":[{"count":3,"href":"http:\/\/lutineetcie.com\/lutinelefilm\/wp-json\/wp\/v2\/pages\/3260\/revisions"}],"predecessor-version":[{"id":3265,"href":"http:\/\/lutineetcie.com\/lutinelefilm\/wp-json\/wp\/v2\/pages\/3260\/revisions\/3265"}],"up":[{"embeddable":true,"href":"http:\/\/lutineetcie.com\/lutinelefilm\/wp-json\/wp\/v2\/pages\/4641"}],"wp:attachment":[{"href":"http:\/\/lutineetcie.com\/lutinelefilm\/wp-json\/wp\/v2\/media?parent=3260"}],"curies":[{"name":"wp","href":"https:\/\/api.w.org\/{rel}","templated":true}]}}