{"id":3263,"date":"2016-05-06T15:30:07","date_gmt":"2016-05-06T14:30:07","guid":{"rendered":"http:\/\/lutineetcie.com\/lutinelefilm\/?page_id=3263"},"modified":"2018-02-15T11:32:50","modified_gmt":"2018-02-15T10:32:50","slug":"article-dadam-prive","status":"publish","type":"page","link":"http:\/\/lutineetcie.com\/lutinelefilm\/presse\/blogs\/article-dadam-prive\/","title":{"rendered":"Article d&rsquo;Adam Priv\u00e9"},"content":{"rendered":"<p>&#8230; sur son site <a href=\"http:\/\/www.nouveauxplaisirs.fr\/decouverte-du-film-lutine-disabelle-broue\/19335\">Nouveaux Plaisirs<\/a>, le 26 avril 2016 :<\/p>\n<h1>D\u00e9couverte du film \u00ab\u00a0LUTINE \u00bb d\u2019Isabelle Brou\u00e9<\/h1>\n<p>Vendredi dernier\u00a0j\u2019\u00e9tais invit\u00e9 \u00e0 la projection du film long m\u00e9trage \u00ab\u00a0Lutine\u00a0\u00bb, une com\u00e9die documentaire sur le lutinage (que l\u2019on appelle aussi polyamour ou l\u2019art des amours plurielles) r\u00e9alis\u00e9 par et avec Isabelle Brou\u00e9.<\/p>\n<p>Mais\u00a0qu\u2019est-ce que le lutinage ?\u00a0Et bien, le lutinage, ou polyamour, ou encore amours plurielles, c\u2019est la libert\u00e9 de pouvoir vivre\u00a0<strong>plusieurs relations intimes\u00a0<\/strong>(amoureuses ou pas)\u00a0<strong>en parall\u00e8le\u00a0<\/strong>et avec le\u00a0<strong>consentement<\/strong>\u00a0de chacun de ses partenaires.<\/p>\n<p><a class=\"dt-single-image mfp-ready\" href=\"http:\/\/i0.wp.com\/www.nouveauxplaisirs.fr\/wp-content\/uploads\/2016\/04\/NXPL-Film-Lutine-Isabelle-Broue-10.jpg\" rel=\"attachment wp-att-19348\" data-dt-img-description=\"\"><img decoding=\"async\" loading=\"lazy\" class=\"aligncenter wp-image-19348 size-medium\" src=\"http:\/\/i0.wp.com\/www.nouveauxplaisirs.fr\/wp-content\/uploads\/2016\/04\/NXPL-Film-Lutine-Isabelle-Broue-10-550x413.jpg?fit=550%2C413\" sizes=\"(max-width: 550px) 100vw, 550px\" srcset=\"http:\/\/i0.wp.com\/www.nouveauxplaisirs.fr\/wp-content\/uploads\/2016\/04\/NXPL-Film-Lutine-Isabelle-Broue-10.jpg?resize=550%2C413 550w, http:\/\/i0.wp.com\/www.nouveauxplaisirs.fr\/wp-content\/uploads\/2016\/04\/NXPL-Film-Lutine-Isabelle-Broue-10.jpg?resize=600%2C450 600w, http:\/\/i0.wp.com\/www.nouveauxplaisirs.fr\/wp-content\/uploads\/2016\/04\/NXPL-Film-Lutine-Isabelle-Broue-10.jpg?w=1280 1280w\" alt=\"NXPL-Film-Lutine-Isabelle-Broue-10\" width=\"550\" height=\"413\" \/><\/a><\/p>\n<p><em>Nathalie Giraud (\u00e0 gauche) et Isabelle Brou\u00e9 (\u00e0 droite)<\/em><\/p>\n<p>J\u2019avais d\u00e9j\u00e0 eu l\u2019occasion de parler avec Isabelle Brou\u00e9, la r\u00e9alisatrice du film lors d\u2019un ap\u00e9ro \u00e0 propos des diff\u00e9rences et similitudes entre le lutinage et le libertinage (en tout cas tel que pratiqu\u00e9 par le\u00a0groupe que je connais) et la discussion avait \u00e9t\u00e9 fort\u00a0int\u00e9ressante (j\u2019en ferai surement\u00a0un prochain article). La conclusion \u00e9tant\u00a0qu\u2019une partie des libertins avaient une approche finalement assez proche du lutinage mais aussi\u00a0tr\u00e8s diff\u00e9rente. Bon, c\u2019est un autre sujet pas simple que je ne traiterai pas ici \u2026<\/p>\n<p>Du coup, quand Isabelle Brou\u00e9 et <a href=\"http:\/\/www.nathalie-giraud.fr\/\" target=\"_blank\">Nathalie Giraud<\/a> m\u2019ont invit\u00e9 \u00e0 une projection priv\u00e9e, j\u2019ai bien \u00e9videmment saut\u00e9 sur l\u2019occasion de d\u00e9couvrir ce film. Me voila donc vendredi soir, dans une petite salle, tout en confort, avec canap\u00e9s, et coussins par terre pour cette projection suivie d\u2019un d\u00e9bat participatif.<\/p>\n<p>Allons droit au but, j\u2019ai vraiment aim\u00e9 le film, il s\u2019agit d\u2019une com\u00e9die sur le lutinage, posant de\u00a0bonnes questions et tentant de donner aussi des r\u00e9ponses sur le sujet. Une com\u00e9die doubl\u00e9e d\u2019un aspect documentaire, un film pas classique\u2026 comme le dit Isabelle Brou\u00e9, un OFNI : un\u00a0Objet Filmique Non Identifi\u00e9.<\/p>\n<p>L\u2019histoire est un peu barr\u00e9e. Le film traite d\u2019une r\u00e9alisatrice qui va tourner un film sur le lutinage. C\u2019est donc le tournage d\u2019un film \u00e0 l\u2019int\u00e9rieur d\u2019un film. La r\u00e9alit\u00e9 du film se confond avec le tournage dans le film, m\u00eame les acteurs s\u2019y perdent volontiers au cours du film. Vous n\u2019y comprenez rien, c\u2019est pas grave, en image c\u2019est plus clair \u2026 enfin \u2026<\/p>\n<p><a class=\"dt-single-image mfp-ready\" href=\"http:\/\/i2.wp.com\/www.nouveauxplaisirs.fr\/wp-content\/uploads\/2016\/04\/NXPL-Film-Lutine-Isabelle-Broue-12.jpg\" rel=\"attachment wp-att-19349\" data-dt-img-description=\"\"><img decoding=\"async\" loading=\"lazy\" class=\"aligncenter size-medium wp-image-19349\" src=\"http:\/\/i2.wp.com\/www.nouveauxplaisirs.fr\/wp-content\/uploads\/2016\/04\/NXPL-Film-Lutine-Isabelle-Broue-12-550x413.jpg?fit=550%2C413\" sizes=\"(max-width: 550px) 100vw, 550px\" srcset=\"http:\/\/i2.wp.com\/www.nouveauxplaisirs.fr\/wp-content\/uploads\/2016\/04\/NXPL-Film-Lutine-Isabelle-Broue-12.jpg?resize=550%2C413 550w, http:\/\/i2.wp.com\/www.nouveauxplaisirs.fr\/wp-content\/uploads\/2016\/04\/NXPL-Film-Lutine-Isabelle-Broue-12.jpg?resize=600%2C450 600w, http:\/\/i2.wp.com\/www.nouveauxplaisirs.fr\/wp-content\/uploads\/2016\/04\/NXPL-Film-Lutine-Isabelle-Broue-12.jpg?w=1280 1280w\" alt=\"NXPL-Film-Lutine-Isabelle-Broue-12\" width=\"550\" height=\"413\" \/><\/a><\/p>\n<p><em>Le film \u00e9tait suivi d\u2019un d\u00e9bat fort passionnant avec l\u2019\u00e9quipe du film<\/em><\/p>\n<p>La pr\u00e9sence des acteurs est excellente et j\u2019ai ador\u00e9\u00a0<a title=\"La\u00a0r\u00e9alisatrice\" href=\"http:\/\/lutineetcie.com\/lutinelefilm\/comedie\/casting\/\" target=\"_blank\">Isabelle Brou\u00e9<\/a> (Isa dans le film) qui joue d\u00e9licieusement\u00a0bien. Sa pr\u00e9sence est p\u00e9tillante, naturelle, elle fait plaisir \u00e0 voir, joue de mani\u00e8re excellente entre la r\u00e9alit\u00e9 dans le film et le film dans le film.\u00a0<a href=\"http:\/\/lutineetcie.com\/lutinelefilm\/comedie\/casting\/\" target=\"_blank\">Mathieu Bisson<\/a>\u00a0(Ga\u00ebl, l\u2019amoureux d\u2019Isa) livre ses doutes, ses regards et construit une vraie intimit\u00e9 avec Isa.\u00a0<a href=\"http:\/\/lutineetcie.com\/lutinelefilm\/comedie\/casting\/\" target=\"_blank\">Philippe Rebbot<\/a>, qui joue le r\u00f4le de Ga\u00ebl dans le film est exceptionnel. J\u2019ai ador\u00e9 son humanit\u00e9, sa fragilit\u00e9 et son humour. Malgr\u00e9 le faible budget du film, il ne faut pas se tromper, il ne s\u2019agit pas du tout d\u2019un film d\u2019amateurs.<\/p>\n<p>J\u2019ai particuli\u00e8rement\u00a0aim\u00e9 la mani\u00e8re de cadrer et filmer, tout \u00e0 l\u2019appareil photo. Une pr\u00e9sence intimiste\u00a0dans les sc\u00e8nes, on a l\u2019impression de faire partie des sc\u00e8nes du film de temps en temps.<\/p>\n<div class=\"tiled-gallery type-square\" data-original-width=\"1200\" data-carousel-extra=\"{&quot;blog_id&quot;:1,&quot;permalink&quot;:&quot;http:\\\/\\\/www.nouveauxplaisirs.fr\\\/decouverte-du-film-lutine-disabelle-broue\\\/19335&quot;,&quot;likes_blog_id&quot;:39961238}\"><\/div>\n<p>On pourra noter\u00a0l\u2019apparition et le t\u00e9moignage de <a href=\"https:\/\/fr.wikipedia.org\/wiki\/Fran%C3%A7oise_Simp%C3%A8re\" target=\"_blank\">Fran\u00e7oise Simp\u00e8re<\/a>, une r\u00e9f\u00e9rence dans la pens\u00e9e polyamoureuse, et quelques figures connues du milieu du lutinage parisien (milieu tr\u00e8s actif et en forte augmentation depuis quelques ann\u00e9es NDLR).<\/p>\n<p>En conclusion, \u00ab\u00a0Lutine\u00a0\u00bb est un vrai moment de\u00a0cin\u00e9ma engag\u00e9 et\u00a0positif portant une vision diff\u00e9rente de la soci\u00e9t\u00e9, avec des valeurs de respect, de partage et beaucoup d\u2019amour. Un sujet pas simple, certainement d\u00e9rangeant pour certains, intriguant ou\u00a0source d\u2019inspiration pour d\u2019autres, mais qui\u00a0est bien trait\u00e9 par Isabelle Brou\u00e9.<\/p>\n<p>Bravo pour avoir eu le courage de faire un film sur un sujet peu connu et bravo pour le r\u00e9sultat. Vous ressortirez du film avec la banane et la t\u00eate pleine d\u2019id\u00e9es de r\u00e9flexion sur la vie, que demander de plus ?<\/p>\n<section class=\"shortcode-action-box box-style-table shortcode-action-bg block-style-widget fadeIn animate-element animation-triggered start-animation\">\n<div class=\"text-big\">\n<p>A mes lecteurs et lectrices, je vous encourage tous et toutes \u00e0 aller le voir si vous en avez l\u2019occasion car vous passerez un tr\u00e8s bon moment. Pour avoir plus d\u2019informations, allez sur la <a href=\"https:\/\/www.facebook.com\/LutineLeFilm\" target=\"_blank\">page facebook<\/a> ou sur <a href=\"http:\/\/www.lutinelefilm.com\/\" target=\"_blank\">le site du film ici<\/a>.<\/p>\n<\/div>\n<\/section>\n<p>R\u00e9f\u00e9rences pour ceux et celles qui veulent aller un peu plus loin sur le sujet du Lutinage:<\/p>\n<ul>\n<li><a href=\"http:\/\/polyamour.info\/-A-\/Critique-du-livre-Guide-des-amours-plurielles-de-Francoise\/\" target=\"_blank\">Guide des amours plurielles de Fran\u00e7oise Simp\u00e8re<\/a><\/li>\n<li><a href=\"http:\/\/fsimpere.over-blog.com\/\">Jouer au monde<\/a>, le blog de Fran\u00e7oise Simp\u00e8re<\/li>\n<li><a href=\"http:\/\/polyamour.info\/\" target=\"_blank\">Polyamour.info<\/a>, un site de r\u00e9f\u00e9rence en France sur le Lutinage<\/li>\n<li>Documentaire \u00ab\u00a0<a href=\"http:\/\/lutineetcie.com\/lutinelefilm\/documentaire\/tele\/\" target=\"_blank\">Amours Plurielles<\/a>\u00a0\u00bb sur le polyamour<\/li>\n<\/ul>\n<p>&nbsp;<\/p>\n","protected":false},"excerpt":{"rendered":"<p>&#8230; sur son site Nouveaux Plaisirs, le 26 avril 2016 : D\u00e9couverte du film \u00ab\u00a0LUTINE \u00bb d\u2019Isabelle Brou\u00e9 Vendredi dernier\u00a0j\u2019\u00e9tais invit\u00e9 \u00e0 la projection du film long m\u00e9trage \u00ab\u00a0Lutine\u00a0\u00bb, une com\u00e9die documentaire sur le lutinage (que l\u2019on appelle aussi polyamour &hellip; <a href=\"http:\/\/lutineetcie.com\/lutinelefilm\/presse\/blogs\/article-dadam-prive\/\">Continuer la lecture <span class=\"meta-nav\">&rarr;<\/span><\/a><\/p>\n","protected":false},"author":1,"featured_media":0,"parent":4641,"menu_order":3,"comment_status":"closed","ping_status":"closed","template":"sidebar-page.php","meta":[],"_links":{"self":[{"href":"http:\/\/lutineetcie.com\/lutinelefilm\/wp-json\/wp\/v2\/pages\/3263"}],"collection":[{"href":"http:\/\/lutineetcie.com\/lutinelefilm\/wp-json\/wp\/v2\/pages"}],"about":[{"href":"http:\/\/lutineetcie.com\/lutinelefilm\/wp-json\/wp\/v2\/types\/page"}],"author":[{"embeddable":true,"href":"http:\/\/lutineetcie.com\/lutinelefilm\/wp-json\/wp\/v2\/users\/1"}],"replies":[{"embeddable":true,"href":"http:\/\/lutineetcie.com\/lutinelefilm\/wp-json\/wp\/v2\/comments?post=3263"}],"version-history":[{"count":1,"href":"http:\/\/lutineetcie.com\/lutinelefilm\/wp-json\/wp\/v2\/pages\/3263\/revisions"}],"predecessor-version":[{"id":3264,"href":"http:\/\/lutineetcie.com\/lutinelefilm\/wp-json\/wp\/v2\/pages\/3263\/revisions\/3264"}],"up":[{"embeddable":true,"href":"http:\/\/lutineetcie.com\/lutinelefilm\/wp-json\/wp\/v2\/pages\/4641"}],"wp:attachment":[{"href":"http:\/\/lutineetcie.com\/lutinelefilm\/wp-json\/wp\/v2\/media?parent=3263"}],"curies":[{"name":"wp","href":"https:\/\/api.w.org\/{rel}","templated":true}]}}