{"id":33,"date":"2013-05-29T22:46:41","date_gmt":"2013-05-29T21:46:41","guid":{"rendered":"http:\/\/lutinelefilm.wordpress.com\/?page_id=33"},"modified":"2021-07-22T16:06:47","modified_gmt":"2021-07-22T15:06:47","slug":"contact","status":"publish","type":"page","link":"http:\/\/lutineetcie.com\/lutinelefilm\/contact\/","title":{"rendered":"Contact"},"content":{"rendered":"<p style=\"text-align: center;\">Pour toute question, \u00e9crivez \u00e0 :<br \/>\n<a href=\"mailto:contact@lutineetcie.com\">contact@lutineetcie.com<\/a><\/p>\n<p style=\"text-align: center;\">Vous nous trouverez sur Facebook :<br \/>\n\u00e0 la\u00a0<a href=\"https:\/\/www.facebook.com\/LutineLeFilm?fref=ts\">page du film<br \/>\n<\/a>et \u00e0 la\u00a0<a href=\"https:\/\/www.facebook.com\/isa.lutine?ref=tn_tnmn\">page du personnage<\/a><\/p>\n<p style=\"text-align: center;\">Et pour \u00eatre inform\u00e9(e) par mail des actualit\u00e9s de <em>LUTINE<\/em>,<br \/>\n<a href=\"https:\/\/www.helloasso.com\/associations\/lutine-cie\/formulaires\/1\">recevez\u00a0notre newsletter\u00a0<\/a><br \/>\nen participant \u00e0 sa diffusion\u00a0\u00e0 partir de 1\u20ac<em>\u00a0<\/em>!<\/p>\n<p style=\"text-align: left;\"><strong><br \/>\nNous soutenir<\/strong><\/p>\n<div class=\"entry-content\">\n<p>Je fais appel \u00e0 vous, ami\u00b7es, ami\u00b7es d\u2019ami\u00b7es, lutines et lutins, poly pratiquant\u00b7es ou poly curieuxes, curieuxes tout court, illustres inconnu\u00b7es, amoureuxes du cin\u00e9ma ou amoureuxes de l\u2019amour, pour nous\u00a0aider \u00e0 ce que le film arrive bient\u00f4t jusqu&rsquo;\u00e0 vous&#8230; parce que ce sont nos r\u00eaves qui nous rendent vivant\u00b7es, \u00e9mouvant\u00b7es, vuln\u00e9rables\u2026 humain\u00b7es.<\/p>\n<ul>\n<li><a title=\"Comment nous soutenir\u00a0?\" href=\"http:\/\/lutineetcie.com\/lutinelefilm\/soutenir\/comment-nous-soutenir\/\">Comment nous soutenir ?<\/a><\/li>\n<li><a title=\"Pourquoi je fais appel \u00e0 vous\u00a0?\" href=\"http:\/\/lutineetcie.com\/lutinelefilm\/soutenir\/pourquoi-je-fais-appel-a-vous\/\">Pourquoi je fais appel \u00e0 vous\u00a0?<\/a><\/li>\n<\/ul>\n<\/div>\n","protected":false},"excerpt":{"rendered":"<p>Pour toute question, \u00e9crivez \u00e0 : contact@lutineetcie.com Vous nous trouverez sur Facebook : \u00e0 la\u00a0page du film et \u00e0 la\u00a0page du personnage Et pour \u00eatre inform\u00e9(e) par mail des actualit\u00e9s de LUTINE, recevez\u00a0notre newsletter\u00a0 en participant \u00e0 sa diffusion\u00a0\u00e0 partir &hellip; <a href=\"http:\/\/lutineetcie.com\/lutinelefilm\/contact\/\">Continuer la lecture <span class=\"meta-nav\">&rarr;<\/span><\/a><\/p>\n","protected":false},"author":1,"featured_media":0,"parent":0,"menu_order":11,"comment_status":"closed","ping_status":"closed","template":"sidebar-page.php","meta":[],"_links":{"self":[{"href":"http:\/\/lutineetcie.com\/lutinelefilm\/wp-json\/wp\/v2\/pages\/33"}],"collection":[{"href":"http:\/\/lutineetcie.com\/lutinelefilm\/wp-json\/wp\/v2\/pages"}],"about":[{"href":"http:\/\/lutineetcie.com\/lutinelefilm\/wp-json\/wp\/v2\/types\/page"}],"author":[{"embeddable":true,"href":"http:\/\/lutineetcie.com\/lutinelefilm\/wp-json\/wp\/v2\/users\/1"}],"replies":[{"embeddable":true,"href":"http:\/\/lutineetcie.com\/lutinelefilm\/wp-json\/wp\/v2\/comments?post=33"}],"version-history":[{"count":15,"href":"http:\/\/lutineetcie.com\/lutinelefilm\/wp-json\/wp\/v2\/pages\/33\/revisions"}],"predecessor-version":[{"id":6176,"href":"http:\/\/lutineetcie.com\/lutinelefilm\/wp-json\/wp\/v2\/pages\/33\/revisions\/6176"}],"wp:attachment":[{"href":"http:\/\/lutineetcie.com\/lutinelefilm\/wp-json\/wp\/v2\/media?parent=33"}],"curies":[{"name":"wp","href":"https:\/\/api.w.org\/{rel}","templated":true}]}}