{"id":3332,"date":"2016-06-26T12:16:47","date_gmt":"2016-06-26T11:16:47","guid":{"rendered":"http:\/\/lutineetcie.com\/lutinelefilm\/?page_id=3332"},"modified":"2018-05-19T18:22:06","modified_gmt":"2018-05-19T17:22:06","slug":"article-de-clarissa-riviere","status":"publish","type":"page","link":"http:\/\/lutineetcie.com\/lutinelefilm\/presse\/blogs\/article-de-clarissa-riviere\/","title":{"rendered":"Article de Clarissa Rivi\u00e8re"},"content":{"rendered":"<p><em>\u00c0 retrouver sur le blog de Clarissa : <a href=\"http:\/\/gouters.canalblog.com\/archives\/2016\/05\/13\/33797922.html\">Les Go\u00fbters de Clarissa<\/a><\/em><strong><\/p>\n<p>Depuis que j\u2019\u00e9cris des textes \u00e9rotiques, je me suis peu \u00e0 peu familiaris\u00e9e avec les pratiques existantes\u00a0<\/strong>: le libertinage, le BDSM, le candaulisme, le f\u00e9tichisme\u2026 toutes mes fascinent, me questionnent, m\u2019int\u00e9ressent.<\/p>\n<p><strong>\u00a0\u00a0\u00a0\u00a0Un concept me restait \u00e9tranger, je le croisais pourtant de plus en plus souvent sur les r\u00e9seaux sociaux\u00a0: le polyamour.<\/strong>\u00a0Je me tenais \u00e0 l\u2019\u00e9cart, car il ne s\u2019agit pas d\u2019\u00e9rotisme, mais de relations amoureuses. Avec toutes les difficult\u00e9s inh\u00e9rentes \u00e0 l\u2019amour\u00a0: les doutes, les jalousies, les \u00ab\u00a0prises de t\u00eate\u00a0\u00bb\u2026 Quelque chose de compliqu\u00e9, puisque l\u2019id\u00e9e est de pouvoir aimer d\u2019autres personnes, et pas seulement de \u00ab\u00a0faire l\u2019amour\u00a0\u00bb comme dans le libertinage. Quand on est polyamoureux, on vit plusieurs relations simultan\u00e9es, chacun conna\u00eet la situation, l\u2019accepte, et vit de m\u00eame de son c\u00f4t\u00e9.<\/p>\n<p><strong>\u00a0\u00a0\u00a0\u00a0J\u2019\u00e9tais de plus en plus intrigu\u00e9e<\/strong>, surtout depuis qu\u2019une amie \u00e0 qui j\u2019avais confi\u00e9 certains fantasmes m\u2019avait lanc\u00e9, taquine : \u00ab Oh mais tu es une polyamoureuse toi en fait, tu devrais aller aux Caf\u00e9s poly, c\u2019est super\u00a0!\u00a0\u00bb<\/p>\n<p>Je suis donc ravie quand Nathalie Giraud, de\u00a0<a href=\"https:\/\/www.pimentrose.biz\/\" target=\"_blank\"><strong>Piment Rose<\/strong><\/a>, m\u2019invite fin avril \u00e0 la projection du film\u00a0<a href=\"http:\/\/lutineetcie.com\/lutinelefilm\/\" target=\"_blank\"><strong><em>Lutine<\/em><\/strong><\/a>, qui pr\u00e9sente le polyamour, les joies, les soucis, \u00e0 travers le cheminement de l\u2019h\u00e9ro\u00efne.<strong>\u00a0\u00a0<\/strong><a class=\"cboxElement\" href=\"http:\/\/p1.storage.canalblog.com\/12\/87\/597926\/110628333_o.jpg\" target=\"_blank\" name=\"IMG_110628333\"><img decoding=\"async\" loading=\"lazy\" class=\"width300 rightalign alignnone\" src=\"http:\/\/p1.storage.canalblog.com\/12\/87\/597926\/110628333.jpg\" alt=\"NXPL-Film-Lutine-Isabelle-Broue-02\" width=\"596\" height=\"596\" border=\"0\" \/><\/a><\/p>\n<p><strong>\u00a0\u00a0\u00a0\u00a0\u00a0Je suis d\u2019embl\u00e9e conquise par ce film incroyable<\/strong>, qui n\u2019est ni un documentaire, ni une fiction. L\u2019actrice principale est rayonnante, elle porte le film avec un humour, une autod\u00e9rision irr\u00e9sistible. Son film raconte le tournage d\u2019un film, les difficult\u00e9s de la metteur en sc\u00e8ne, ses doutes, les r\u00e9actions de son conjoint, de son entourage\u2026 et alterne avec les s\u00e9quences du film effectivement tourn\u00e9es (<em>je ne sais pas si je suis claire\u00a0! Il faut le voir\u00a0! Une mise en abyme extr\u00eamement bien men\u00e9e, un morceau de bravoure du d\u00e9but \u00e0 la fin\u2026),\u00a0<\/em>le tout entrecoup\u00e9 de t\u00e9moignages passionnants sur le sujet. J\u2019ai bu les paroles de chacun des intervenants, une parole limpide, claire\u2026 ce qui n\u2019est pas le cas de la narratrice qui semble se perdre de plus en plus dans son projet de film \u00e0 mesure qu\u2019il gagne sa vie priv\u00e9e et la chamboule, la faisant peu \u00e0 peu basculer du c\u00f4t\u00e9 des polyamoureux.<\/p>\n<p>Tous les acteurs jouent juste, au point que les spectateurs se m\u00e9langent un peu les pinceaux entre la fiction et la r\u00e9alit\u00e9. M\u00eame l\u2019actrice principale se pose la question \u00e0 un moment donn\u00e9\u00a0! Certains acteurs m\u2019ont bien fait craquer (<em>je ne vous dirai pas lesquels \ud83d\ude09 )<\/em><\/p>\n<p>Maintenant, j\u2019ai envie de le revoir. Je n\u2019aurai plus l\u2019effet de surprise, mais, connaissant \u00ab\u00a0les ficelles\u00a0\u00bb, je me d\u00e9lecterai de chaque sc\u00e8ne !<\/p>\n<p><a class=\"cboxElement\" href=\"http:\/\/p1.storage.canalblog.com\/11\/21\/597926\/110628462_o.jpeg\" target=\"_blank\" name=\"IMG_110628462\"><img decoding=\"async\" class=\"width300 leftalign\" src=\"http:\/\/p1.storage.canalblog.com\/11\/21\/597926\/110628462.jpeg\" alt=\"Fichier 11-05-2016 22 28 23\" border=\"0\" \/><\/a><\/p>\n<p><strong>\u00a0\u00a0\u00a0\u00a0La projection est suivie d\u2019un temps d\u2019\u00e9changes avec l&rsquo;\u00e9quipe du film et Nathalie Giraud.\u00a0<\/strong>Le public dans la salle est plus ou moins familier avec le polyamour et les discussions sont passionnantes. En r\u00e9sum\u00e9 :<\/p>\n<p>&#8211;\u00a0<strong>Le postulat de d\u00e9part du polyamour est simple, il est d\u2019ailleurs rappel\u00e9 dans le film<\/strong>\u00a0: on a tous plusieurs amis, c\u2019est normal ; pourquoi ne pourrait-on pas avoir plusieurs amours, qu\u2019on aimerait diff\u00e9remment, \u00e0 l\u2019instar de l\u2019amiti\u00e9\u00a0?<\/p>\n<p>&#8211;\u00a0<strong>Au fil des \u00e9changes, je comprends que le plus difficile \u00e0 g\u00e9rer ce n\u2019est pas de se lancer dans plusieurs relations amoureuses<\/strong>\u00a0(<em>\u00e7a, c\u2019est la partie agr\u00e9able du truc<\/em>), mais de voir son conjoint le faire. Le sentiment de jalousie alors ressenti peut \u00eatre tr\u00e8s vif et tout g\u00e2cher. La cl\u00e9\u00a0: communiquer. S\u2019assurer du consentement de l\u2019autre, sans lequel rien ne peut se faire, \u00e9couter et t\u00e9moigner lors des rencontres entre polyamoureux\u2026<\/p>\n<p>En France, le mouvement d\u00e9marre. Isabelle Brou\u00e9 nous raconte que lorsque le film a \u00e9t\u00e9 pr\u00e9sent\u00e9 \u00e0 Berkeley (San Francisco), elle avait \u00e9t\u00e9 surprise\u00a0<span data-ft=\"{\"><span class=\"UFICommentBody\">d&rsquo;apprendre qu&rsquo;apparemment les jeunes l\u00e0-bas ont au moins entendu parler de la polyamorie, et du coup savent qu&rsquo;ils ont le choix de vivre en monogamie OU en non-monogamie. Les gens sachent que c&rsquo;est \u00ab\u00a0possible\u00a0\u00bb de vivre en polyamorie s&rsquo;ils le souhaitent.<\/span><\/span><\/p>\n<p><span data-ft=\"{\"><span class=\"UFICommentBody\"><span data-ft=\"{\"><span class=\"UFICommentBody\"><br \/>\n<\/span><\/span><\/span><\/span><span data-ft=\"{\"><span class=\"UFICommentBody\"><span data-ft=\"{\"><span class=\"UFICommentBody\"><strong>&#8211; Tout le monde est concern\u00e9.<\/strong><\/span><\/span><\/span><\/span><span data-ft=\"{\"><span class=\"UFICommentBody\"><span data-ft=\"{\"><span class=\"UFICommentBody\">\u00a0<\/span><\/span><\/span><\/span><span data-ft=\"{\"><span class=\"UFICommentBody\"><span data-ft=\"{\"><span class=\"UFICommentBody\">D&rsquo;apr\u00e8s ce qu&rsquo;Isabelle Brou\u00e9 a pu observer, on trouve des gens d\u00e9\u00e7us de la monogamie se tournant vers le polyamour apr\u00e8s une premi\u00e8re partie de vie et une s\u00e9paration, mais aussi beaucoup de couples qui se lancent apr\u00e8s quelques ann\u00e9es, et de plus en plus de jeunes !\u00a0<\/span><\/span><\/span><\/span><\/p>\n<p><strong>&#8211; Au-del\u00e0 de l\u2019aspect psychologique des choses, l\u2019aspect logistique n\u2019est pas neutre<\/strong>, surtout s\u2019il y a des enfants dans le paysage\u00a0! A chacun de mettre en place l&rsquo;organisation qui lui convienne.<\/p>\n<p>Un mod\u00e8le qui convainc de plus en plus de couples en tout cas, si l&rsquo;on en juge au nombre de Caf\u00e9s polys qui se lancent un peu partout en France. Ce n&rsquo;est d\u00e9j\u00e0 plus un ph\u00e9nom\u00e8ne parisien. Peut-\u00eatre qu&rsquo;il deviendra la \u00ab\u00a0norme\u00a0\u00bb dans un futur proche, et que l&rsquo;on regardera les couples exclusifs bizarrement ?<\/p>\n<p><span data-ft=\"{\"><span class=\"UFICommentBody\">\u00a0\u00a0\u00a0\u00a0<strong>Je laisse le mot de la fin \u00e0 Isabelle Brou\u00e9 :\u00a0<\/strong><\/span><\/span><\/p>\n<p>Pr\u00e9cisons aussi peut-\u00eatre que la polyamorie est a priori, contrairement \u00e0 ce que j&rsquo;ai pu comprendre d&rsquo;une certaine forme de libertinage, un mode de relations qui se d\u00e9tache de la r\u00e9f\u00e9rence au \u00ab\u00a0couple\u00a0\u00bb. Comme le dit Meta dans mon film : \u00ab\u00a0le polyamour d\u00e9construit l&rsquo;id\u00e9e m\u00eame de couple\u00a0\u00bb. On peut \u00eatre poly en couple ou non, solo-poly ou m\u00eame poly-c\u00e9libataire. Ou bien en triade, ou plus. Il n&rsquo;y a pas de r\u00e8gles, pas de normes.<br \/>\nLa seule chose que signifie vivre en Polyamorie est accepter la possibilit\u00e9 de relations intimes (amoureuses ou non, sexuelles ou non) non exclusives consensuelles et \u00e9thiques : que tout le monde soit au courant ET d&rsquo;accord, profond\u00e9ment !<\/p>\n","protected":false},"excerpt":{"rendered":"<p>\u00c0 retrouver sur le blog de Clarissa : Les Go\u00fbters de Clarissa Depuis que j\u2019\u00e9cris des textes \u00e9rotiques, je me suis peu \u00e0 peu familiaris\u00e9e avec les pratiques existantes\u00a0: le libertinage, le BDSM, le candaulisme, le f\u00e9tichisme\u2026 toutes mes fascinent, &hellip; <a href=\"http:\/\/lutineetcie.com\/lutinelefilm\/presse\/blogs\/article-de-clarissa-riviere\/\">Continuer la lecture <span class=\"meta-nav\">&rarr;<\/span><\/a><\/p>\n","protected":false},"author":1,"featured_media":0,"parent":4641,"menu_order":5,"comment_status":"closed","ping_status":"closed","template":"sidebar-page.php","meta":[],"_links":{"self":[{"href":"http:\/\/lutineetcie.com\/lutinelefilm\/wp-json\/wp\/v2\/pages\/3332"}],"collection":[{"href":"http:\/\/lutineetcie.com\/lutinelefilm\/wp-json\/wp\/v2\/pages"}],"about":[{"href":"http:\/\/lutineetcie.com\/lutinelefilm\/wp-json\/wp\/v2\/types\/page"}],"author":[{"embeddable":true,"href":"http:\/\/lutineetcie.com\/lutinelefilm\/wp-json\/wp\/v2\/users\/1"}],"replies":[{"embeddable":true,"href":"http:\/\/lutineetcie.com\/lutinelefilm\/wp-json\/wp\/v2\/comments?post=3332"}],"version-history":[{"count":3,"href":"http:\/\/lutineetcie.com\/lutinelefilm\/wp-json\/wp\/v2\/pages\/3332\/revisions"}],"predecessor-version":[{"id":5224,"href":"http:\/\/lutineetcie.com\/lutinelefilm\/wp-json\/wp\/v2\/pages\/3332\/revisions\/5224"}],"up":[{"embeddable":true,"href":"http:\/\/lutineetcie.com\/lutinelefilm\/wp-json\/wp\/v2\/pages\/4641"}],"wp:attachment":[{"href":"http:\/\/lutineetcie.com\/lutinelefilm\/wp-json\/wp\/v2\/media?parent=3332"}],"curies":[{"name":"wp","href":"https:\/\/api.w.org\/{rel}","templated":true}]}}