{"id":354,"date":"2013-06-04T23:30:33","date_gmt":"2013-06-04T22:30:33","guid":{"rendered":"http:\/\/lutinelefilm.wordpress.com\/?page_id=354"},"modified":"2020-04-24T16:22:03","modified_gmt":"2020-04-24T15:22:03","slug":"soutenir","status":"publish","type":"page","link":"http:\/\/lutineetcie.com\/lutinelefilm\/contact\/soutenir\/","title":{"rendered":"Nous soutenir \/ Support us!"},"content":{"rendered":"<p style=\"text-align: left;\">Je fais appel \u00e0 vous, famille, parents et ami(e)s, ami(e)s d\u2019ami(e)s, lutines et lutins, poly pratiquants ou poly curieux, curieux tout court, illustres inconnu(e)s, amoureux du cin\u00e9ma ou amoureux de l\u2019amour, pour nous aider \u00e0 ce que nos\u00a0r\u00eaves deviennent r\u00e9alit\u00e9\u2026 parce que ce sont nos r\u00eaves qui nous rendent vivants, \u00e9mouvants, vuln\u00e9rables\u2026 humains.<\/p>\n<p style=\"text-align: left;\"><strong>Comment nous soutenir ? How to help us?<\/strong><\/p>\n<p style=\"text-align: center;\">En faisant ici\u00a0directement un don \/ By giving us a donation<br \/>\n<a href=\"https:\/\/www.helloasso.com\/associations\/lutine-cie\/formulaires\/1\">via HelloAsso<\/a>\u00a0(*)<\/p>\n<p style=\"text-align: center;\">Vous deviendrez ainsi \u00ab\u00a0ambassadeur\u00a0\u00bb ou \u00ab\u00a0ambassadrice\u00a0\u00bb de LUTINE,<br \/>\net recevrez la <strong>newsletter<\/strong>\u00a0(environ une fois par mois)<br \/>\net le <strong>mot de passe\u00a0<\/strong>pour\u00a0visionner les <a href=\"http:\/\/lutineetcie.com\/lutinelefilm\/lutinage\/documentaire\/extraits-montes-de-lutine\/\">extraits vid\u00e9o<\/a> prot\u00e9g\u00e9s.<\/p>\n<p style=\"text-align: center;\">Et bien s\u00fbr, en parlant de LUTINE\u00a0le plus possible autour de vous,<br \/>\nen relayant les informations et les liens sur vos <strong>r\u00e9seaux sociaux<\/strong> ou par mail,<br \/>\nen \u00ab\u00a0likant\u00a0\u00bb notre\u00a0<a href=\"https:\/\/www.facebook.com\/LutineLeFilm?ref=hl\">page Facebook<\/a>&#8230;<\/p>\n<header>\n<p align=\"center\"><strong> Aidez-nous \u00e0 cr\u00e9er le buzz\u2026<\/strong><\/p>\n<p>&nbsp;<\/p>\n<p style=\"text-align: center;\">(\u00a8*) Si vous ne souhaitez pas passer par une interface de paiement en ligne,<br \/>\net pr\u00e9f\u00e9rez\u00a0un <strong>virement direct<\/strong> sur notre compte postal<br \/>\n(ou m\u00eame un don en esp\u00e8ces lors d&rsquo;\u00e9v\u00e9nements particuliers\u00a0!)<br \/>\nenvoyez-nous un mail \u00e0\u00a0<a href=\"mailto:contact@lutineetcie.com\">contact@lutineetcie.com<\/a><\/p>\n<\/header>\n","protected":false},"excerpt":{"rendered":"<p>Je fais appel \u00e0 vous, famille, parents et ami(e)s, ami(e)s d\u2019ami(e)s, lutines et lutins, poly pratiquants ou poly curieux, curieux tout court, illustres inconnu(e)s, amoureux du cin\u00e9ma ou amoureux de l\u2019amour, pour nous aider \u00e0 ce que nos\u00a0r\u00eaves deviennent r\u00e9alit\u00e9\u2026 &hellip; <a href=\"http:\/\/lutineetcie.com\/lutinelefilm\/contact\/soutenir\/\">Continuer la lecture <span class=\"meta-nav\">&rarr;<\/span><\/a><\/p>\n","protected":false},"author":1,"featured_media":0,"parent":33,"menu_order":2,"comment_status":"closed","ping_status":"closed","template":"sidebar-page.php","meta":[],"_links":{"self":[{"href":"http:\/\/lutineetcie.com\/lutinelefilm\/wp-json\/wp\/v2\/pages\/354"}],"collection":[{"href":"http:\/\/lutineetcie.com\/lutinelefilm\/wp-json\/wp\/v2\/pages"}],"about":[{"href":"http:\/\/lutineetcie.com\/lutinelefilm\/wp-json\/wp\/v2\/types\/page"}],"author":[{"embeddable":true,"href":"http:\/\/lutineetcie.com\/lutinelefilm\/wp-json\/wp\/v2\/users\/1"}],"replies":[{"embeddable":true,"href":"http:\/\/lutineetcie.com\/lutinelefilm\/wp-json\/wp\/v2\/comments?post=354"}],"version-history":[{"count":16,"href":"http:\/\/lutineetcie.com\/lutinelefilm\/wp-json\/wp\/v2\/pages\/354\/revisions"}],"predecessor-version":[{"id":6140,"href":"http:\/\/lutineetcie.com\/lutinelefilm\/wp-json\/wp\/v2\/pages\/354\/revisions\/6140"}],"up":[{"embeddable":true,"href":"http:\/\/lutineetcie.com\/lutinelefilm\/wp-json\/wp\/v2\/pages\/33"}],"wp:attachment":[{"href":"http:\/\/lutineetcie.com\/lutinelefilm\/wp-json\/wp\/v2\/media?parent=354"}],"curies":[{"name":"wp","href":"https:\/\/api.w.org\/{rel}","templated":true}]}}