{"id":3642,"date":"2016-09-14T13:43:25","date_gmt":"2016-09-14T12:43:25","guid":{"rendered":"http:\/\/lutineetcie.com\/lutinelefilm\/?page_id=3642"},"modified":"2019-03-14T15:05:21","modified_gmt":"2019-03-14T14:05:21","slug":"intentions","status":"publish","type":"page","link":"http:\/\/lutineetcie.com\/lutinelefilm\/kit-pro\/intentions\/","title":{"rendered":"Note d&rsquo;intentions"},"content":{"rendered":"<p><em>Lutine<\/em> est n\u00e9 de la conjonction de trois\u00a0d\u00e9sirs\u00a0: r\u00e9aliser un film\u00a0sur les amours plurielles ;\u00a0tourner \u00ab\u00a0l\u00e0 maintenant tout de suite\u00a0\u00bb, quelles que soient les conditions \u2013 je voulais tourner mon second long-m\u00e9trage moins de dix ans apr\u00e8s le premier, <em>Tout le plaisir est pour moi,<\/em> sorti en 2004 &#8211; ; et tourner avec mon appareil photo \u00e0 grand capteur.<\/p>\n<p>Au final, <em>Lutine <\/em>est une \u00ab\u00a0com\u00e9die document\u00e9e \u00bb (une com\u00e9die incluant une partie documentaire), une auto-fiction qui parle autant de l\u2019ouverture d\u2019un couple \u00e0 la polyamorie que du processus de cr\u00e9ation d\u2019un film.<\/p>\n<p>C\u2019est un OFNI\u00a0&#8211; Objet Filmique Non Identifi\u00e9\u00a0\u2013 \u00e0 tous points de vue (forme, fabrication, distribution), dans lequel il est parfois difficile de faire la part des choses entre la r\u00e9alit\u00e9 et la fiction. C\u2019est pour moi l\u2019essence m\u00eame du plaisir du cin\u00e9ma : savoir que tout est fabriqu\u00e9 et pourtant, ressentir de vraies \u00e9motions.<\/p>\n","protected":false},"excerpt":{"rendered":"<p>Lutine est n\u00e9 de la conjonction de trois\u00a0d\u00e9sirs\u00a0: r\u00e9aliser un film\u00a0sur les amours plurielles ;\u00a0tourner \u00ab\u00a0l\u00e0 maintenant tout de suite\u00a0\u00bb, quelles que soient les conditions \u2013 je voulais tourner mon second long-m\u00e9trage moins de dix ans apr\u00e8s le premier, Tout &hellip; <a href=\"http:\/\/lutineetcie.com\/lutinelefilm\/kit-pro\/intentions\/\">Continuer la lecture <span class=\"meta-nav\">&rarr;<\/span><\/a><\/p>\n","protected":false},"author":1,"featured_media":0,"parent":2579,"menu_order":6,"comment_status":"closed","ping_status":"closed","template":"sidebar-page.php","meta":[],"_links":{"self":[{"href":"http:\/\/lutineetcie.com\/lutinelefilm\/wp-json\/wp\/v2\/pages\/3642"}],"collection":[{"href":"http:\/\/lutineetcie.com\/lutinelefilm\/wp-json\/wp\/v2\/pages"}],"about":[{"href":"http:\/\/lutineetcie.com\/lutinelefilm\/wp-json\/wp\/v2\/types\/page"}],"author":[{"embeddable":true,"href":"http:\/\/lutineetcie.com\/lutinelefilm\/wp-json\/wp\/v2\/users\/1"}],"replies":[{"embeddable":true,"href":"http:\/\/lutineetcie.com\/lutinelefilm\/wp-json\/wp\/v2\/comments?post=3642"}],"version-history":[{"count":4,"href":"http:\/\/lutineetcie.com\/lutinelefilm\/wp-json\/wp\/v2\/pages\/3642\/revisions"}],"predecessor-version":[{"id":4854,"href":"http:\/\/lutineetcie.com\/lutinelefilm\/wp-json\/wp\/v2\/pages\/3642\/revisions\/4854"}],"up":[{"embeddable":true,"href":"http:\/\/lutineetcie.com\/lutinelefilm\/wp-json\/wp\/v2\/pages\/2579"}],"wp:attachment":[{"href":"http:\/\/lutineetcie.com\/lutinelefilm\/wp-json\/wp\/v2\/media?parent=3642"}],"curies":[{"name":"wp","href":"https:\/\/api.w.org\/{rel}","templated":true}]}}