{"id":3880,"date":"2016-12-28T16:10:29","date_gmt":"2016-12-28T15:10:29","guid":{"rendered":"http:\/\/lutineetcie.com\/lutinelefilm\/?page_id=3880"},"modified":"2016-12-28T16:50:36","modified_gmt":"2016-12-28T15:50:36","slug":"rupture","status":"publish","type":"page","link":"http:\/\/lutineetcie.com\/lutinelefilm\/comedie\/realisatrice\/tout-le-plaisir-est-pour-moi\/extraits\/rupture\/","title":{"rendered":"Rupture"},"content":{"rendered":"<p>Avec Lionel Abelanski, Marie Gillain, Julien Boisselier.<\/p>\n<p>\u00ab\u00a0Il faut qu&rsquo;on se parle, Louise.<br \/>\n&#8211; Je pr\u00e9f\u00e8re que tu reviennes quand je ne suis pas l\u00e0.\u00a0\u00bb<\/p>\n<p><iframe loading=\"lazy\" src=\"https:\/\/player.vimeo.com\/video\/191206062\" width=\"480\" height=\"360\" frameborder=\"0\" title=\"TOUT LE PLAISIR..._Extrait_&quot;Bonobos&quot;\" webkitallowfullscreen mozallowfullscreen allowfullscreen><\/iframe><\/p>\n<p>&nbsp;<\/p>\n<p>&nbsp;<\/p>\n","protected":false},"excerpt":{"rendered":"<p>Avec Lionel Abelanski, Marie Gillain, Julien Boisselier. \u00ab\u00a0Il faut qu&rsquo;on se parle, Louise. &#8211; Je pr\u00e9f\u00e8re que tu reviennes quand je ne suis pas l\u00e0.\u00a0\u00bb &nbsp; &nbsp;<\/p>\n","protected":false},"author":1,"featured_media":0,"parent":3796,"menu_order":5,"comment_status":"closed","ping_status":"closed","template":"sidebar-page.php","meta":[],"_links":{"self":[{"href":"http:\/\/lutineetcie.com\/lutinelefilm\/wp-json\/wp\/v2\/pages\/3880"}],"collection":[{"href":"http:\/\/lutineetcie.com\/lutinelefilm\/wp-json\/wp\/v2\/pages"}],"about":[{"href":"http:\/\/lutineetcie.com\/lutinelefilm\/wp-json\/wp\/v2\/types\/page"}],"author":[{"embeddable":true,"href":"http:\/\/lutineetcie.com\/lutinelefilm\/wp-json\/wp\/v2\/users\/1"}],"replies":[{"embeddable":true,"href":"http:\/\/lutineetcie.com\/lutinelefilm\/wp-json\/wp\/v2\/comments?post=3880"}],"version-history":[{"count":3,"href":"http:\/\/lutineetcie.com\/lutinelefilm\/wp-json\/wp\/v2\/pages\/3880\/revisions"}],"predecessor-version":[{"id":3892,"href":"http:\/\/lutineetcie.com\/lutinelefilm\/wp-json\/wp\/v2\/pages\/3880\/revisions\/3892"}],"up":[{"embeddable":true,"href":"http:\/\/lutineetcie.com\/lutinelefilm\/wp-json\/wp\/v2\/pages\/3796"}],"wp:attachment":[{"href":"http:\/\/lutineetcie.com\/lutinelefilm\/wp-json\/wp\/v2\/media?parent=3880"}],"curies":[{"name":"wp","href":"https:\/\/api.w.org\/{rel}","templated":true}]}}