{"id":4040,"date":"2017-02-23T18:16:18","date_gmt":"2017-02-23T17:16:18","guid":{"rendered":"http:\/\/lutineetcie.com\/lutinelefilm\/?page_id=4040"},"modified":"2017-02-23T18:22:33","modified_gmt":"2017-02-23T17:22:33","slug":"osez-etre-qui-vous-etes","status":"publish","type":"page","link":"http:\/\/lutineetcie.com\/lutinelefilm\/comedie\/realisatrice\/tout-le-plaisir-est-pour-moi\/osez-etre-qui-vous-etes\/","title":{"rendered":"Osez \u00eatre qui vous \u00eates !"},"content":{"rendered":"<p>Article paru dans le magazine\u00a0<em>Marie-France<\/em> en ao\u00fbt 2004.<br \/>\nPresque 13 ans apr\u00e8s (!), \u00a0je peux tout autant assumer cette interview, et notamment\u00a0ceci :<\/p>\n<p>\u00ab\u00a0<em>Ce qui est p\u00e9nible aujourd&rsquo;hui, c&rsquo;est que partout, notamment dans les magazines, on nous balance des r\u00e8gles, une normalit\u00e9&#8230; (&#8230;) Mais qu&rsquo;on n&rsquo;essaie pas de nous imposer des mod\u00e8les. Ce que j&rsquo;ai envie de dire aux femmes, c&rsquo;est apprenez \u00e0 vous conna\u00eetre, \u00e0 savoir ce que vous voulez, demandez, osez dire, faire. Osez \u00eatre qui vous \u00eates !\u00a0\u00bb<\/em><\/p>\n<p><a href=\"http:\/\/lutineetcie.com\/lutinelefilm\/wp-content\/uploads\/2017\/02\/Marie-France-ao\u00fbt-2004.jpg\"><img decoding=\"async\" loading=\"lazy\" class=\"alignnone wp-image-4041 size-full\" src=\"http:\/\/lutineetcie.com\/lutinelefilm\/wp-content\/uploads\/2017\/02\/Marie-France-ao\u00fbt-2004.jpg\" alt=\"Marie-France, ao\u00fbt 2004\" width=\"1178\" height=\"1542\" srcset=\"http:\/\/lutineetcie.com\/lutinelefilm\/wp-content\/uploads\/2017\/02\/Marie-France-ao\u00fbt-2004.jpg 1178w, http:\/\/lutineetcie.com\/lutinelefilm\/wp-content\/uploads\/2017\/02\/Marie-France-ao\u00fbt-2004-229x300.jpg 229w, http:\/\/lutineetcie.com\/lutinelefilm\/wp-content\/uploads\/2017\/02\/Marie-France-ao\u00fbt-2004-768x1005.jpg 768w, http:\/\/lutineetcie.com\/lutinelefilm\/wp-content\/uploads\/2017\/02\/Marie-France-ao\u00fbt-2004-782x1024.jpg 782w\" sizes=\"(max-width: 1178px) 100vw, 1178px\" \/><\/a><\/p>\n","protected":false},"excerpt":{"rendered":"<p>Article paru dans le magazine\u00a0Marie-France en ao\u00fbt 2004. Presque 13 ans apr\u00e8s (!), \u00a0je peux tout autant assumer cette interview, et notamment\u00a0ceci : \u00ab\u00a0Ce qui est p\u00e9nible aujourd&rsquo;hui, c&rsquo;est que partout, notamment dans les magazines, on nous balance des r\u00e8gles, &hellip; <a href=\"http:\/\/lutineetcie.com\/lutinelefilm\/comedie\/realisatrice\/tout-le-plaisir-est-pour-moi\/osez-etre-qui-vous-etes\/\">Continuer la lecture <span class=\"meta-nav\">&rarr;<\/span><\/a><\/p>\n","protected":false},"author":1,"featured_media":0,"parent":847,"menu_order":5,"comment_status":"closed","ping_status":"closed","template":"sidebar-page.php","meta":[],"_links":{"self":[{"href":"http:\/\/lutineetcie.com\/lutinelefilm\/wp-json\/wp\/v2\/pages\/4040"}],"collection":[{"href":"http:\/\/lutineetcie.com\/lutinelefilm\/wp-json\/wp\/v2\/pages"}],"about":[{"href":"http:\/\/lutineetcie.com\/lutinelefilm\/wp-json\/wp\/v2\/types\/page"}],"author":[{"embeddable":true,"href":"http:\/\/lutineetcie.com\/lutinelefilm\/wp-json\/wp\/v2\/users\/1"}],"replies":[{"embeddable":true,"href":"http:\/\/lutineetcie.com\/lutinelefilm\/wp-json\/wp\/v2\/comments?post=4040"}],"version-history":[{"count":4,"href":"http:\/\/lutineetcie.com\/lutinelefilm\/wp-json\/wp\/v2\/pages\/4040\/revisions"}],"predecessor-version":[{"id":4045,"href":"http:\/\/lutineetcie.com\/lutinelefilm\/wp-json\/wp\/v2\/pages\/4040\/revisions\/4045"}],"up":[{"embeddable":true,"href":"http:\/\/lutineetcie.com\/lutinelefilm\/wp-json\/wp\/v2\/pages\/847"}],"wp:attachment":[{"href":"http:\/\/lutineetcie.com\/lutinelefilm\/wp-json\/wp\/v2\/media?parent=4040"}],"curies":[{"name":"wp","href":"https:\/\/api.w.org\/{rel}","templated":true}]}}