{"id":4074,"date":"2017-03-19T00:33:56","date_gmt":"2017-03-18T23:33:56","guid":{"rendered":"http:\/\/lutineetcie.com\/lutinelefilm\/?page_id=4074"},"modified":"2018-05-03T21:11:01","modified_gmt":"2018-05-03T20:11:01","slug":"festivals","status":"publish","type":"page","link":"http:\/\/lutineetcie.com\/lutinelefilm\/projections\/festivals\/","title":{"rendered":"Festivals"},"content":{"rendered":"<ul>\n<li><a href=\"http:\/\/www.womeninfilm.ca\/2017_Film_Festival.html\">Vancouver International Women In Film Festival<\/a> (#VIWIFF), March 2017<a href=\"http:\/\/lutineetcie.com\/lutinelefilm\/wp-content\/uploads\/2016\/04\/WIFTV_FestivalLogo_WORD.png\"><img decoding=\"async\" loading=\"lazy\" class=\"alignnone wp-image-4006\" src=\"http:\/\/lutineetcie.com\/lutinelefilm\/wp-content\/uploads\/2016\/04\/WIFTV_FestivalLogo_WORD-300x279.png\" alt=\"WIFTV_FestivalLogo_WORD\" width=\"250\" height=\"233\" srcset=\"http:\/\/lutineetcie.com\/lutinelefilm\/wp-content\/uploads\/2016\/04\/WIFTV_FestivalLogo_WORD-300x279.png 300w, http:\/\/lutineetcie.com\/lutinelefilm\/wp-content\/uploads\/2016\/04\/WIFTV_FestivalLogo_WORD.png 320w\" sizes=\"(max-width: 250px) 100vw, 250px\" \/><\/a><a href=\"http:\/\/lutineetcie.com\/lutinelefilm\/wp-content\/uploads\/2016\/04\/VIWIFF-2017-Laurel-master.png\"><img decoding=\"async\" loading=\"lazy\" class=\"alignnone wp-image-4005\" src=\"http:\/\/lutineetcie.com\/lutinelefilm\/wp-content\/uploads\/2016\/04\/VIWIFF-2017-Laurel-master-300x200.png\" alt=\"VIWIFF-2017-Laurel-master\" width=\"260\" height=\"173\" srcset=\"http:\/\/lutineetcie.com\/lutinelefilm\/wp-content\/uploads\/2016\/04\/VIWIFF-2017-Laurel-master-300x200.png 300w, http:\/\/lutineetcie.com\/lutinelefilm\/wp-content\/uploads\/2016\/04\/VIWIFF-2017-Laurel-master-450x300.png 450w, http:\/\/lutineetcie.com\/lutinelefilm\/wp-content\/uploads\/2016\/04\/VIWIFF-2017-Laurel-master.png 648w\" sizes=\"(max-width: 260px) 100vw, 260px\" \/><\/a><\/li>\n<\/ul>\n<p><strong>DEUX GRANDS PRIX :\u00a0<\/strong><a href=\"http:\/\/www.womeninfilm.ca\/VIWIFF_2017_Awards.html\">Meilleur Film de fiction <\/a>et<a href=\"http:\/\/www.womeninfilm.ca\/VIWIFF_2017_Awards.html\"> Meilleur Sc\u00e9nario<\/a><\/p>\n<p><a href=\"http:\/\/lutineetcie.com\/lutinelefilm\/wp-content\/uploads\/2017\/03\/2017_Best-Feature-signed.jpg\"><br \/>\n<\/a><a href=\"http:\/\/lutineetcie.com\/lutinelefilm\/wp-content\/uploads\/2017\/03\/2017_Best-Feature-signed.jpg\"><img decoding=\"async\" loading=\"lazy\" class=\"alignleft wp-image-4154\" src=\"http:\/\/lutineetcie.com\/lutinelefilm\/wp-content\/uploads\/2017\/03\/2017_Best-Feature-signed-300x232.jpg\" alt=\"2017_Best Feature-signed\" width=\"250\" height=\"193\" srcset=\"http:\/\/lutineetcie.com\/lutinelefilm\/wp-content\/uploads\/2017\/03\/2017_Best-Feature-signed-300x232.jpg 300w, http:\/\/lutineetcie.com\/lutinelefilm\/wp-content\/uploads\/2017\/03\/2017_Best-Feature-signed-768x593.jpg 768w, http:\/\/lutineetcie.com\/lutinelefilm\/wp-content\/uploads\/2017\/03\/2017_Best-Feature-signed-1024x791.jpg 1024w, http:\/\/lutineetcie.com\/lutinelefilm\/wp-content\/uploads\/2017\/03\/2017_Best-Feature-signed-388x300.jpg 388w, http:\/\/lutineetcie.com\/lutinelefilm\/wp-content\/uploads\/2017\/03\/2017_Best-Feature-signed.jpg 1650w\" sizes=\"(max-width: 250px) 100vw, 250px\" \/><\/a><a href=\"http:\/\/lutineetcie.com\/lutinelefilm\/wp-content\/uploads\/2017\/03\/2017_Best-Screenplay-signed.jpg\"><img decoding=\"async\" loading=\"lazy\" class=\"wp-image-4155 alignleft\" src=\"http:\/\/lutineetcie.com\/lutinelefilm\/wp-content\/uploads\/2017\/03\/2017_Best-Screenplay-signed-300x232.jpg\" alt=\"2017_Best Screenplay-signed\" width=\"275\" height=\"213\" srcset=\"http:\/\/lutineetcie.com\/lutinelefilm\/wp-content\/uploads\/2017\/03\/2017_Best-Screenplay-signed-300x232.jpg 300w, http:\/\/lutineetcie.com\/lutinelefilm\/wp-content\/uploads\/2017\/03\/2017_Best-Screenplay-signed-768x593.jpg 768w, http:\/\/lutineetcie.com\/lutinelefilm\/wp-content\/uploads\/2017\/03\/2017_Best-Screenplay-signed-1024x791.jpg 1024w, http:\/\/lutineetcie.com\/lutinelefilm\/wp-content\/uploads\/2017\/03\/2017_Best-Screenplay-signed-388x300.jpg 388w, http:\/\/lutineetcie.com\/lutinelefilm\/wp-content\/uploads\/2017\/03\/2017_Best-Screenplay-signed.jpg 1650w\" sizes=\"(max-width: 275px) 100vw, 275px\" \/><\/a><\/p>\n<p><a href=\"http:\/\/lutineetcie.com\/lutinelefilm\/wp-content\/uploads\/2017\/03\/VIWIFF-Best-Feature-2017-Laurel.png\"><img decoding=\"async\" loading=\"lazy\" class=\"alignnone wp-image-4457\" src=\"http:\/\/lutineetcie.com\/lutinelefilm\/wp-content\/uploads\/2017\/03\/VIWIFF-Best-Feature-2017-Laurel-300x200.png\" alt=\"VIWIFF-Best-Feature-2017-Laurel\" width=\"250\" height=\"167\" srcset=\"http:\/\/lutineetcie.com\/lutinelefilm\/wp-content\/uploads\/2017\/03\/VIWIFF-Best-Feature-2017-Laurel-300x200.png 300w, http:\/\/lutineetcie.com\/lutinelefilm\/wp-content\/uploads\/2017\/03\/VIWIFF-Best-Feature-2017-Laurel-450x300.png 450w, http:\/\/lutineetcie.com\/lutinelefilm\/wp-content\/uploads\/2017\/03\/VIWIFF-Best-Feature-2017-Laurel.png 648w\" sizes=\"(max-width: 250px) 100vw, 250px\" \/><\/a><\/p>\n<p><a href=\"http:\/\/lutineetcie.com\/lutinelefilm\/wp-content\/uploads\/2017\/03\/VIWIFF-Best-Screenplay-2017-Laurel.png\"><img decoding=\"async\" loading=\"lazy\" class=\"alignnone wp-image-4458\" src=\"http:\/\/lutineetcie.com\/lutinelefilm\/wp-content\/uploads\/2017\/03\/VIWIFF-Best-Screenplay-2017-Laurel-300x200.png\" alt=\"VIWIFF-Best-Screenplay-2017-Laurel\" width=\"250\" height=\"167\" srcset=\"http:\/\/lutineetcie.com\/lutinelefilm\/wp-content\/uploads\/2017\/03\/VIWIFF-Best-Screenplay-2017-Laurel-300x200.png 300w, http:\/\/lutineetcie.com\/lutinelefilm\/wp-content\/uploads\/2017\/03\/VIWIFF-Best-Screenplay-2017-Laurel-450x300.png 450w, http:\/\/lutineetcie.com\/lutinelefilm\/wp-content\/uploads\/2017\/03\/VIWIFF-Best-Screenplay-2017-Laurel.png 648w\" sizes=\"(max-width: 250px) 100vw, 250px\" \/><\/a><\/p>\n<p>&nbsp;<\/p>\n<p>&nbsp;<\/p>\n<div class=\"su-vimeo su-u-responsive-media-yes\"><iframe width=\"600\" height=\"400\" src=\"\/\/player.vimeo.com\/video\/212381208?title=0&amp;byline=0&amp;portrait=0&amp;color=ffffff&amp;autoplay=0&amp;dnt=0&amp;muted=0&amp;texttrack=\" frameborder=\"0\" allow=\"autoplay; fullscreen\" allowfullscreen title=\"\"><\/iframe><\/div>\n<ul>\n<li>\u00a0Festival\u00a0<a href=\"http:\/\/www.independancesetcreation.com\/node\/219\">Ind\u00e9pendance(s) et Cr\u00e9ation<\/a>, \u00e0 Auch, France, Octobre 2016, port\u00e9 par l&rsquo;\u00e9quipe de <a href=\"http:\/\/www.independancesetcreation.com\">Cin\u00e932<\/a>.\u00a0<a href=\"http:\/\/lutineetcie.com\/lutinelefilm\/wp-content\/uploads\/2016\/04\/arton9799-185cb.jpg\"><br \/>\n<\/a><a href=\"http:\/\/lutineetcie.com\/lutinelefilm\/wp-content\/uploads\/2016\/04\/arton9799-185cb.jpg\"><img decoding=\"async\" loading=\"lazy\" class=\"alignnone wp-image-3625\" src=\"http:\/\/lutineetcie.com\/lutinelefilm\/wp-content\/uploads\/2016\/04\/arton9799-185cb.jpg\" alt=\"arton9799-185cb\" width=\"250\" height=\"125\" \/><img decoding=\"async\" loading=\"lazy\" class=\"alignnone wp-image-3715\" src=\"http:\/\/lutineetcie.com\/lutinelefilm\/wp-content\/uploads\/2016\/10\/161008_Auch_Pr\u00e9sentation-programme-201x300.jpg\" alt=\"161008_auch_presentation-programme\" width=\"250\" height=\"374\" srcset=\"http:\/\/lutineetcie.com\/lutinelefilm\/wp-content\/uploads\/2016\/10\/161008_Auch_Pr\u00e9sentation-programme-201x300.jpg 201w, http:\/\/lutineetcie.com\/lutinelefilm\/wp-content\/uploads\/2016\/10\/161008_Auch_Pr\u00e9sentation-programme.jpg 408w\" sizes=\"(max-width: 250px) 100vw, 250px\" \/><\/a><\/li>\n<\/ul>\n<p><iframe loading=\"lazy\" width=\"584\" height=\"329\" src=\"https:\/\/www.youtube.com\/embed\/egeQSwiej0M?feature=oembed\" frameborder=\"0\" gesture=\"media\" allow=\"encrypted-media\" allowfullscreen><\/iframe><\/p>\n<p>&nbsp;<\/p>\n<ul>\n<li><a href=\"https:\/\/www.femaleeyefilmfestival.com\/day-six-program-3\">14th\u00a0Female Eye Film Festival<\/a>\u00a0in Toronto, Canada, 2016<\/li>\n<\/ul>\n<p><a href=\"http:\/\/lutineetcie.com\/lutinelefilm\/wp-content\/uploads\/2016\/04\/Unknown.jpeg\"><img decoding=\"async\" loading=\"lazy\" class=\"alignnone size-full wp-image-3283\" src=\"http:\/\/lutineetcie.com\/lutinelefilm\/wp-content\/uploads\/2016\/04\/Unknown.jpeg\" alt=\"Unknown\" width=\"216\" height=\"120\" \/><\/a><a href=\"http:\/\/lutineetcie.com\/lutinelefilm\/wp-content\/uploads\/2017\/03\/FeFF-Official-Selection-Laurel.jpg\"><img decoding=\"async\" loading=\"lazy\" class=\"alignnone wp-image-4078\" src=\"http:\/\/lutineetcie.com\/lutinelefilm\/wp-content\/uploads\/2017\/03\/FeFF-Official-Selection-Laurel-300x250.jpg\" alt=\"FeFF Official Selection Laurel\" width=\"200\" height=\"167\" \/><\/a> <a href=\"http:\/\/lutineetcie.com\/lutinelefilm\/wp-content\/uploads\/2017\/03\/FeFF-Official-Poster-2016.jpg\"><img decoding=\"async\" loading=\"lazy\" class=\"aligncenter wp-image-4079\" src=\"http:\/\/lutineetcie.com\/lutinelefilm\/wp-content\/uploads\/2017\/03\/FeFF-Official-Poster-2016.jpg\" alt=\"FeFF Official Poster 2016\" width=\"350\" height=\"505\" srcset=\"http:\/\/lutineetcie.com\/lutinelefilm\/wp-content\/uploads\/2017\/03\/FeFF-Official-Poster-2016.jpg 379w, http:\/\/lutineetcie.com\/lutinelefilm\/wp-content\/uploads\/2017\/03\/FeFF-Official-Poster-2016-208x300.jpg 208w\" sizes=\"(max-width: 350px) 100vw, 350px\" \/><\/a><\/p>\n<p>&nbsp;<\/p>\n<p>&nbsp;<\/p>\n<p>&nbsp;<\/p>\n","protected":false},"excerpt":{"rendered":"<p>Vancouver International Women In Film Festival (#VIWIFF), March 2017 DEUX GRANDS PRIX :\u00a0Meilleur Film de fiction et Meilleur Sc\u00e9nario &nbsp; &nbsp; \u00a0Festival\u00a0Ind\u00e9pendance(s) et Cr\u00e9ation, \u00e0 Auch, France, Octobre 2016, port\u00e9 par l&rsquo;\u00e9quipe de Cin\u00e932.\u00a0 &nbsp; 14th\u00a0Female Eye Film Festival\u00a0in Toronto, &hellip; <a href=\"http:\/\/lutineetcie.com\/lutinelefilm\/projections\/festivals\/\">Continuer la lecture <span class=\"meta-nav\">&rarr;<\/span><\/a><\/p>\n","protected":false},"author":1,"featured_media":0,"parent":2878,"menu_order":6,"comment_status":"closed","ping_status":"closed","template":"sidebar-page.php","meta":[],"_links":{"self":[{"href":"http:\/\/lutineetcie.com\/lutinelefilm\/wp-json\/wp\/v2\/pages\/4074"}],"collection":[{"href":"http:\/\/lutineetcie.com\/lutinelefilm\/wp-json\/wp\/v2\/pages"}],"about":[{"href":"http:\/\/lutineetcie.com\/lutinelefilm\/wp-json\/wp\/v2\/types\/page"}],"author":[{"embeddable":true,"href":"http:\/\/lutineetcie.com\/lutinelefilm\/wp-json\/wp\/v2\/users\/1"}],"replies":[{"embeddable":true,"href":"http:\/\/lutineetcie.com\/lutinelefilm\/wp-json\/wp\/v2\/comments?post=4074"}],"version-history":[{"count":17,"href":"http:\/\/lutineetcie.com\/lutinelefilm\/wp-json\/wp\/v2\/pages\/4074\/revisions"}],"predecessor-version":[{"id":4572,"href":"http:\/\/lutineetcie.com\/lutinelefilm\/wp-json\/wp\/v2\/pages\/4074\/revisions\/4572"}],"up":[{"embeddable":true,"href":"http:\/\/lutineetcie.com\/lutinelefilm\/wp-json\/wp\/v2\/pages\/2878"}],"wp:attachment":[{"href":"http:\/\/lutineetcie.com\/lutinelefilm\/wp-json\/wp\/v2\/media?parent=4074"}],"curies":[{"name":"wp","href":"https:\/\/api.w.org\/{rel}","templated":true}]}}