{"id":409,"date":"2013-06-05T00:43:36","date_gmt":"2013-06-04T23:43:36","guid":{"rendered":"http:\/\/lutinelefilm.wordpress.com\/?page_id=409"},"modified":"2018-05-31T13:05:01","modified_gmt":"2018-05-31T12:05:01","slug":"auteurs","status":"publish","type":"page","link":"http:\/\/lutineetcie.com\/lutinelefilm\/documentaire\/theorie\/auteurs\/","title":{"rendered":"Des \u00e9crivain\u00b7es \u00e0 lire"},"content":{"rendered":"<p><strong><a href=\"http:\/\/fsimpere.over-blog.com\">Fran\u00e7oise Simp\u00e8re<\/a>,<\/strong>\u00a0autrice incontournable du\u00a0<em><a href=\"http:\/\/lutineetcie.com\/coin-lecture\/a-propos-damour\/\">Guide des amours plurielles<\/a>\u00a0<\/em>et de\u00a0<em><a href=\"http:\/\/www.amazon.fr\/Aimer-plusieurs-hommes-Fran\u00e7oise-Simp\u00e8re\/dp\/2266138227\">Aimer plusieurs hommes<\/a>\u00a0<\/em>:<\/p>\n<p><img decoding=\"async\" loading=\"lazy\" class=\" wp-image-222 alignnone\" src=\"http:\/\/lutineetcie.com\/lutinelefilm\/wp-content\/uploads\/2013\/06\/28-large_default1.jpg\" alt=\"28-large_default\" width=\"158\" height=\"158\" \/><img decoding=\"async\" loading=\"lazy\" class=\" wp-image-465 alignnone\" src=\"http:\/\/lutineetcie.com\/lutinelefilm\/wp-content\/uploads\/2013\/06\/simpc3a8re20121.jpg\" alt=\"simp\u00e8re2012\" width=\"180\" height=\"139\" \/><img decoding=\"async\" loading=\"lazy\" class=\" wp-image-225 alignnone\" src=\"http:\/\/lutineetcie.com\/lutinelefilm\/wp-content\/uploads\/2013\/06\/41jycyzhfsl-_sy445_1.jpg\" alt=\"41jycyZHFSL._SY445_\" width=\"109\" height=\"180\" \/><\/p>\n<p><a href=\"http:\/\/lutineetcie.com\/lutinelefilm\/wp-content\/uploads\/2016\/01\/Fran\u00e7oise-Simp\u00e8re.jpg\"><img decoding=\"async\" loading=\"lazy\" class=\"aligncenter wp-image-3467\" src=\"http:\/\/lutineetcie.com\/lutinelefilm\/wp-content\/uploads\/2016\/01\/Fran\u00e7oise-Simp\u00e8re-300x113.jpg\" alt=\"Fran\u00e7oise Simp\u00e8re\" width=\"400\" height=\"150\" srcset=\"http:\/\/lutineetcie.com\/lutinelefilm\/wp-content\/uploads\/2016\/01\/Fran\u00e7oise-Simp\u00e8re-300x113.jpg 300w, http:\/\/lutineetcie.com\/lutinelefilm\/wp-content\/uploads\/2016\/01\/Fran\u00e7oise-Simp\u00e8re-768x288.jpg 768w, http:\/\/lutineetcie.com\/lutinelefilm\/wp-content\/uploads\/2016\/01\/Fran\u00e7oise-Simp\u00e8re-1024x384.jpg 1024w, http:\/\/lutineetcie.com\/lutinelefilm\/wp-content\/uploads\/2016\/01\/Fran\u00e7oise-Simp\u00e8re-500x188.jpg 500w\" sizes=\"(max-width: 400px) 100vw, 400px\" \/><\/a><\/p>\n<p>Voici un teaser de la s\u00e9quence de\u00a0<em>LUTINE<\/em>\u00a0dans laquelle\u00a0Caroline Brou\u00e9 (ma s\u0153ur !) productrice \u00e0\u00a0France-Culture, l&rsquo;interviewe.<br \/>\nCaroline, \u00e0 Fran\u00e7oise :\u00a0\u00ab\u00a0<em>C&rsquo;est un concept, c&rsquo;est un mode de vie, c&rsquo;est un mod\u00e8le ?<\/em>\u00a0\u00bb<\/p>\n<p><iframe loading=\"lazy\" src=\"https:\/\/player.vimeo.com\/video\/121685847?app_id=122963\" width=\"584\" height=\"329\" frameborder=\"0\" title=\"LUTINE_Teaser_C&#039;est un concept, un mode de vie ?\" webkitallowfullscreen mozallowfullscreen allowfullscreen><\/iframe><\/p>\n<p>&nbsp;<\/p>\n<p>Et ici l&rsquo;extrait\u00a0de l&rsquo;interview de Fran\u00e7oise Simp\u00e8re dans lequel elle a cette formule que j&rsquo;aime tant : \u00ab\u00a0<strong><em>Je pense qu&rsquo;aimer, c&rsquo;est garder les yeux ouverts sur le monde.<\/em>\u00a0<\/strong><em>\u00bb<\/em><\/p>\n<p><iframe loading=\"lazy\" src=\"https:\/\/player.vimeo.com\/video\/116905881?app_id=122963\" width=\"584\" height=\"329\" frameborder=\"0\" title=\"LUTINE_Extrait_Entretien avec Fran&ccedil;oise Simp&egrave;re\" webkitallowfullscreen mozallowfullscreen allowfullscreen><\/iframe><\/p>\n<p><em>Vous pouvez retrouver <a href=\"http:\/\/lutineetcie.com\/lutinelefilm\/documentaire\/theorie\/auteurs\/extrait-interview\/\">ici la retranscription<\/a> de l&rsquo;interview de Fran\u00e7oise.\u00a0<\/em><\/p>\n<p>&nbsp;<\/p>\n<p>&#8211;\u00a0<strong>Yann Kerninon<\/strong>, auteur de\u00a0<a href=\"http:\/\/www.buchetchastel.fr\/vers-une-liberation-amoureuse-yann-kerninon-9782355800320\"><em>Vers une lib\u00e9ration amoureuse\u00a0<\/em><\/a><\/p>\n<p style=\"text-align: left;\"><span style=\"font-style: inherit; line-height: 1.625;\"><a href=\"http:\/\/lutineetcie.com\/lutinelefilm\/wp-content\/uploads\/2013\/07\/mg_30661.jpeg\"><img decoding=\"async\" loading=\"lazy\" class=\"aligncenter wp-image-1926\" src=\"http:\/\/lutineetcie.com\/lutinelefilm\/wp-content\/uploads\/2013\/07\/mg_30661.jpeg\" alt=\"mg_30661\" width=\"584\" height=\"389\" srcset=\"http:\/\/lutineetcie.com\/lutinelefilm\/wp-content\/uploads\/2013\/07\/mg_30661.jpeg 487w, http:\/\/lutineetcie.com\/lutinelefilm\/wp-content\/uploads\/2013\/07\/mg_30661-300x199.jpeg 300w, http:\/\/lutineetcie.com\/lutinelefilm\/wp-content\/uploads\/2013\/07\/mg_30661-450x300.jpeg 450w\" sizes=\"(max-width: 584px) 100vw, 584px\" \/><\/a><\/span><\/p>\n<p style=\"text-align: left;\"><span style=\"font-style: inherit; line-height: 1.625;\"><a href=\"http:\/\/lutineetcie.com\/lutinelefilm\/wp-content\/uploads\/2013\/06\/MG_2940.jpeg\"><img decoding=\"async\" loading=\"lazy\" class=\"aligncenter wp-image-2244 size-large\" src=\"http:\/\/lutineetcie.com\/lutinelefilm\/wp-content\/uploads\/2013\/06\/MG_2940-1024x683.jpeg\" alt=\"_MG_2940\" width=\"584\" height=\"390\" srcset=\"http:\/\/lutineetcie.com\/lutinelefilm\/wp-content\/uploads\/2013\/06\/MG_2940-1024x683.jpeg 1024w, http:\/\/lutineetcie.com\/lutinelefilm\/wp-content\/uploads\/2013\/06\/MG_2940-300x200.jpeg 300w, http:\/\/lutineetcie.com\/lutinelefilm\/wp-content\/uploads\/2013\/06\/MG_2940-450x300.jpeg 450w, http:\/\/lutineetcie.com\/lutinelefilm\/wp-content\/uploads\/2013\/06\/MG_2940.jpeg 1156w\" sizes=\"(max-width: 584px) 100vw, 584px\" \/><\/a><\/span>Lire ici l&rsquo;extrait\u00a0de\u00a0son livre\u00a0<em><a title=\"\u00ab\u00a0Vers une lib\u00e9ration amoureuse\u00a0\u00bb \u2013 Extrait\" href=\"http:\/\/lutineetcie.com\/lutinelefilm\/documentaire\/les-pros\/extrait-de-vers-une-liberation-amoureuse\/\">Vers une lib\u00e9ration amoureuse<\/a>\u00a0<\/em>que lit Yann Kerninon dans\u00a0<em>LUTINE.\u00a0<\/em><\/p>\n<p>S\u00e9quence mont\u00e9e avec\u00a0Yann Kerninon dans une version plus longue que ce qu&rsquo;il en reste dans le film :<\/p>\n<p style=\"text-align: center;\"><div class=\"su-vimeo su-u-responsive-media-yes\"><iframe width=\"600\" height=\"400\" src=\"\/\/player.vimeo.com\/video\/72273478?title=0&amp;byline=0&amp;portrait=0&amp;color=ffffff&amp;autoplay=0&amp;dnt=0&amp;muted=0&amp;texttrack=\" frameborder=\"0\" allow=\"autoplay; fullscreen\" allowfullscreen title=\"\"><\/iframe><\/div>\n<p>&nbsp;<\/p>\n","protected":false},"excerpt":{"rendered":"<p>Fran\u00e7oise Simp\u00e8re,\u00a0autrice incontournable du\u00a0Guide des amours plurielles\u00a0et de\u00a0Aimer plusieurs hommes\u00a0: Voici un teaser de la s\u00e9quence de\u00a0LUTINE\u00a0dans laquelle\u00a0Caroline Brou\u00e9 (ma s\u0153ur !) productrice \u00e0\u00a0France-Culture, l&rsquo;interviewe. Caroline, \u00e0 Fran\u00e7oise :\u00a0\u00ab\u00a0C&rsquo;est un concept, c&rsquo;est un mode de vie, c&rsquo;est un mod\u00e8le ?\u00a0\u00bb &hellip; <a href=\"http:\/\/lutineetcie.com\/lutinelefilm\/documentaire\/theorie\/auteurs\/\">Continuer la lecture <span class=\"meta-nav\">&rarr;<\/span><\/a><\/p>\n","protected":false},"author":1,"featured_media":0,"parent":24,"menu_order":1,"comment_status":"closed","ping_status":"closed","template":"sidebar-page.php","meta":[],"_links":{"self":[{"href":"http:\/\/lutineetcie.com\/lutinelefilm\/wp-json\/wp\/v2\/pages\/409"}],"collection":[{"href":"http:\/\/lutineetcie.com\/lutinelefilm\/wp-json\/wp\/v2\/pages"}],"about":[{"href":"http:\/\/lutineetcie.com\/lutinelefilm\/wp-json\/wp\/v2\/types\/page"}],"author":[{"embeddable":true,"href":"http:\/\/lutineetcie.com\/lutinelefilm\/wp-json\/wp\/v2\/users\/1"}],"replies":[{"embeddable":true,"href":"http:\/\/lutineetcie.com\/lutinelefilm\/wp-json\/wp\/v2\/comments?post=409"}],"version-history":[{"count":42,"href":"http:\/\/lutineetcie.com\/lutinelefilm\/wp-json\/wp\/v2\/pages\/409\/revisions"}],"predecessor-version":[{"id":5328,"href":"http:\/\/lutineetcie.com\/lutinelefilm\/wp-json\/wp\/v2\/pages\/409\/revisions\/5328"}],"up":[{"embeddable":true,"href":"http:\/\/lutineetcie.com\/lutinelefilm\/wp-json\/wp\/v2\/pages\/24"}],"wp:attachment":[{"href":"http:\/\/lutineetcie.com\/lutinelefilm\/wp-json\/wp\/v2\/media?parent=409"}],"curies":[{"name":"wp","href":"https:\/\/api.w.org\/{rel}","templated":true}]}}