{"id":42,"date":"2013-05-29T23:06:03","date_gmt":"2013-05-29T22:06:03","guid":{"rendered":"http:\/\/lutinelefilm.wordpress.com\/?page_id=42"},"modified":"2016-04-05T18:31:15","modified_gmt":"2016-04-05T17:31:15","slug":"videos","status":"publish","type":"page","link":"http:\/\/lutineetcie.com\/lutinelefilm\/comedie\/videos\/","title":{"rendered":"Vid\u00e9os Touscoprod"},"content":{"rendered":"<p>Vid\u00e9o enregistr\u00e9e pour la souscription sur Touscoprod\u00a0\u00e0 l&rsquo;automne 2015 :<\/p>\n<p><iframe loading=\"lazy\" src=\"https:\/\/www.youtube.com\/embed\/usoOtM1vY4M\" width=\"560\" height=\"315\" frameborder=\"0\" allowfullscreen=\"allowfullscreen\"><\/iframe><\/p>\n<p>&nbsp;<\/p>\n<p>Film-annonce que nous avons mont\u00e9 \u00e0 l&rsquo;\u00e9t\u00e9 2013 avec les premi\u00e8res images du film&#8230;<br \/>\n<div class=\"su-vimeo su-u-responsive-media-yes\"><iframe width=\"600\" height=\"400\" src=\"\/\/player.vimeo.com\/video\/71167856?title=0&amp;byline=0&amp;portrait=0&amp;color=ffffff&amp;autoplay=0&amp;dnt=0&amp;muted=0&amp;texttrack=\" frameborder=\"0\" allow=\"autoplay; fullscreen\" allowfullscreen title=\"\"><\/iframe><\/div>\n","protected":false},"excerpt":{"rendered":"<p>Vid\u00e9o enregistr\u00e9e pour la souscription sur Touscoprod\u00a0\u00e0 l&rsquo;automne 2015 : &nbsp; Film-annonce que nous avons mont\u00e9 \u00e0 l&rsquo;\u00e9t\u00e9 2013 avec les premi\u00e8res images du film&#8230;<\/p>\n","protected":false},"author":1,"featured_media":0,"parent":1464,"menu_order":5,"comment_status":"closed","ping_status":"closed","template":"sidebar-page.php","meta":[],"_links":{"self":[{"href":"http:\/\/lutineetcie.com\/lutinelefilm\/wp-json\/wp\/v2\/pages\/42"}],"collection":[{"href":"http:\/\/lutineetcie.com\/lutinelefilm\/wp-json\/wp\/v2\/pages"}],"about":[{"href":"http:\/\/lutineetcie.com\/lutinelefilm\/wp-json\/wp\/v2\/types\/page"}],"author":[{"embeddable":true,"href":"http:\/\/lutineetcie.com\/lutinelefilm\/wp-json\/wp\/v2\/users\/1"}],"replies":[{"embeddable":true,"href":"http:\/\/lutineetcie.com\/lutinelefilm\/wp-json\/wp\/v2\/comments?post=42"}],"version-history":[{"count":7,"href":"http:\/\/lutineetcie.com\/lutinelefilm\/wp-json\/wp\/v2\/pages\/42\/revisions"}],"predecessor-version":[{"id":2844,"href":"http:\/\/lutineetcie.com\/lutinelefilm\/wp-json\/wp\/v2\/pages\/42\/revisions\/2844"}],"up":[{"embeddable":true,"href":"http:\/\/lutineetcie.com\/lutinelefilm\/wp-json\/wp\/v2\/pages\/1464"}],"wp:attachment":[{"href":"http:\/\/lutineetcie.com\/lutinelefilm\/wp-json\/wp\/v2\/media?parent=42"}],"curies":[{"name":"wp","href":"https:\/\/api.w.org\/{rel}","templated":true}]}}