{"id":4337,"date":"2017-05-20T21:52:15","date_gmt":"2017-05-20T20:52:15","guid":{"rendered":"http:\/\/lutineetcie.com\/lutinelefilm\/?page_id=4337"},"modified":"2017-05-20T21:54:56","modified_gmt":"2017-05-20T20:54:56","slug":"repliques","status":"publish","type":"page","link":"http:\/\/lutineetcie.com\/lutinelefilm\/comedie\/realisatrice\/tout-le-plaisir-est-pour-moi\/repliques\/","title":{"rendered":"R\u00e9pliques"},"content":{"rendered":"<p>Un clitoris, c\u2019est comme un chat :<br \/>\navant de le caresser, il faut le flatter.<\/p>\n<p>Mentir, c\u2019est comme simuler,<br \/>\n\u00e7a te retombe dessus un jour ou l\u2019autre !<\/p>\n<p>L\u2019ext\u00e9rieur, c\u2019est qu\u2019un tout petit bout !<br \/>\nT\u2019as 10 cm \u00e0 l\u2019int\u00e9rieur qui entrent en \u00e9rection !<br \/>\n\u2026 C\u2019est comme les hommes, sauf que l\u2019\u00e9rection se fait \u00e0 l\u2019int\u00e9rieur !<\/p>\n<p>Si tu t\u2019occupais un peu mieux du clitoris de ta femme,<br \/>\nelle serait pas oblig\u00e9e de simuler !<\/p>\n<p>Le jour o\u00f9 t\u2019assumeras tes sentiments, tu verras, \u00e7a ira beaucoup mieux.<\/p>\n<p>&#8211; Et un papillon, vous n\u2019auriez pas ?<br \/>\n&#8211; Ah non, miss, un papillon, \u00e7a papillonne\u2026<br \/>\n&#8211; Alors qu\u2019une abeille, \u00e7a suce, c\u2019est bien connu\u2026<\/p>\n<p>Vous ne l\u2019avez toujours pas retrouv\u00e9 ?\u2026<br \/>\nRemarquez, vous avez d\u00e9j\u00e0 la chance de le conna\u00eetre,<br \/>\nau moins vous savez ce que vous avez perdu !<\/p>\n<p>&#8211; Et ta th\u00e9i\u00e8re, c\u2019est quoi ? Une fellation r\u00e9ussie ? Je comprends mieux pourquoi je n\u2019ai jamais aim\u00e9 \u00e7a !<br \/>\n&#8211; Quoi, les fellations ?<br \/>\n&#8211; Non, le th\u00e9 !<br \/>\n&#8211; Oh \u00e9coute, \u00e7a suffit maintenant ! Tu d\u00e9passes les burnes !<\/p>\n<p>&#8211; Tu crois pas que tu dramatises ?<br \/>\n&#8211; Je dramatise pas, c\u2019est dramatique !<\/p>\n<p>\u00c7a y est ! J\u2019ai eu un orgasme avec p\u00e9n\u00e9tration !<br \/>\nC\u2019est dingue ! On n\u2019arr\u00eate plus avec Thomas !<\/p>\n<p>Je suis une autre femme.<br \/>\nT&rsquo;avais raison, c&rsquo;est tr\u00e8s important, les choses du sexe !<\/p>\n<p>C\u2019est la douche que je pr\u00e9f\u00e8re.<br \/>\nUn matin, je l\u2019ai m\u00eame fait\u2026 15 fois de suite !\u2026<br \/>\nMais apr\u00e8s, j\u2019\u00e9tais arriv\u00e9e au bout du ballon d\u2019eau chaude,<br \/>\net j\u2019ai d\u00fb finir ma douche \u00e0 l\u2019eau froide\u2026<\/p>\n","protected":false},"excerpt":{"rendered":"<p>Un clitoris, c\u2019est comme un chat : avant de le caresser, il faut le flatter. Mentir, c\u2019est comme simuler, \u00e7a te retombe dessus un jour ou l\u2019autre ! L\u2019ext\u00e9rieur, c\u2019est qu\u2019un tout petit bout ! T\u2019as 10 cm \u00e0 l\u2019int\u00e9rieur &hellip; <a href=\"http:\/\/lutineetcie.com\/lutinelefilm\/comedie\/realisatrice\/tout-le-plaisir-est-pour-moi\/repliques\/\">Continuer la lecture <span class=\"meta-nav\">&rarr;<\/span><\/a><\/p>\n","protected":false},"author":1,"featured_media":0,"parent":847,"menu_order":6,"comment_status":"closed","ping_status":"closed","template":"sidebar-page.php","meta":[],"_links":{"self":[{"href":"http:\/\/lutineetcie.com\/lutinelefilm\/wp-json\/wp\/v2\/pages\/4337"}],"collection":[{"href":"http:\/\/lutineetcie.com\/lutinelefilm\/wp-json\/wp\/v2\/pages"}],"about":[{"href":"http:\/\/lutineetcie.com\/lutinelefilm\/wp-json\/wp\/v2\/types\/page"}],"author":[{"embeddable":true,"href":"http:\/\/lutineetcie.com\/lutinelefilm\/wp-json\/wp\/v2\/users\/1"}],"replies":[{"embeddable":true,"href":"http:\/\/lutineetcie.com\/lutinelefilm\/wp-json\/wp\/v2\/comments?post=4337"}],"version-history":[{"count":4,"href":"http:\/\/lutineetcie.com\/lutinelefilm\/wp-json\/wp\/v2\/pages\/4337\/revisions"}],"predecessor-version":[{"id":4341,"href":"http:\/\/lutineetcie.com\/lutinelefilm\/wp-json\/wp\/v2\/pages\/4337\/revisions\/4341"}],"up":[{"embeddable":true,"href":"http:\/\/lutineetcie.com\/lutinelefilm\/wp-json\/wp\/v2\/pages\/847"}],"wp:attachment":[{"href":"http:\/\/lutineetcie.com\/lutinelefilm\/wp-json\/wp\/v2\/media?parent=4337"}],"curies":[{"name":"wp","href":"https:\/\/api.w.org\/{rel}","templated":true}]}}