{"id":4342,"date":"2017-05-20T22:00:44","date_gmt":"2017-05-20T21:00:44","guid":{"rendered":"http:\/\/lutineetcie.com\/lutinelefilm\/?page_id=4342"},"modified":"2017-05-20T22:14:09","modified_gmt":"2017-05-20T21:14:09","slug":"afp-article-interview","status":"publish","type":"page","link":"http:\/\/lutineetcie.com\/lutinelefilm\/comedie\/realisatrice\/tout-le-plaisir-est-pour-moi\/afp-article-interview\/","title":{"rendered":"AFP : Article + Interview"},"content":{"rendered":"<p><strong>\u00a0\u00a0 <em>Tout le plaisir est pour moi<\/em>\u00a0: <\/strong><strong>\u00e0 la recherche du clitoris perdu <\/strong>(sortie le 18 ao\u00fbt)<\/p>\n<h1>\u00a0\u00a0 Par Gildas LE ROUX<\/h1>\n<p>PARIS, 15 ao\u00fbt 2004 (AFP) &#8211; Avec <em>Tout le plaisir est pour moi<\/em>, une com\u00e9die sur le plaisir sexuel au f\u00e9minin qui sort mercredi, <strong>la jeune r\u00e9alisatrice Isabelle Brou\u00e9 r\u00e9ussit \u00e0 briser un tabou sur un ton l\u00e9ger et plein d&rsquo;humour. R\u00e9sultat : un petit bijou qui pourrait devenir la bonne surprise de cet \u00e9t\u00e9.<\/strong><\/p>\n<p>L&rsquo;histoire ? Louise, une jeune Parisienne dans le vent incarn\u00e9e par Marie Gillain, sait ce qu&rsquo;elle veut dans la vie: elle est libre, fougueuse, heureuse. Bref, tout va bien pour elle. Mais patatras, un jour qu&rsquo;elle fait l&rsquo;amour avec son petit-ami Fran\u00e7ois (Julien Boisselier), elle tombe en panne et r\u00e9alise avec effroi qu&rsquo;elle a perdu son plaisir sexuel.<\/p>\n<p>Elle panique (\u00ab\u00a0<em>J&rsquo;ai perdu mon clitoris! C&rsquo;est \u00e9pouvantable\u00a0<\/em>!\u00a0\u00bb) et se lance d\u00e9sesp\u00e9r\u00e9ment dans une folle qu\u00eate pour r\u00e9parer ce probl\u00e8me de \u00ab\u00a0m\u00e9canique\u00a0\u00bb. S&rsquo;ensuit alors une s\u00e9rie d&rsquo;exp\u00e9ditions rocambolesques chez un sexologue, puis un marabout, et m\u00eame dans un sex-shop.<\/p>\n<p>Mais <strong>derri\u00e8re les situations comiques,<\/strong>\u00a0\u00ab\u00a0<em><strong>le fond de l&rsquo;histoire est grave<\/strong> : Louise est une fille qui n&rsquo;arrive pas \u00e0 s&rsquo;avouer ses propres sentiments, qui n&rsquo;est pas en accord avec ses \u00e9motions, qui se ment, qui fout le bordel<\/em>\u00ab\u00a0, explique \u00e0 l&rsquo;AFP la r\u00e9alisatrice.<\/p>\n<p>\u00ab\u00a0<em>Elle panique \u00e0 l&rsquo;id\u00e9e de s&rsquo;engager, et comme par hasard c&rsquo;est \u00e0 la veille de pr\u00e9senter son petit-ami \u00e0 ses parents qu&rsquo;elle perd son plaisir<\/em>\u00ab\u00a0, rench\u00e9rit Marie Gillain.<\/p>\n<p>Fran\u00e7ois, en revanche, est \u00ab\u00a0<em>un \u00eatre entier, il est amoureux et l&rsquo;assume, contrairement \u00e0 Louise. Il n&rsquo;a pas peur de ses sentiments (&#8230;) mais il n&rsquo;arrive pas comprendre les raisons de ce d\u00e9r\u00e8glement<\/em>\u00ab\u00a0, ajoute la r\u00e9alisatrice.<\/p>\n<p>&nbsp;<\/p>\n<p>Isabelle Brou\u00e9, dont c&rsquo;est le premier long-m\u00e9trage, a voulu parler du clitoris \u00ab\u00a0<em>parce qu&rsquo;on en parle pas, justement. Comme me le faisait remarquer un m\u00e9decin, contrairement au p\u00e9nis, <strong>le clitoris n&rsquo;est m\u00eame pas \u00e9tudi\u00e9 pendant les \u00e9tudes de m\u00e9decine parce qu&rsquo;il ne \u00ab\u00a0sert \u00e0 rien\u00a0\u00bb, \u00e0 rien d&rsquo;autre qu&rsquo;au plaisir.<\/strong> Mais c&rsquo;est \u00e7a qui est beau !<\/em>\u00ab\u00a0.<\/p>\n<p>Elle d\u00e9crit son h\u00e9ro\u00efne Louise comme \u00ab\u00a0<em>un trublion qui d\u00e9range, en disant les choses qui ne se disent pas, en obligeant les autres \u00e0 voir en eux des choses que peut-\u00eatre ils pr\u00e9f\u00e9reraient ne pas voir, en les poussant \u00e0 se montrer vrais malgr\u00e9 eux<\/em>\u00ab\u00a0.<\/p>\n<p>Confront\u00e9e \u00e0 la m\u00e9diocre vie sexuelle de sa m\u00e8re (Brigitte Ro\u00fcan) et de sa soeur (Garance Clavel, hilarante), Louise se rebelle et n&rsquo;a qu&rsquo;une angoisse : finir comme elles ! <strong>\u00ab\u00a0<em>Le message (du film), c&rsquo;est qu&rsquo;il n&rsquo;est jamais trop tard<\/em><\/strong><em>\u00a0\u00bb pour \u00e9prouver du plaisir<\/em>, confie Isabelle Brou\u00e9.<\/p>\n<p>Le sc\u00e9nario, \u00e9crit et adapt\u00e9 par Isabelle Brou\u00e9 avec la complicit\u00e9 d&rsquo;H\u00e9l\u00e8ne Woillot, donne lieu \u00e0 des dialogues d&rsquo;anthologie. Pour preuve ce sexologue quasiment lyrique qui s&rsquo;exclame devant Louise : \u00ab\u00a0<em><strong>Un clitoris, c&rsquo;est comme un chat : avant de le caresser, il faut le flatter<\/strong><\/em>\u00ab\u00a0.<\/p>\n<p>&nbsp;<\/p>\n<p>PARIS, 15 ao\u00fbt 2004 (AFP) &#8211;\u00a0 \u00ab\u00a0Tout le plaisir est pour moi\u00a0\u00bb, premier long-m\u00e9trage d&rsquo;Isabelle Brou\u00e9, sort mercredi. La jeune r\u00e9alisatrice, 35 ans, avoue avoir eu envie de faire<strong> \u00ab\u00a0quelque chose de l\u00e9ger et de ludique\u00a0\u00bb sur un sujet pourtant d\u00e9licat <\/strong>: les femmes et le plaisir sexuel.<\/p>\n<p><strong><em> Question : Comment vous est venue l&rsquo;id\u00e9e de ce film ?<\/em><\/strong><\/p>\n<p>R\u00e9ponse : J&rsquo;avais envie de parler de la sexualit\u00e9 et du plaisir&#8230; L&rsquo;enjeu pour moi \u00e9tait d&rsquo;aborder la sexualit\u00e9 avec un autre point de vue que ce qu&rsquo;on voyait habituellement dans les films et les livres. Je ne m&rsquo;y retrouvais pas, je trouvais \u00e7a souvent glauque et sinistre ! J&rsquo;avais <strong>envie de faire quelque chose de l\u00e9ger et de ludique<\/strong>. J&rsquo;en avais un peu marre de tout ce que je voyais&#8230; Dans les d\u00e9bats organis\u00e9s \u00e0 l&rsquo;occasion des avant-premi\u00e8res, c&rsquo;est \u00e9tonnant de voir comment <strong>les gens s&#8217;emparent du mot \u00ab\u00a0clitoris\u00a0\u00bb et prennent plaisir \u00e0 le dire. Ils franchissent le tabou !<\/strong><\/p>\n<p>&nbsp;<\/p>\n<p><strong><em> Q : Comment s&rsquo;est fait le choix des acteurs ?<\/em><\/strong><\/p>\n<p>R : J&rsquo;avais envie de rencontrer Marie Gillain (qui incarne l&rsquo;h\u00e9ro\u00efne du film, Louise). J&rsquo;attendais vraiment une rencontre entre le personnage et une com\u00e9dienne : il fallait qu&rsquo;elle ait envie de s&rsquo;amuser autant que moi avec cette histoire-l\u00e0. Marie, c&rsquo;\u00e9tait une \u00e9vidence : le sujet lui a plu, sa seule question, c&rsquo;\u00e9tait comment j&rsquo;allais traiter les sc\u00e8nes un peu plus crues : on s&rsquo;est rencontr\u00e9es et elle a \u00e9t\u00e9 rassur\u00e9e. C&rsquo;est la premi\u00e8re fois qu&rsquo;elle travaillait avec une fille (derri\u00e8re la cam\u00e9ra).<\/p>\n<p>Je connaissais Julien (Boisselier, interpr\u00e8te du petit-ami de Louise) depuis tr\u00e8s longtemps et on devait faire un court-m\u00e9trage ensemble qui n&rsquo;a pas pu se faire pour des raisons de date. Il fallait aussi qu&rsquo;on trouve un com\u00e9dien qui plaise autant \u00e0 moi qu&rsquo;\u00e0 Marie.<\/p>\n<p><strong><em>\u00a0 Q : Un homme aurait-il pu r\u00e9aliser ce film? Est-ce un handicap d&rsquo;\u00eatre une femme pour diriger un film?<\/em><\/strong><\/p>\n<p>R : Je ne crois pas qu&rsquo;un homme aurait pu r\u00e9aliser un tel film, les femmes auraient eu du mal \u00e0 l&rsquo;accepter, les f\u00e9ministes lui seraient tomb\u00e9es dessus ! Ce qui fait que les filles s&rsquo;y reconnaissent, c&rsquo;est l&rsquo;<strong>auto-d\u00e9rision<\/strong>.<\/p>\n<p>Je pense que sur un plateau les rapports avec une femme-r\u00e9alisatrice sont diff\u00e9rents. Par exemple, j&rsquo;ai plus tendance \u00e0 pleurer qu&rsquo;\u00e0 gueuler : au d\u00e9but, \u00e7a d\u00e9stabilise beaucoup, mais comme je pr\u00e9viens, apr\u00e8s \u00e7a les fait rire et ils attendent que \u00e7a passe&#8230; <strong>Avec moi, \u00e7a se passe plus dans le sourire et la rigolade que dans l&rsquo;autorit\u00e9.<\/strong><\/p>\n<p>&nbsp;<\/p>\n<p>&nbsp;<\/p>\n","protected":false},"excerpt":{"rendered":"<p>\u00a0\u00a0 Tout le plaisir est pour moi\u00a0: \u00e0 la recherche du clitoris perdu (sortie le 18 ao\u00fbt) \u00a0\u00a0 Par Gildas LE ROUX PARIS, 15 ao\u00fbt 2004 (AFP) &#8211; Avec Tout le plaisir est pour moi, une com\u00e9die sur le plaisir &hellip; <a href=\"http:\/\/lutineetcie.com\/lutinelefilm\/comedie\/realisatrice\/tout-le-plaisir-est-pour-moi\/afp-article-interview\/\">Continuer la lecture <span class=\"meta-nav\">&rarr;<\/span><\/a><\/p>\n","protected":false},"author":1,"featured_media":0,"parent":847,"menu_order":7,"comment_status":"closed","ping_status":"closed","template":"sidebar-page.php","meta":[],"_links":{"self":[{"href":"http:\/\/lutineetcie.com\/lutinelefilm\/wp-json\/wp\/v2\/pages\/4342"}],"collection":[{"href":"http:\/\/lutineetcie.com\/lutinelefilm\/wp-json\/wp\/v2\/pages"}],"about":[{"href":"http:\/\/lutineetcie.com\/lutinelefilm\/wp-json\/wp\/v2\/types\/page"}],"author":[{"embeddable":true,"href":"http:\/\/lutineetcie.com\/lutinelefilm\/wp-json\/wp\/v2\/users\/1"}],"replies":[{"embeddable":true,"href":"http:\/\/lutineetcie.com\/lutinelefilm\/wp-json\/wp\/v2\/comments?post=4342"}],"version-history":[{"count":4,"href":"http:\/\/lutineetcie.com\/lutinelefilm\/wp-json\/wp\/v2\/pages\/4342\/revisions"}],"predecessor-version":[{"id":4346,"href":"http:\/\/lutineetcie.com\/lutinelefilm\/wp-json\/wp\/v2\/pages\/4342\/revisions\/4346"}],"up":[{"embeddable":true,"href":"http:\/\/lutineetcie.com\/lutinelefilm\/wp-json\/wp\/v2\/pages\/847"}],"wp:attachment":[{"href":"http:\/\/lutineetcie.com\/lutinelefilm\/wp-json\/wp\/v2\/media?parent=4342"}],"curies":[{"name":"wp","href":"https:\/\/api.w.org\/{rel}","templated":true}]}}