{"id":4347,"date":"2017-05-20T22:24:06","date_gmt":"2017-05-20T21:24:06","guid":{"rendered":"http:\/\/lutineetcie.com\/lutinelefilm\/?page_id=4347"},"modified":"2017-05-20T22:24:14","modified_gmt":"2017-05-20T21:24:14","slug":"ecran-total-lecho-du-public","status":"publish","type":"page","link":"http:\/\/lutineetcie.com\/lutinelefilm\/comedie\/realisatrice\/tout-le-plaisir-est-pour-moi\/ecran-total-lecho-du-public\/","title":{"rendered":"\u00c9cran total : l&rsquo;\u00e9cho du public"},"content":{"rendered":"<h3><strong>L\u2019\u00e9cho du public<\/strong><\/h3>\n<p>Taux de haute satisfaction\u00a0: 40 %<br \/>\n<strong>Taux de satisfaction\u00a0: 80 %<\/strong><\/p>\n<p><strong>Taux de satisfaction<\/strong><br \/>\nHommes\u00a0: 88 %<br \/>\nFemmes\u00a0: 76 %<br \/>\n0 \u00e0 25 ans\u00a0: 73 %<br \/>\nPlus de 26 ans\u00a0: 82 %<\/p>\n<p>(Structure de l\u2019\u00e9chantillon<br \/>\nHommes\u00a0: 32 %<br \/>\nFemmes\u00a0: 68 %<br \/>\n0 \u00e0 25 ans\u00a0: 21 %<br \/>\nPlus de 26 ans\u00a0: 79 %)<\/p>\n<p><strong>Avis positifs<\/strong>\u00a0: plein d\u2019humour, dr\u00f4le et tr\u00e8s vivant, ce premier film d\u2019une femme pour les femmes est une bonne surprise. Ce sont surtout les spectatrices qui s\u2019y reconnaissent et qui le conseillent \u00e0 leurs copines. Les hommes, eux, appr\u00e9cient l\u2019aspect l\u00e9ger de cette com\u00e9die. Marie Gillain rayonne et Julien Boisselier est parfait.<\/p>\n<p><strong>Avis n\u00e9gatifs\u00a0<\/strong>: c\u2019est un peu un catalogue des probl\u00e8mes de la femme trentenaire. Le film souffre de trop nombreux clich\u00e9s et reste un peu artificiel et l\u00e9ger.<\/p>\n<p>Pour donner un ordre d\u2019id\u00e9e, autres films sortis la m\u00eame semaine\u00a0:<\/p>\n<p><em>Les Chroniques de Riddick<br \/>\n<\/em>Taux de haute satisfaction\u00a0: 30 %<br \/>\nTaux de satisfaction\u00a0: 60 %<\/p>\n<p><em>Le Village<br \/>\n<\/em>Taux de haute satisfaction\u00a0: 23%<br \/>\nTaux de satisfaction\u00a0: 56%<\/p>\n<p>&nbsp;<\/p>\n<p>&nbsp;<\/p>\n<p><em>\u00a0<\/em><\/p>\n","protected":false},"excerpt":{"rendered":"<p>L\u2019\u00e9cho du public Taux de haute satisfaction\u00a0: 40 % Taux de satisfaction\u00a0: 80 % Taux de satisfaction Hommes\u00a0: 88 % Femmes\u00a0: 76 % 0 \u00e0 25 ans\u00a0: 73 % Plus de 26 ans\u00a0: 82 % (Structure de l\u2019\u00e9chantillon Hommes\u00a0: 32 &hellip; <a href=\"http:\/\/lutineetcie.com\/lutinelefilm\/comedie\/realisatrice\/tout-le-plaisir-est-pour-moi\/ecran-total-lecho-du-public\/\">Continuer la lecture <span class=\"meta-nav\">&rarr;<\/span><\/a><\/p>\n","protected":false},"author":1,"featured_media":0,"parent":847,"menu_order":8,"comment_status":"closed","ping_status":"closed","template":"sidebar-page.php","meta":[],"_links":{"self":[{"href":"http:\/\/lutineetcie.com\/lutinelefilm\/wp-json\/wp\/v2\/pages\/4347"}],"collection":[{"href":"http:\/\/lutineetcie.com\/lutinelefilm\/wp-json\/wp\/v2\/pages"}],"about":[{"href":"http:\/\/lutineetcie.com\/lutinelefilm\/wp-json\/wp\/v2\/types\/page"}],"author":[{"embeddable":true,"href":"http:\/\/lutineetcie.com\/lutinelefilm\/wp-json\/wp\/v2\/users\/1"}],"replies":[{"embeddable":true,"href":"http:\/\/lutineetcie.com\/lutinelefilm\/wp-json\/wp\/v2\/comments?post=4347"}],"version-history":[{"count":2,"href":"http:\/\/lutineetcie.com\/lutinelefilm\/wp-json\/wp\/v2\/pages\/4347\/revisions"}],"predecessor-version":[{"id":4349,"href":"http:\/\/lutineetcie.com\/lutinelefilm\/wp-json\/wp\/v2\/pages\/4347\/revisions\/4349"}],"up":[{"embeddable":true,"href":"http:\/\/lutineetcie.com\/lutinelefilm\/wp-json\/wp\/v2\/pages\/847"}],"wp:attachment":[{"href":"http:\/\/lutineetcie.com\/lutinelefilm\/wp-json\/wp\/v2\/media?parent=4347"}],"curies":[{"name":"wp","href":"https:\/\/api.w.org\/{rel}","templated":true}]}}