{"id":4351,"date":"2017-05-20T22:32:06","date_gmt":"2017-05-20T21:32:06","guid":{"rendered":"http:\/\/lutineetcie.com\/lutinelefilm\/?page_id=4351"},"modified":"2017-05-20T22:39:30","modified_gmt":"2017-05-20T21:39:30","slug":"le-parisien-un-acte-citoyen","status":"publish","type":"page","link":"http:\/\/lutineetcie.com\/lutinelefilm\/comedie\/realisatrice\/tout-le-plaisir-est-pour-moi\/le-parisien-un-acte-citoyen\/","title":{"rendered":"Le Parisien : Un acte citoyen"},"content":{"rendered":"<p>ISABELLE BROU\u00c9 y met un point d&rsquo;honneur. Pour elle, pr\u00e9senter son premier long-m\u00e9trage directement au public et animer un d\u00e9bat sur son sujet, la sexualit\u00e9 f\u00e9minine, <strong>rel\u00e8ve de l&rsquo;acte citoyen<\/strong>.<\/p>\n<p>Sorti mercredi dans les salles, <em>Tout le plaisir est pour moi<\/em>, avec Marie Gillain en t\u00eate d&rsquo;affiche, totalisait, hier, 22 000 spectateurs en France, s&rsquo;accaparant ainsi <strong>la troisi\u00e8me place du classement<\/strong> derri\u00e8re les deux mastodontes am\u00e9ricains<em> Le Village<\/em>\u00a0et <em>L<\/em><em>es Chroniques de Riddick<\/em>.<\/p>\n<p>Jeudi soir \u00e0 l&rsquo;UGC Cin\u00e9 Cit\u00e9 de Cr\u00e9teil (Val-de-Marne), 190 personnes sont rest\u00e9es, apr\u00e8s la projection, pour discuter avec Isabelle Brou\u00e9, mais aussi Garance Clavel, l&rsquo;autre com\u00e9dienne du film, et Marie Masmonteil, son heureuse productrice.<\/p>\n<p><strong>Les questions sont rest\u00e9es dans le ton de la com\u00e9die, libres et joyeuses<\/strong> : \u00ab <em>Un tel sujet est-il facile \u00e0 faire accepter aux producteurs ?<\/em> \u00bb, \u00ab <em>Y a-t-il une part autobiographique dans votre sc\u00e9nario ?<\/em> \u00bb, \u00ab <em>\u00cates-vous all\u00e9e voir la pi\u00e8ce les Monologues du vagin avant d&rsquo;\u00e9crire cette histoire ?<\/em> \u00bb, \u00ab <em>\u00c9crit-on tout ce qu&rsquo;on veut lorsqu&rsquo;on d\u00e9cide de traiter ce th\u00e8me ?<\/em> \u00bb et m\u00eame \u00ab <em>Y a-t-il des produits d\u00e9riv\u00e9s ?<\/em> \u00bb, en r\u00e9f\u00e9rence \u00e0 un simulateur employ\u00e9e par l&rsquo;une des h\u00e9ro\u00efnes !<\/p>\n<p>Mais le plus difficile reste \u00e0 faire pour la r\u00e9alisatrice qui souhaite surtout rencontrer les jeunes des cit\u00e9s de banlieue \u00ab <strong><em>pour leur dire que le plaisir de la femme est important, et que gar\u00e7ons et filles doivent le savoir<\/em><\/strong> \u00bb.<\/p>\n<p>Avis, donc, aux exploitants de salles et aux maires des diff\u00e9rentes communes&#8230;<\/p>\n<p>&nbsp;<\/p>\n<p>Isabelle Brou\u00e9 pr\u00e9sente son film cet apr\u00e8s-midi au cin\u00e9ma Gaumont Convention, aux s\u00e9ances de 18 heures et 20 h 10. Elle sera demain au Gaumont Gobelins (15 h 40) et \u00e0 l&rsquo;UGC Bastille (\u00e0 18 h 10 et 20 h 10). Lundi aux Cinq Caumartin (16 h 55 et 18 h 35), \u00e0 l&rsquo;UGC Rotonde Montparnasse (20 h 10) et le m\u00eame soir \u00e0 l&rsquo;UGC Od\u00e9on (20 h 35).<\/p>\n<p>&nbsp;<\/p>\n<p>UGC CIN\u00c9 CIT\u00c9 DE CRETEIL (VAL-DE-MARNE), JEUDI SOIR. La r\u00e9alisatrice Isabelle Brou\u00e9 a discut\u00e9 de son premier long-m\u00e9trage , \u00ab Tout le plaisir est pour moi \u00bb , avec 190 s pectateurs. \u00a0 (LP\/AURELIE AUDUREAU.)<\/p>\n<p>&nbsp;<\/p>\n","protected":false},"excerpt":{"rendered":"<p>ISABELLE BROU\u00c9 y met un point d&rsquo;honneur. Pour elle, pr\u00e9senter son premier long-m\u00e9trage directement au public et animer un d\u00e9bat sur son sujet, la sexualit\u00e9 f\u00e9minine, rel\u00e8ve de l&rsquo;acte citoyen. Sorti mercredi dans les salles, Tout le plaisir est pour &hellip; <a href=\"http:\/\/lutineetcie.com\/lutinelefilm\/comedie\/realisatrice\/tout-le-plaisir-est-pour-moi\/le-parisien-un-acte-citoyen\/\">Continuer la lecture <span class=\"meta-nav\">&rarr;<\/span><\/a><\/p>\n","protected":false},"author":1,"featured_media":0,"parent":847,"menu_order":9,"comment_status":"closed","ping_status":"closed","template":"sidebar-page.php","meta":[],"_links":{"self":[{"href":"http:\/\/lutineetcie.com\/lutinelefilm\/wp-json\/wp\/v2\/pages\/4351"}],"collection":[{"href":"http:\/\/lutineetcie.com\/lutinelefilm\/wp-json\/wp\/v2\/pages"}],"about":[{"href":"http:\/\/lutineetcie.com\/lutinelefilm\/wp-json\/wp\/v2\/types\/page"}],"author":[{"embeddable":true,"href":"http:\/\/lutineetcie.com\/lutinelefilm\/wp-json\/wp\/v2\/users\/1"}],"replies":[{"embeddable":true,"href":"http:\/\/lutineetcie.com\/lutinelefilm\/wp-json\/wp\/v2\/comments?post=4351"}],"version-history":[{"count":3,"href":"http:\/\/lutineetcie.com\/lutinelefilm\/wp-json\/wp\/v2\/pages\/4351\/revisions"}],"predecessor-version":[{"id":4357,"href":"http:\/\/lutineetcie.com\/lutinelefilm\/wp-json\/wp\/v2\/pages\/4351\/revisions\/4357"}],"up":[{"embeddable":true,"href":"http:\/\/lutineetcie.com\/lutinelefilm\/wp-json\/wp\/v2\/pages\/847"}],"wp:attachment":[{"href":"http:\/\/lutineetcie.com\/lutinelefilm\/wp-json\/wp\/v2\/media?parent=4351"}],"curies":[{"name":"wp","href":"https:\/\/api.w.org\/{rel}","templated":true}]}}