{"id":4353,"date":"2017-05-20T22:37:33","date_gmt":"2017-05-20T21:37:33","guid":{"rendered":"http:\/\/lutineetcie.com\/lutinelefilm\/?page_id=4353"},"modified":"2017-07-02T20:02:06","modified_gmt":"2017-07-02T19:02:06","slug":"le-parisien-marie-gillain-sest-fait-plaisir","status":"publish","type":"page","link":"http:\/\/lutineetcie.com\/lutinelefilm\/comedie\/realisatrice\/tout-le-plaisir-est-pour-moi\/le-parisien-marie-gillain-sest-fait-plaisir\/","title":{"rendered":"Le Parisien : Marie Gillain s&rsquo;est fait plaisir"},"content":{"rendered":"<p><strong>Marie Gillain s&rsquo;est fait plaisir <\/strong><\/p>\n<p>ELLE AVAIT 16 ans quand elle a d\u00e9but\u00e9 devant les cam\u00e9ras avec G\u00e9rard Depardieu pour partenaire dans <em>Mon p\u00e8re, ce h\u00e9ros<\/em>. Depuis, Marie Gillain est devenue maman, et \u00e0 29 ans elle peut d\u00e9j\u00e0 se vanter d&rsquo;avoir tourn\u00e9 avec Bertrand Tavernier, Ettore Scola, C\u00e9dric Klapisch, Gabriel Aghion, Philippe de Broca.<\/p>\n<p>Aujourd&rsquo;hui, elle est l&rsquo;h\u00e9ro\u00efne du premier long-m\u00e9trage d&rsquo;Isabelle Brou\u00e9, <em>Tout le plaisir est pour moi<\/em>, une com\u00e9die qui aborde la sexualit\u00e9 f\u00e9minine de mani\u00e8re ludique <em>(lire la critique ci-dessous)<\/em>.<\/p>\n<p><strong><em>Qu&rsquo;avez-vous pens\u00e9 en recevant le sc\u00e9nario de ce film ?<br \/>\n<\/em><\/strong><br \/>\n<strong>MARIE GILLAIN. <\/strong>Qu&rsquo;il s&rsquo;agissait d&rsquo;un <strong>sujet culott\u00e9<\/strong>, c&rsquo;est le cas de le dire ! <strong>Je n&rsquo;avais jamais lu un truc pareil.<\/strong> Au cin\u00e9ma comme en litt\u00e9rature, le plaisir f\u00e9minin est souvent trait\u00e9 de mani\u00e8re sombre, tourment\u00e9e ou encore de fa\u00e7on militante, ce qui ne me pla\u00eet pas. L\u00e0, il y a un <strong>humour cocasse<\/strong> et une analyse des relations humaines qui place <em>Tout le plaisir&#8230;<\/em> <strong>entre le film d&rsquo;auteur et la com\u00e9die populaire<\/strong>.<\/p>\n<p><strong><em>Comment avez-vous abord\u00e9 le personnage de Louise ?<br \/>\n<\/em><\/strong><strong><em><br \/>\n<\/em><\/strong>Disons-le : elle est <strong>chiante, n\u00e9vros\u00e9e, obsessionnelle, mais aussi touchante et vuln\u00e9rable<\/strong>. Son c\u00f4t\u00e9 grande gueule, qui est assez \u00e9loign\u00e9 de moi et pouvait \u00eatre inhibant, je l&rsquo;ai trouv\u00e9 en l&rsquo;incarnant au cours des r\u00e9p\u00e9titions qu&rsquo;Isabelle Brou\u00e9 a organis\u00e9es durant un mois. Pouvoir travailler un personnage autant en amont est un vrai luxe. D&rsquo;autant qu&rsquo;il s&rsquo;agit d&rsquo;un premier film&#8230;<\/p>\n<p>Un premier film est un enjeu tr\u00e8s fort pour le r\u00e9alisateur, qui doit tout donner, tout mettre en oeuvre pour r\u00e9ussir, et pour le com\u00e9dien, qui porte une \u00e9norme part de responsabilit\u00e9 dans le r\u00e9sultat.<\/p>\n<p>C&rsquo;est pour cela qu&rsquo;Isabelle et moi avons travaill\u00e9 ensemble pour b\u00e2tir un personnage non st\u00e9r\u00e9otyp\u00e9, qui se r\u00e9v\u00e8le petit \u00e0 petit au spectateur et lui fait comprendre que <strong>sa peur r\u00e9elle, c&rsquo;est de s&rsquo;engager<\/strong> avec le gar\u00e7on qu&rsquo;elle aime.<\/p>\n","protected":false},"excerpt":{"rendered":"<p>Marie Gillain s&rsquo;est fait plaisir ELLE AVAIT 16 ans quand elle a d\u00e9but\u00e9 devant les cam\u00e9ras avec G\u00e9rard Depardieu pour partenaire dans Mon p\u00e8re, ce h\u00e9ros. Depuis, Marie Gillain est devenue maman, et \u00e0 29 ans elle peut d\u00e9j\u00e0 se &hellip; <a href=\"http:\/\/lutineetcie.com\/lutinelefilm\/comedie\/realisatrice\/tout-le-plaisir-est-pour-moi\/le-parisien-marie-gillain-sest-fait-plaisir\/\">Continuer la lecture <span class=\"meta-nav\">&rarr;<\/span><\/a><\/p>\n","protected":false},"author":1,"featured_media":0,"parent":847,"menu_order":10,"comment_status":"closed","ping_status":"closed","template":"sidebar-page.php","meta":[],"_links":{"self":[{"href":"http:\/\/lutineetcie.com\/lutinelefilm\/wp-json\/wp\/v2\/pages\/4353"}],"collection":[{"href":"http:\/\/lutineetcie.com\/lutinelefilm\/wp-json\/wp\/v2\/pages"}],"about":[{"href":"http:\/\/lutineetcie.com\/lutinelefilm\/wp-json\/wp\/v2\/types\/page"}],"author":[{"embeddable":true,"href":"http:\/\/lutineetcie.com\/lutinelefilm\/wp-json\/wp\/v2\/users\/1"}],"replies":[{"embeddable":true,"href":"http:\/\/lutineetcie.com\/lutinelefilm\/wp-json\/wp\/v2\/comments?post=4353"}],"version-history":[{"count":1,"href":"http:\/\/lutineetcie.com\/lutinelefilm\/wp-json\/wp\/v2\/pages\/4353\/revisions"}],"predecessor-version":[{"id":4354,"href":"http:\/\/lutineetcie.com\/lutinelefilm\/wp-json\/wp\/v2\/pages\/4353\/revisions\/4354"}],"up":[{"embeddable":true,"href":"http:\/\/lutineetcie.com\/lutinelefilm\/wp-json\/wp\/v2\/pages\/847"}],"wp:attachment":[{"href":"http:\/\/lutineetcie.com\/lutinelefilm\/wp-json\/wp\/v2\/media?parent=4353"}],"curies":[{"name":"wp","href":"https:\/\/api.w.org\/{rel}","templated":true}]}}