{"id":4390,"date":"2017-05-30T22:05:14","date_gmt":"2017-05-30T21:05:14","guid":{"rendered":"http:\/\/lutineetcie.com\/lutinelefilm\/?page_id=4390"},"modified":"2019-08-10T01:47:04","modified_gmt":"2019-08-10T00:47:04","slug":"video","status":"publish","type":"page","link":"http:\/\/lutineetcie.com\/lutinelefilm\/presse\/video\/","title":{"rendered":"Vid\u00e9os"},"content":{"rendered":"<p>Interview au journal de midi sur France 3 C\u00f4te d&rsquo;Azur par H\u00e9l\u00e8ne Maman le 29 juillet 2019, \u00e0 l&rsquo;occasion de la projection de LUTINE au cin\u00e9ma de Beaulieu :<\/p>\n<div class=\"su-youtube su-u-responsive-media-no\"><iframe width=\"600\" height=\"400\" src=\"https:\/\/www.youtube.com\/embed\/-pO5KFtkR48?\" frameborder=\"0\" allowfullscreen allow=\"autoplay; encrypted-media; picture-in-picture\" title=\"\"><\/iframe><\/div>\n<p>Review of LUTINE by Lisa Nesselson on <a href=\"http:\/\/www.france24.com\/en\/20180404-encore-culture-cinema-dont-worry-gus-van-sant-phoenix-lutine-sense-ending-peter-rabbit\">France 24<\/a> TV channel on April 4th, 2018 (this is an excerpt: to see the whole review, <a href=\"http:\/\/www.france24.com\/en\/20180404-encore-culture-cinema-dont-worry-gus-van-sant-phoenix-lutine-sense-ending-peter-rabbit\">click here<\/a>).<\/p>\n<div class=\"su-vimeo su-u-responsive-media-yes\"><iframe width=\"600\" height=\"400\" src=\"\/\/player.vimeo.com\/video\/263758848?title=0&amp;byline=0&amp;portrait=0&amp;color=ffffff&amp;autoplay=0&amp;dnt=0&amp;muted=0&amp;texttrack=\" frameborder=\"0\" allow=\"autoplay; fullscreen\" allowfullscreen title=\"\"><\/iframe><\/div>\n<p>Un extrait de l&rsquo;\u00e9mission <strong>CRAC CRAC<\/strong>, diffus\u00e9e sur Canal + le 8 f\u00e9vrier 2018, pr\u00e9sent\u00e9e par Le Poulpe : sur la polyamorie, avec Isabelle Brou\u00e9 et <a href=\"https:\/\/www.nouvelobs.com\/rue89\/rue89-rue69\/20141212.RUE6964\/l-ifop-a-un-monsieur-cul-il-sait-tout-de-votre-sexualite.html\">Fran\u00e7ois Kraus<\/a>, le \u00ab\u00a0Monsieur Cul de l&rsquo;Ifop\u00a0\u00bb.<br \/>\n<div class=\"su-vimeo su-u-responsive-media-yes\"><iframe width=\"600\" height=\"400\" src=\"\/\/player.vimeo.com\/video\/263774599?title=0&amp;byline=0&amp;portrait=0&amp;color=ffffff&amp;autoplay=0&amp;dnt=0&amp;muted=0&amp;texttrack=\" frameborder=\"0\" allow=\"autoplay; fullscreen\" allowfullscreen title=\"\"><\/iframe><\/div>\n<p>Une interview par Alicia Hiblot dans \u00ab\u00a0Juste avant de zapper\u00a0\u00bb sur Mirabelle TV \u00e0 l&rsquo;occasion de l&rsquo;avant-premi\u00e8re de LUTINE au cin\u00e9ma Ariel Cam\u00e9o de Metz :<\/p>\n<div class=\"su-youtube su-u-responsive-media-yes\"><iframe width=\"600\" height=\"400\" src=\"https:\/\/www.youtube.com\/embed\/pzvWy1OKw5w?\" frameborder=\"0\" allowfullscreen allow=\"autoplay; encrypted-media; picture-in-picture\" title=\"\"><\/iframe><\/div>\n<p>Interview par Agathe Rigo pour 8\u00e8me \u00e9tage : d\u00e9c. 2017<\/p>\n<p><iframe loading=\"lazy\" src=\"https:\/\/www.youtube.com\/embed\/Um7iWe0Xr5Y\" width=\"560\" height=\"315\" frameborder=\"0\" allowfullscreen=\"allowfullscreen\"><\/iframe><br \/>\n**********************************************************************************************************<br \/>\nEt ici l&rsquo;interview de 35 mn en entier :<\/p>\n<p><iframe loading=\"lazy\" src=\"https:\/\/www.youtube.com\/embed\/Ha9RMSPrPCQ?rel=0\" width=\"560\" height=\"315\" frameborder=\"0\" allowfullscreen=\"allowfullscreen\"><\/iframe><\/p>\n<p>Dans l&rsquo;ordre, y sont abord\u00e9s\u00a0les sujets suivants :<br \/>\n&#8211; pourquoi \u00ab\u00a0polyamorie\u00a0\u00bb plut\u00f4t que\u00a0\u00ab\u00a0polyamour\u00a0\u00bb<br \/>\n&#8211; <a class=\"profileLink\" href=\"https:\/\/www.facebook.com\/LutineLeFilm\/?fref=mentions\" data-hovercard=\"\/ajax\/hovercard\/page.php?id=537013626337247&amp;extragetparams=%7B%22fref%22%3A%22mentions%22%7D\" data-hovercard-prefer-more-content-show=\"1\">Lutine &#8211; Le Film<\/a> et son histoire<span class=\"text_exposed_show\"><br \/>\n&#8211; la diff\u00e9rence entre polyamorie et libertinage<br \/>\n&#8211; l&rsquo;accueil des \u00e9motions (nos alli\u00e9es !)<br \/>\n&#8211; qu&rsquo;est-ce que la jalousie, ce mot-valise ?<br \/>\n&#8211; les diff\u00e9rentes formes que peut prendre la polyamorie : couple, triade, solo-poly, anarchie relationnelle&#8230;<br \/>\n&#8211; en quoi la polyamorie est politique ET f\u00e9ministe<br \/>\n&#8211; l&rsquo;espoir que petit \u00e0 petit, la loi reconnaisse les diff\u00e9rentes formes que prennent &#8211; d\u00e9j\u00e0 &#8211; les familles modernes.<\/span><br \/>\n**********************************************************************************************************<br \/>\nA Skype discussion with students of the University of Warsaw in May 2017:<br \/>\nis LUTINE fiction or reality? (In English)<br \/>\n<div class=\"su-vimeo su-u-responsive-media-yes\"><iframe width=\"600\" height=\"400\" src=\"\/\/player.vimeo.com\/video\/219586734?title=0&amp;byline=0&amp;portrait=0&amp;color=ffffff&amp;autoplay=0&amp;dnt=0&amp;muted=0&amp;texttrack=\" frameborder=\"0\" allow=\"autoplay; fullscreen\" allowfullscreen title=\"\"><\/iframe><\/div>\n<p>Interview dans le cadre du <a href=\"http:\/\/www.independancesetcreation.com\">festival Ind\u00e9pendance(s) et Cr\u00e9ation<\/a> \u00e0 Auch en octobre 2016.<\/p>\n<p><iframe loading=\"lazy\" src=\"https:\/\/www.youtube.com\/embed\/egeQSwiej0M\" width=\"560\" height=\"315\" frameborder=\"0\" allowfullscreen=\"allowfullscreen\"><\/iframe><\/p>\n<p>Entretien dans le cadre du Master Pro II Cin\u00e9ma \u00e0 la Sorbonne, \u00e0 l&rsquo;automne 2016 avec <a href=\"https:\/\/fr.wikipedia.org\/wiki\/Fr\u00e9d\u00e9ric_Sojcher\">Fr\u00e9d\u00e9ric Sojcher<\/a>.<\/p>\n<p><iframe loading=\"lazy\" src=\"https:\/\/www.youtube.com\/embed\/VA4PQ7pUUYY\" width=\"560\" height=\"315\" frameborder=\"0\" allowfullscreen=\"allowfullscreen\"><\/iframe><\/p>\n<blockquote class=\"twitter-tweet\" data-lang=\"fr\">\n<p dir=\"ltr\" lang=\"fr\">Isabelle Brou\u00e9 (<a href=\"https:\/\/twitter.com\/IsaLutine?ref_src=twsrc%5Etfw\">@IsaLutine<\/a>) : \u00ab Il faut changer les repr\u00e9sentations. Une femme sur deux a plus de 50 ans en France, et c\u2019est 6% des r\u00f4les au cin\u00e9ma \u00bb <a href=\"https:\/\/twitter.com\/hashtag\/MediapartLive?src=hash&amp;ref_src=twsrc%5Etfw\">#MediapartLive<\/a> <a href=\"https:\/\/t.co\/aHfWwDVuQT\">pic.twitter.com\/aHfWwDVuQT<\/a><\/p>\n<p>\u2014 Mediapart, le Studio (@MediapartStudio) <a href=\"https:\/\/twitter.com\/MediapartStudio\/status\/1065347546485309440?ref_src=twsrc%5Etfw\">21 novembre 2018<\/a><\/p><\/blockquote>\n<p><script src=\"https:\/\/platform.twitter.com\/widgets.js\" async=\"\" charset=\"utf-8\"><\/script><\/p>\n<blockquote class=\"twitter-tweet\" data-lang=\"fr\"><p>\nIsabelle Brou\u00e9 (<a href=\"https:\/\/twitter.com\/IsaLutine?ref_src=twsrc%5Etfw\">@IsaLutine<\/a>) : \u00ab Le consentement, en mati\u00e8re de sexe, c\u2019est simple, s\u2019il n\u2019y a pas oui, s\u2019il n\u2019y a que peut-\u00eatre, c\u2019est non, et puis c\u2019est tout \u00bb <a href=\"https:\/\/twitter.com\/hashtag\/MediapartLive?src=hash&amp;ref_src=twsrc%5Etfw\">#MediapartLive<\/a><a href=\"https:\/\/t.co\/PbiBaKM28D\">pic.twitter.com\/PbiBaKM28D<\/a><\/p>\n<p>\u2014 Mediapart, le Studio (@MediapartStudio) <a href=\"https:\/\/twitter.com\/MediapartStudio\/status\/1065341714989232128?ref_src=twsrc%5Etfw\">21 novembre 2018<\/a>\n<\/p><\/blockquote>\n<p>&nbsp;<\/p>\n<p>\u00ab\u00a0Pour ou contre le polyamour\u00a0\u00bb : s\u00e9quence extraite de l&rsquo;\u00e9mission <em>Touche pas \u00e0 mon poste<\/em>\u00a0du 10 janvier 2019 avec\u00a0\u00e9galement\u00a0Sylvain Mimoun, sexologue.<br \/>\n <div class=\"su-vimeo su-u-responsive-media-no\"><iframe width=\"600\" height=\"400\" src=\"\/\/player.vimeo.com\/video\/312917298?title=0&amp;byline=0&amp;portrait=0&amp;color=ffffff&amp;autoplay=0&amp;dnt=0&amp;muted=0&amp;texttrack=\" frameborder=\"0\" allow=\"autoplay; fullscreen\" allowfullscreen title=\"\"><\/iframe><\/div>\n<p><script src=\"https:\/\/platform.twitter.com\/widgets.js\" async=\"\" charset=\"utf-8\"><\/script><\/p>\n","protected":false},"excerpt":{"rendered":"<p>Interview au journal de midi sur France 3 C\u00f4te d&rsquo;Azur par H\u00e9l\u00e8ne Maman le 29 juillet 2019, \u00e0 l&rsquo;occasion de la projection de LUTINE au cin\u00e9ma de Beaulieu : Review of LUTINE by Lisa Nesselson on France 24 TV channel &hellip; <a href=\"http:\/\/lutineetcie.com\/lutinelefilm\/presse\/video\/\">Continuer la lecture <span class=\"meta-nav\">&rarr;<\/span><\/a><\/p>\n","protected":false},"author":1,"featured_media":0,"parent":3258,"menu_order":3,"comment_status":"closed","ping_status":"closed","template":"sidebar-page.php","meta":[],"_links":{"self":[{"href":"http:\/\/lutineetcie.com\/lutinelefilm\/wp-json\/wp\/v2\/pages\/4390"}],"collection":[{"href":"http:\/\/lutineetcie.com\/lutinelefilm\/wp-json\/wp\/v2\/pages"}],"about":[{"href":"http:\/\/lutineetcie.com\/lutinelefilm\/wp-json\/wp\/v2\/types\/page"}],"author":[{"embeddable":true,"href":"http:\/\/lutineetcie.com\/lutinelefilm\/wp-json\/wp\/v2\/users\/1"}],"replies":[{"embeddable":true,"href":"http:\/\/lutineetcie.com\/lutinelefilm\/wp-json\/wp\/v2\/comments?post=4390"}],"version-history":[{"count":40,"href":"http:\/\/lutineetcie.com\/lutinelefilm\/wp-json\/wp\/v2\/pages\/4390\/revisions"}],"predecessor-version":[{"id":5992,"href":"http:\/\/lutineetcie.com\/lutinelefilm\/wp-json\/wp\/v2\/pages\/4390\/revisions\/5992"}],"up":[{"embeddable":true,"href":"http:\/\/lutineetcie.com\/lutinelefilm\/wp-json\/wp\/v2\/pages\/3258"}],"wp:attachment":[{"href":"http:\/\/lutineetcie.com\/lutinelefilm\/wp-json\/wp\/v2\/media?parent=4390"}],"curies":[{"name":"wp","href":"https:\/\/api.w.org\/{rel}","templated":true}]}}