{"id":4481,"date":"2017-07-01T23:18:55","date_gmt":"2017-07-01T22:18:55","guid":{"rendered":"http:\/\/lutineetcie.com\/lutinelefilm\/?page_id=4481"},"modified":"2017-07-01T23:19:18","modified_gmt":"2017-07-01T22:19:18","slug":"sequences-inedites-coupees-au-montage","status":"publish","type":"page","link":"http:\/\/lutineetcie.com\/lutinelefilm\/comedie\/realisatrice\/tout-le-plaisir-est-pour-moi\/sequences-inedites-coupees-au-montage\/","title":{"rendered":"S\u00e9quences in\u00e9dites coup\u00e9es au montage"},"content":{"rendered":"<p><a href=\"http:\/\/lutineetcie.com\/lutinelefilm\/wp-content\/uploads\/2017\/07\/TLP_Sc\u00e8ne-finale-coup\u00e9e-au-montage.pdf\">TLP_Sc\u00e8ne finale coup\u00e9e au montage<\/a><\/p>\n","protected":false},"excerpt":{"rendered":"<p>TLP_Sc\u00e8ne finale coup\u00e9e au montage<\/p>\n","protected":false},"author":1,"featured_media":0,"parent":847,"menu_order":14,"comment_status":"closed","ping_status":"closed","template":"sidebar-page.php","meta":[],"_links":{"self":[{"href":"http:\/\/lutineetcie.com\/lutinelefilm\/wp-json\/wp\/v2\/pages\/4481"}],"collection":[{"href":"http:\/\/lutineetcie.com\/lutinelefilm\/wp-json\/wp\/v2\/pages"}],"about":[{"href":"http:\/\/lutineetcie.com\/lutinelefilm\/wp-json\/wp\/v2\/types\/page"}],"author":[{"embeddable":true,"href":"http:\/\/lutineetcie.com\/lutinelefilm\/wp-json\/wp\/v2\/users\/1"}],"replies":[{"embeddable":true,"href":"http:\/\/lutineetcie.com\/lutinelefilm\/wp-json\/wp\/v2\/comments?post=4481"}],"version-history":[{"count":2,"href":"http:\/\/lutineetcie.com\/lutinelefilm\/wp-json\/wp\/v2\/pages\/4481\/revisions"}],"predecessor-version":[{"id":4484,"href":"http:\/\/lutineetcie.com\/lutinelefilm\/wp-json\/wp\/v2\/pages\/4481\/revisions\/4484"}],"up":[{"embeddable":true,"href":"http:\/\/lutineetcie.com\/lutinelefilm\/wp-json\/wp\/v2\/pages\/847"}],"wp:attachment":[{"href":"http:\/\/lutineetcie.com\/lutinelefilm\/wp-json\/wp\/v2\/media?parent=4481"}],"curies":[{"name":"wp","href":"https:\/\/api.w.org\/{rel}","templated":true}]}}