{"id":4506,"date":"2017-09-21T11:32:49","date_gmt":"2017-09-21T10:32:49","guid":{"rendered":"http:\/\/lutineetcie.com\/lutinelefilm\/?page_id=4506"},"modified":"2017-09-21T13:50:49","modified_gmt":"2017-09-21T12:50:49","slug":"suomi","status":"publish","type":"page","link":"http:\/\/lutineetcie.com\/lutinelefilm\/other-languages\/suomi\/","title":{"rendered":"Suomi"},"content":{"rendered":"<p style=\"text-align: center;\">Ohjaaja kuvaa dokumenttia polyamoriasta:<br \/>\njossakin dokumentin ja fiktion v\u00e4lill\u00e4,<br \/>\nh\u00e4n ottaa riskej\u00e4 eik\u00e4 aina osaa arvioida seurauksia\u2026<\/p>\n<p style=\"text-align: center;\">Pystyyk\u00f6 h\u00e4nen rakkaansa vastaamaan polyamorian haasteeseen?<br \/>\nSaako h\u00e4n elokuvaa valmiiksi?<\/p>\n<p style=\"text-align: center;\">L\u00f6yd\u00e4t vastaukset\u2026<br \/>\nauttamalla h\u00e4nt\u00e4\u00a0<b>elokuvan<\/b>\u00a0levitt\u00e4misess\u00e4<br \/>\nsuoraan\u00a0<span style=\"color: #ea3f7b; font-family: inherit;\"><a href=\"https:\/\/www.paypal.com\/cgi-bin\/webscr?cmd=_s-xclick&amp;hosted_button_id=QERQBTHLN2VEC\" target=\"_blank\">Paypalin<\/a><\/span>\u00a0avulla.<a href=\"https:\/\/www.paypal.com\/cgi-bin\/webscr?cmd=_s-xclick&amp;hosted_button_id=QERQBTHLN2VEC\" target=\"_blank\"><br \/>\n<\/a><\/p>\n<p style=\"text-align: center;\">Ja jos haluat\u00a0<a href=\"http:\/\/lutineetcie.com\/lutinelefilm\/projections\/organiser\/\" target=\"_blank\">j\u00e4rjest\u00e4\u00e4 elokuvan n\u00e4yt\u00f6ksen<\/a>\u00a0yhteis\u00f6llesi tai kaupungillesi\u2026 tehd\u00e4\u00e4n se!<\/p>\n<p><iframe loading=\"lazy\" src=\"https:\/\/player.vimeo.com\/video\/234825350\" width=\"584\" height=\"329\" frameborder=\"0\" title=\"Lutine Trailer_ST FI\" webkitallowfullscreen mozallowfullscreen allowfullscreen><\/iframe><\/p>\n","protected":false},"excerpt":{"rendered":"<p>Ohjaaja kuvaa dokumenttia polyamoriasta: jossakin dokumentin ja fiktion v\u00e4lill\u00e4, h\u00e4n ottaa riskej\u00e4 eik\u00e4 aina osaa arvioida seurauksia\u2026 Pystyyk\u00f6 h\u00e4nen rakkaansa vastaamaan polyamorian haasteeseen? Saako h\u00e4n elokuvaa valmiiksi? L\u00f6yd\u00e4t vastaukset\u2026 auttamalla h\u00e4nt\u00e4\u00a0elokuvan\u00a0levitt\u00e4misess\u00e4 suoraan\u00a0Paypalin\u00a0avulla. Ja jos haluat\u00a0j\u00e4rjest\u00e4\u00e4 elokuvan n\u00e4yt\u00f6ksen\u00a0yhteis\u00f6llesi tai kaupungillesi\u2026 tehd\u00e4\u00e4n &hellip; <a href=\"http:\/\/lutineetcie.com\/lutinelefilm\/other-languages\/suomi\/\">Continuer la lecture <span class=\"meta-nav\">&rarr;<\/span><\/a><\/p>\n","protected":false},"author":1,"featured_media":0,"parent":1249,"menu_order":8,"comment_status":"closed","ping_status":"closed","template":"","meta":[],"_links":{"self":[{"href":"http:\/\/lutineetcie.com\/lutinelefilm\/wp-json\/wp\/v2\/pages\/4506"}],"collection":[{"href":"http:\/\/lutineetcie.com\/lutinelefilm\/wp-json\/wp\/v2\/pages"}],"about":[{"href":"http:\/\/lutineetcie.com\/lutinelefilm\/wp-json\/wp\/v2\/types\/page"}],"author":[{"embeddable":true,"href":"http:\/\/lutineetcie.com\/lutinelefilm\/wp-json\/wp\/v2\/users\/1"}],"replies":[{"embeddable":true,"href":"http:\/\/lutineetcie.com\/lutinelefilm\/wp-json\/wp\/v2\/comments?post=4506"}],"version-history":[{"count":4,"href":"http:\/\/lutineetcie.com\/lutinelefilm\/wp-json\/wp\/v2\/pages\/4506\/revisions"}],"predecessor-version":[{"id":4512,"href":"http:\/\/lutineetcie.com\/lutinelefilm\/wp-json\/wp\/v2\/pages\/4506\/revisions\/4512"}],"up":[{"embeddable":true,"href":"http:\/\/lutineetcie.com\/lutinelefilm\/wp-json\/wp\/v2\/pages\/1249"}],"wp:attachment":[{"href":"http:\/\/lutineetcie.com\/lutinelefilm\/wp-json\/wp\/v2\/media?parent=4506"}],"curies":[{"name":"wp","href":"https:\/\/api.w.org\/{rel}","templated":true}]}}