{"id":4645,"date":"2017-12-29T01:43:20","date_gmt":"2017-12-29T00:43:20","guid":{"rendered":"http:\/\/lutineetcie.com\/lutinelefilm\/?page_id=4645"},"modified":"2020-02-13T19:03:14","modified_gmt":"2020-02-13T18:03:14","slug":"presse-ecrite","status":"publish","type":"page","link":"http:\/\/lutineetcie.com\/lutinelefilm\/presse\/presse-ecrite\/","title":{"rendered":"Presse \u00e9crite"},"content":{"rendered":"<p>Lire le <a href=\"http:\/\/lutineetcie.com\/lutinelefilm\/presse\/presse-ecrite\/revue-de-presse\/\"><em>Best of<\/em> de la revue de presse<\/a>, et sinon, dans le d\u00e9tail, voir ci-dessous :<br \/>\n<em>(Si \/ quand le lien n&rsquo;est pas indiqu\u00e9, c&rsquo;est que l&rsquo;article n&rsquo;est pas accessible en ligne : il vous suffit alors de cliquer sur l&rsquo;image pour acc\u00e9der au PDF.)<\/em><\/p>\n<ul>\n<li><em><a href=\"https:\/\/www.leblogducinema.com\/critiques\/critiques-films\/critique-lutine-un-film-a-butiner-867441\/\">LUTINE, un film \u00e0 butiner<\/a><\/em>, par Anne Laure Farges sur LE BLOG DU CIN\u00c9MA<\/li>\n<li><a href=\"https:\/\/www.avoir-alire.com\/lutine-la-critique-du-film\"><em>LUTINE, la critique du film<\/em><\/a>, par Fr\u00e9d\u00e9ric Mignard dans\u00a0\u00c0 VOIR \u00c0 LIRE<\/li>\n<li><a href=\"http:\/\/www.parlerdamour.fr\/lutine-film-polyamour-pose-questions-fidelite-lexclusivite-lengagement-desir\/\"><em>LUTINE : Un film sur le\u00a0polyamour qui pose des questions sur la fid\u00e9lit\u00e9, l&rsquo;exclusivit\u00e9, l&rsquo;engagement et le d\u00e9sir<\/em><\/a><i>,<\/i> interview par L\u00e9a sur le site PARLER D&rsquo;AMOUR<\/li>\n<\/ul>\n<p><strong>Derniers articles parus<\/strong> :<\/p>\n<ul>\n<li style=\"text-align: left;\">26\/08\/2019 : Le Dauphin\u00e9 Lib\u00e9r\u00e9<br \/>\n<a href=\"http:\/\/lutineetcie.com\/lutinelefilm\/wp-content\/uploads\/2017\/12\/190823_Dauphin\u00e9_Page-enti\u00e8re.jpg\"><img decoding=\"async\" loading=\"lazy\" class=\"alignnone wp-image-6041\" src=\"http:\/\/lutineetcie.com\/lutinelefilm\/wp-content\/uploads\/2017\/12\/190823_Dauphin\u00e9_Page-enti\u00e8re-598x1024.jpg\" alt=\"190823_Dauphin\u00e9_Page enti\u00e8re\" width=\"400\" height=\"685\" srcset=\"http:\/\/lutineetcie.com\/lutinelefilm\/wp-content\/uploads\/2017\/12\/190823_Dauphin\u00e9_Page-enti\u00e8re-598x1024.jpg 598w, http:\/\/lutineetcie.com\/lutinelefilm\/wp-content\/uploads\/2017\/12\/190823_Dauphin\u00e9_Page-enti\u00e8re-175x300.jpg 175w, http:\/\/lutineetcie.com\/lutinelefilm\/wp-content\/uploads\/2017\/12\/190823_Dauphin\u00e9_Page-enti\u00e8re-768x1315.jpg 768w, http:\/\/lutineetcie.com\/lutinelefilm\/wp-content\/uploads\/2017\/12\/190823_Dauphin\u00e9_Page-enti\u00e8re.jpg 803w\" sizes=\"(max-width: 400px) 100vw, 400px\" \/><\/a><\/li>\n<li style=\"text-align: left;\">29\/07\/2019 : Nice-Matin<br \/>\n<a href=\"http:\/\/lutineetcie.com\/lutinelefilm\/wp-content\/uploads\/2017\/12\/190729_Nice-Matin_1275x1650.jpg\"><img decoding=\"async\" loading=\"lazy\" class=\"alignnone wp-image-6043 size-large\" src=\"http:\/\/lutineetcie.com\/lutinelefilm\/wp-content\/uploads\/2017\/12\/190729_Nice-Matin_1275x1650-918x1024.jpg\" alt=\"190729_Nice Matin_1275x1650\" width=\"584\" height=\"651\" srcset=\"http:\/\/lutineetcie.com\/lutinelefilm\/wp-content\/uploads\/2017\/12\/190729_Nice-Matin_1275x1650-918x1024.jpg 918w, http:\/\/lutineetcie.com\/lutinelefilm\/wp-content\/uploads\/2017\/12\/190729_Nice-Matin_1275x1650-269x300.jpg 269w, http:\/\/lutineetcie.com\/lutinelefilm\/wp-content\/uploads\/2017\/12\/190729_Nice-Matin_1275x1650-768x857.jpg 768w, http:\/\/lutineetcie.com\/lutinelefilm\/wp-content\/uploads\/2017\/12\/190729_Nice-Matin_1275x1650.jpg 1156w\" sizes=\"(max-width: 584px) 100vw, 584px\" \/><\/a><br \/>\n&#8211; 13\/12\/2018 : <a href=\"http:\/\/sexologie.blog.lemonde.fr\/2018\/12\/13\/polyamorie\">Polyamorie<\/a>, par Philippe Brenot, psychiatre, anthropologue, sexologue, sur son blog sexo sur le journal Le Monde<\/li>\n<li style=\"text-align: left;\"><a href=\"http:\/\/lutineetcie.com\/lutinelefilm\/wp-content\/uploads\/2017\/12\/181213_Brenot.jpeg\"><img decoding=\"async\" loading=\"lazy\" class=\"size-medium wp-image-5824 aligncenter\" src=\"http:\/\/lutineetcie.com\/lutinelefilm\/wp-content\/uploads\/2017\/12\/181213_Brenot-300x297.jpeg\" alt=\"181213_Brenot\" width=\"300\" height=\"297\" srcset=\"http:\/\/lutineetcie.com\/lutinelefilm\/wp-content\/uploads\/2017\/12\/181213_Brenot-300x297.jpeg 300w, http:\/\/lutineetcie.com\/lutinelefilm\/wp-content\/uploads\/2017\/12\/181213_Brenot-150x150.jpeg 150w, http:\/\/lutineetcie.com\/lutinelefilm\/wp-content\/uploads\/2017\/12\/181213_Brenot-303x300.jpeg 303w, http:\/\/lutineetcie.com\/lutinelefilm\/wp-content\/uploads\/2017\/12\/181213_Brenot.jpeg 624w\" sizes=\"(max-width: 300px) 100vw, 300px\" \/><\/a><\/li>\n<li style=\"text-align: left;\">01\/08\/2018 : Sur Lib\u00e9ration, par Philippe Godin<\/li>\n<\/ul>\n<p><a href=\"http:\/\/lutineetcie.com\/lutinelefilm\/wp-content\/uploads\/2017\/12\/180801_Diagonale-de-lart-copie.jpeg\"><img decoding=\"async\" loading=\"lazy\" class=\"aligncenter wp-image-6073\" src=\"http:\/\/lutineetcie.com\/lutinelefilm\/wp-content\/uploads\/2017\/12\/180801_Diagonale-de-lart-copie-214x300.jpeg\" alt=\"180801_Diagonale de l'art copie\" width=\"285\" height=\"400\" srcset=\"http:\/\/lutineetcie.com\/lutinelefilm\/wp-content\/uploads\/2017\/12\/180801_Diagonale-de-lart-copie-214x300.jpeg 214w, http:\/\/lutineetcie.com\/lutinelefilm\/wp-content\/uploads\/2017\/12\/180801_Diagonale-de-lart-copie.jpeg 578w\" sizes=\"(max-width: 285px) 100vw, 285px\" \/><\/a><\/p>\n<ul>\n<li style=\"text-align: left;\">&#8211; 22\/11\/2018 : <a href=\"https:\/\/www.gqmagazine.fr\/sexe\/article\/infidelite-et-si-le-couple-libre-etait-la-bonne-solution\">Infid\u00e9lit\u00e9 : et si le couple libre \u00e9tait la solution ?<\/a> par <span class=\"Name-jQkLgH ZTvTf\">L\u00e9ontine Pampiche<\/span> dans <em>GQ<\/em><br \/>\n&#8211; 18\/11\/2018 : <a href=\"https:\/\/www.nouvelobs.com\/rue89\/nos-vies-intimes\/20181116.OBS5567\/vous-connaissiez-le-consentement-voici-la-roue-du-consentement.html\">La Roue du Consentement<\/a>, par Ren\u00e9e Greusard sur <em>Le Nouvel Obs&rsquo;<br \/>\n<a href=\"http:\/\/lutineetcie.com\/lutinelefilm\/wp-content\/uploads\/2017\/12\/181118_Roue-Ren\u00e9e-Twitter.jpeg\"><img decoding=\"async\" loading=\"lazy\" class=\"size-medium wp-image-5826 aligncenter\" src=\"http:\/\/lutineetcie.com\/lutinelefilm\/wp-content\/uploads\/2017\/12\/181118_Roue-Ren\u00e9e-Twitter-271x300.jpeg\" alt=\"181118_Roue Ren\u00e9e Twitter\" width=\"271\" height=\"300\" srcset=\"http:\/\/lutineetcie.com\/lutinelefilm\/wp-content\/uploads\/2017\/12\/181118_Roue-Ren\u00e9e-Twitter-271x300.jpeg 271w, http:\/\/lutineetcie.com\/lutinelefilm\/wp-content\/uploads\/2017\/12\/181118_Roue-Ren\u00e9e-Twitter.jpeg 569w\" sizes=\"(max-width: 271px) 100vw, 271px\" \/><\/a><\/em><br \/>\n&#8211; 05\/11\/2018 : Article de Jean-Loup Bourget dans\u00a0<em>Positif<br \/>\n<a href=\"http:\/\/lutineetcie.com\/lutinelefilm\/wp-content\/uploads\/2017\/12\/181105_Bourget.png\"><img decoding=\"async\" loading=\"lazy\" class=\"size-medium wp-image-5827 aligncenter\" src=\"http:\/\/lutineetcie.com\/lutinelefilm\/wp-content\/uploads\/2017\/12\/181105_Bourget-300x250.png\" alt=\"181105_Bourget\" width=\"300\" height=\"250\" srcset=\"http:\/\/lutineetcie.com\/lutinelefilm\/wp-content\/uploads\/2017\/12\/181105_Bourget-300x250.png 300w, http:\/\/lutineetcie.com\/lutinelefilm\/wp-content\/uploads\/2017\/12\/181105_Bourget.png 314w\" sizes=\"(max-width: 300px) 100vw, 300px\" \/><\/a><\/em> &#8211; 24\/10\/2018 : <a href=\"https:\/\/www.doctissimo.fr\/psychologie\/infidelite\/polyamour?fbclid=IwAR1Hrh6T9AKeU2v5QdhhC1pSf3tlB3tAoPqOu7mFRDXYTCAUqCIMsVG-WEY\">Polyamour\u00a0ou amours plurielles, qu&rsquo;est-ce que c&rsquo;est ?<\/a>\u00a0par Adeline Gadenne sur <em>Doctissimo<\/em><br \/>\n&#8211; 16\/09\/2018 : \u00ab\u00a0<a href=\"https:\/\/www.francetvinfo.fr\/societe\/debats\/je-suis-fidele-et-non-exclusive-des-personnes-polyamoureuses-racontent-comment-elles-vivent-leurs-relations-plurielles_2935541.html\">Je suis fid\u00e8le et non exclusive<\/a>\u00ab\u00a0, par Louis Boy sur <em>France TV Info<\/em><br \/>\n&#8211; 24\/07\/2018 : <a href=\"https:\/\/www.causette.fr\/le-mag\/lire-article\/article-2151\/trop-poly-pour-a-tre-deux.html\">Trop poly pour \u00eatre deux<\/a>, par Anna Cuxac sur <em>Causette Hors s\u00e9rie<br \/>\n<\/em>&#8211; 15\/05\/2018 : <a href=\"https:\/\/www.parisderriere.fr\/2018\/05\/polyamour-pourquoi-plait-il-aux-femmes\/\">Le Polyamour : pourquoi pla\u00eet-il aux femmes ?<\/a> par Emmanuelle Julien sur<em> Paris-Derri\u00e8re<\/em><\/li>\n<\/ul>\n<p>20 MINUTES :\u00a0article web plus long \u00e0 lire ici ou en cliquant sur le PDF :\u00a0<em><a href=\"https:\/\/www.20minutes.fr\/cinema\/2251099-20180409-video-comment-isabelle-broue-su-lutter-faire-exister-coquine-lutine\">Comment Isabelle Brou\u00e9 a su lutter pour faire exister sa coquine \u00ab\u00a0Lutine\u00a0\u00bb<\/a><\/em>, par Caroline VI\u00c9<\/p>\n<p><a href=\"http:\/\/lutineetcie.com\/lutinelefilm\/wp-content\/uploads\/2017\/12\/180411_20-minutes.jpg\"><img decoding=\"async\" loading=\"lazy\" class=\"aligncenter wp-image-5080 size-medium\" src=\"http:\/\/lutineetcie.com\/lutinelefilm\/wp-content\/uploads\/2017\/12\/180411_20-minutes-239x300.jpg\" alt=\"180411_20 minutes\" width=\"239\" height=\"300\" srcset=\"http:\/\/lutineetcie.com\/lutinelefilm\/wp-content\/uploads\/2017\/12\/180411_20-minutes-239x300.jpg 239w, http:\/\/lutineetcie.com\/lutinelefilm\/wp-content\/uploads\/2017\/12\/180411_20-minutes-768x963.jpg 768w, http:\/\/lutineetcie.com\/lutinelefilm\/wp-content\/uploads\/2017\/12\/180411_20-minutes-817x1024.jpg 817w\" sizes=\"(max-width: 239px) 100vw, 239px\" \/><\/a><\/p>\n<p><a href=\"http:\/\/lutineetcie.com\/lutinelefilm\/wp-content\/uploads\/2017\/12\/180404_Figaro.pdf\"><img decoding=\"async\" loading=\"lazy\" class=\"alignnone size-medium wp-image-5035 alignright\" src=\"http:\/\/lutineetcie.com\/lutinelefilm\/wp-content\/uploads\/2017\/12\/Figaro_capture.jpeg\" alt=\"Figaro_capture\" width=\"170\" height=\"243\" \/><\/a><\/p>\n<p>&nbsp;<\/p>\n<p>&nbsp;<\/p>\n<p><em><a href=\"http:\/\/www.lefigaro.fr\/cinema\/2018\/04\/04\/03002-20180404ARTFIG00038--lutine-isabelle-broue-ou-l-amour-au-singulier-pluriel.php\">Isabelle Brou\u00e9, ou l&rsquo;amour au f\u00e9minin pluriel<\/a><\/em>, par Nathalie Simon dans\u00a0LE FIGARO du 4 avril 2018<\/p>\n<p>&nbsp;<\/p>\n<p>&nbsp;<\/p>\n<p><a href=\"http:\/\/lutineetcie.com\/lutinelefilm\/wp-content\/uploads\/2017\/12\/180330_Film-fran\u00e7ais.pdf\"><img decoding=\"async\" loading=\"lazy\" class=\"size-full wp-image-4942 alignleft\" src=\"http:\/\/lutineetcie.com\/lutinelefilm\/wp-content\/uploads\/2017\/12\/180330_Film-fran\u00e7ais_capture.jpeg\" alt=\"180330_Film fran\u00e7ais_capture\" width=\"219\" height=\"294\" \/><\/a><\/p>\n<p>&nbsp;<\/p>\n<p>&nbsp;<\/p>\n<p>D\u00e9jeuner du FILM FRAN\u00c7AIS\u00a0du 30 mars 2018,<br \/>\npar Fran\u00e7ois-Pier Pelinard-Lambert<\/p>\n<p>&nbsp;<\/p>\n<p>&nbsp;<\/p>\n<p>&nbsp;<\/p>\n<p><a href=\"http:\/\/lutineetcie.com\/lutinelefilm\/wp-content\/uploads\/2017\/12\/180330_Tout-ce-que-vous-avez-toujours-voulu-savoir-sur-l\u2019amour-sans-jamais-oser-le-demander-Le-Club-de-Me.pdf\"><img decoding=\"async\" loading=\"lazy\" class=\"size-medium wp-image-4947 alignright\" src=\"http:\/\/lutineetcie.com\/lutinelefilm\/wp-content\/uploads\/2017\/12\/180330_Mediapart_capture-222x300.jpeg\" alt=\"180330_Mediapart_capture\" width=\"222\" height=\"300\" srcset=\"http:\/\/lutineetcie.com\/lutinelefilm\/wp-content\/uploads\/2017\/12\/180330_Mediapart_capture-222x300.jpeg 222w, http:\/\/lutineetcie.com\/lutinelefilm\/wp-content\/uploads\/2017\/12\/180330_Mediapart_capture.jpeg 302w\" sizes=\"(max-width: 222px) 100vw, 222px\" \/><\/a><\/p>\n<p>&nbsp;<\/p>\n<p>&nbsp;<\/p>\n<p>MEDIAPART\u00a0: blog de C\u00e9dric L\u00e9pine, 30 mars 2018\u00a0:\u00a0<em><a href=\"https:\/\/blogs.mediapart.fr\/cedric-lepine\/blog\/300318\/tout-ce-que-vous-avez-toujours-voulu-savoir-sur-l-amour-sans-jamais-oser-le-demander-0\">Tout ce que vous avez toujours voulu savoir sur l&rsquo;amour<\/a><\/em><\/p>\n<p>&nbsp;<\/p>\n<p>&nbsp;<\/p>\n<p>&nbsp;<\/p>\n<p><a href=\"http:\/\/lutineetcie.com\/lutinelefilm\/wp-content\/uploads\/2017\/12\/180214_Respect-mag.pdf\"> <img decoding=\"async\" loading=\"lazy\" class=\"size-medium wp-image-4951 alignleft\" src=\"http:\/\/lutineetcie.com\/lutinelefilm\/wp-content\/uploads\/2017\/12\/RespectMag-223x300.jpeg\" alt=\"RespectMag\" width=\"223\" height=\"300\" srcset=\"http:\/\/lutineetcie.com\/lutinelefilm\/wp-content\/uploads\/2017\/12\/RespectMag-223x300.jpeg 223w, http:\/\/lutineetcie.com\/lutinelefilm\/wp-content\/uploads\/2017\/12\/RespectMag.jpeg 589w\" sizes=\"(max-width: 223px) 100vw, 223px\" \/><\/a><\/p>\n<p>&nbsp;<\/p>\n<p>&nbsp;<\/p>\n<p>RESPECTMAG\u00a0: article de Mounir Belhidaoui\u00a0du 14 f\u00e9vrier 2018 :\u00a0<em><a href=\"http:\/\/www.respectmag.com\/30189-saint-valentin-optez-amours-plurielles-film-lutine\">Pour la Saint-Valentin, optez pour les amours plurielles avec le film LUTINE\u00a0<\/a><\/em><\/p>\n<p>&nbsp;<\/p>\n<p>&nbsp;<\/p>\n<p>&nbsp;<\/p>\n<p><a href=\"http:\/\/lutineetcie.com\/lutinelefilm\/wp-content\/uploads\/2018\/01\/Comment-saimera-t-on-en-2018_Marianne.pdf\"><img decoding=\"async\" loading=\"lazy\" class=\"size-medium wp-image-4673 alignright\" src=\"http:\/\/lutineetcie.com\/lutinelefilm\/wp-content\/uploads\/2018\/01\/Comment-saimera-t-on-en-2018-1-300x212.jpg\" alt=\"Comment s'aimera-t-on en 2018-1\" width=\"300\" height=\"212\" srcset=\"http:\/\/lutineetcie.com\/lutinelefilm\/wp-content\/uploads\/2018\/01\/Comment-saimera-t-on-en-2018-1-300x212.jpg 300w, http:\/\/lutineetcie.com\/lutinelefilm\/wp-content\/uploads\/2018\/01\/Comment-saimera-t-on-en-2018-1-768x543.jpg 768w, http:\/\/lutineetcie.com\/lutinelefilm\/wp-content\/uploads\/2018\/01\/Comment-saimera-t-on-en-2018-1-1024x724.jpg 1024w, http:\/\/lutineetcie.com\/lutinelefilm\/wp-content\/uploads\/2018\/01\/Comment-saimera-t-on-en-2018-1-424x300.jpg 424w\" sizes=\"(max-width: 300px) 100vw, 300px\" \/><\/a><\/p>\n<p>&nbsp;<\/p>\n<p>MARIANNE<strong><em>\u00a0<\/em><\/strong>du 6 janvier 2018 :<a href=\"http:\/\/lutineetcie.com\/lutinelefilm\/wp-content\/uploads\/2018\/01\/Comment-saimera-t-on-en-2018-1.jpg\"><br \/>\n<\/a><em><strong>Comment s&rsquo;aimera-t-on en 2018 ?<\/strong><\/em><br \/>\npar Antoine Besse<\/p>\n<p>&nbsp;<\/p>\n<p>&nbsp;<\/p>\n<p><a href=\"http:\/\/lutineetcie.com\/lutinelefilm\/wp-content\/uploads\/2018\/01\/Le-couple-\u00e0-trois-nouvelle-norme-.pdf\"><img decoding=\"async\" loading=\"lazy\" class=\"size-medium wp-image-4719 alignleft\" src=\"http:\/\/lutineetcie.com\/lutinelefilm\/wp-content\/uploads\/2018\/01\/Prisma_Polyamour2-267x300.jpg\" alt=\"Prisma_Polyamour2\" width=\"267\" height=\"300\" srcset=\"http:\/\/lutineetcie.com\/lutinelefilm\/wp-content\/uploads\/2018\/01\/Prisma_Polyamour2-267x300.jpg 267w, http:\/\/lutineetcie.com\/lutinelefilm\/wp-content\/uploads\/2018\/01\/Prisma_Polyamour2-768x864.jpg 768w, http:\/\/lutineetcie.com\/lutinelefilm\/wp-content\/uploads\/2018\/01\/Prisma_Polyamour2-911x1024.jpg 911w, http:\/\/lutineetcie.com\/lutinelefilm\/wp-content\/uploads\/2018\/01\/Prisma_Polyamour2.jpg 1181w\" sizes=\"(max-width: 267px) 100vw, 267px\" \/><\/a><\/p>\n<p>&nbsp;<\/p>\n<p>&nbsp;<\/p>\n<p>OH MY MAG!, 4 sept. 2017 :<br \/>\n<em><strong>Polyamour : Le couple \u00e0 trois, nouvelle norme ?<\/strong><\/em><\/p>\n<p>&nbsp;<\/p>\n<p>&nbsp;<\/p>\n<p>&nbsp;<\/p>\n<p><a href=\"http:\/\/lutineetcie.com\/lutinelefilm\/wp-content\/uploads\/2017\/12\/RAT0326p013-3p.pdf\"><img decoding=\"async\" loading=\"lazy\" class=\"size-medium wp-image-4710 alignright\" src=\"http:\/\/lutineetcie.com\/lutinelefilm\/wp-content\/uploads\/2018\/01\/170626_R\u00e9ponse-\u00e0-tout_3-227x300.jpg\" alt=\"170626_R\u00e9ponse \u00e0 tout_3\" width=\"227\" height=\"300\" srcset=\"http:\/\/lutineetcie.com\/lutinelefilm\/wp-content\/uploads\/2018\/01\/170626_R\u00e9ponse-\u00e0-tout_3-227x300.jpg 227w, http:\/\/lutineetcie.com\/lutinelefilm\/wp-content\/uploads\/2018\/01\/170626_R\u00e9ponse-\u00e0-tout_3-768x1015.jpg 768w, http:\/\/lutineetcie.com\/lutinelefilm\/wp-content\/uploads\/2018\/01\/170626_R\u00e9ponse-\u00e0-tout_3-775x1024.jpg 775w, http:\/\/lutineetcie.com\/lutinelefilm\/wp-content\/uploads\/2018\/01\/170626_R\u00e9ponse-\u00e0-tout_3.jpg 1320w\" sizes=\"(max-width: 227px) 100vw, 227px\" \/><\/a><\/p>\n<p>&nbsp;<\/p>\n<p>R\u00c9PONSE \u00c0 TOUT :\u00a0<strong><em>Polyamour : le new deal amoureux\u00a0\u00bb +<\/em><\/strong>\u00a0<em>\u00ab\u00a0<strong>Je vis en Polyamorie<\/strong><\/em>\u00a0: interview\u00a0par\u00a0Alexandra Da Rocha, 26 juin 2017<\/p>\n<p>&nbsp;<\/p>\n<p>&nbsp;<\/p>\n<p>&nbsp;<\/p>\n<p><a href=\"http:\/\/lutineetcie.com\/lutinelefilm\/wp-content\/uploads\/2017\/12\/Polyamour-MF.pdf\"><img decoding=\"async\" loading=\"lazy\" class=\" wp-image-4987 alignleft\" src=\"http:\/\/lutineetcie.com\/lutinelefilm\/wp-content\/uploads\/2017\/12\/170310_Marie-France_capture-217x300.jpeg\" alt=\"170310_Marie-France_capture\" width=\"217\" height=\"300\" srcset=\"http:\/\/lutineetcie.com\/lutinelefilm\/wp-content\/uploads\/2017\/12\/170310_Marie-France_capture-217x300.jpeg 217w, http:\/\/lutineetcie.com\/lutinelefilm\/wp-content\/uploads\/2017\/12\/170310_Marie-France_capture.jpeg 242w\" sizes=\"(max-width: 217px) 100vw, 217px\" \/><\/a><\/p>\n<p>&nbsp;<\/p>\n<p>&nbsp;<\/p>\n<p>MARIE-FRANCE : \u00ab\u00a0<em><a href=\"http:\/\/www.mariefrance.fr\/equilibre\/psycho\/temoignages-psycho\/couple\/psycho-gerer-polyamour-305335.html\">Couple, comment g\u00e9rer le polyamour ?<\/a><\/em>\u00ab\u00a0, par Val\u00e9rie Rodrigue, 10 mars 2017 (attention, spoiler)<\/p>\n<p>&nbsp;<\/p>\n<p>&nbsp;<\/p>\n<p><a href=\"http:\/\/lutineetcie.com\/lutinelefilm\/wp-content\/uploads\/2017\/12\/170211_Revue-Jeune-Cinema.pdf\"><img decoding=\"async\" loading=\"lazy\" class=\"size-medium wp-image-4974 alignright\" src=\"http:\/\/lutineetcie.com\/lutinelefilm\/wp-content\/uploads\/2017\/12\/170211_Revue-Jeune-Cin\u00e9ma-202x300.jpeg\" alt=\"170211_Revue Jeune Cin\u00e9ma\" width=\"202\" height=\"300\" srcset=\"http:\/\/lutineetcie.com\/lutinelefilm\/wp-content\/uploads\/2017\/12\/170211_Revue-Jeune-Cin\u00e9ma-202x300.jpeg 202w, http:\/\/lutineetcie.com\/lutinelefilm\/wp-content\/uploads\/2017\/12\/170211_Revue-Jeune-Cin\u00e9ma.jpeg 619w\" sizes=\"(max-width: 202px) 100vw, 202px\" \/><br \/>\n<\/a><\/p>\n<p>&nbsp;<\/p>\n<p>&nbsp;<\/p>\n<p>Critique dans la <a href=\"http:\/\/lutineetcie.com\/lutinelefilm\/presse\/presse-ecrite\/revue-du-jeune-cinema\/\">REVUE JEUNE CIN\u00c9MA<\/a><br \/>\npar Th\u00e9o Kayan,\u00a0f\u00e9vrier 2017<\/p>\n<p>&nbsp;<\/p>\n<p>&nbsp;<\/p>\n<p><a href=\"http:\/\/lutineetcie.com\/lutinelefilm\/wp-content\/uploads\/2017\/12\/vol17no04_French_lowres_IB.pdf\"><img decoding=\"async\" loading=\"lazy\" class=\"size-medium wp-image-5000 alignleft\" src=\"http:\/\/lutineetcie.com\/lutinelefilm\/wp-content\/uploads\/2017\/12\/170221_La-Source_Capture-208x300.jpeg\" alt=\"170221_La Source_Capture\" width=\"208\" height=\"300\" srcset=\"http:\/\/lutineetcie.com\/lutinelefilm\/wp-content\/uploads\/2017\/12\/170221_La-Source_Capture-208x300.jpeg 208w, http:\/\/lutineetcie.com\/lutinelefilm\/wp-content\/uploads\/2017\/12\/170221_La-Source_Capture.jpeg 225w\" sizes=\"(max-width: 208px) 100vw, 208px\" \/><\/a><\/p>\n<p>&nbsp;<\/p>\n<p>&nbsp;<\/p>\n<p>LA SOURCE (Qu\u00e9bec) : \u00ab\u00a0<a href=\"http:\/\/thelasource.com\/fr\/2017\/02\/20\/des-films-avecsans-femmes\/\"><em>Des films avec\/sans femmes<\/em><\/a>\u00ab\u00a0, 21 f\u00e9vrier 2017<\/p>\n<p>&nbsp;<\/p>\n<p>&nbsp;<\/p>\n<p>&nbsp;<\/p>\n<p><a href=\"http:\/\/www.heteroclite.org\/2016\/12\/isabelle-broue-polyamour-lutine-film-37915\"><img decoding=\"async\" loading=\"lazy\" class=\"size-medium wp-image-4104 alignright\" src=\"http:\/\/lutineetcie.com\/lutinelefilm\/wp-content\/uploads\/2017\/03\/H\u00e9t\u00e9roclite-226x300.jpeg\" alt=\"H\u00e9t\u00e9roclite\" width=\"226\" height=\"300\" srcset=\"http:\/\/lutineetcie.com\/lutinelefilm\/wp-content\/uploads\/2017\/03\/H\u00e9t\u00e9roclite-226x300.jpeg 226w, http:\/\/lutineetcie.com\/lutinelefilm\/wp-content\/uploads\/2017\/03\/H\u00e9t\u00e9roclite-768x1020.jpeg 768w, http:\/\/lutineetcie.com\/lutinelefilm\/wp-content\/uploads\/2017\/03\/H\u00e9t\u00e9roclite-771x1024.jpeg 771w\" sizes=\"(max-width: 226px) 100vw, 226px\" \/><\/a><\/p>\n<p>&nbsp;<\/p>\n<p>&nbsp;<\/p>\n<p>H\u00c9T\u00c9ROCLITE du 7 d\u00e9cembre 2016 :<br \/>\n\u00ab\u00a0<em><a href=\"http:\/\/www.heteroclite.org\/2016\/12\/isabelle-broue-polyamour-lutine-film-37915\">Isabelle Brou\u00e9 explore le polyamour dans son film LUTINE<\/a><\/em> \u00bb, par \u00c9milie Bouvier<\/p>\n<p>&nbsp;<\/p>\n<p>&nbsp;<\/p>\n<p>&nbsp;<\/p>\n<p>&nbsp;<\/p>\n<p><a href=\"http:\/\/lutineetcie.com\/lutinelefilm\/wp-content\/uploads\/2017\/12\/160624_Grazia.pdf\"><img decoding=\"async\" loading=\"lazy\" class=\"size-medium wp-image-4984 alignleft\" src=\"http:\/\/lutineetcie.com\/lutinelefilm\/wp-content\/uploads\/2017\/12\/Grazia-160624-300x127.jpg\" alt=\"Grazia-160624\" width=\"300\" height=\"127\" srcset=\"http:\/\/lutineetcie.com\/lutinelefilm\/wp-content\/uploads\/2017\/12\/Grazia-160624-300x127.jpg 300w, http:\/\/lutineetcie.com\/lutinelefilm\/wp-content\/uploads\/2017\/12\/Grazia-160624-768x326.jpg 768w, http:\/\/lutineetcie.com\/lutinelefilm\/wp-content\/uploads\/2017\/12\/Grazia-160624-1024x434.jpg 1024w, http:\/\/lutineetcie.com\/lutinelefilm\/wp-content\/uploads\/2017\/12\/Grazia-160624-500x212.jpg 500w, http:\/\/lutineetcie.com\/lutinelefilm\/wp-content\/uploads\/2017\/12\/Grazia-160624.jpg 1426w\" sizes=\"(max-width: 300px) 100vw, 300px\" \/><\/a><\/p>\n<p><strong>GRAZIA<\/strong>, 24.06.2016 : \u00ab\u00a0<em>La Pratique du lutinage \u00e0 l\u2019\u00e9preuve de l\u2019image<\/em>\u00a0\u00bb,\u00a0\u00e0 la suite de l&rsquo;article de Christelle G\u00e9rand\u00a0intitul\u00e9\u00a0\u00ab\u00a0<a href=\"http:\/\/www.grazia.fr\/article\/le-polyamour-les-amours-plurielles-en-toute-transparence-819503\"><em>Le Polyamour, les amours plurielles en toute transparence<\/em> \u00bb<\/a><\/p>\n<p><a href=\"http:\/\/lutineetcie.com\/lutinelefilm\/wp-content\/uploads\/2017\/12\/One-life-many-partners-ALL-The-Hindu.pdf\"><img decoding=\"async\" loading=\"lazy\" class=\"size-medium wp-image-5012 alignright\" src=\"http:\/\/lutineetcie.com\/lutinelefilm\/wp-content\/uploads\/2017\/12\/171210_The-Hindu_capture-187x300.jpeg\" alt=\"171210_The Hindu_capture\" width=\"187\" height=\"300\" srcset=\"http:\/\/lutineetcie.com\/lutinelefilm\/wp-content\/uploads\/2017\/12\/171210_The-Hindu_capture-187x300.jpeg 187w, http:\/\/lutineetcie.com\/lutinelefilm\/wp-content\/uploads\/2017\/12\/171210_The-Hindu_capture.jpeg 458w\" sizes=\"(max-width: 187px) 100vw, 187px\" \/><\/a><\/p>\n<p>&nbsp;<\/p>\n<p>The Hindu, 10 d\u00e9c. 2017 : \u00ab\u00a0<a style=\"font-style: italic;\" href=\"http:\/\/www.thehindu.com\/todays-paper\/tp-features\/tp-sundaymagazine\/one-life-many-partners\/article21384382.ece\">One Life, Many Partners<\/a><i>\u00a0\u00bb\u00a0<\/i><\/p>\n<p>&nbsp;<\/p>\n<p>&nbsp;<\/p>\n<p>&nbsp;<\/p>\n<p>&nbsp;<\/p>\n<p>&nbsp;<\/p>\n","protected":false},"excerpt":{"rendered":"<p>Lire le Best of de la revue de presse, et sinon, dans le d\u00e9tail, voir ci-dessous : (Si \/ quand le lien n&rsquo;est pas indiqu\u00e9, c&rsquo;est que l&rsquo;article n&rsquo;est pas accessible en ligne : il vous suffit alors de cliquer &hellip; <a href=\"http:\/\/lutineetcie.com\/lutinelefilm\/presse\/presse-ecrite\/\">Continuer la lecture <span class=\"meta-nav\">&rarr;<\/span><\/a><\/p>\n","protected":false},"author":1,"featured_media":0,"parent":3258,"menu_order":1,"comment_status":"closed","ping_status":"closed","template":"sidebar-page.php","meta":[],"_links":{"self":[{"href":"http:\/\/lutineetcie.com\/lutinelefilm\/wp-json\/wp\/v2\/pages\/4645"}],"collection":[{"href":"http:\/\/lutineetcie.com\/lutinelefilm\/wp-json\/wp\/v2\/pages"}],"about":[{"href":"http:\/\/lutineetcie.com\/lutinelefilm\/wp-json\/wp\/v2\/types\/page"}],"author":[{"embeddable":true,"href":"http:\/\/lutineetcie.com\/lutinelefilm\/wp-json\/wp\/v2\/users\/1"}],"replies":[{"embeddable":true,"href":"http:\/\/lutineetcie.com\/lutinelefilm\/wp-json\/wp\/v2\/comments?post=4645"}],"version-history":[{"count":105,"href":"http:\/\/lutineetcie.com\/lutinelefilm\/wp-json\/wp\/v2\/pages\/4645\/revisions"}],"predecessor-version":[{"id":6074,"href":"http:\/\/lutineetcie.com\/lutinelefilm\/wp-json\/wp\/v2\/pages\/4645\/revisions\/6074"}],"up":[{"embeddable":true,"href":"http:\/\/lutineetcie.com\/lutinelefilm\/wp-json\/wp\/v2\/pages\/3258"}],"wp:attachment":[{"href":"http:\/\/lutineetcie.com\/lutinelefilm\/wp-json\/wp\/v2\/media?parent=4645"}],"curies":[{"name":"wp","href":"https:\/\/api.w.org\/{rel}","templated":true}]}}