{"id":4682,"date":"2018-01-17T19:05:04","date_gmt":"2018-01-17T18:05:04","guid":{"rendered":"http:\/\/lutineetcie.com\/lutinelefilm\/?page_id=4682"},"modified":"2021-04-21T22:52:03","modified_gmt":"2021-04-21T21:52:03","slug":"podcasts","status":"publish","type":"page","link":"http:\/\/lutineetcie.com\/lutinelefilm\/presse\/podcasts\/","title":{"rendered":"Radio podcasts"},"content":{"rendered":"<p>Une heure sur les\u00a0<a href=\"https:\/\/www.franceinter.fr\/emissions\/modern-love\/modern-love-01-mars-2020\">amours plurielles<\/a> sur France Inter dans Modern Love avec Nadia Daam le 1er mars 2020 : pour le replay, c&rsquo;est <a href=\"https:\/\/www.franceinter.fr\/emissions\/modern-love\/modern-love-01-mars-2020\">ici<\/a><br \/>\n<a href=\"http:\/\/lutineetcie.com\/lutinelefilm\/wp-content\/uploads\/2018\/01\/200301_Modern-Love.png\"><img decoding=\"async\" loading=\"lazy\" class=\"aligncenter wp-image-6089\" src=\"http:\/\/lutineetcie.com\/lutinelefilm\/wp-content\/uploads\/2018\/01\/200301_Modern-Love-300x185.png\" alt=\"200301_Modern Love\" width=\"400\" height=\"247\" srcset=\"http:\/\/lutineetcie.com\/lutinelefilm\/wp-content\/uploads\/2018\/01\/200301_Modern-Love-300x185.png 300w, http:\/\/lutineetcie.com\/lutinelefilm\/wp-content\/uploads\/2018\/01\/200301_Modern-Love-768x475.png 768w, http:\/\/lutineetcie.com\/lutinelefilm\/wp-content\/uploads\/2018\/01\/200301_Modern-Love-1024x633.png 1024w, http:\/\/lutineetcie.com\/lutinelefilm\/wp-content\/uploads\/2018\/01\/200301_Modern-Love-486x300.png 486w, http:\/\/lutineetcie.com\/lutinelefilm\/wp-content\/uploads\/2018\/01\/200301_Modern-Love.png 1039w\" sizes=\"(max-width: 400px) 100vw, 400px\" \/><\/a><\/p>\n<p><a href=\"https:\/\/podcasts.apple.com\/ma\/podcast\/derek-chauvin-coupable-livraison-repas-4-%C3%A9toiles-dans\/id1532436001?i=1000518081059\">Une r\u00e9volution romantique ?<\/a> dans\u00a0<em>Le Quart d&rsquo;heure<\/em> de Laetitia Bernard, un podcast RadioFrance, 21 avril 2021.<br \/>\n<a href=\"http:\/\/lutineetcie.com\/lutinelefilm\/wp-content\/uploads\/2018\/01\/Quart-dheure-Radio-France.jpeg\"><img decoding=\"async\" loading=\"lazy\" class=\"alignnone size-medium wp-image-6173\" src=\"http:\/\/lutineetcie.com\/lutinelefilm\/wp-content\/uploads\/2018\/01\/Quart-dheure-Radio-France-300x168.jpeg\" alt=\"Quart d'heure Radio France\" width=\"300\" height=\"168\" \/><\/a><\/p>\n<p><a href=\"https:\/\/www.francebleu.fr\/emissions\/c-est-deja-demain\/vivre-le-polyamour\">Vivre le polyamour<\/a>, dans <em>C&rsquo;est d\u00e9j\u00e0 demain<\/em>, \u00e9mission par \u00c9glantine \u00c9m\u00e9y\u00e9 sur France Bleu Paris, 13 avril 2021, en compagnie de Bruno Clavier, psy transg\u00e9n\u00e9rationnel.<br \/>\n<a href=\"http:\/\/lutineetcie.com\/lutinelefilm\/wp-content\/uploads\/2018\/01\/Capture-d\u2019e\u0301cran-2021-04-21-a\u0300-23.43.13.png\"><img decoding=\"async\" loading=\"lazy\" class=\"alignnone size-medium wp-image-6171\" src=\"http:\/\/lutineetcie.com\/lutinelefilm\/wp-content\/uploads\/2018\/01\/Capture-d\u2019e\u0301cran-2021-04-21-a\u0300-23.43.13-300x109.png\" alt=\"Capture d\u2019e\u0301cran 2021-04-21 a\u0300 23.43.13\" width=\"300\" height=\"109\" srcset=\"http:\/\/lutineetcie.com\/lutinelefilm\/wp-content\/uploads\/2018\/01\/Capture-d\u2019e\u0301cran-2021-04-21-a\u0300-23.43.13-300x109.png 300w, http:\/\/lutineetcie.com\/lutinelefilm\/wp-content\/uploads\/2018\/01\/Capture-d\u2019e\u0301cran-2021-04-21-a\u0300-23.43.13.png 398w\" sizes=\"(max-width: 300px) 100vw, 300px\" \/><\/a><\/p>\n<p>\u00c0 propos de la <a href=\"https:\/\/louiemedia.com\/emotions\/2019\/4\/1\/la-compersion-peut-on-apprendre-tre-heureux-du-bonheur-de-lautre-\">compersion<\/a> :\u00a0le fait de se r\u00e9jouir du bonheur de l&rsquo;autre (autrement dit : l&#8217;empathie appliqu\u00e9e au bonheur),\u00a0un podcast formidable, par Ad\u00e9lie Pozjman-Pontay pour Louie Media, dans lequel je participe :<br \/>\n<iframe loading=\"lazy\" width=\"584\" height=\"329\" src=\"https:\/\/www.youtube.com\/embed\/k-u9g3RxDww?feature=oembed\" frameborder=\"0\" allow=\"accelerometer; autoplay; encrypted-media; gyroscope; picture-in-picture\" allowfullscreen><\/iframe><\/p>\n<p>\u00ab\u00a0<a href=\"https:\/\/radiomedecinedouce.com\/broadcast\/42316-L-amour-autrement\">L&rsquo;Amour autrement<\/a>\u00ab\u00a0, sur Radio M\u00e9decine Douce, \u00e9mission\u00a0produite\u00a0par\u00a0\u00c9milie Brigand le 29 octobre 2018, avec \u00e9galement Emmanuelle Duchesne, de <a href=\"http:\/\/www.meditationorgasmique.com\/slow-sex-love-life.html\">Slow Sex Love Life<\/a> pour la sortie de son livre \u00ab\u00a0<a href=\"https:\/\/amzn.to\/2yKUdXj\">Slow Love et Sex Meditation<\/a>\u00a0\u00bb aux \u00e9ditions Eyrolles.<br \/>\n<a href=\"http:\/\/lutineetcie.com\/lutinelefilm\/wp-content\/uploads\/2018\/01\/44985096_2290082794553088_2600948189192257536_n.jpg\"><img decoding=\"async\" loading=\"lazy\" class=\"aligncenter wp-image-5744 size-large\" src=\"http:\/\/lutineetcie.com\/lutinelefilm\/wp-content\/uploads\/2018\/01\/44985096_2290082794553088_2600948189192257536_n-1024x768.jpg\" alt=\"44985096_2290082794553088_2600948189192257536_n\" width=\"584\" height=\"438\" srcset=\"http:\/\/lutineetcie.com\/lutinelefilm\/wp-content\/uploads\/2018\/01\/44985096_2290082794553088_2600948189192257536_n-1024x768.jpg 1024w, http:\/\/lutineetcie.com\/lutinelefilm\/wp-content\/uploads\/2018\/01\/44985096_2290082794553088_2600948189192257536_n-300x225.jpg 300w, http:\/\/lutineetcie.com\/lutinelefilm\/wp-content\/uploads\/2018\/01\/44985096_2290082794553088_2600948189192257536_n-768x576.jpg 768w, http:\/\/lutineetcie.com\/lutinelefilm\/wp-content\/uploads\/2018\/01\/44985096_2290082794553088_2600948189192257536_n-400x300.jpg 400w\" sizes=\"(max-width: 584px) 100vw, 584px\" \/><\/a><\/p>\n<p>&nbsp;<\/p>\n<p>Sur <strong>Radio Canada<\/strong> le 6 mars 2017, juste avant la projection de LUTINE\u00a0au Vancouver International Women In Film Festival o\u00f9 il a gagn\u00e9 le prix du meilleur film et le prix du meilleur sc\u00e9nario.<\/p>\n<!--[if lt IE 9]><script>document.createElement('audio');<\/script><![endif]-->\n<audio class=\"wp-audio-shortcode\" id=\"audio-4682-1\" preload=\"none\" style=\"width: 100%;\" controls=\"controls\"><source type=\"audio\/mpeg\" src=\"http:\/\/lutineetcie.com\/lutinelefilm\/wp-content\/uploads\/2018\/01\/170306_Radio-Canada.m4a?_=1\" \/><a href=\"http:\/\/lutineetcie.com\/lutinelefilm\/wp-content\/uploads\/2018\/01\/170306_Radio-Canada.m4a\">http:\/\/lutineetcie.com\/lutinelefilm\/wp-content\/uploads\/2018\/01\/170306_Radio-Canada.m4a<\/a><\/audio>\n<p>Sur Radio Occitanie, une \u00e9mission enti\u00e8re consacr\u00e9e\u00a0\u00e0 la polyamorie le 31 mai 2019, par Mary DolceVita Rose o\u00f9 j&rsquo;interviens \u00e0 48 mn pour 22 mn d&rsquo;interview :<br \/>\n<iframe loading=\"lazy\" width=\"584\" height=\"400\" scrolling=\"no\" frameborder=\"no\" src=\"https:\/\/w.soundcloud.com\/player\/?visual=true&#038;url=https%3A%2F%2Fapi.soundcloud.com%2Ftracks%2F630891522&#038;show_artwork=true&#038;maxwidth=584&#038;maxheight=876\"><\/iframe><\/p>\n<p><a href=\"http:\/\/lutineetcie.com\/lutinelefilm\/presse\/radio-podcasts\/remue-la-confiture\/\">Remue la confiture<\/a>, oct.2016<strong><br \/>\n<img decoding=\"async\" loading=\"lazy\" class=\"size-medium wp-image-4689 alignleft\" src=\"http:\/\/lutineetcie.com\/lutinelefilm\/wp-content\/uploads\/2018\/01\/Remue-la-confiture_logo-300x225.jpg\" alt=\"Remue-la-confiture_logo\" width=\"300\" height=\"225\" \/><\/strong><\/p>\n<p>&nbsp;<\/p>\n<p>\u00c9mission de radio anim\u00e9e par Darling et enregistr\u00e9e le 6 octobre 2016.<\/p>\n<p>&nbsp;<\/p>\n<p>&nbsp;<\/p>\n<p>&nbsp;<\/p>\n<p>Soundcloud Podcast Remue la confiture<\/p>\n<p><iframe loading=\"lazy\" src=\"https:\/\/w.soundcloud.com\/player\/?url=https%3A\/\/api.soundcloud.com\/tracks\/288818755&amp;color=%23ff5500&amp;auto_play=false&amp;hide_related=false&amp;show_comments=true&amp;show_user=true&amp;show_reposts=false&amp;show_teaser=true\" width=\"100%\" height=\"166\" frameborder=\"no\" scrolling=\"no\"><\/iframe><\/p>\n<p style=\"text-align: center;\">***<\/p>\n<p>S&rsquo;il y en a une qui est fid\u00e8le, c&rsquo;est bien Brigitte Lahaie : voil\u00e0 le podcast vers les 2 heures d&rsquo;\u00e9mission que j&rsquo;ai enregistr\u00e9es avec elle sur Sud Radio le 17 avril 2018 sur le th\u00e8me : \u00ab\u00a0<em><a href=\"https:\/\/www.sudradio.fr\/brigitte-lahaie-sud-radio-2018-04-17\">Le polyamour en question<\/a>. Est-ce un courant nouveau ? Une possibilit\u00e9 de vivre en couple malgr\u00e9 d&rsquo;autres d\u00e9sirs ? Est-ce possible pour tous ? La jalousie est-elle le premier obstacle ?<\/em>\u00a0\u00bb<\/p>\n<audio class=\"wp-audio-shortcode\" id=\"audio-4682-2\" preload=\"none\" style=\"width: 100%;\" controls=\"controls\"><source type=\"audio\/mpeg\" src=\"http:\/\/lutineetcie.com\/lutinelefilm\/wp-content\/uploads\/2018\/01\/180417_Lahaie_bl-podcast-170418.mp3?_=2\" \/><a href=\"http:\/\/lutineetcie.com\/lutinelefilm\/wp-content\/uploads\/2018\/01\/180417_Lahaie_bl-podcast-170418.mp3\">http:\/\/lutineetcie.com\/lutinelefilm\/wp-content\/uploads\/2018\/01\/180417_Lahaie_bl-podcast-170418.mp3<\/a><\/audio>\n<p>Il est possible de voir ici en\u00a0vid\u00e9o le <a href=\"https:\/\/www.facebook.com\/SudRadioOfficiel\/videos\/10155181814086433\/\">d\u00e9but\u00a0de l&rsquo;\u00e9mission<\/a> du 17 avril 2018.<\/p>\n<p>Auparavant, j&rsquo;avais d\u00e9j\u00e0 \u00e9t\u00e9 son invit\u00e9e :\u00a0\u00a0<a href=\"http:\/\/www.sudradio.fr\/Podcasts\/Brigitte-Lahaie-Sud-Radio\/Brigitte-Lahaie-Sud-Radio-114\">le 22 sept. 2016\u00a0sur Sud Radio<\/a> :\u00a0\u00a02 heures pour parler de polyamorie en compagnie de l&rsquo;auteur et r\u00e9alisateur Arthur Vernon :<\/p>\n<p><img decoding=\"async\" loading=\"lazy\" class=\"wp-image-4691 size-full aligncenter\" src=\"http:\/\/lutineetcie.com\/lutinelefilm\/wp-content\/uploads\/2018\/01\/Brigitte-Lahaie.jpg\" alt=\"Brigitte Lahaie\" width=\"370\" height=\"136\" srcset=\"http:\/\/lutineetcie.com\/lutinelefilm\/wp-content\/uploads\/2018\/01\/Brigitte-Lahaie.jpg 370w, http:\/\/lutineetcie.com\/lutinelefilm\/wp-content\/uploads\/2018\/01\/Brigitte-Lahaie-300x110.jpg 300w\" sizes=\"(max-width: 370px) 100vw, 370px\" \/><\/p>\n<ul>\n<li><audio class=\"wp-audio-shortcode\" id=\"audio-4682-3\" preload=\"none\" style=\"width: 100%;\" controls=\"controls\"><source type=\"audio\/mpeg\" src=\"http:\/\/lutineetcie.com\/lutinelefilm\/wp-content\/uploads\/2016\/05\/160922_Sud-Radio_Brigitte-Lahaie.mp3?_=3\" \/><a href=\"http:\/\/lutineetcie.com\/lutinelefilm\/wp-content\/uploads\/2016\/05\/160922_Sud-Radio_Brigitte-Lahaie.mp3\">http:\/\/lutineetcie.com\/lutinelefilm\/wp-content\/uploads\/2016\/05\/160922_Sud-Radio_Brigitte-Lahaie.mp3<\/a><\/audio>\n<audio class=\"wp-audio-shortcode\" id=\"audio-4682-4\" preload=\"none\" style=\"width: 100%;\" controls=\"controls\"><source type=\"audio\/mpeg\" src=\"http:\/\/lutineetcie.com\/lutinelefilm\/wp-content\/uploads\/2016\/05\/160922-2_Sud-Radio_Brigitte-Lahaie.mp3?_=4\" \/><a href=\"http:\/\/lutineetcie.com\/lutinelefilm\/wp-content\/uploads\/2016\/05\/160922-2_Sud-Radio_Brigitte-Lahaie.mp3\">http:\/\/lutineetcie.com\/lutinelefilm\/wp-content\/uploads\/2016\/05\/160922-2_Sud-Radio_Brigitte-Lahaie.mp3<\/a><\/audio>\n<p>puis \u00e0 nouveau<a href=\"http:\/\/www.sudradio.fr\/Podcasts\/Brigitte-Lahaie-Sud-Radio\/Brigitte-Lahaie-Sud-Radio-277\">\u00a0<\/a><a href=\"http:\/\/www.sudradio.fr\/Podcasts\/Brigitte-Lahaie-Sud-Radio\/Brigitte-Lahaie-Sud-Radio-277\">le 20 d\u00e9c. 2016\u00a0sur Sud Radio<\/a><\/li>\n<\/ul>\n<ul>\n<li><audio class=\"wp-audio-shortcode\" id=\"audio-4682-5\" preload=\"none\" style=\"width: 100%;\" controls=\"controls\"><source type=\"audio\/mpeg\" src=\"http:\/\/lutineetcie.com\/lutinelefilm\/wp-content\/uploads\/2016\/05\/161220blpod2_Brigitte-Lahaie.mp3?_=5\" \/><a href=\"http:\/\/lutineetcie.com\/lutinelefilm\/wp-content\/uploads\/2016\/05\/161220blpod2_Brigitte-Lahaie.mp3\">http:\/\/lutineetcie.com\/lutinelefilm\/wp-content\/uploads\/2016\/05\/161220blpod2_Brigitte-Lahaie.mp3<\/a><\/audio>\n<p>et puis encore, toujours en compagnie de Pascal Neveu, le <a href=\"https:\/\/www.sudradio.fr\/brigitte-lahaie-sud-radio-2018-10-12\">12 octobre 2018<\/a><\/p>\n<p>&nbsp;<\/li>\n<\/ul>\n<p>Le 12 avril 2018, je suis \u00e9galement intervenue dans l&rsquo;\u00e9mission\u00a0<em>LE T\u00c9L\u00c9PHONE SONNE<\/em> de Fabienne Sintes sur France Inter sur le th\u00e8me :\u00a0<em><a href=\"https:\/\/www.franceinter.fr\/emissions\/le-telephone-sonne\/le-telephone-sonne-12-avril-2018\">Nouveau couple : pour vivre \u00e0 deux, vivons tout seul ?<\/a><\/em> dans laquelle \u00e9taient invit\u00e9\u00b7es Philippe Brenot et Fabienne Kraemer. J&rsquo;interviens \u00e0 16&rsquo;41.<\/p>\n<p><iframe loading=\"lazy\" src=\"https:\/\/www.franceinter.fr\/embed\/player\/aod\/b23e5dea-9b4e-487a-9984-77bc3f9cf032\" width=\"100%\" height=\"64\" frameborder=\"0\" scrolling=\"no\"><\/iframe><\/p>\n<p>**************************************************************************************************************<\/p>\n<p><strong>IN ENGLISH<\/strong><\/p>\n<ul>\n<li><a href=\"http:\/\/lutineetcie.com\/lutinelefilm\/presse\/radio-podcasts\/polyweekly\/\">Polyweekly Podcast<\/a>, Cunning Minx and Erich Viedge, Dec. 2017<a href=\"http:\/\/lutineetcie.com\/lutinelefilm\/wp-content\/uploads\/2018\/01\/Polyamory-Weekly_logo-1.png\"><img decoding=\"async\" loading=\"lazy\" class=\"alignnone size-medium wp-image-4687\" src=\"http:\/\/lutineetcie.com\/lutinelefilm\/wp-content\/uploads\/2018\/01\/Polyamory-Weekly_logo-1-300x45.png\" alt=\"Polyamory Weekly_logo-1\" width=\"300\" height=\"45\" srcset=\"http:\/\/lutineetcie.com\/lutinelefilm\/wp-content\/uploads\/2018\/01\/Polyamory-Weekly_logo-1-300x45.png 300w, http:\/\/lutineetcie.com\/lutinelefilm\/wp-content\/uploads\/2018\/01\/Polyamory-Weekly_logo-1.png 450w\" sizes=\"(max-width: 300px) 100vw, 300px\" \/><\/a><\/li>\n<\/ul>\n<p>&nbsp;<\/p>\n","protected":false},"excerpt":{"rendered":"<p>Une heure sur les\u00a0amours plurielles sur France Inter dans Modern Love avec Nadia Daam le 1er mars 2020 : pour le replay, c&rsquo;est ici Une r\u00e9volution romantique ? dans\u00a0Le Quart d&rsquo;heure de Laetitia Bernard, un podcast RadioFrance, 21 avril 2021. &hellip; <a href=\"http:\/\/lutineetcie.com\/lutinelefilm\/presse\/podcasts\/\">Continuer la lecture <span class=\"meta-nav\">&rarr;<\/span><\/a><\/p>\n","protected":false},"author":1,"featured_media":0,"parent":3258,"menu_order":2,"comment_status":"closed","ping_status":"closed","template":"sidebar-page.php","meta":[],"_links":{"self":[{"href":"http:\/\/lutineetcie.com\/lutinelefilm\/wp-json\/wp\/v2\/pages\/4682"}],"collection":[{"href":"http:\/\/lutineetcie.com\/lutinelefilm\/wp-json\/wp\/v2\/pages"}],"about":[{"href":"http:\/\/lutineetcie.com\/lutinelefilm\/wp-json\/wp\/v2\/types\/page"}],"author":[{"embeddable":true,"href":"http:\/\/lutineetcie.com\/lutinelefilm\/wp-json\/wp\/v2\/users\/1"}],"replies":[{"embeddable":true,"href":"http:\/\/lutineetcie.com\/lutinelefilm\/wp-json\/wp\/v2\/comments?post=4682"}],"version-history":[{"count":34,"href":"http:\/\/lutineetcie.com\/lutinelefilm\/wp-json\/wp\/v2\/pages\/4682\/revisions"}],"predecessor-version":[{"id":6174,"href":"http:\/\/lutineetcie.com\/lutinelefilm\/wp-json\/wp\/v2\/pages\/4682\/revisions\/6174"}],"up":[{"embeddable":true,"href":"http:\/\/lutineetcie.com\/lutinelefilm\/wp-json\/wp\/v2\/pages\/3258"}],"wp:attachment":[{"href":"http:\/\/lutineetcie.com\/lutinelefilm\/wp-json\/wp\/v2\/media?parent=4682"}],"curies":[{"name":"wp","href":"https:\/\/api.w.org\/{rel}","templated":true}]}}